{"id":4060,"date":"2025-12-25T13:58:00","date_gmt":"2025-12-25T05:58:00","guid":{"rendered":"https:\/\/minghanggroup.com\/?post_type=product&#038;p=4060"},"modified":"2025-12-25T18:03:36","modified_gmt":"2025-12-25T10:03:36","slug":"2-in-1-clear-glass-spray-and-rollerball-bottles-bulk","status":"publish","type":"product","link":"https:\/\/minghanggroup.com\/fr\/produit\/2-in-1-clear-glass-spray-and-rollerball-bottles-bulk\/","title":{"rendered":"Flacons vaporisateurs et roll-on en verre transparent 2 en 1 de 10 ml (vente en gros)"},"content":{"rendered":"<p>Il s&#039;agit d&#039;un flacon de parfum multifonctionnel 2 en 1 qui combine au mieux les avantages d&#039;un flacon vaporisateur en verre et d&#039;un flacon roll-on, avec une capacit\u00e9 pratique de 10 ml.<\/p>\n<h2>Caract\u00e9ristiques du produit<\/h2>\n<ul>\n<li><strong>Conception \u00e0 double usage\u00a0:<\/strong> L&#039;une des extr\u00e9mit\u00e9s est un flacon \u00e0 bille (adapt\u00e9 aux applications localis\u00e9es) et l&#039;autre un flacon pulv\u00e9risateur commutable (adapt\u00e9 \u00e0 la pulv\u00e9risation sur de grandes surfaces), ce qui r\u00e9pond aux exigences de divers cas d&#039;utilisation.<\/li>\n<li><strong>Corps de bouteille transparent :<\/strong> Elle est enti\u00e8rement en verre transparent, ce qui permet de voir facilement la quantit\u00e9 de caf\u00e9 restante sans avoir besoin d&#039;ouvrir le bouchon, et donc de la remplir facilement quand on le souhaite.<\/li>\n<li><strong>Cadre \u00e9l\u00e9gant et compact :<\/strong> Son format mini et droit est facile \u00e0 transporter et se glisse ais\u00e9ment dans un sac, ce qui en fait l&#039;option id\u00e9ale pour des retouches quotidiennes de parfum.<\/li>\n<\/ul>\n<h2 style=\"text-align: left;\">Caract\u00e9ristiques principales<\/h2>\n<table class=\"aligncenter\" style=\"border-collapse: collapse; width: 500.27pt;\" border=\"0\" width=\"667\" cellspacing=\"0\" cellpadding=\"0\">\n<tbody>\n<tr style=\"height: 13.50pt;\">\n<td style=\"height: 13.50pt; width: 116.25pt;\" width=\"155\" height=\"18\">Sp\u00e9cification<\/td>\n<td style=\"width: 384.00pt;\" width=\"512\">D\u00e9tails<\/td>\n<\/tr>\n<tr style=\"height: 13.50pt;\">\n<td style=\"height: 13.50pt;\" height=\"18\">Capacit\u00e9<\/td>\n<td>10 ml<\/td>\n<\/tr>\n<tr style=\"height: 13.50pt;\">\n<td style=\"height: 13.50pt;\" height=\"18\">Dimensions (\u00d8 x H)<\/td>\n<td>1,8 \u00d7 10,3 cm<\/td>\n<\/tr>\n<tr style=\"height: 13.50pt;\">\n<td style=\"height: 13.50pt;\" height=\"18\">Mat\u00e9riel<\/td>\n<td>Clear Glass Body, Metal Lids<\/td>\n<\/tr>\n<tr style=\"height: 13.50pt;\">\n<td style=\"height: 13.50pt;\" height=\"18\">Forme de bouteille<\/td>\n<td>Cylindre \u00e0 paroi droite<\/td>\n<\/tr>\n<tr style=\"height: 13.50pt;\">\n<td style=\"height: 13.50pt;\" height=\"18\">Type de fermeture<\/td>\n<td>2 en 1\u00a0: Pompe \u00e0 bille et \u00e0 pulv\u00e9risation interchangeable<\/td>\n<\/tr>\n<tr style=\"height: 13.50pt;\">\n<td style=\"height: 13.50pt;\" height=\"18\">Caract\u00e9ristique du mat\u00e9riau<\/td>\n<td>Verre r\u00e9sistant aux produits chimiques, composants m\u00e9talliques durables<\/td>\n<\/tr>\n<tr style=\"height: 13.50pt;\">\n<td style=\"height: 13.50pt;\" height=\"18\">Id\u00e9al pour<\/td>\n<td>Flacons vaporisateurs en verre, flacons \u00e0 bille, flacons de parfum personnalis\u00e9s<\/td>\n<\/tr>\n<\/tbody>\n<\/table>\n<h2>Succ\u00e8s garanti : Un kit d&#039;essai r\u00e9volutionnaire pour une marque de parfum<\/h2>\n<p>Une entreprise de parfums en vente directe aux consommateurs proposait un coffret d\u00e9couverte intitul\u00e9 \u00ab\u00a0D\u00e9couvrez votre parfum personnel\u00a0\u00bb. Les participants ont test\u00e9 nos flacons vaporisateurs en verre 2-en-1 de 10 ml, et le design \u00e0 double embout a rencontr\u00e9 un franc succ\u00e8s\u00a0: 94\u00a0% des utilisateurs ont utilis\u00e9 simultan\u00e9ment le roll-on et le spray, ce qui a permis d\u2019accro\u00eetre leur engagement. Le flacon en verre permet de visualiser facilement sa contenance de 10 ml, ce qui a renforc\u00e9 la confiance des clients et a permis de r\u00e9duire de 99\u00a0% le nombre de r\u00e9clamations concernant les flacons vides. Tr\u00e8s satisfaite, la marque a command\u00e9 300\u00a0000 flacons suppl\u00e9mentaires pour d\u00e9velopper une nouvelle gamme de produits.<\/p>\n<h2>Options de personnalisation des flacons pulv\u00e9risateurs et \u00e0 bille<\/h2>\n<ul>\n<li>Bouteilles en verre color\u00e9, ambr\u00e9, bleu cobalt ou vert (protection UV).<\/li>\n<li>Marquage par s\u00e9rigraphie\u00a0: une option moins co\u00fbteuse pour promouvoir votre marque consiste \u00e0 imprimer votre logo ou votre motif directement sur la surface du verre.<\/li>\n<li>Gravure laser\u00a0: le laser est utilis\u00e9 pour graver des motifs d\u00e9taill\u00e9s, des monogrammes ou des logos sur le verre, lui conf\u00e9rant un aspect et un toucher luxueux.<\/li>\n<li>Concevez des buses originales et donnez-leur une forme cr\u00e9ative pour rehausser l&#039;image de votre marque et vous faire remarquer.<\/li>\n<\/ul>","protected":false},"excerpt":{"rendered":"<p>Ces flacons vaporisateurs et flacons \u00e0 bille en verre offrent une double praticit\u00e9. Verre haute transparence avec finitions m\u00e9talliques. Contactez-nous d\u00e8s aujourd&#039;hui pour conna\u00eetre nos tarifs de gros.<\/p>","protected":false},"featured_media":4063,"template":"","meta":{"postBodyCss":"","postBodyMargin":[],"postBodyPadding":[],"postBodyBackground":{"backgroundType":"classic","gradient":""}},"product_brand":[],"product_cat":[15,16,62],"product_tag":[],"class_list":{"0":"post-4060","1":"product","2":"type-product","3":"status-publish","4":"has-post-thumbnail","6":"product_cat-glass-containers","7":"product_cat-glass-bottles","8":"product_cat-perfume-bottles","10":"first","11":"instock","12":"shipping-taxable","13":"product-type-simple"},"jetpack_sharing_enabled":true,"_links":{"self":[{"href":"https:\/\/minghanggroup.com\/fr\/wp-json\/wp\/v2\/product\/4060","targetHints":{"allow":["GET"]}}],"collection":[{"href":"https:\/\/minghanggroup.com\/fr\/wp-json\/wp\/v2\/product"}],"about":[{"href":"https:\/\/minghanggroup.com\/fr\/wp-json\/wp\/v2\/types\/product"}],"wp:featuredmedia":[{"embeddable":true,"href":"https:\/\/minghanggroup.com\/fr\/wp-json\/wp\/v2\/media\/4063"}],"wp:attachment":[{"href":"https:\/\/minghanggroup.com\/fr\/wp-json\/wp\/v2\/media?parent=4060"}],"wp:term":[{"taxonomy":"product_brand","embeddable":true,"href":"https:\/\/minghanggroup.com\/fr\/wp-json\/wp\/v2\/product_brand?post=4060"},{"taxonomy":"product_cat","embeddable":true,"href":"https:\/\/minghanggroup.com\/fr\/wp-json\/wp\/v2\/product_cat?post=4060"},{"taxonomy":"product_tag","embeddable":true,"href":"https:\/\/minghanggroup.com\/fr\/wp-json\/wp\/v2\/product_tag?post=4060"}],"curies":[{"name":"wp","href":"https:\/\/api.w.org\/{rel}","templated":true}]}}