{"id":4052,"date":"2025-12-25T11:07:16","date_gmt":"2025-12-25T03:07:16","guid":{"rendered":"https:\/\/minghanggroup.com\/?post_type=product&#038;p=4052"},"modified":"2025-12-25T13:41:29","modified_gmt":"2025-12-25T05:41:29","slug":"2-in-1-glass-small-spray-bottles-with-lids-bulk","status":"publish","type":"product","link":"https:\/\/minghanggroup.com\/fr\/produit\/2-in-1-glass-small-spray-bottles-with-lids-bulk\/","title":{"rendered":"Flacons pulv\u00e9risateurs en verre 2 en 1 de 10 ml avec couvercles (vente en gros)"},"content":{"rendered":"<p>Ce flacon de parfum multifonctionnel pr\u00e9sente une conception cylindrique segment\u00e9e originale, compos\u00e9e de deux parties m\u00e9talliques distinctes. Il est dot\u00e9 d&#039;un diffuseur \u00e0 brume fine \u00e0 une extr\u00e9mit\u00e9 et d&#039;un applicateur \u00e0 bille lisse \u00e0 l&#039;autre, offrant ainsi une grande polyvalence d&#039;utilisation.<\/p>\n<h2>Caract\u00e9ristiques du produit<\/h2>\n<ul>\n<li><strong>Conception \u00e0 double usage\u00a0:<\/strong> Il est dot\u00e9 d&#039;un applicateur \u00e0 bille \u00e0 une extr\u00e9mit\u00e9 et d&#039;une buse \u00e0 l&#039;autre, ce qui lui permet de r\u00e9pondre aux exigences d&#039;un pulv\u00e9risateur pour grandes surfaces et d&#039;un applicateur localis\u00e9.<\/li>\n<li><strong>Conception portable :<\/strong> Le flacon cylindrique est fin, ce qui le rend compact et facile \u00e0 transporter dans un sac pour des retouches de parfum \u00e0 tout moment.<\/li>\n<li><strong>Look \u00e9l\u00e9gant :<\/strong> La bouteille m\u00e9tallique compartiment\u00e9e sera un m\u00e9lange de mode et d&#039;\u00e9l\u00e9gance, qui pourra \u00eatre utilis\u00e9e dans diff\u00e9rents contextes et pour diff\u00e9rents \u00e9v\u00e9nements.<\/li>\n<\/ul>\n<h2 style=\"text-align: left;\">Caract\u00e9ristiques principales<\/h2>\n<table class=\"aligncenter\" style=\"border-collapse: collapse; width: 533.27pt;\" border=\"0\" width=\"711\" cellspacing=\"0\" cellpadding=\"0\">\n<tbody>\n<tr style=\"height: 13.50pt;\">\n<td style=\"height: 13.50pt; width: 116.25pt;\" width=\"155\" height=\"18\">Sp\u00e9cification<\/td>\n<td style=\"width: 417.00pt;\" width=\"556\">D\u00e9tails<\/td>\n<\/tr>\n<tr style=\"height: 13.50pt;\">\n<td style=\"height: 13.50pt;\" height=\"18\">Capacit\u00e9<\/td>\n<td>10 ml<\/td>\n<\/tr>\n<tr style=\"height: 13.50pt;\">\n<td style=\"height: 13.50pt;\" height=\"18\">Dimensions (\u00d8 x H)<\/td>\n<td>1,6 cm x 10 cm<\/td>\n<\/tr>\n<tr style=\"height: 13.50pt;\">\n<td style=\"height: 13.50pt;\" height=\"18\">Mat\u00e9riel<\/td>\n<td>Corps en verre, composants \u00e0 finition m\u00e9tallique<\/td>\n<\/tr>\n<tr style=\"height: 13.50pt;\">\n<td style=\"height: 13.50pt;\" height=\"18\">Forme de bouteille<\/td>\n<td>Cylindre segment\u00e9<\/td>\n<\/tr>\n<tr style=\"height: 13.50pt;\">\n<td style=\"height: 13.50pt;\" height=\"18\">Types de fermeture<\/td>\n<td>T\u00eate de pulv\u00e9risation et t\u00eate \u00e0 bille (2 en 1)<\/td>\n<\/tr>\n<tr style=\"height: 13.50pt;\">\n<td style=\"height: 13.50pt;\" height=\"18\">Caract\u00e9ristique cl\u00e9 de conception<\/td>\n<td>Conception \u00e0 double fonction ; finitions m\u00e9talliques haut de gamme (or, argent, noir)<\/td>\n<\/tr>\n<tr style=\"height: 13.50pt;\">\n<td style=\"height: 13.50pt;\" height=\"18\">Id\u00e9al pour<\/td>\n<td>Petits flacons vaporisateurs, \u00e9chantillons de parfum, parfums \u00e0 bille<\/td>\n<\/tr>\n<\/tbody>\n<\/table>\n<h2>Cas de r\u00e9ussite\u00a0: La perc\u00e9e d\u2019une marque de parfum de niche.<\/h2>\n<p>Une nouvelle marque de parfums de niche a choisi nos flacons vaporisateurs 2-en-1 de 10 ml. Le succ\u00e8s fut imm\u00e9diat\u00a0: 85\u00a0% des clients ont utilis\u00e9 les deux fonctions simultan\u00e9ment, ce qui a consid\u00e9rablement accru la polyvalence du produit. La finition m\u00e9tallique haut de gamme a apport\u00e9 une plus-value au produit, se traduisant par une marge de 30\u00a0%. Fort de ce succ\u00e8s, la marque a pass\u00e9 une nouvelle commande de 250\u00a0000 flacons pour la saison suivante.<\/p>\n<h2>Bouteilles pulv\u00e9risateurs personnalis\u00e9es 2 en 1 de 100 L<\/h2>\n<ul>\n<li>Rev\u00eatement m\u00e9tallique personnalis\u00e9 \u2013 S\u00e9lectionnez une correspondance Pantone exacte avec le rev\u00eatement PVD d&#039;une marque particuli\u00e8re.<\/li>\n<li>Gravure laser sur l&#039;anneau central \u2013 Faites graver votre marque, votre motif ou votre texte sur l&#039;anneau m\u00e9tallique au centre de la bague.<\/li>\n<li>S\u00e9rigraphie \u2013 Faites imprimer votre logo ou le texte de votre marque sur le corps de la bouteille en verre ou en plastique.<\/li>\n<li>Couleurs de buses personnalis\u00e9es \u2013 Choisissez entre noir mat, or rose ou transparent.<\/li>\n<\/ul>","protected":false},"excerpt":{"rendered":"<p>D\u00e9couvrez nos petits flacons vaporisateurs 2 en 1 avec embouts spray et roll-on. Flacons de parfum personnalis\u00e9s aux finitions m\u00e9talliques. Design \u00e9l\u00e9gant et r\u00e9sistant. \u00c9chantillons gratuits.<\/p>","protected":false},"featured_media":4057,"template":"","meta":{"postBodyCss":"","postBodyMargin":[],"postBodyPadding":[],"postBodyBackground":{"backgroundType":"classic","gradient":""}},"product_brand":[],"product_cat":[15,16,62],"product_tag":[],"class_list":{"0":"post-4052","1":"product","2":"type-product","3":"status-publish","4":"has-post-thumbnail","6":"product_cat-glass-containers","7":"product_cat-glass-bottles","8":"product_cat-perfume-bottles","10":"first","11":"instock","12":"shipping-taxable","13":"product-type-simple"},"jetpack_sharing_enabled":true,"_links":{"self":[{"href":"https:\/\/minghanggroup.com\/fr\/wp-json\/wp\/v2\/product\/4052","targetHints":{"allow":["GET"]}}],"collection":[{"href":"https:\/\/minghanggroup.com\/fr\/wp-json\/wp\/v2\/product"}],"about":[{"href":"https:\/\/minghanggroup.com\/fr\/wp-json\/wp\/v2\/types\/product"}],"wp:featuredmedia":[{"embeddable":true,"href":"https:\/\/minghanggroup.com\/fr\/wp-json\/wp\/v2\/media\/4057"}],"wp:attachment":[{"href":"https:\/\/minghanggroup.com\/fr\/wp-json\/wp\/v2\/media?parent=4052"}],"wp:term":[{"taxonomy":"product_brand","embeddable":true,"href":"https:\/\/minghanggroup.com\/fr\/wp-json\/wp\/v2\/product_brand?post=4052"},{"taxonomy":"product_cat","embeddable":true,"href":"https:\/\/minghanggroup.com\/fr\/wp-json\/wp\/v2\/product_cat?post=4052"},{"taxonomy":"product_tag","embeddable":true,"href":"https:\/\/minghanggroup.com\/fr\/wp-json\/wp\/v2\/product_tag?post=4052"}],"curies":[{"name":"wp","href":"https:\/\/api.w.org\/{rel}","templated":true}]}}