{"id":4041,"date":"2025-12-24T15:20:08","date_gmt":"2025-12-24T07:20:08","guid":{"rendered":"https:\/\/minghanggroup.com\/?post_type=product&#038;p=4041"},"modified":"2026-01-20T13:16:34","modified_gmt":"2026-01-20T05:16:34","slug":"high-borosilicate-food-storage-glass-jars-wholesale","status":"publish","type":"product","link":"https:\/\/minghanggroup.com\/fr\/produit\/high-borosilicate-food-storage-glass-jars-wholesale\/","title":{"rendered":"Bocaux de conservation alimentaire en verre borosilicate haute r\u00e9sistance, 175 ml \u00e0 500 ml, vente en gros"},"content":{"rendered":"<p>Vous m\u00e9ritez un emballage haut de gamme qui pr\u00e9serve la fra\u00eecheur de vos produits et met en valeur votre marque. Nous fabriquons des bocaux en verre avec couvercle en bambou, con\u00e7us pour une conservation optimale en cuisine\u00a0: chaque bocal contribue \u00e0 sublimer l\u2019histoire de vos produits.<\/p>\n<h2>Caract\u00e9ristiques du produit<\/h2>\n<ol>\n<li><strong>Conception du couvercle\u00a0: <\/strong>Vous pouvez choisir le mat\u00e9riau de vos couvercles en fonction de l&#039;image de votre marque. Par exemple, vous pouvez opter pour des couvercles en acier inoxydable ou en bois, mais pas en bambou. Les couvercles en bambou sont \u00e9l\u00e9gants, tandis que ceux en acier inoxydable offrent un style plus moderne.<\/li>\n<li><strong>Logo de marque personnalis\u00e9\u00a0: <\/strong>Vous pouvez apposer le logo de votre marque sur les bocaux en verre. Cela permettra aux consommateurs de mieux reconna\u00eetre votre marque. Vous pouvez \u00e9galement ajouter des \u00e9tiquettes ou des motifs sur les bocaux. Cela rendra le produit plus attrayant pour les acheteurs potentiels. Les bocaux en verre orn\u00e9s de votre logo ou de vos motifs se d\u00e9marqueront sur le march\u00e9. Votre logo sur les bocaux est un moyen de rendre votre produit plus s\u00e9duisant.<\/li>\n<li><strong>Options d&#039;\u00e9tanch\u00e9it\u00e9 : <\/strong>Choisissez des couvercles en bambou avec joints en silicone pour une meilleure \u00e9tanch\u00e9it\u00e9, emp\u00eachant ainsi l&#039;air et l&#039;humidit\u00e9 de p\u00e9n\u00e9trer. Ils conviennent parfaitement \u00e0 la conservation des produits secs, du th\u00e9 et autres denr\u00e9es sensibles \u00e0 l&#039;humidit\u00e9.<\/li>\n<\/ol>\n<h2>Caract\u00e9ristiques principales<\/h2>\n<table style=\"border-collapse: collapse; width: 80%; margin-left: auto; margin-right: auto;\" border=\"0\" width=\"288\" cellspacing=\"0\" cellpadding=\"0\">\n<tbody>\n<tr style=\"height: 13.50pt;\">\n<td style=\"height: 13.5pt; width: 54pt; text-align: center;\" width=\"72\" height=\"18\">Capacit\u00e9 (ml)<\/td>\n<td style=\"width: 54pt; text-align: center;\" width=\"72\">Taille (cm)<\/td>\n<td style=\"width: 54pt; text-align: center;\" width=\"72\">Mat\u00e9riel<\/td>\n<td style=\"width: 54pt; text-align: center;\" width=\"72\">Caract\u00e9ristiques<\/td>\n<\/tr>\n<tr style=\"height: 13.50pt;\">\n<td style=\"height: 13.5pt; text-align: center;\" align=\"right\" height=\"18\">175<\/td>\n<td style=\"text-align: center;\">6.5 * 10.0<\/td>\n<td class=\"et2\" style=\"text-align: center;\" rowspan=\"5\">Verre borosilicat\u00e9<\/td>\n<td class=\"et2\" style=\"text-align: center;\" rowspan=\"5\">Couvercle en bambou \u00e0 c\u00f4t\u00e9s droits de 65 mm<\/td>\n<\/tr>\n<tr style=\"height: 13.50pt;\">\n<td style=\"height: 13.5pt; text-align: center;\" align=\"right\" height=\"18\">250<\/td>\n<td style=\"text-align: center;\">6.5 * 10.0<\/td>\n<\/tr>\n<tr style=\"height: 13.50pt;\">\n<td style=\"height: 13.5pt; text-align: center;\" align=\"right\" height=\"18\">300<\/td>\n<td style=\"text-align: center;\">6.5 * 12.0<\/td>\n<\/tr>\n<tr style=\"height: 13.50pt;\">\n<td style=\"height: 13.5pt; text-align: center;\" align=\"right\" height=\"18\">380<\/td>\n<td style=\"text-align: center;\">6.5 * 15.0<\/td>\n<\/tr>\n<tr style=\"height: 13.50pt;\">\n<td style=\"height: 13.5pt; text-align: center;\" align=\"right\" height=\"18\">500<\/td>\n<td style=\"text-align: center;\">6.5 * 20.0<\/td>\n<\/tr>\n<\/tbody>\n<\/table>\n<h2>Cas de r\u00e9ussite<\/h2>\n<p>Une marque de produits biologiques a utilis\u00e9 ces bocaux de cuisine en verre borosilicate comme contenants et pr\u00e9sentoirs pour sa nouvelle gamme de fruits secs et d&#039;\u00e9pices. Outre son harmonie avec l&#039;image de marque, respectueuse de l&#039;environnement, le couvercle en bambou assure une excellente \u00e9tanch\u00e9it\u00e9, pr\u00e9servant ainsi la fra\u00eecheur des produits.<\/p>\n<p>Apr\u00e8s avoir remplac\u00e9 ses bocaux de conservation en verre par des mod\u00e8les plus \u00e9cologiques, la marque a constat\u00e9 une hausse remarquable de ses ventes de fruits secs et d&#039;\u00e9pices, notamment sur le segment haut de gamme. L&#039;appr\u00e9ciation des consommateurs pour cet emballage respectueux de l&#039;environnement et la qualit\u00e9 du produit a \u00e9t\u00e9 le principal moteur du bouche-\u00e0-oreille positif. Le chiffre d&#039;affaires a doubl\u00e9 en trois mois apr\u00e8s la mise en place de ces nouveaux bocaux.<\/p>\n<h2>Vos conseils de personnalisation<\/h2>\n<p>Pour personnaliser ces bocaux de cuisine en verre borosilicate, vous pouvez en choisir la taille et la forme selon vos besoins et l&#039;image de votre marque. Les grands bocaux sont parfaits pour conserver le th\u00e9, les fruits secs ou une grande quantit\u00e9 d&#039;ingr\u00e9dients. Les petits bocaux, quant \u00e0 eux, conviennent aux \u00e9pices ou aux bonbons. Le couvercle en bambou est \u00e9cologique et assure une fermeture herm\u00e9tique, garantissant ainsi une longue conservation des aliments. Vous pouvez \u00e9galement y apposer votre logo ou une \u00e9tiquette pour renforcer la notori\u00e9t\u00e9 de votre marque. Si votre marque se positionne sur le segment haut de gamme, optez pour le verre transparent pour une touche de modernit\u00e9 ou le verre d\u00e9poli pour une texture unique.<\/p>","protected":false},"excerpt":{"rendered":"<p>Bocaux en verre avec couvercles en bambou, parfaits pour conserver les aliments secs et les \u00e9pices. Design \u00e9l\u00e9gant, options de personnalisation pour les commandes en gros disponibles. Livraison rapide.<\/p>","protected":false},"featured_media":4042,"template":"","meta":{"postBodyCss":"","postBodyMargin":[],"postBodyPadding":[],"postBodyBackground":{"backgroundType":"classic","gradient":""}},"product_brand":[],"product_cat":[15,17,61],"product_tag":[68,69],"class_list":{"0":"post-4041","1":"product","2":"type-product","3":"status-publish","4":"has-post-thumbnail","6":"product_cat-glass-containers","7":"product_cat-glass-jars","8":"product_cat-glass-jars-with-lids","9":"product_tag-borosilicate-glass-jars","10":"product_tag-storage-jars","12":"first","13":"instock","14":"shipping-taxable","15":"product-type-simple"},"jetpack_sharing_enabled":true,"_links":{"self":[{"href":"https:\/\/minghanggroup.com\/fr\/wp-json\/wp\/v2\/product\/4041","targetHints":{"allow":["GET"]}}],"collection":[{"href":"https:\/\/minghanggroup.com\/fr\/wp-json\/wp\/v2\/product"}],"about":[{"href":"https:\/\/minghanggroup.com\/fr\/wp-json\/wp\/v2\/types\/product"}],"wp:featuredmedia":[{"embeddable":true,"href":"https:\/\/minghanggroup.com\/fr\/wp-json\/wp\/v2\/media\/4042"}],"wp:attachment":[{"href":"https:\/\/minghanggroup.com\/fr\/wp-json\/wp\/v2\/media?parent=4041"}],"wp:term":[{"taxonomy":"product_brand","embeddable":true,"href":"https:\/\/minghanggroup.com\/fr\/wp-json\/wp\/v2\/product_brand?post=4041"},{"taxonomy":"product_cat","embeddable":true,"href":"https:\/\/minghanggroup.com\/fr\/wp-json\/wp\/v2\/product_cat?post=4041"},{"taxonomy":"product_tag","embeddable":true,"href":"https:\/\/minghanggroup.com\/fr\/wp-json\/wp\/v2\/product_tag?post=4041"}],"curies":[{"name":"wp","href":"https:\/\/api.w.org\/{rel}","templated":true}]}}