{"id":4026,"date":"2025-12-24T11:33:20","date_gmt":"2025-12-24T03:33:20","guid":{"rendered":"https:\/\/minghanggroup.com\/?post_type=product&#038;p=4026"},"modified":"2026-01-20T13:18:13","modified_gmt":"2026-01-20T05:18:13","slug":"glass-jar-with-bamboo-lid-for-food-wholesale","status":"publish","type":"product","link":"https:\/\/minghanggroup.com\/fr\/produit\/glass-jar-with-bamboo-lid-for-food-wholesale\/","title":{"rendered":"Bocal en verre de 450 ml, 560 ml, 700 ml et 950 ml avec couvercle en bambou pour la vente en gros de produits alimentaires."},"content":{"rendered":"<p>Vous m\u00e9ritez un emballage haut de gamme qui pr\u00e9serve la fra\u00eecheur de vos produits et met en valeur votre marque. Nous cr\u00e9ons des bocaux en verre avec couvercle en bambou, con\u00e7us pour une conservation optimale\u00a0: chaque contenant contribue \u00e0 sublimer l\u2019histoire de votre produit.<\/p>\n<h2>Caract\u00e9ristiques du produit<\/h2>\n<ol>\n<li><strong>Pratique gr\u00e2ce \u00e0 sa large ouverture\u00a0: <\/strong>Son ouverture de 85 mm de large vous permet de remplir, de nettoyer et d&#039;acc\u00e9der facilement au rangement de vos produits de premi\u00e8re n\u00e9cessit\u00e9.<\/li>\n<li><strong>Sceau en bambou naturel : <\/strong>Gr\u00e2ce \u00e0 un couvercle en bambou rotatif, le stockage en vrac et en gros de vos aliments restera frais et hygi\u00e9nique.<\/li>\n<li><strong>R\u00e9sistance \u00e0 la chaleur et durabilit\u00e9 : <\/strong>Le r\u00e9cipient en verre est fabriqu\u00e9 en verre borosilicate r\u00e9sistant \u00e0 la chaleur et apte au contact alimentaire \u2013 id\u00e9al pour le miel, le sirop et les grains de caf\u00e9.<\/li>\n<li><strong>Conception \u00e0 visibilit\u00e9 optimale\u00a0: <\/strong>Gr\u00e2ce \u00e0 son verre transparent, on peut imm\u00e9diatement voir ce qu&#039;il y a \u00e0 l&#039;int\u00e9rieur, ce qui facilite grandement la manipulation des r\u00e9cipients de stockage.<\/li>\n<\/ol>\n<h2>Caract\u00e9ristiques principales<\/h2>\n<table style=\"border-collapse: collapse; width: 80%; margin-left: auto; margin-right: auto;\" border=\"0\" width=\"288\" cellspacing=\"0\" cellpadding=\"0\">\n<tbody>\n<tr style=\"height: 13.50pt;\">\n<td style=\"height: 13.5pt; width: 54pt; text-align: center;\" width=\"72\" height=\"18\">Capacit\u00e9 (ml)<\/td>\n<td style=\"width: 54pt; text-align: center;\" width=\"72\">Taille (cm)<\/td>\n<td style=\"width: 54pt; text-align: center;\" width=\"72\">Mat\u00e9riel<\/td>\n<td style=\"width: 54pt; text-align: center;\" width=\"72\">Caract\u00e9ristiques<\/td>\n<\/tr>\n<tr style=\"height: 13.50pt;\">\n<td style=\"height: 13.5pt; text-align: center;\" align=\"right\" height=\"18\">450<\/td>\n<td style=\"text-align: center;\">8.5*10.0<\/td>\n<td class=\"et2\" style=\"text-align: center;\" rowspan=\"4\">Verre borosilicat\u00e9<\/td>\n<td class=\"et2\" style=\"text-align: center;\" rowspan=\"4\">Couvercle en bambou \u00e0 c\u00f4t\u00e9s droits, 85 mm<\/td>\n<\/tr>\n<tr style=\"height: 13.50pt;\">\n<td style=\"height: 13.5pt; text-align: center;\" align=\"right\" height=\"18\">560<\/td>\n<td style=\"text-align: center;\">8.5*12.0<\/td>\n<\/tr>\n<tr style=\"height: 13.50pt;\">\n<td style=\"height: 13.5pt; text-align: center;\" align=\"right\" height=\"18\">700<\/td>\n<td style=\"text-align: center;\">8.5*15.0<\/td>\n<\/tr>\n<tr style=\"height: 13.50pt;\">\n<td style=\"height: 13.5pt; text-align: center;\" align=\"right\" height=\"18\">950<\/td>\n<td style=\"text-align: center;\">8.5*20.0<\/td>\n<\/tr>\n<\/tbody>\n<\/table>\n<h2>Cas de r\u00e9ussite<\/h2>\n<p>Cette entreprise agroalimentaire souhaite rendre ses nouveaux produits plus attrayants. Elle les conditionne dans des bocaux en verre avec couvercles en bambou. Gr\u00e2ce \u00e0 la transparence du verre, on peut voir le contenu des bocaux. Les couvercles en bambou apportent une touche esth\u00e9tique suppl\u00e9mentaire. Ce choix t\u00e9moigne de l&#039;engagement de l&#039;entreprise en faveur de l&#039;environnement. Avec ces bocaux en verre et ces couvercles en bambou, l&#039;entreprise agroalimentaire d\u00e9montre son attachement \u00e0 la plan\u00e8te.<\/p>\n<p>Apr\u00e8s plusieurs mois de suivi des r\u00e9sultats de march\u00e9, un client a constat\u00e9 une augmentation de 15 % des ventes de cette gamme de produits. Les consommateurs ont \u00e9galement soulign\u00e9 l&#039;attrait esth\u00e9tique et le caract\u00e8re \u00e9cologique des bocaux en verre, tandis que les couvercles en bambou leur conf\u00e9raient une touche de luxe.<\/p>\n<h2>Vos conseils de personnalisation<\/h2>\n<p>Personnalisez ce bocal en verre borosilicate avec un couvercle en bambou et laissez libre cours \u00e0 votre imagination, en fonction de son utilisation et de votre image de marque. Pour mettre en avant le caract\u00e8re naturel et \u00e9cologique de votre produit, optez pour un couvercle en bambou naturel associ\u00e9 \u00e0 un verre d\u00e9poli ou transparent\u00a0: il attirera l\u2019attention du client et renforcera votre image de marque. Pour une conservation optimale, nous vous conseillons un couvercle en bambou avec un joint en silicone, qui assure une \u00e9tanch\u00e9it\u00e9 parfaite contre l\u2019humidit\u00e9 et l\u2019air. C\u00f4t\u00e9 contenance, les bocaux sont disponibles en diff\u00e9rentes tailles, id\u00e9ales pour la conservation des \u00e9pices ou des fruits secs, et r\u00e9pondent ainsi aux exigences du march\u00e9. Enfin, l\u2019ajout de votre logo ou de votre design lors de la personnalisation rend le bocal plus pratique et contribue \u00e0 la notori\u00e9t\u00e9 de votre produit et \u00e0 sa comp\u00e9titivit\u00e9 sur le march\u00e9.<\/p>","protected":false},"excerpt":{"rendered":"<p>Bocal en verre \u00e9cologique avec couvercle en bambou, id\u00e9al pour conserver les en-cas, le caf\u00e9 ou les produits secs. Vente directe d&#039;usine, personnalisation en gros et livraison rapide.<\/p>","protected":false},"featured_media":4034,"template":"","meta":{"postBodyCss":"","postBodyMargin":[],"postBodyPadding":[],"postBodyBackground":{"backgroundType":"classic","gradient":""}},"product_brand":[],"product_cat":[15,17,61],"product_tag":[68,67,69],"class_list":{"0":"post-4026","1":"product","2":"type-product","3":"status-publish","4":"has-post-thumbnail","6":"product_cat-glass-containers","7":"product_cat-glass-jars","8":"product_cat-glass-jars-with-lids","9":"product_tag-borosilicate-glass-jars","10":"product_tag-candy-jars","11":"product_tag-storage-jars","13":"first","14":"instock","15":"shipping-taxable","16":"product-type-simple"},"jetpack_sharing_enabled":true,"_links":{"self":[{"href":"https:\/\/minghanggroup.com\/fr\/wp-json\/wp\/v2\/product\/4026","targetHints":{"allow":["GET"]}}],"collection":[{"href":"https:\/\/minghanggroup.com\/fr\/wp-json\/wp\/v2\/product"}],"about":[{"href":"https:\/\/minghanggroup.com\/fr\/wp-json\/wp\/v2\/types\/product"}],"wp:featuredmedia":[{"embeddable":true,"href":"https:\/\/minghanggroup.com\/fr\/wp-json\/wp\/v2\/media\/4034"}],"wp:attachment":[{"href":"https:\/\/minghanggroup.com\/fr\/wp-json\/wp\/v2\/media?parent=4026"}],"wp:term":[{"taxonomy":"product_brand","embeddable":true,"href":"https:\/\/minghanggroup.com\/fr\/wp-json\/wp\/v2\/product_brand?post=4026"},{"taxonomy":"product_cat","embeddable":true,"href":"https:\/\/minghanggroup.com\/fr\/wp-json\/wp\/v2\/product_cat?post=4026"},{"taxonomy":"product_tag","embeddable":true,"href":"https:\/\/minghanggroup.com\/fr\/wp-json\/wp\/v2\/product_tag?post=4026"}],"curies":[{"name":"wp","href":"https:\/\/api.w.org\/{rel}","templated":true}]}}