{"id":4025,"date":"2025-12-24T10:06:48","date_gmt":"2025-12-24T02:06:48","guid":{"rendered":"https:\/\/minghanggroup.com\/?post_type=product&#038;p=4025"},"modified":"2026-03-02T15:23:43","modified_gmt":"2026-03-02T07:23:43","slug":"round-glass-jars-with-bamboo-lids-and-spoons-bulk","status":"publish","type":"product","link":"https:\/\/minghanggroup.com\/fr\/produit\/round-glass-jars-with-bamboo-lids-and-spoons-bulk\/","title":{"rendered":"Bocaux ronds en verre de 500 ml, 850 ml et 1150 ml avec couvercles en bambou et cuill\u00e8res (vente en gros)"},"content":{"rendered":"<p>Ces bocaux en verre borosilicate, munis de couvercles et de cuill\u00e8res en bambou, pr\u00e9sentent une forme sph\u00e9rique douce et arrondie. Ils sont fournis avec les m\u00eames couvercles et cuill\u00e8res en bambou (pour un acc\u00e8s facile aux ingr\u00e9dients).<\/p>\n<h2>Caract\u00e9ristiques du produit<\/h2>\n<ul>\n<li><strong>Couvercles et cuill\u00e8res en bambou\u00a0:<\/strong> Les couvercles et les cuill\u00e8res en bambou sont assortis, ce qui assure une harmonie de style, un acc\u00e8s facile aux ingr\u00e9dients et une adh\u00e9sion au style naturel.<\/li>\n<li><strong>Conception arrondie en forme de tambour :<\/strong> Sa forme arrondie en tambour augmente la capacit\u00e9 et lui conf\u00e8re un aspect plus doux que les bocaux en verre cylindriques.<\/li>\n<li><strong>Bocaux enti\u00e8rement transparents :<\/strong> En effet, le verre \u00e0 haute teneur en borosilicate permet de voir clairement le contenu et donc de l&#039;identifier facilement sans ouvrir le couvercle.<\/li>\n<\/ul>\n<h2 style=\"text-align: left;\">Caract\u00e9ristiques principales<\/h2>\n<table class=\"aligncenter\" style=\"border-collapse: collapse; width: 513.02pt;\" border=\"0\" width=\"684\" cellspacing=\"0\" cellpadding=\"0\">\n<tbody>\n<tr style=\"height: 13.50pt;\">\n<td style=\"height: 13.50pt; width: 100.50pt;\" width=\"134\" height=\"18\">Sp\u00e9cification<\/td>\n<td style=\"width: 412.50pt;\" width=\"550\">D\u00e9tails<\/td>\n<\/tr>\n<tr style=\"height: 13.50pt;\">\n<td style=\"height: 13.50pt;\" height=\"18\">Capacit\u00e9<\/td>\n<td>500 ml \/ 850 ml \/ 1150 ml<\/td>\n<\/tr>\n<tr style=\"height: 13.50pt;\">\n<td style=\"height: 13.50pt;\" height=\"18\">Dimensions<\/td>\n<td>7\u00d710,5 cm \/ 7\u00d713 cm \/ 7,5\u00d714 cm<\/td>\n<\/tr>\n<tr style=\"height: 13.50pt;\">\n<td style=\"height: 13.50pt;\" height=\"18\">Mat\u00e9riel<\/td>\n<td>Verre borosilicat\u00e9 haute r\u00e9sistance, bambou<\/td>\n<\/tr>\n<tr style=\"height: 13.50pt;\">\n<td style=\"height: 13.50pt;\" height=\"18\">Pot en forme de bocal<\/td>\n<td>Ventre rond et cou \u00e9troit<\/td>\n<\/tr>\n<tr style=\"height: 13.50pt;\">\n<td style=\"height: 13.50pt;\" height=\"18\">Type de couvercle<\/td>\n<td>Couvercle plat en bambou avec cuill\u00e8re int\u00e9gr\u00e9e<\/td>\n<\/tr>\n<tr style=\"height: 13.50pt;\">\n<td style=\"height: 13.50pt;\" height=\"18\">Caract\u00e9ristique du mat\u00e9riau<\/td>\n<td>Haute transparence, excellente r\u00e9sistance \u00e0 la temp\u00e9rature (-20\u2103 \u00e0 150\u2103)<\/td>\n<\/tr>\n<tr style=\"height: 13.50pt;\">\n<td style=\"height: 13.50pt;\" height=\"18\">Id\u00e9al pour<\/td>\n<td>Bocaux en verre avec couvercles et cuill\u00e8res en bambou, bocaux en verre en vrac<\/td>\n<\/tr>\n<\/tbody>\n<\/table>\n<h2>Cas de r\u00e9ussite : Un best-seller d&#039;une entreprise de fournitures de p\u00e2tisserie<\/h2>\n<p>Une entreprise fournissant des ingr\u00e9dients de qualit\u00e9 aux p\u00e2tissiers amateurs a choisi nos bocaux en verre de 850 ml avec couvercles et cuill\u00e8res en bambou pour sa gamme de farines et de sucres. L&#039;\u00e9tanch\u00e9it\u00e9 des couvercles en bambou a permis d&#039;augmenter la dur\u00e9e de conservation des produits de 42 %, et les cuill\u00e8res en bambou offertes ont \u00e9galement rencontr\u00e9 un vif succ\u00e8s\u00a0: 95\u00a0% des clients ont indiqu\u00e9 que c&#039;\u00e9tait la principale raison de leur rachat, car cela r\u00e9solvait le probl\u00e8me des cuill\u00e8res perdues. Forts de ce succ\u00e8s retentissant, ils ont command\u00e9 la fabrication de 100\u00a0000 unit\u00e9s suppl\u00e9mentaires pour lancer cette nouvelle gamme.<\/p>\n<h2>Suggestions de personnalisation pour les bocaux en verre en vrac<\/h2>\n<ul>\n<li>Cuill\u00e8res en bambou avec logo ou texte grav\u00e9 au laser \u2013 Faites graver votre logo ou votre texte sur le manche d&#039;une cuill\u00e8re en bambou \u00e0 l&#039;aide d&#039;un laser.<\/li>\n<li>Signes de r\u00e9ussite imprim\u00e9s en s\u00e9rigraphie \u2013 Impression permanente des signes de r\u00e9ussite \u00e0 l&#039;int\u00e9rieur du bocal.<\/li>\n<li>Anneau d\u00e9coratif givr\u00e9 \u2013 D\u00e9corez l&#039;anneau d\u00e9coratif givr\u00e9 pour orner l&#039;\u00e9paule du pot.<\/li>\n<li>Couleur\/logo personnalis\u00e9 pour les clips \u2013 Il est possible de commander des clips d&#039;une couleur particuli\u00e8re ou un logo moul\u00e9 sur la cuill\u00e8re.<\/li>\n<\/ul>","protected":false},"excerpt":{"rendered":"<p>D\u00e9couvrez nos bocaux en verre avec couvercles en bambou et cuill\u00e8res assorties \u2013 forme bulbeuse \u00e9l\u00e9gante, verre transparent, clip pour cuill\u00e8re assorti. \u00c9chantillons gratuits disponibles.<\/p>","protected":false},"featured_media":4027,"template":"","meta":{"postBodyCss":"","postBodyMargin":[],"postBodyPadding":[],"postBodyBackground":{"backgroundType":"classic","gradient":""}},"product_brand":[],"product_cat":[15,17,61],"product_tag":[100],"class_list":{"0":"post-4025","1":"product","2":"type-product","3":"status-publish","4":"has-post-thumbnail","6":"product_cat-glass-containers","7":"product_cat-glass-jars","8":"product_cat-glass-jars-with-lids","9":"product_tag-glass-coffee-jars","11":"first","12":"instock","13":"shipping-taxable","14":"product-type-simple"},"jetpack_sharing_enabled":true,"_links":{"self":[{"href":"https:\/\/minghanggroup.com\/fr\/wp-json\/wp\/v2\/product\/4025","targetHints":{"allow":["GET"]}}],"collection":[{"href":"https:\/\/minghanggroup.com\/fr\/wp-json\/wp\/v2\/product"}],"about":[{"href":"https:\/\/minghanggroup.com\/fr\/wp-json\/wp\/v2\/types\/product"}],"wp:featuredmedia":[{"embeddable":true,"href":"https:\/\/minghanggroup.com\/fr\/wp-json\/wp\/v2\/media\/4027"}],"wp:attachment":[{"href":"https:\/\/minghanggroup.com\/fr\/wp-json\/wp\/v2\/media?parent=4025"}],"wp:term":[{"taxonomy":"product_brand","embeddable":true,"href":"https:\/\/minghanggroup.com\/fr\/wp-json\/wp\/v2\/product_brand?post=4025"},{"taxonomy":"product_cat","embeddable":true,"href":"https:\/\/minghanggroup.com\/fr\/wp-json\/wp\/v2\/product_cat?post=4025"},{"taxonomy":"product_tag","embeddable":true,"href":"https:\/\/minghanggroup.com\/fr\/wp-json\/wp\/v2\/product_tag?post=4025"}],"curies":[{"name":"wp","href":"https:\/\/api.w.org\/{rel}","templated":true}]}}