{"id":4020,"date":"2025-12-24T09:47:21","date_gmt":"2025-12-24T01:47:21","guid":{"rendered":"https:\/\/minghanggroup.com\/?post_type=product&#038;p=4020"},"modified":"2026-03-02T15:23:55","modified_gmt":"2026-03-02T07:23:55","slug":"unique-trapezoidal-glass-jars-and-lids-wholesale","status":"publish","type":"product","link":"https:\/\/minghanggroup.com\/fr\/produit\/unique-trapezoidal-glass-jars-and-lids-wholesale\/","title":{"rendered":"Bocaux et couvercles en verre trap\u00e9zo\u00efdaux uniques de 350 ml \u00e0 950 ml, vente en gros"},"content":{"rendered":"<p>Ces bocaux en verre uniques, munis de couvercles, sont fabriqu\u00e9s en verre borosilicate enti\u00e8rement transparent. De forme trap\u00e9zo\u00efdale (tronc conique), ils pr\u00e9sentent un sommet effil\u00e9 et une base polygonale, avec un couvercle plat en bambou beige clair.<\/p>\n<h2>Caract\u00e9ristiques du produit<\/h2>\n<ul>\n<li><strong>Mat\u00e9riau en verre borosilicat\u00e9 \u00e0 haute teneur :<\/strong> Offre une durabilit\u00e9 \u00e9lev\u00e9e, une r\u00e9sistance aux chocs thermiques et une apparence visuelle claire et sans distorsion.<\/li>\n<li><strong>Couvercle en bambou scell\u00e9 :<\/strong> Ce couvercle est muni d&#039;un joint \u00e9tanche pour assurer une fermeture herm\u00e9tique et lui conf\u00e9rer un aspect propre et agr\u00e9able.<\/li>\n<li><strong>Conception angulaire\u00a0:<\/strong> Le motif angulaire trap\u00e9zo\u00efdal est plus orn\u00e9 que les jarres traditionnelles de forme trap\u00e9zo\u00efdale s&#039;effilant vers le haut et s&#039;\u00e9largissant vers le bas, avec un motif angulaire polygonal \u00e0 la base.<\/li>\n<\/ul>\n<h2 style=\"text-align: left;\">Caract\u00e9ristiques principales<\/h2>\n<table class=\"aligncenter\" style=\"border-collapse: collapse; width: 459.02pt;\" border=\"0\" width=\"612\" cellspacing=\"0\" cellpadding=\"0\">\n<tbody>\n<tr style=\"height: 13.50pt;\">\n<td style=\"height: 13.50pt; width: 100.50pt;\" width=\"134\" height=\"18\">Sp\u00e9cification<\/td>\n<td style=\"width: 358.50pt;\" width=\"478\">D\u00e9tails<\/td>\n<\/tr>\n<tr style=\"height: 13.50pt;\">\n<td style=\"height: 13.50pt;\" height=\"18\">Capacit\u00e9<\/td>\n<td>350 ml \/ 500 ml \/ 750 ml \/ 950 ml<\/td>\n<\/tr>\n<tr style=\"height: 13.50pt;\">\n<td style=\"height: 13.50pt;\" height=\"18\">Dimensions<\/td>\n<td>10\u00d710,2 cm \/ 11,5\u00d712 cm \/ 12,5\u00d713,7 cm \/ 14\u00d715,2 cm<\/td>\n<\/tr>\n<tr style=\"height: 13.50pt;\">\n<td style=\"height: 13.50pt;\" height=\"18\">Mat\u00e9riel<\/td>\n<td>Verre borosilicat\u00e9 \u00e0 haute teneur en verre<\/td>\n<\/tr>\n<tr style=\"height: 13.50pt;\">\n<td style=\"height: 13.50pt;\" height=\"18\">Pot en forme de bocal<\/td>\n<td>Pyramide tronqu\u00e9e \u00e0 plusieurs facettes (base \u00e9largie)<\/td>\n<\/tr>\n<tr style=\"height: 13.50pt;\">\n<td style=\"height: 13.50pt;\" height=\"18\">Type de couvercle<\/td>\n<td>Couvercle plat en bambou l\u00e9ger avec joint int\u00e9gr\u00e9<\/td>\n<\/tr>\n<tr style=\"height: 13.50pt;\">\n<td style=\"height: 13.50pt;\" height=\"18\">Caract\u00e9ristique du mat\u00e9riau<\/td>\n<td>R\u00e9sistant aux hautes et basses temp\u00e9ratures, haute transparence<\/td>\n<\/tr>\n<tr style=\"height: 13.50pt;\">\n<td style=\"height: 13.50pt;\" height=\"18\">Id\u00e9al pour<\/td>\n<td>Bocaux en verre uniques avec couvercles, vente en gros de bocaux et couvercles en verre<\/td>\n<\/tr>\n<\/tbody>\n<\/table>\n<h2>\u00c9tude de cas : L&#039;exclusivit\u00e9 du packaging d&#039;un torr\u00e9facteur de caf\u00e9.<\/h2>\n<p>Nos bocaux en verre (avec couvercles) de 750 ml ont \u00e9t\u00e9 choisis par un torr\u00e9facteur de caf\u00e9 de sp\u00e9cialit\u00e9 pour conditionner son caf\u00e9 en grains d&#039;origine unique en \u00e9dition limit\u00e9e. Les parois g\u00e9om\u00e9triques du bocal mettaient parfaitement en valeur la couleur et l&#039;\u00e9clat des grains de caf\u00e9, ce qui a entra\u00een\u00e9 une augmentation de 300 % des partages de vid\u00e9os de d\u00e9ballage sur les r\u00e9seaux sociaux. Le design distinctif du bocal est tr\u00e8s reconnaissable et la notori\u00e9t\u00e9 de la marque a augment\u00e9 de 60 % lors d&#039;un test de d\u00e9gustation \u00e0 l&#039;aveugle. Face \u00e0 cet accueil exceptionnel sur le march\u00e9, la boulangerie a pass\u00e9 une nouvelle commande de 150\u00a0000 bocaux en verre au cours des deux saisons de r\u00e9colte suivantes.<\/p>\n<h2>Personnalisation en gros des bocaux et couvercles en verre<\/h2>\n<ul>\n<li>Couvercles en bambou massif (avec gravure) \u2013 Les couvercles en bambou massif peuvent \u00e9galement \u00eatre personnalis\u00e9s avec des logos grav\u00e9s au laser.<\/li>\n<li>Finition partiellement d\u00e9polie \u2013 Appliquez une finition d\u00e9polie sur certains panneaux en alternance pour cr\u00e9er un design imposant.<\/li>\n<li>Motifs angulaires s\u00e9rigraphi\u00e9s \u2013 Transfert de motifs modernes qui rappellent la forme g\u00e9om\u00e9trique du pot.<\/li>\n<li>Teinture personnalis\u00e9e du bambou \u2013 Choisissez entre un couvercle naturel, blanc cass\u00e9 ou teint\u00e9 fonc\u00e9.<\/li>\n<li>Panneaux d\u00e9coratifs en vitrail \u2013 Ils sont disponibles avec une ou deux facettes en vitrail (par exemple ambre).<\/li>\n<\/ul>","protected":false},"excerpt":{"rendered":"<p>Vente en gros de bocaux et couvercles en verre haut de gamme\u00a0: bocaux uniques en verre borosilicate transparent de haute qualit\u00e9, base polygonale et couvercle herm\u00e9tique en bambou. \u00c9chantillon gratuit.<\/p>","protected":false},"featured_media":4021,"template":"","meta":{"postBodyCss":"","postBodyMargin":[],"postBodyPadding":[],"postBodyBackground":{"backgroundType":"classic","gradient":""}},"product_brand":[],"product_cat":[15,17,61],"product_tag":[68,100,70,69],"class_list":{"0":"post-4020","1":"product","2":"type-product","3":"status-publish","4":"has-post-thumbnail","6":"product_cat-glass-containers","7":"product_cat-glass-jars","8":"product_cat-glass-jars-with-lids","9":"product_tag-borosilicate-glass-jars","10":"product_tag-glass-coffee-jars","11":"product_tag-seasoning-jars","12":"product_tag-storage-jars","14":"first","15":"instock","16":"shipping-taxable","17":"product-type-simple"},"jetpack_sharing_enabled":true,"_links":{"self":[{"href":"https:\/\/minghanggroup.com\/fr\/wp-json\/wp\/v2\/product\/4020","targetHints":{"allow":["GET"]}}],"collection":[{"href":"https:\/\/minghanggroup.com\/fr\/wp-json\/wp\/v2\/product"}],"about":[{"href":"https:\/\/minghanggroup.com\/fr\/wp-json\/wp\/v2\/types\/product"}],"wp:featuredmedia":[{"embeddable":true,"href":"https:\/\/minghanggroup.com\/fr\/wp-json\/wp\/v2\/media\/4021"}],"wp:attachment":[{"href":"https:\/\/minghanggroup.com\/fr\/wp-json\/wp\/v2\/media?parent=4020"}],"wp:term":[{"taxonomy":"product_brand","embeddable":true,"href":"https:\/\/minghanggroup.com\/fr\/wp-json\/wp\/v2\/product_brand?post=4020"},{"taxonomy":"product_cat","embeddable":true,"href":"https:\/\/minghanggroup.com\/fr\/wp-json\/wp\/v2\/product_cat?post=4020"},{"taxonomy":"product_tag","embeddable":true,"href":"https:\/\/minghanggroup.com\/fr\/wp-json\/wp\/v2\/product_tag?post=4020"}],"curies":[{"name":"wp","href":"https:\/\/api.w.org\/{rel}","templated":true}]}}