{"id":4008,"date":"2025-12-23T15:10:05","date_gmt":"2025-12-23T07:10:05","guid":{"rendered":"https:\/\/minghanggroup.com\/?post_type=product&#038;p=4008"},"modified":"2025-12-23T17:24:10","modified_gmt":"2025-12-23T09:24:10","slug":"empty-glass-food-storage-canisters-with-lids-bulk","status":"publish","type":"product","link":"https:\/\/minghanggroup.com\/fr\/produit\/empty-glass-food-storage-canisters-with-lids-bulk\/","title":{"rendered":"Bo\u00eetes de conservation en verre vides avec couvercles, 335 ml, 580 ml et 800 ml (vente en gros)"},"content":{"rendered":"<p>Ces bo\u00eetes de conservation alimentaire avec couvercle sont en verre borosilicate transparent, avec un corps enti\u00e8rement transparent et un couvercle en bois naturel textur\u00e9 de fa\u00e7on exclusive, vous permettant de regarder \u00e0 l&#039;int\u00e9rieur pour v\u00e9rifier vos ingr\u00e9dients.<\/p>\n<h2>Caract\u00e9ristiques du produit<\/h2>\n<ul>\n<li><strong>Verre borosilicat\u00e9 \u00e0 haute teneur en borosilicate\u00a0:<\/strong> Offre une meilleure r\u00e9sistance aux chocs thermiques, aux rayures et \u00e0 l&#039;abrasion.<\/li>\n<li><strong>Couvercle en bois naturel :<\/strong> Assure une \u00e9tanch\u00e9it\u00e9 \u00e0 l&#039;air optimale tout en offrant une texture naturelle et une apparence chaleureuse.<\/li>\n<li><strong>Choix de capacit\u00e9s multiples\u00a0:<\/strong> Il existe trois capacit\u00e9s pratiques (de 335 ml \u00e0 800 ml) pour r\u00e9pondre \u00e0 diff\u00e9rents besoins de stockage.<\/li>\n<\/ul>\n<h2 style=\"text-align: left;\">Caract\u00e9ristiques principales<\/h2>\n<table class=\"aligncenter\" style=\"border-collapse: collapse; width: 392.27pt;\" border=\"0\" width=\"523\" cellspacing=\"0\" cellpadding=\"0\">\n<tbody>\n<tr style=\"height: 13.50pt;\">\n<td style=\"height: 13.50pt; width: 107.25pt;\" width=\"143\" height=\"18\">Sp\u00e9cification<\/td>\n<td style=\"width: 285.00pt;\" width=\"380\">D\u00e9tails<\/td>\n<\/tr>\n<tr style=\"height: 13.50pt;\">\n<td style=\"height: 13.50pt;\" height=\"18\">Capacit\u00e9<\/td>\n<td>335 ml \/ 580 ml \/ 800 ml<\/td>\n<\/tr>\n<tr style=\"height: 13.50pt;\">\n<td style=\"height: 13.50pt;\" height=\"18\">Dimensions<\/td>\n<td>8\u00d710cm \/ 8\u00d715cm \/ 8\u00d720cm<\/td>\n<\/tr>\n<tr style=\"height: 13.50pt;\">\n<td style=\"height: 13.50pt;\" height=\"18\">Mat\u00e9riel<\/td>\n<td>Verre borosilicat\u00e9 \u00e0 haute teneur en verre<\/td>\n<\/tr>\n<tr style=\"height: 13.50pt;\">\n<td style=\"height: 13.50pt;\" height=\"18\">Type de couvercle<\/td>\n<td>Couvercle \u00e0 grain de bois naturel<\/td>\n<\/tr>\n<tr style=\"height: 13.50pt;\">\n<td style=\"height: 13.50pt;\" height=\"18\">Diam\u00e8tre du couvercle<\/td>\n<td>80 mm (Uniforme pour toutes les tailles)<\/td>\n<\/tr>\n<tr style=\"height: 13.50pt;\">\n<td style=\"height: 13.50pt;\" height=\"18\">Caract\u00e9ristique du mat\u00e9riau<\/td>\n<td>R\u00e9sistant \u00e0 la chaleur et aux produits chimiques, haute clart\u00e9<\/td>\n<\/tr>\n<tr style=\"height: 13.50pt;\">\n<td style=\"height: 13.50pt;\" height=\"18\">Id\u00e9al pour<\/td>\n<td>Bocaux en verre avec couvercles, vente en gros de bocaux en verre<\/td>\n<\/tr>\n<\/tbody>\n<\/table>\n<h2>\u00c9tude de cas<\/h2>\n<p>Nos bo\u00eetes de conservation de 580 ml avec couvercle ont \u00e9t\u00e9 utilis\u00e9es pour conditionner les p\u00e2tes et c\u00e9r\u00e9ales haut de gamme d&#039;un supermarch\u00e9 de luxe. Les couvercles imitation bois offraient une excellente \u00e9tanch\u00e9it\u00e9, prolongeant de moiti\u00e9 la dur\u00e9e de conservation et r\u00e9duisant consid\u00e9rablement le gaspillage. Le design en verre et argent, ainsi que l&#039;aspect ouvert des bo\u00eetes, ont incit\u00e9 les clients \u00e0 privil\u00e9gier les produits en vrac (augmentation de 60 %), et les ventes de bo\u00eetes ont progress\u00e9 de 45 %. Fort de ces excellents r\u00e9sultats, le distributeur a command\u00e9 750\u00a0000 bo\u00eetes pour g\u00e9n\u00e9raliser ce concept dans tous ses magasins.<\/p>\n<h2>Bocaux en verre avec couvercles personnalisables<\/h2>\n<ul>\n<li>Couvercles en bois massif \u2013 Couvercles en bambou massif, en ch\u00eane ou en noyer.<\/li>\n<li>Marquage du couvercle \u2013 Logo en relief ou d\u00e9coup\u00e9 au laser sur le couvercle en bois.<\/li>\n<li>Motif de fond en relief \u2013 Ajoutez un motif fin et \u00e9l\u00e9gant sur le fond du pot.<\/li>\n<li>Joint d&#039;\u00e9tanch\u00e9it\u00e9 en silicone am\u00e9lior\u00e9 \u2013 Comprend un joint en silicone de qualit\u00e9 alimentaire autour du couvercle pour une meilleure conservation des aliments.<\/li>\n<\/ul>","protected":false},"excerpt":{"rendered":"<p>Bo\u00eetes de conservation haut de gamme avec couvercles\u00a0: grandes bo\u00eetes en verre avec couvercles et dessus en bois naturel. Id\u00e9ales pour le rangement dans le garde-manger. \u00c9chantillons gratuits disponibles.<\/p>","protected":false},"featured_media":4010,"template":"","meta":{"postBodyCss":"","postBodyMargin":[],"postBodyPadding":[],"postBodyBackground":{"backgroundType":"classic","gradient":""}},"product_brand":[],"product_cat":[15,17,61],"product_tag":[],"class_list":{"0":"post-4008","1":"product","2":"type-product","3":"status-publish","4":"has-post-thumbnail","6":"product_cat-glass-containers","7":"product_cat-glass-jars","8":"product_cat-glass-jars-with-lids","10":"first","11":"instock","12":"shipping-taxable","13":"product-type-simple"},"jetpack_sharing_enabled":true,"_links":{"self":[{"href":"https:\/\/minghanggroup.com\/fr\/wp-json\/wp\/v2\/product\/4008","targetHints":{"allow":["GET"]}}],"collection":[{"href":"https:\/\/minghanggroup.com\/fr\/wp-json\/wp\/v2\/product"}],"about":[{"href":"https:\/\/minghanggroup.com\/fr\/wp-json\/wp\/v2\/types\/product"}],"wp:featuredmedia":[{"embeddable":true,"href":"https:\/\/minghanggroup.com\/fr\/wp-json\/wp\/v2\/media\/4010"}],"wp:attachment":[{"href":"https:\/\/minghanggroup.com\/fr\/wp-json\/wp\/v2\/media?parent=4008"}],"wp:term":[{"taxonomy":"product_brand","embeddable":true,"href":"https:\/\/minghanggroup.com\/fr\/wp-json\/wp\/v2\/product_brand?post=4008"},{"taxonomy":"product_cat","embeddable":true,"href":"https:\/\/minghanggroup.com\/fr\/wp-json\/wp\/v2\/product_cat?post=4008"},{"taxonomy":"product_tag","embeddable":true,"href":"https:\/\/minghanggroup.com\/fr\/wp-json\/wp\/v2\/product_tag?post=4008"}],"curies":[{"name":"wp","href":"https:\/\/api.w.org\/{rel}","templated":true}]}}