{"id":4003,"date":"2025-12-23T13:04:02","date_gmt":"2025-12-23T05:04:02","guid":{"rendered":"https:\/\/minghanggroup.com\/?post_type=product&#038;p=4003"},"modified":"2025-12-23T17:22:53","modified_gmt":"2025-12-23T09:22:53","slug":"clesr-empty-small-glass-jars-with-lids-bulk","status":"publish","type":"product","link":"https:\/\/minghanggroup.com\/fr\/produit\/clesr-empty-small-glass-jars-with-lids-bulk\/","title":{"rendered":"Bocaux en verre vides Clesr, petits, avec couvercles, en vrac\u00a0: 120\u00a0ml, 210\u00a0ml et 260\u00a0ml"},"content":{"rendered":"<p>Ce sont de petits bocaux en verre borosilicate avec un couvercle \u00e0 grain de bois fonc\u00e9 tr\u00e8s textur\u00e9. Disponibles en trois tailles, ils allient parfaitement mini-rangement et style rustique et \u00e9l\u00e9gant.<\/p>\n<h2>Caract\u00e9ristiques du produit<\/h2>\n<ul>\n<li><strong>Verre brosilicate :<\/strong> Il poss\u00e8de une tr\u00e8s grande r\u00e9sistance, une bonne r\u00e9sistance aux chocs thermiques et une transparence \u00e9lev\u00e9e.<\/li>\n<li><strong>Couvercle en bois fonc\u00e9 vein\u00e9 :<\/strong> Il procure une sensation agr\u00e9able au toucher et ajoute une touche \u00e9l\u00e9gante au bocal, tout en assurant une fermeture herm\u00e9tique.<\/li>\n<li><strong>Corps du pot transparent :<\/strong> Ce mat\u00e9riau vitreux est facilement reconnaissable gr\u00e2ce \u00e0 sa transparence et peut donc \u00eatre facilement r\u00e9cup\u00e9r\u00e9 et lav\u00e9.<\/li>\n<\/ul>\n<h2 style=\"text-align: left;\">Caract\u00e9ristiques principales<\/h2>\n<table class=\"aligncenter\" style=\"border-collapse: collapse; width: 477.02pt;\" border=\"0\" width=\"636\" cellspacing=\"0\" cellpadding=\"0\">\n<tbody>\n<tr style=\"height: 13.50pt;\">\n<td style=\"height: 13.50pt; width: 107.25pt;\" width=\"143\" height=\"18\">Sp\u00e9cification<\/td>\n<td style=\"width: 369.75pt;\" width=\"493\">D\u00e9tails<\/td>\n<\/tr>\n<tr style=\"height: 13.50pt;\">\n<td style=\"height: 13.50pt;\" height=\"18\">Capacit\u00e9<\/td>\n<td>120 ml \/ 210 ml \/ 260 ml<\/td>\n<\/tr>\n<tr style=\"height: 13.50pt;\">\n<td style=\"height: 13.50pt;\" height=\"18\">Dimensions<\/td>\n<td>6,5 \u00d7 5,5 cm \/ 6,5 \u00d7 8 cm \/ 6,5 \u00d7 10,2 cm<\/td>\n<\/tr>\n<tr style=\"height: 13.50pt;\">\n<td style=\"height: 13.50pt;\" height=\"18\">Mat\u00e9riel<\/td>\n<td>Verre borosilicat\u00e9 \u00e0 haute teneur en verre<\/td>\n<\/tr>\n<tr style=\"height: 13.50pt;\">\n<td style=\"height: 13.50pt;\" height=\"18\">Type de couvercle<\/td>\n<td>Couvercle plat \u00e0 grain de bois fonc\u00e9<\/td>\n<\/tr>\n<tr style=\"height: 13.50pt;\">\n<td style=\"height: 13.50pt;\" height=\"18\">Diam\u00e8tre du couvercle<\/td>\n<td>65 mm (Uniforme pour toutes les tailles)<\/td>\n<\/tr>\n<tr style=\"height: 13.50pt;\">\n<td style=\"height: 13.50pt;\" height=\"18\">Caract\u00e9ristique du mat\u00e9riau<\/td>\n<td>R\u00e9sistant \u00e0 la chaleur et aux produits chimiques, haute clart\u00e9, r\u00e9sistant aux rayures<\/td>\n<\/tr>\n<tr style=\"height: 13.50pt;\">\n<td style=\"height: 13.50pt;\" height=\"18\">Id\u00e9al pour<\/td>\n<td>Petits bocaux en verre, bocaux en verre en vrac avec couvercles en bois<\/td>\n<\/tr>\n<\/tbody>\n<\/table>\n<h2>\u00c9tude de cas : La d\u00e9cision d&#039;une entreprise de m\u00e9lange d&#039;\u00e9pices concernant l&#039;emballage<\/h2>\n<p>Nos petits pots en verre de 210 ml ont \u00e9t\u00e9 utilis\u00e9s pour conditionner un m\u00e9lange d&#039;\u00e9pices artisanales, r\u00e9cemment lanc\u00e9 par une entreprise sp\u00e9cialis\u00e9e. Le verre borosilicate, tr\u00e8s r\u00e9sistant au transport, a permis de r\u00e9duire le taux de casse \u00e0 seulement 0,3 %. Son format compact et standardis\u00e9 leur a permis de concevoir de magnifiques coffrets cadeaux peu encombrants, dont la valeur marchande \u00e9tait sup\u00e9rieure de 45 % \u00e0 celle de leurs anciens emballages. Face au succ\u00e8s des ventes et \u00e0 l&#039;accueil enthousiaste des clients, ils ont command\u00e9 120\u00a0000 pots suppl\u00e9mentaires pour faciliter la distribution du produit dans tout le pays.<\/p>\n<h2>Personnalisation de petits bocaux en verre<\/h2>\n<ul>\n<li>Couvercle massif \u2013 Ajoutez des couvercles en bois massif de noyer, d&#039;\u00e9b\u00e8ne ou d&#039;acacia.<\/li>\n<li>Gravure sur le couvercle \u2013 Logos, motifs ou lettrages fins d\u00e9coup\u00e9s au laser sur le couvercle en bois.<\/li>\n<li>Marquages \u200b\u200bde volume s\u00e9rigraphi\u00e9s \u2013 Ins\u00e9rez de petits marquages \u200b\u200b\u00e9l\u00e9gants des mesures (ex.\u00a0: 210\u00a0ml).<\/li>\n<li>Joint torique en silicone \u2013 placez un joint torique en silicone de qualit\u00e9 alimentaire sur le bouchon pour assurer une meilleure \u00e9tanch\u00e9it\u00e9.<\/li>\n<\/ul>","protected":false},"excerpt":{"rendered":"<p>Petits bocaux en verre avec couvercles de diff\u00e9rentes tailles, fabriqu\u00e9s en verre borosilicate transparent et dot\u00e9s de couvercles en bois. Ces petits bocaux en verre sont personnalisables selon vos besoins de rangement.<\/p>","protected":false},"featured_media":4005,"template":"","meta":{"postBodyCss":"","postBodyMargin":[],"postBodyPadding":[],"postBodyBackground":{"backgroundType":"classic","gradient":""}},"product_brand":[],"product_cat":[15,17,61],"product_tag":[],"class_list":{"0":"post-4003","1":"product","2":"type-product","3":"status-publish","4":"has-post-thumbnail","6":"product_cat-glass-containers","7":"product_cat-glass-jars","8":"product_cat-glass-jars-with-lids","10":"first","11":"instock","12":"shipping-taxable","13":"product-type-simple"},"jetpack_sharing_enabled":true,"_links":{"self":[{"href":"https:\/\/minghanggroup.com\/fr\/wp-json\/wp\/v2\/product\/4003","targetHints":{"allow":["GET"]}}],"collection":[{"href":"https:\/\/minghanggroup.com\/fr\/wp-json\/wp\/v2\/product"}],"about":[{"href":"https:\/\/minghanggroup.com\/fr\/wp-json\/wp\/v2\/types\/product"}],"wp:featuredmedia":[{"embeddable":true,"href":"https:\/\/minghanggroup.com\/fr\/wp-json\/wp\/v2\/media\/4005"}],"wp:attachment":[{"href":"https:\/\/minghanggroup.com\/fr\/wp-json\/wp\/v2\/media?parent=4003"}],"wp:term":[{"taxonomy":"product_brand","embeddable":true,"href":"https:\/\/minghanggroup.com\/fr\/wp-json\/wp\/v2\/product_brand?post=4003"},{"taxonomy":"product_cat","embeddable":true,"href":"https:\/\/minghanggroup.com\/fr\/wp-json\/wp\/v2\/product_cat?post=4003"},{"taxonomy":"product_tag","embeddable":true,"href":"https:\/\/minghanggroup.com\/fr\/wp-json\/wp\/v2\/product_tag?post=4003"}],"curies":[{"name":"wp","href":"https:\/\/api.w.org\/{rel}","templated":true}]}}