{"id":3993,"date":"2025-12-23T11:02:09","date_gmt":"2025-12-23T03:02:09","guid":{"rendered":"https:\/\/minghanggroup.com\/?post_type=product&#038;p=3993"},"modified":"2026-01-20T13:36:28","modified_gmt":"2026-01-20T05:36:28","slug":"empty-glass-jars-with-lids-bulk","status":"publish","type":"product","link":"https:\/\/minghanggroup.com\/fr\/produit\/empty-glass-jars-with-lids-bulk\/","title":{"rendered":"Bocaux en verre vides avec couvercles, en gros, 16 oz, 25 oz et 32 \u200b\u200boz"},"content":{"rendered":"<p>Ces bocaux en verre de 950 ml (32 oz) avec couvercles sont fabriqu\u00e9s en verre borosilicate tr\u00e8s transparent, r\u00e9sistant et d&#039;aspect professionnel. Le couvercle plat et clair, color\u00e9 et recouvert de bambou assorti au bocal, assure une fermeture herm\u00e9tique tout en apportant une touche naturelle.<\/p>\n<h2>Caract\u00e9ristiques du produit<\/h2>\n<ul>\n<li><strong>Verre borosilicat\u00e9 de haute qualit\u00e9 :<\/strong> Il est insensible aux variations de temp\u00e9rature, inodore et r\u00e9sistant.<\/li>\n<li><strong>Couvercle de fermeture en bois clair :<\/strong> Le couvercle est orn\u00e9 d&#039;un motif en bambou, ce qui assure une bonne \u00e9tanch\u00e9it\u00e9 et lui conf\u00e8re une apparence \u00e9pur\u00e9e et moderne.<\/li>\n<li><strong>Corps du pot transparent :<\/strong> Le bocal en verre enti\u00e8rement transparent permet de voir son contenu et ainsi d&#039;identifier facilement ce qu&#039;il renferme sans avoir \u00e0 ouvrir le couvercle.<\/li>\n<\/ul>\n<h2 style=\"text-align: left;\">Caract\u00e9ristiques principales<\/h2>\n<table class=\"aligncenter\" style=\"border-collapse: collapse; width: 450.77pt;\" border=\"0\" width=\"601\" cellspacing=\"0\" cellpadding=\"0\">\n<tbody>\n<tr style=\"height: 13.50pt;\">\n<td style=\"height: 13.50pt; width: 107.25pt;\" width=\"143\" height=\"18\">Sp\u00e9cification<\/td>\n<td style=\"width: 343.50pt;\" width=\"458\">D\u00e9tails<\/td>\n<\/tr>\n<tr style=\"height: 13.50pt;\">\n<td style=\"height: 13.50pt;\" height=\"18\">Capacit\u00e9<\/td>\n<td>500 ml (16 oz) \/ 750 ml (25 oz) \/ 1000 ml (32 oz)<\/td>\n<\/tr>\n<tr style=\"height: 13.50pt;\">\n<td style=\"height: 13.50pt;\" height=\"18\">Dimensions<\/td>\n<td>9\u00d710cm \/ 9\u00d715cm \/ 9\u00d720cm<\/td>\n<\/tr>\n<tr style=\"height: 13.50pt;\">\n<td style=\"height: 13.50pt;\" height=\"18\">Mat\u00e9riel<\/td>\n<td>Verre borosilicat\u00e9 \u00e0 haute teneur en verre<\/td>\n<\/tr>\n<tr style=\"height: 13.50pt;\">\n<td style=\"height: 13.50pt;\" height=\"18\">Type de couvercle<\/td>\n<td>Couvercle plat couleur bois clair (texture bambou)<\/td>\n<\/tr>\n<tr style=\"height: 13.50pt;\">\n<td style=\"height: 13.50pt;\" height=\"18\">Diam\u00e8tre du couvercle<\/td>\n<td>90 mm (Uniforme)<\/td>\n<\/tr>\n<tr style=\"height: 13.50pt;\">\n<td style=\"height: 13.50pt;\" height=\"18\">Caract\u00e9ristique du mat\u00e9riau<\/td>\n<td>R\u00e9sistant \u00e0 la chaleur et aux produits chimiques, haute clart\u00e9<\/td>\n<\/tr>\n<tr style=\"height: 13.50pt;\">\n<td style=\"height: 13.50pt;\" height=\"18\">Id\u00e9al pour<\/td>\n<td>Bocaux en verre avec couvercles en vrac, bocaux en verre vides avec couvercles en bois<\/td>\n<\/tr>\n<\/tbody>\n<\/table>\n<h2>T\u00e9moignage de r\u00e9ussite\u00a0: Norme d\u2019emballage en gros pour les torr\u00e9facteurs de caf\u00e9<\/h2>\n<p>Un torr\u00e9facteur en pleine expansion a choisi nos bocaux de 900 ml comme emballage principal pour ses grains de caf\u00e9. La grande r\u00e9sistance du verre borosilicate a permis de r\u00e9duire de 80 % le taux de casse lors du transport et de la manipulation par les clients. Le couvercle \u00e0 motif bambou offre une protection efficace qui pr\u00e9serve la fra\u00eecheur et le croquant des noix pendant plusieurs mois, r\u00e9duisant ainsi le gaspillage de 55 %. La boulangerie a ensuite command\u00e9 150\u00a0000 bocaux suppl\u00e9mentaires afin de g\u00e9n\u00e9raliser ce type d&#039;emballage \u00e0 ses autres points de vente.<\/p>\n<h2>Suggestions de personnalisation pour les bocaux en verre avec couvercles en vrac<\/h2>\n<ul>\n<li>Couvercles en bambou de qualit\u00e9 alimentaire\u00a0: Rendez votre couvercle textur\u00e9 en bambou plus attrayant et authentique en le transformant en un v\u00e9ritable couvercle en bambou de qualit\u00e9 alimentaire.<\/li>\n<li>Marquage \u00e0 chaud sur le couvercle\u00a0: Apposez un marquage \u00e0 chaud de votre logo\/motif au centre du couvercle.<\/li>\n<li>\u00c9tiquettes de capacit\u00e9 s\u00e9rigraphi\u00e9es\u00a0: Ins\u00e9rer des lignes de remplissage permanentes en unit\u00e9s m\u00e9triques et imp\u00e9riales.<\/li>\n<li>Couleur individuelle du couvercle\u00a0: Choisissez la finition pr\u00e9cise du grain du bois.<\/li>\n<\/ul>","protected":false},"excerpt":{"rendered":"<p>Bocaux en verre de qualit\u00e9 sup\u00e9rieure avec couvercles, disponibles en gros. Nos bocaux de 950 ml et autres formats sont r\u00e9sistants et herm\u00e9tiques. Id\u00e9aux pour les achats en gros. Livraison rapide.<\/p>","protected":false},"featured_media":4000,"template":"","meta":{"postBodyCss":"","postBodyMargin":[],"postBodyPadding":[],"postBodyBackground":{"backgroundType":"classic","gradient":""}},"product_brand":[],"product_cat":[15,17,61],"product_tag":[68,67,70,69],"class_list":{"0":"post-3993","1":"product","2":"type-product","3":"status-publish","4":"has-post-thumbnail","6":"product_cat-glass-containers","7":"product_cat-glass-jars","8":"product_cat-glass-jars-with-lids","9":"product_tag-borosilicate-glass-jars","10":"product_tag-candy-jars","11":"product_tag-seasoning-jars","12":"product_tag-storage-jars","14":"first","15":"instock","16":"shipping-taxable","17":"product-type-simple"},"jetpack_sharing_enabled":true,"_links":{"self":[{"href":"https:\/\/minghanggroup.com\/fr\/wp-json\/wp\/v2\/product\/3993","targetHints":{"allow":["GET"]}}],"collection":[{"href":"https:\/\/minghanggroup.com\/fr\/wp-json\/wp\/v2\/product"}],"about":[{"href":"https:\/\/minghanggroup.com\/fr\/wp-json\/wp\/v2\/types\/product"}],"wp:featuredmedia":[{"embeddable":true,"href":"https:\/\/minghanggroup.com\/fr\/wp-json\/wp\/v2\/media\/4000"}],"wp:attachment":[{"href":"https:\/\/minghanggroup.com\/fr\/wp-json\/wp\/v2\/media?parent=3993"}],"wp:term":[{"taxonomy":"product_brand","embeddable":true,"href":"https:\/\/minghanggroup.com\/fr\/wp-json\/wp\/v2\/product_brand?post=3993"},{"taxonomy":"product_cat","embeddable":true,"href":"https:\/\/minghanggroup.com\/fr\/wp-json\/wp\/v2\/product_cat?post=3993"},{"taxonomy":"product_tag","embeddable":true,"href":"https:\/\/minghanggroup.com\/fr\/wp-json\/wp\/v2\/product_tag?post=3993"}],"curies":[{"name":"wp","href":"https:\/\/api.w.org\/{rel}","templated":true}]}}