{"id":3992,"date":"2025-12-23T11:19:05","date_gmt":"2025-12-23T03:19:05","guid":{"rendered":"https:\/\/minghanggroup.com\/?post_type=product&#038;p=3992"},"modified":"2025-12-23T17:10:05","modified_gmt":"2025-12-23T09:10:05","slug":"high-borosilicate-glass-jars-with-lids-wholesale","status":"publish","type":"product","link":"https:\/\/minghanggroup.com\/fr\/produit\/high-borosilicate-glass-jars-with-lids-wholesale\/","title":{"rendered":"Bocaux en verre borosilicate haute r\u00e9sistance de 600 ml, 1000 ml et 1350 ml avec couvercles, vente en gros pour produits secs"},"content":{"rendered":"<p>Vous m\u00e9ritez un emballage haut de gamme qui pr\u00e9serve la fra\u00eecheur de vos produits et valorise votre marque. Nous produisons en gros des bocaux en verre avec couvercles, con\u00e7us pour un succ\u00e8s garanti\u00a0: chaque bocal contribue \u00e0 sublimer l\u2019histoire de votre produit.<\/p>\n<h2>Caract\u00e9ristiques du produit<\/h2>\n<ol>\n<li><strong>Conception du couvercle en acier inoxydable\u00a0:<\/strong>Les couvercles en acier inoxydable, fabriqu\u00e9s \u00e0 partir de mat\u00e9riaux de haute qualit\u00e9, assurent non seulement une \u00e9tanch\u00e9it\u00e9 parfaite, mais permettent \u00e9galement de conserver la fra\u00eecheur des aliments stock\u00e9s pendant longtemps, emp\u00eachant ainsi la p\u00e9n\u00e9tration d&#039;humidit\u00e9 et d&#039;oxyg\u00e8ne.<\/li>\n<li><strong>Facile \u00e0 nettoyer :<\/strong>Les bocaux de conservation en verre en vrac sont tr\u00e8s faciles \u00e0 nettoyer, n&#039;absorbent pas les odeurs et ne changent pas de couleur, conviennent \u00e0 une utilisation \u00e0 long terme et, en m\u00eame temps, ils garantissent l&#039;hygi\u00e8ne et la s\u00e9curit\u00e9 du stockage des aliments.<\/li>\n<li><strong>Multifonctionnel :<\/strong>En plus d&#039;\u00eatre excellentes pour conserver les fruits secs, les \u00e9pices et le th\u00e9, elles peuvent \u00e9galement servir \u00e0 ranger des objets artisanaux, des petits objets, etc., ce qui leur conf\u00e8re une vaste gamme d&#039;applications.<\/li>\n<\/ol>\n<h2>Caract\u00e9ristiques principales<\/h2>\n<table style=\"border-collapse: collapse; width: 80%; margin-left: auto; margin-right: auto;\" border=\"0\" width=\"288\" cellspacing=\"0\" cellpadding=\"0\">\n<tbody>\n<tr style=\"height: 13.50pt;\">\n<td style=\"height: 13.5pt; width: 54pt; text-align: center;\" width=\"72\" height=\"18\">Capacit\u00e9 (ml)<\/td>\n<td style=\"width: 54pt; text-align: center;\" width=\"72\">Taille (cm)<\/td>\n<td style=\"width: 54pt; text-align: center;\" width=\"72\">Mat\u00e9riel<\/td>\n<td style=\"width: 54pt; text-align: center;\" width=\"72\">Caract\u00e9ristiques<\/td>\n<\/tr>\n<tr style=\"height: 13.50pt;\">\n<td style=\"height: 13.5pt; text-align: center;\" height=\"18\">600<\/td>\n<td style=\"text-align: center;\">9.8 * 10.0<\/td>\n<td class=\"et2\" style=\"text-align: center;\" rowspan=\"3\">Verre borosilicat\u00e9<\/td>\n<td class=\"et2\" style=\"text-align: center;\" rowspan=\"3\">Couvercle en acier inoxydable \u00e0 c\u00f4t\u00e9s droits de 98 mm<\/td>\n<\/tr>\n<tr style=\"height: 13.50pt;\">\n<td style=\"height: 13.5pt; text-align: center;\" height=\"18\">1000<\/td>\n<td style=\"text-align: center;\">9.8 * 15.0<\/td>\n<\/tr>\n<tr style=\"height: 13.50pt;\">\n<td style=\"height: 13.5pt; text-align: center;\" height=\"18\">1350<\/td>\n<td style=\"text-align: center;\">9.8 * 20.0<\/td>\n<\/tr>\n<\/tbody>\n<\/table>\n<h2>Exemple de r\u00e9ussite\u00a0: la vente en gros de bocaux en verre<\/h2>\n<p>Une marque de produits biologiques haut de gamme a utilis\u00e9 ces bocaux en verre borosilicate en grande quantit\u00e9 pour conditionner et pr\u00e9senter sa nouvelle gamme de th\u00e9s et d&#039;\u00e9pices. Gr\u00e2ce \u00e0 un couvercle en acier inoxydable, la marque a non seulement obtenu une fermeture herm\u00e9tique, mais la transparence du verre a \u00e9galement permis d&#039;admirer la couleur et la texture des th\u00e9s et des \u00e9pices, attirant ainsi davantage de clients.<\/p>\n<p>Les ventes de th\u00e9 et d&#039;\u00e9pices de la marque ont augment\u00e9 de 25 % en six mois apr\u00e8s la refonte du produit.<\/p>\n<h2>Vos conseils de personnalisation<\/h2>\n<p>Lors de la personnalisation de ces bocaux en verre borosilicate en gros, il est fortement conseill\u00e9 de choisir les options de mani\u00e8re flexible, en fonction de votre march\u00e9 cible et de vos besoins de stockage. Un d\u00e9taillant ou un restaurateur peut envisager de modifier la capacit\u00e9 et la forme des bocaux pour les adapter aux caract\u00e9ristiques de ses produits. Les grands bocaux conviendront parfaitement aux aliments secs en vrac, aux c\u00e9r\u00e9ales ou aux grands pots d&#039;\u00e9pices, tandis que les petits bocaux seront id\u00e9aux pour les \u00e9pices, le th\u00e9 ou les petits emballages alimentaires. De plus, le choix du couvercle est primordial. Si vous souhaitez conserver la fra\u00eecheur des aliments pendant de longues heures, privil\u00e9giez un couvercle en acier inoxydable offrant une excellente \u00e9tanch\u00e9it\u00e9 afin de les prot\u00e9ger de l&#039;humidit\u00e9 et de l&#039;air.<\/p>\n<p>De plus, vous pouvez personnaliser le logo, les \u00e9tiquettes ou les motifs de votre marque pour accro\u00eetre la notori\u00e9t\u00e9 de vos produits et renforcer votre image de marque. Dans une cuisine, outre leur aspect fonctionnel, les finitions personnalis\u00e9es, comme le verre d\u00e9poli ou color\u00e9, apportent une touche d&#039;\u00e9l\u00e9gance et de modernit\u00e9.<\/p>","protected":false},"excerpt":{"rendered":"<p>Vente directe d&#039;usine de bocaux en verre borosilicate haute r\u00e9sistance avec couvercles, id\u00e9aux pour la conservation des produits secs et des \u00e9pices. Personnalisation possible des bocaux en verre en grande quantit\u00e9.<\/p>","protected":false},"featured_media":3994,"template":"","meta":{"postBodyCss":"","postBodyMargin":[],"postBodyPadding":[],"postBodyBackground":{"backgroundType":"classic","gradient":""}},"product_brand":[],"product_cat":[15,17,61],"product_tag":[],"class_list":{"0":"post-3992","1":"product","2":"type-product","3":"status-publish","4":"has-post-thumbnail","6":"product_cat-glass-containers","7":"product_cat-glass-jars","8":"product_cat-glass-jars-with-lids","10":"first","11":"instock","12":"shipping-taxable","13":"product-type-simple"},"jetpack_sharing_enabled":true,"_links":{"self":[{"href":"https:\/\/minghanggroup.com\/fr\/wp-json\/wp\/v2\/product\/3992","targetHints":{"allow":["GET"]}}],"collection":[{"href":"https:\/\/minghanggroup.com\/fr\/wp-json\/wp\/v2\/product"}],"about":[{"href":"https:\/\/minghanggroup.com\/fr\/wp-json\/wp\/v2\/types\/product"}],"wp:featuredmedia":[{"embeddable":true,"href":"https:\/\/minghanggroup.com\/fr\/wp-json\/wp\/v2\/media\/3994"}],"wp:attachment":[{"href":"https:\/\/minghanggroup.com\/fr\/wp-json\/wp\/v2\/media?parent=3992"}],"wp:term":[{"taxonomy":"product_brand","embeddable":true,"href":"https:\/\/minghanggroup.com\/fr\/wp-json\/wp\/v2\/product_brand?post=3992"},{"taxonomy":"product_cat","embeddable":true,"href":"https:\/\/minghanggroup.com\/fr\/wp-json\/wp\/v2\/product_cat?post=3992"},{"taxonomy":"product_tag","embeddable":true,"href":"https:\/\/minghanggroup.com\/fr\/wp-json\/wp\/v2\/product_tag?post=3992"}],"curies":[{"name":"wp","href":"https:\/\/api.w.org\/{rel}","templated":true}]}}