{"id":3986,"date":"2025-12-23T09:06:08","date_gmt":"2025-12-23T01:06:08","guid":{"rendered":"https:\/\/minghanggroup.com\/?post_type=product&#038;p=3986"},"modified":"2026-01-20T13:37:57","modified_gmt":"2026-01-20T05:37:57","slug":"big-glass-jars-with-wooden-lids-wholesale","status":"publish","type":"product","link":"https:\/\/minghanggroup.com\/fr\/produit\/big-glass-jars-with-wooden-lids-wholesale\/","title":{"rendered":"Bocaux en verre de 2750 ml avec couvercles en bois (vente en gros)"},"content":{"rendered":"<p>Ce sont des bocaux en verre de grande capacit\u00e9, \u00e9l\u00e9gants et munis de couvercles en verre borosilicate haute r\u00e9sistance. Les couvercles sont orn\u00e9s d&#039;un motif de grain de bois fonc\u00e9 tr\u00e8s textur\u00e9, et le verre transparent permet de voir clairement le contenu.<\/p>\n<h2>Caract\u00e9ristiques du produit<\/h2>\n<ul>\n<li><strong>Haute r\u00e9sistance aux chocs thermiques :<\/strong> Ces bocaux en verre sont tr\u00e8s r\u00e9sistants aux chocs thermiques et ne se briseront pas m\u00eame s&#039;ils sont directement sortis du cong\u00e9lateur et plac\u00e9s dans le four.<\/li>\n<li><strong>Scellage s\u00e9curis\u00e9\u00a0:<\/strong> Ce couvercle herm\u00e9tique permet de pr\u00e9server la fra\u00eecheur des aliments tout en emp\u00eachant l&#039;humidit\u00e9 de s&#039;\u00e9chapper.<\/li>\n<li><strong>Corps du pot transparent et visible\u00a0:<\/strong> Ce r\u00e9cipient est enti\u00e8rement en verre transparent, ce qui permet de voir facilement les aliments \u00e0 l&#039;int\u00e9rieur sans ouvrir le couvercle et facilite ainsi leur identification.<\/li>\n<\/ul>\n<h2 style=\"text-align: left;\">Caract\u00e9ristiques principales<\/h2>\n<table class=\"aligncenter\" style=\"border-collapse: collapse; width: 477.02pt;\" border=\"0\" width=\"636\" cellspacing=\"0\" cellpadding=\"0\">\n<tbody>\n<tr style=\"height: 13.50pt;\">\n<td style=\"height: 13.50pt; width: 107.25pt;\" width=\"143\" height=\"18\">Sp\u00e9cification<\/td>\n<td style=\"width: 369.75pt;\" width=\"493\">D\u00e9tails<\/td>\n<\/tr>\n<tr style=\"height: 13.50pt;\">\n<td style=\"height: 13.50pt;\" height=\"18\">Capacit\u00e9<\/td>\n<td>2750 ml (2,75 L)<\/td>\n<\/tr>\n<tr style=\"height: 13.50pt;\">\n<td style=\"height: 13.50pt;\" height=\"18\">Dimensions<\/td>\n<td>14\u00d729,5cm<\/td>\n<\/tr>\n<tr style=\"height: 13.50pt;\">\n<td style=\"height: 13.50pt;\" height=\"18\">Mat\u00e9riel<\/td>\n<td>Verre borosilicat\u00e9 \u00e0 haute teneur en verre<\/td>\n<\/tr>\n<tr style=\"height: 13.50pt;\">\n<td style=\"height: 13.50pt;\" height=\"18\">Type de couvercle<\/td>\n<td>Couvercle plat \u00e0 grain de bois profond<\/td>\n<\/tr>\n<tr style=\"height: 13.50pt;\">\n<td style=\"height: 13.50pt;\" height=\"18\">Diam\u00e8tre du couvercle<\/td>\n<td>110 mm (diam\u00e8tre de la base)<\/td>\n<\/tr>\n<tr style=\"height: 13.50pt;\">\n<td style=\"height: 13.50pt;\" height=\"18\">Caract\u00e9ristique du mat\u00e9riau<\/td>\n<td>Haute r\u00e9sistance thermique et chimique, clart\u00e9 sup\u00e9rieure, durabilit\u00e9<\/td>\n<\/tr>\n<tr style=\"height: 13.50pt;\">\n<td style=\"height: 13.50pt;\" height=\"18\">Id\u00e9al pour<\/td>\n<td>Grands bocaux en verre avec couvercles, bocaux en verre de grande taille en vrac<\/td>\n<\/tr>\n<\/tbody>\n<\/table>\n<h2>Histoire \u00e0 succ\u00e8s<\/h2>\n<p>Un fournisseur am\u00e9ricain de produits alimentaires sp\u00e9cialis\u00e9s devait trouver des bocaux en verre de qualit\u00e9 avec couvercles en bois pour sa nouvelle gamme de th\u00e9s et de c\u00e9r\u00e9ales. Le r\u00e9sultat\u00a0? Ces bocaux en verre r\u00e9sistent aux variations de temp\u00e9rature sup\u00e9rieures \u00e0 1\u00a0500\u00a0\u00b0C\u00a0; leur transparence parfaite a consid\u00e9rablement boost\u00e9 les ventes\u00a0; leur excellente \u00e9tanch\u00e9it\u00e9, test\u00e9e jusqu\u2019\u00e0 40\u00a0fois la dur\u00e9e de conservation des produits, a pleinement satisfait les clients et a g\u00e9n\u00e9r\u00e9 une nouvelle commande de 200\u00a0000\u00a0bocaux.<\/p>\n<h2>Recommandations d&#039;adaptation pour les grands bocaux en verre avec couvercles<\/h2>\n<ul>\n<li>Personnalisation du couvercle : Choisissez parmi diff\u00e9rents couvercles en bois (par exemple ch\u00eane clair ou noyer).<\/li>\n<li>Choix de la capacit\u00e9\u00a0: Besoin d\u2019autres capacit\u00e9s\u00a0? Nous pouvons modifier la capacit\u00e9 sans alt\u00e9rer les proportions harmonieuses du bocal.<\/li>\n<li>Teinture du verre\u00a0: Ajout de tr\u00e8s l\u00e9g\u00e8res couleurs (par exemple ambre ou bleu) aux pots, pour assurer une protection contre les UV ou pour fournir une couleur exclusive \u00e0 la marque.<\/li>\n<li>Texture de surface : Le corps du pot pr\u00e9sente un traitement \u00e0 l&#039;acide sur certaines parties, ce qui cr\u00e9e une texture givr\u00e9e et am\u00e9liore la prise en main.<\/li>\n<li>Am\u00e9lioration sp\u00e9ciale de l&#039;\u00e9tanch\u00e9it\u00e9\u00a0: ajout d&#039;un dessiccant int\u00e9gr\u00e9 ou d&#039;une valve de scellage sous vide au couvercle pour une fra\u00eecheur ultra-longue dur\u00e9e.<\/li>\n<\/ul>","protected":false},"excerpt":{"rendered":"<p>D\u00e9couvrez nos grands bocaux en verre haut de gamme avec couvercles. Ces bocaux de 2,75 L avec couvercles en bois sont r\u00e9sistants et herm\u00e9tiques. Id\u00e9aux pour le stockage en vrac. \u00c9chantillon gratuit.<\/p>","protected":false},"featured_media":3988,"template":"","meta":{"postBodyCss":"","postBodyMargin":[],"postBodyPadding":[],"postBodyBackground":{"backgroundType":"classic","gradient":""}},"product_brand":[],"product_cat":[15,17,61],"product_tag":[68,67,69],"class_list":{"0":"post-3986","1":"product","2":"type-product","3":"status-publish","4":"has-post-thumbnail","6":"product_cat-glass-containers","7":"product_cat-glass-jars","8":"product_cat-glass-jars-with-lids","9":"product_tag-borosilicate-glass-jars","10":"product_tag-candy-jars","11":"product_tag-storage-jars","13":"first","14":"instock","15":"shipping-taxable","16":"product-type-simple"},"jetpack_sharing_enabled":true,"_links":{"self":[{"href":"https:\/\/minghanggroup.com\/fr\/wp-json\/wp\/v2\/product\/3986","targetHints":{"allow":["GET"]}}],"collection":[{"href":"https:\/\/minghanggroup.com\/fr\/wp-json\/wp\/v2\/product"}],"about":[{"href":"https:\/\/minghanggroup.com\/fr\/wp-json\/wp\/v2\/types\/product"}],"wp:featuredmedia":[{"embeddable":true,"href":"https:\/\/minghanggroup.com\/fr\/wp-json\/wp\/v2\/media\/3988"}],"wp:attachment":[{"href":"https:\/\/minghanggroup.com\/fr\/wp-json\/wp\/v2\/media?parent=3986"}],"wp:term":[{"taxonomy":"product_brand","embeddable":true,"href":"https:\/\/minghanggroup.com\/fr\/wp-json\/wp\/v2\/product_brand?post=3986"},{"taxonomy":"product_cat","embeddable":true,"href":"https:\/\/minghanggroup.com\/fr\/wp-json\/wp\/v2\/product_cat?post=3986"},{"taxonomy":"product_tag","embeddable":true,"href":"https:\/\/minghanggroup.com\/fr\/wp-json\/wp\/v2\/product_tag?post=3986"}],"curies":[{"name":"wp","href":"https:\/\/api.w.org\/{rel}","templated":true}]}}