{"id":3977,"date":"2025-12-22T17:09:26","date_gmt":"2025-12-22T09:09:26","guid":{"rendered":"https:\/\/minghanggroup.com\/?post_type=product&#038;p=3977"},"modified":"2026-01-20T13:38:40","modified_gmt":"2026-01-20T05:38:40","slug":"high-borosilicate-glass-storage-jars-with-lids-for-snacks-bulk","status":"publish","type":"product","link":"https:\/\/minghanggroup.com\/fr\/produit\/high-borosilicate-glass-storage-jars-with-lids-for-snacks-bulk\/","title":{"rendered":"Bocaux de conservation en verre borosilicate haute densit\u00e9, 550 ml \u00e0 1950 ml, avec couvercles, pour la conservation des en-cas en vrac."},"content":{"rendered":"<p>Vous m\u00e9ritez un emballage qui pr\u00e9serve la fra\u00eecheur de vos produits et valorise votre marque. Nous fabriquons des bocaux en verre avec couvercles, parfaits pour la cuisine. Leur large ouverture permet de mettre en valeur vos produits et de raconter l&#039;histoire de votre marque. Votre marque est essentielle, et ces grands bocaux en verre avec couvercles sont l\u00e0 pour la faire rayonner.<\/p>\n<h2>Caract\u00e9ristiques du produit<\/h2>\n<ol>\n<li><strong>Conception \u00e0 visibilit\u00e9 optimale\u00a0:<\/strong>Gr\u00e2ce \u00e0 leur verre borosilicate transparent, vous pouvez voir le contenu de vos bocaux de cuisine. Ainsi, il est tr\u00e8s facile de savoir ce que contiennent vos bocaux \u00e0 large ouverture. Plus besoin de vous demander ce qu&#039;il y a dans vos bocaux : le verre borosilicate transparent vous permet de voir instantan\u00e9ment leur contenu.<\/li>\n<li><strong>Joint de couvercle en bois :<\/strong>Le couvercle en bois fourni avec ce r\u00e9cipient est muni d&#039;un joint. Ce joint assure une fermeture herm\u00e9tique, garantissant ainsi la fra\u00eecheur des aliments qui y sont rang\u00e9s. Ce r\u00e9cipient est id\u00e9al pour stocker de grandes quantit\u00e9s d&#039;articles. Le couvercle en bois avec joint est donc essentiel pour pr\u00e9server la fra\u00eecheur de vos aliments.<\/li>\n<li><strong>Rangement polyvalent\u00a0:<\/strong>Ces bocaux en verre \u00e0 parois droites peuvent contenir toutes sortes de choses, du miel et du sirop aux herbes et aux produits secs \u2013 ils sont parfaits pour la cuisine.<\/li>\n<\/ol>\n<h2>Caract\u00e9ristiques principales<\/h2>\n<table style=\"border-collapse: collapse; width: 80%; margin-left: auto; margin-right: auto;\" border=\"0\" width=\"288\" cellspacing=\"0\" cellpadding=\"0\">\n<tbody>\n<tr style=\"height: 13.50pt;\">\n<td style=\"height: 13.5pt; width: 54pt; text-align: center;\" width=\"72\" height=\"18\">Capacit\u00e9 (ml)<\/td>\n<td style=\"width: 54pt; text-align: center;\" width=\"72\">Taille (cm)<\/td>\n<td style=\"width: 54pt; text-align: center;\" width=\"72\">Mat\u00e9riel<\/td>\n<td style=\"width: 54pt; text-align: center;\" width=\"72\">Caract\u00e9ristiques<\/td>\n<\/tr>\n<tr style=\"height: 13.50pt;\">\n<td style=\"height: 13.5pt; text-align: center;\" align=\"right\" height=\"18\">550<\/td>\n<td style=\"text-align: center;\">10.0 * 10.0<\/td>\n<td class=\"et2\" style=\"text-align: center;\" rowspan=\"6\">Verre borosilicat\u00e9<\/td>\n<td class=\"et2\" style=\"text-align: center;\" rowspan=\"6\">Couvercle en bois \u00e0 c\u00f4t\u00e9s droits, de 100 mm<\/td>\n<\/tr>\n<tr style=\"height: 13.50pt;\">\n<td style=\"height: 13.5pt; text-align: center;\" align=\"right\" height=\"18\">660<\/td>\n<td style=\"text-align: center;\">10.0 * 12.0<\/td>\n<\/tr>\n<tr style=\"height: 13.50pt;\">\n<td style=\"height: 13.5pt; text-align: center;\" align=\"right\" height=\"18\">900<\/td>\n<td style=\"text-align: center;\">10.0 * 15.0<\/td>\n<\/tr>\n<tr style=\"height: 13.50pt;\">\n<td style=\"height: 13.5pt; text-align: center;\" align=\"right\" height=\"18\">1250<\/td>\n<td style=\"text-align: center;\">10.0 * 20.0<\/td>\n<\/tr>\n<tr style=\"height: 13.50pt;\">\n<td style=\"height: 13.5pt; text-align: center;\" align=\"right\" height=\"18\">1500<\/td>\n<td style=\"text-align: center;\">10.0 * 23.0<\/td>\n<\/tr>\n<tr style=\"height: 13.50pt;\">\n<td style=\"height: 13.5pt; text-align: center;\" align=\"right\" height=\"18\">1950<\/td>\n<td style=\"text-align: center;\">10.0 * 28.0<\/td>\n<\/tr>\n<\/tbody>\n<\/table>\n<h2>Cas de r\u00e9ussite<\/h2>\n<p>Ce grand magasin a choisi ces bocaux en verre pour embellir son rayon alimentaire. Ils y conservent des en-cas, des bonbons et des p\u00e2tes. Ces bocaux sont pratiques car ils sont faciles \u00e0 remplir et permettent de bien voir le contenu. Gr\u00e2ce \u00e0 la transparence du verre, chacun peut voir ce qu&#039;il ach\u00e8te. De plus, leurs couvercles assurent une bonne conservation.<\/p>\n<p>Le magasin utilise ces bocaux pour conserver les en-cas, les bonbons, les p\u00e2tes et autres produits secs. Transparents, ils permettent aux clients de voir clairement le contenu et d&#039;avoir envie de les acheter. Munis de couvercles et de fermetures m\u00e9talliques, ils pr\u00e9servent la fra\u00eecheur des aliments.<\/p>\n<p>Quatre mois apr\u00e8s la mise en \u0153uvre de cette am\u00e9lioration, le d\u00e9taillant a constat\u00e9 une augmentation de 15 % de ses ventes de produits secs et de collations, cette nouvelle pr\u00e9sentation des produits, plus attrayante, \u00e9tant particuli\u00e8rement appr\u00e9ci\u00e9e des jeunes consommateurs.<\/p>\n<h2>Vos conseils de personnalisation<\/h2>\n<p>Lors du choix de vos bo\u00eetes de conservation en verre borosilicate, adaptez leur taille et leur apparence \u00e0 vos besoins. Pour stocker une grande quantit\u00e9 d&#039;aliments secs ou des objets volumineux, optez pour un bocal de grande capacit\u00e9 et \u00e0 large ouverture afin de faciliter le remplissage. Les petits bocaux conviennent mieux aux petits objets ou aux produits n\u00e9cessitant une pr\u00e9sentation soign\u00e9e. L&#039;\u00e9tanch\u00e9it\u00e9 \u00e9tant primordiale, privil\u00e9giez les mod\u00e8les avec des clips m\u00e9talliques et des couvercles en bois qui garantissent une fermeture herm\u00e9tique tout en apportant une touche d&#039;authenticit\u00e9 et de naturel. C\u00f4t\u00e9 design, vous pouvez personnaliser les couvercles en bois avec diff\u00e9rents coloris et styles, en accord avec votre image de marque, et ajouter des logos ou des motifs personnalis\u00e9s pour renforcer la notori\u00e9t\u00e9 de votre marque et adapter les bo\u00eetes \u00e0 diff\u00e9rents points de vente.<\/p>","protected":false},"excerpt":{"rendered":"<p>Vente directe d&#039;usine de bocaux de conservation en verre avec couvercle et large ouverture, parfaits pour les en-cas et les produits secs. \u00c9chantillons gratuits et personnalisation pour les commandes en gros disponibles.<\/p>","protected":false},"featured_media":3985,"template":"","meta":{"postBodyCss":"","postBodyMargin":[],"postBodyPadding":[],"postBodyBackground":{"backgroundType":"classic","gradient":""}},"product_brand":[],"product_cat":[15,17,61],"product_tag":[68,67,70,69],"class_list":{"0":"post-3977","1":"product","2":"type-product","3":"status-publish","4":"has-post-thumbnail","6":"product_cat-glass-containers","7":"product_cat-glass-jars","8":"product_cat-glass-jars-with-lids","9":"product_tag-borosilicate-glass-jars","10":"product_tag-candy-jars","11":"product_tag-seasoning-jars","12":"product_tag-storage-jars","14":"first","15":"instock","16":"shipping-taxable","17":"product-type-simple"},"jetpack_sharing_enabled":true,"_links":{"self":[{"href":"https:\/\/minghanggroup.com\/fr\/wp-json\/wp\/v2\/product\/3977","targetHints":{"allow":["GET"]}}],"collection":[{"href":"https:\/\/minghanggroup.com\/fr\/wp-json\/wp\/v2\/product"}],"about":[{"href":"https:\/\/minghanggroup.com\/fr\/wp-json\/wp\/v2\/types\/product"}],"wp:featuredmedia":[{"embeddable":true,"href":"https:\/\/minghanggroup.com\/fr\/wp-json\/wp\/v2\/media\/3985"}],"wp:attachment":[{"href":"https:\/\/minghanggroup.com\/fr\/wp-json\/wp\/v2\/media?parent=3977"}],"wp:term":[{"taxonomy":"product_brand","embeddable":true,"href":"https:\/\/minghanggroup.com\/fr\/wp-json\/wp\/v2\/product_brand?post=3977"},{"taxonomy":"product_cat","embeddable":true,"href":"https:\/\/minghanggroup.com\/fr\/wp-json\/wp\/v2\/product_cat?post=3977"},{"taxonomy":"product_tag","embeddable":true,"href":"https:\/\/minghanggroup.com\/fr\/wp-json\/wp\/v2\/product_tag?post=3977"}],"curies":[{"name":"wp","href":"https:\/\/api.w.org\/{rel}","templated":true}]}}