{"id":3976,"date":"2025-12-22T16:11:06","date_gmt":"2025-12-22T08:11:06","guid":{"rendered":"https:\/\/minghanggroup.com\/?post_type=product&#038;p=3976"},"modified":"2026-01-20T13:38:59","modified_gmt":"2026-01-20T05:38:59","slug":"clear-large-glass-jars-with-lids-bulk","status":"publish","type":"product","link":"https:\/\/minghanggroup.com\/fr\/produit\/clear-large-glass-jars-with-lids-bulk\/","title":{"rendered":"Bocaux en verre transparents de grande taille (1250 ml et 1950 ml) avec couvercles, en vrac"},"content":{"rendered":"<p>Ces grands bocaux en verre, munis de couvercles et offrant une grande capacit\u00e9 de stockage, sont fabriqu\u00e9s en verre borosilicate de haute qualit\u00e9, transparent et r\u00e9sistant, permettant de voir facilement leur contenu. Le couvercle plat \u00e0 l&#039;aspect bois fonc\u00e9 assure une meilleure \u00e9tanch\u00e9it\u00e9 et apporte une touche chaleureuse naturelle.<\/p>\n<h2>Caract\u00e9ristiques du produit<\/h2>\n<ul>\n<li><strong>Deux tailles :<\/strong> Deux tailles sont propos\u00e9es, bas\u00e9es sur des exigences de capacit\u00e9 diff\u00e9rentes, offrant ainsi une plus grande flexibilit\u00e9 de stockage.<\/li>\n<li><strong>Les avantages du verre borosilicat\u00e9 \u00e0 haute teneur\u00a0:<\/strong> Il pr\u00e9sente une grande r\u00e9sistance aux variations de temp\u00e9rature, ainsi qu&#039;aux odeurs et \u00e0 la duret\u00e9, et il est fabriqu\u00e9 en verre borosilicat\u00e9 de haute qualit\u00e9.<\/li>\n<li><strong>Couvercle \u00e0 motif bois fonc\u00e9 :<\/strong> Le couvercle plat en bois poss\u00e8de une texture riche qui allie \u00e9tanch\u00e9it\u00e9 et esth\u00e9tique, et s&#039;ouvre et se ferme facilement.<\/li>\n<\/ul>\n<h2 style=\"text-align: left;\">Caract\u00e9ristiques principales<\/h2>\n<table class=\"aligncenter\" style=\"border-collapse: collapse; width: 485.27pt;\" border=\"0\" width=\"647\" cellspacing=\"0\" cellpadding=\"0\">\n<tbody>\n<tr style=\"height: 13.50pt;\">\n<td style=\"height: 13.50pt; width: 107.25pt;\" width=\"143\" height=\"18\">Sp\u00e9cification<\/td>\n<td style=\"width: 378.00pt;\" width=\"504\">D\u00e9tails<\/td>\n<\/tr>\n<tr style=\"height: 13.50pt;\">\n<td style=\"height: 13.50pt;\" height=\"18\">Capacit\u00e9 et taille<\/td>\n<td>1250ml: 11.5\u00d716cm; 1950ml: 13\u00d719.5cm<\/td>\n<\/tr>\n<tr style=\"height: 13.50pt;\">\n<td style=\"height: 13.50pt;\" height=\"18\">Mat\u00e9riel<\/td>\n<td>Verre borosilicat\u00e9 \u00e0 haute teneur en verre<\/td>\n<\/tr>\n<tr style=\"height: 13.50pt;\">\n<td style=\"height: 13.50pt;\" height=\"18\">Type de couvercle<\/td>\n<td>Couvercle plat \u00e0 grain de bois profond<\/td>\n<\/tr>\n<tr style=\"height: 13.50pt;\">\n<td style=\"height: 13.50pt;\" height=\"18\">Diam\u00e8tre du couvercle<\/td>\n<td>90 mm (Diam\u00e8tre de base uniforme)<\/td>\n<\/tr>\n<tr style=\"height: 13.50pt;\">\n<td style=\"height: 13.50pt;\" height=\"18\">Caract\u00e9ristique du mat\u00e9riau<\/td>\n<td>Haute r\u00e9sistance thermique et chimique, clart\u00e9 sup\u00e9rieure, durabilit\u00e9<\/td>\n<\/tr>\n<tr style=\"height: 13.50pt;\">\n<td style=\"height: 13.50pt;\" height=\"18\">Id\u00e9al pour<\/td>\n<td>Bocaux en verre de grande taille avec couvercles, vente en gros<\/td>\n<\/tr>\n<\/tbody>\n<\/table>\n<h2>T\u00e9moignage de r\u00e9ussite : Solution d&#039;approvisionnement en ingr\u00e9dients en vrac pour une boulangerie<\/h2>\n<p>Nos grands bocaux en verre de 1950 ml avec couvercles ont \u00e9t\u00e9 utilis\u00e9s dans une boulangerie industrielle. Les bocaux d&#039;essai (en verre borosilicate) n&#039;ont pr\u00e9sent\u00e9 ni bu\u00e9e ni fissures lors des rin\u00e7ages quotidiens \u00e0 l&#039;eau chaude et au d\u00e9sinfectant, et ont conserv\u00e9 100 % de leur durabilit\u00e9 pendant 12 mois. Le couvercle herm\u00e9tique \u00e0 l&#039;aspect bois a efficacement prot\u00e9g\u00e9 les ingr\u00e9dients de l&#039;humidit\u00e9 et des insectes, minimisant ainsi la d\u00e9t\u00e9rioration d&#039;environ 70 %. Fort de ces excellentes performances, le client a command\u00e9 400\u00a0000 bocaux suppl\u00e9mentaires pour \u00e9quiper tous ses points de vente.<\/p>\n<h2>Grands bocaux en verre avec couvercles personnalisables<\/h2>\n<ul>\n<li>Personnalisation du couvercle \u2013 Cette option comprend le marquage \u00e0 chaud ou la gravure laser du logo de votre entreprise sur la surface du couvercle en bois.<\/li>\n<li>Marquages \u200b\u200bde capacit\u00e9 s\u00e9rigraphi\u00e9s\u00a0: les bocaux en verre comportent des marquages \u200b\u200bclairs et durables en tasses et en litres imprim\u00e9s dessus.<\/li>\n<li>Teinture personnalis\u00e9e \u00e0 effet bois \u2013 Choisissez la teinte de finition \u00e0 effet bois que vous souhaitez, allant de l&#039;\u00e9b\u00e8ne au ch\u00eane clair.<\/li>\n<li>Joint d&#039;\u00e9tanch\u00e9it\u00e9 en silicone am\u00e9lior\u00e9 \u2013 Les bouchons sont dot\u00e9s d&#039;un joint d&#039;\u00e9tanch\u00e9it\u00e9 en silicone de qualit\u00e9 alimentaire am\u00e9lior\u00e9, offrant une meilleure \u00e9tanch\u00e9it\u00e9.<\/li>\n<\/ul>\n<p>\u00cates-vous pr\u00eat \u00e0 optimiser le stockage de vos marchandises en vrac\u00a0? B\u00e9n\u00e9ficiez de tarifs de gros avantageux sur ces grands bocaux en verre avec couvercles, r\u00e9sistants et pratiques, d&#039;une grande capacit\u00e9.<\/p>","protected":false},"excerpt":{"rendered":"<p>Bocaux en verre de qualit\u00e9 sup\u00e9rieure, grands mod\u00e8les, avec couvercles, en verre borosilicate transparent, et couvercles plats en bois fonc\u00e9 pour une conservation optimale. Livraison rapide.<\/p>","protected":false},"featured_media":3981,"template":"","meta":{"postBodyCss":"","postBodyMargin":[],"postBodyPadding":[],"postBodyBackground":{"backgroundType":"classic","gradient":""}},"product_brand":[],"product_cat":[15,17,61],"product_tag":[68,67,70,69],"class_list":{"0":"post-3976","1":"product","2":"type-product","3":"status-publish","4":"has-post-thumbnail","6":"product_cat-glass-containers","7":"product_cat-glass-jars","8":"product_cat-glass-jars-with-lids","9":"product_tag-borosilicate-glass-jars","10":"product_tag-candy-jars","11":"product_tag-seasoning-jars","12":"product_tag-storage-jars","14":"first","15":"instock","16":"shipping-taxable","17":"product-type-simple"},"jetpack_sharing_enabled":true,"_links":{"self":[{"href":"https:\/\/minghanggroup.com\/fr\/wp-json\/wp\/v2\/product\/3976","targetHints":{"allow":["GET"]}}],"collection":[{"href":"https:\/\/minghanggroup.com\/fr\/wp-json\/wp\/v2\/product"}],"about":[{"href":"https:\/\/minghanggroup.com\/fr\/wp-json\/wp\/v2\/types\/product"}],"wp:featuredmedia":[{"embeddable":true,"href":"https:\/\/minghanggroup.com\/fr\/wp-json\/wp\/v2\/media\/3981"}],"wp:attachment":[{"href":"https:\/\/minghanggroup.com\/fr\/wp-json\/wp\/v2\/media?parent=3976"}],"wp:term":[{"taxonomy":"product_brand","embeddable":true,"href":"https:\/\/minghanggroup.com\/fr\/wp-json\/wp\/v2\/product_brand?post=3976"},{"taxonomy":"product_cat","embeddable":true,"href":"https:\/\/minghanggroup.com\/fr\/wp-json\/wp\/v2\/product_cat?post=3976"},{"taxonomy":"product_tag","embeddable":true,"href":"https:\/\/minghanggroup.com\/fr\/wp-json\/wp\/v2\/product_tag?post=3976"}],"curies":[{"name":"wp","href":"https:\/\/api.w.org\/{rel}","templated":true}]}}