{"id":3967,"date":"2025-12-22T14:16:32","date_gmt":"2025-12-22T06:16:32","guid":{"rendered":"https:\/\/minghanggroup.com\/?post_type=product&#038;p=3967"},"modified":"2026-03-02T15:24:18","modified_gmt":"2026-03-02T07:24:18","slug":"high-borosilicate-big-glass-jar-with-lids-bulk","status":"publish","type":"product","link":"https:\/\/minghanggroup.com\/fr\/produit\/high-borosilicate-big-glass-jar-with-lids-bulk\/","title":{"rendered":"Bocal en verre borosilicate haute densit\u00e9, grand format, 1360 ml ou 1800 ml, avec couvercles (vente en gros)"},"content":{"rendered":"<p>Vous m\u00e9ritez un emballage haut de gamme qui non seulement pr\u00e9serve la fra\u00eecheur de vos produits, mais met \u00e9galement votre marque en valeur. Nous cr\u00e9ons de grands bocaux en verre avec couvercle, \u00e0 la fois pratiques et indispensables en cuisine, o\u00f9 chaque contenant contribue \u00e0 raconter l&#039;histoire de vos produits.<\/p>\n<h2>Caract\u00e9ristiques du produit<\/h2>\n<ol>\n<li><strong>Conception \u00e0 visibilit\u00e9 optimale\u00a0:<\/strong>Gr\u00e2ce \u00e0 l&#039;utilisation d&#039;un verre borosilicate transparent tr\u00e8s r\u00e9sistant et \u00e0 la chaleur, vous pouvez voir d&#039;un coup d&#039;\u0153il ce qui se trouve \u00e0 l&#039;int\u00e9rieur, ce qui facilite grandement la pr\u00e9paration des bouillons et le rangement dans vos bocaux de cuisine.<\/li>\n<li><strong>Acc\u00e8s \u00e0 large ouverture :<\/strong>L&#039;ouverture de 120 mm de large vous permet de remplir, de nettoyer et d&#039;acc\u00e9der facilement au contenu de votre r\u00e9cipient de rangement quotidien.<\/li>\n<li><strong>Joint de couvercle en bois :<\/strong>Le couvercle en bois fourni avec l&#039;emballage, associ\u00e9 \u00e0 son joint, permet une fermeture herm\u00e9tique, pr\u00e9servant ainsi la fra\u00eecheur du contenu dans votre espace de stockage en vrac.<\/li>\n<li><strong>Rangement polyvalent\u00a0:<\/strong>Ces bocaux de cuisine en verre \u00e0 parois droites peuvent contenir toutes sortes d&#039;aliments, du miel et du sirop aux herbes et aux produits s\u00e9ch\u00e9s\u00a0; quoi de plus parfait pour des bocaux de cuisine\u00a0?<\/li>\n<\/ol>\n<h2>Caract\u00e9ristiques principales<\/h2>\n<table style=\"border-collapse: collapse; width: 80%; margin-left: auto; margin-right: auto;\" border=\"0\" width=\"288\" cellspacing=\"0\" cellpadding=\"0\">\n<tbody>\n<tr style=\"height: 13.50pt;\">\n<td style=\"height: 13.5pt; width: 54pt; text-align: center;\" width=\"72\" height=\"18\">Capacit\u00e9 (ml)<\/td>\n<td style=\"width: 54pt; text-align: center;\" width=\"72\">Taille (cm)<\/td>\n<td style=\"width: 54pt; text-align: center;\" width=\"72\">Mat\u00e9riel<\/td>\n<td style=\"width: 54pt; text-align: center;\" width=\"72\">Caract\u00e9ristiques<\/td>\n<\/tr>\n<tr style=\"height: 13.50pt;\">\n<td style=\"height: 13.5pt; text-align: center;\" align=\"right\" height=\"18\">1360<\/td>\n<td style=\"text-align: center;\">12.0 * 15.0<\/td>\n<td class=\"et2\" style=\"text-align: center;\" rowspan=\"2\">Verre borosilicat\u00e9<\/td>\n<td class=\"et2\" style=\"text-align: center;\" rowspan=\"2\">Couvercle en bois \u00e0 c\u00f4t\u00e9s droits, de 120 mm<\/td>\n<\/tr>\n<tr style=\"height: 13.50pt;\">\n<td style=\"height: 13.5pt; text-align: center;\" align=\"right\" height=\"18\">1800<\/td>\n<td style=\"text-align: center;\">12.0 * 20.0<\/td>\n<\/tr>\n<\/tbody>\n<\/table>\n<h2>Cas de r\u00e9ussite<\/h2>\n<p>Une cha\u00eene de magasins sp\u00e9cialis\u00e9e dans la vente en vrac de produits secs et de th\u00e9 a consid\u00e9rablement am\u00e9lior\u00e9 la pr\u00e9sentation de ses produits en magasin gr\u00e2ce \u00e0 l&#039;adoption de bocaux de cuisine en verre borosilicate, droits, plats, \u00e0 rebord haut. La transparence du verre met parfaitement en valeur les produits, et leur grand diam\u00e8tre de 150 mm facilite grandement le r\u00e9approvisionnement. Par ailleurs, leur fermeture herm\u00e9tique garantit la fra\u00eecheur des aliments, ce qui renforce la confiance des clients.<\/p>\n<p>Au cours des trois premiers mois suivant la mise en \u0153uvre, le client a enregistr\u00e9 une augmentation d&#039;environ 28 % de ses ventes annuelles, avec une hausse particuli\u00e8rement significative des produits de th\u00e9 haut de gamme.<\/p>\n<h2>Vos conseils de personnalisation<\/h2>\n<p>Lors du choix de bocaux de conservation en verre borosilicate, il est conseill\u00e9 d&#039;adapter la taille du r\u00e9cipient et le design du couvercle au type de produit et \u00e0 son lieu d&#039;utilisation. Pour les produits n\u00e9cessitant un r\u00e9approvisionnement fr\u00e9quent, comme le th\u00e9 ou les denr\u00e9es s\u00e8ches, un r\u00e9cipient de grand diam\u00e8tre (par exemple 150 mm) facilitera le remplissage et mettra davantage en valeur le produit. Les couvercles en bois ou \u00e0 bonne \u00e9tanch\u00e9it\u00e9 pr\u00e9servent la fra\u00eecheur des ingr\u00e9dients et apportent une touche esth\u00e9tique agr\u00e9able. Par ailleurs, la transparence du verre rend le produit plus visible et donc plus attrayant\u00a0; privil\u00e9giez donc un verre tr\u00e8s transparent pour une meilleure visibilit\u00e9 en rayon.<\/p>\n<p>Lors de la fabrication des bocaux, vous pouvez \u00e9galement choisir les diff\u00e9rentes capacit\u00e9s, couleurs, voire des logos personnalis\u00e9s en fonction des exigences de la marque afin de maintenir la coh\u00e9rence des produits et d&#039;\u00eatre reconnu sur le march\u00e9.<\/p>","protected":false},"excerpt":{"rendered":"<p>Vente directe d&#039;usine de grands bocaux en verre avec couvercles, parfaits pour la conservation en cuisine. \u00c9chantillons gratuits et personnalisation en gros disponibles pour les produits secs et les \u00e9pices.<\/p>","protected":false},"featured_media":3968,"template":"","meta":{"postBodyCss":"","postBodyMargin":[],"postBodyPadding":[],"postBodyBackground":{"backgroundType":"classic","gradient":""}},"product_brand":[],"product_cat":[15,17,61],"product_tag":[68,67,100,70,69],"class_list":{"0":"post-3967","1":"product","2":"type-product","3":"status-publish","4":"has-post-thumbnail","6":"product_cat-glass-containers","7":"product_cat-glass-jars","8":"product_cat-glass-jars-with-lids","9":"product_tag-borosilicate-glass-jars","10":"product_tag-candy-jars","11":"product_tag-glass-coffee-jars","12":"product_tag-seasoning-jars","13":"product_tag-storage-jars","15":"first","16":"instock","17":"shipping-taxable","18":"product-type-simple"},"jetpack_sharing_enabled":true,"_links":{"self":[{"href":"https:\/\/minghanggroup.com\/fr\/wp-json\/wp\/v2\/product\/3967","targetHints":{"allow":["GET"]}}],"collection":[{"href":"https:\/\/minghanggroup.com\/fr\/wp-json\/wp\/v2\/product"}],"about":[{"href":"https:\/\/minghanggroup.com\/fr\/wp-json\/wp\/v2\/types\/product"}],"wp:featuredmedia":[{"embeddable":true,"href":"https:\/\/minghanggroup.com\/fr\/wp-json\/wp\/v2\/media\/3968"}],"wp:attachment":[{"href":"https:\/\/minghanggroup.com\/fr\/wp-json\/wp\/v2\/media?parent=3967"}],"wp:term":[{"taxonomy":"product_brand","embeddable":true,"href":"https:\/\/minghanggroup.com\/fr\/wp-json\/wp\/v2\/product_brand?post=3967"},{"taxonomy":"product_cat","embeddable":true,"href":"https:\/\/minghanggroup.com\/fr\/wp-json\/wp\/v2\/product_cat?post=3967"},{"taxonomy":"product_tag","embeddable":true,"href":"https:\/\/minghanggroup.com\/fr\/wp-json\/wp\/v2\/product_tag?post=3967"}],"curies":[{"name":"wp","href":"https:\/\/api.w.org\/{rel}","templated":true}]}}