{"id":3966,"date":"2025-12-22T11:35:06","date_gmt":"2025-12-22T03:35:06","guid":{"rendered":"https:\/\/minghanggroup.com\/?post_type=product&#038;p=3966"},"modified":"2026-01-20T13:39:42","modified_gmt":"2026-01-20T05:39:42","slug":"high-borosilicate-glass-canisters-with-lids-bulk","status":"publish","type":"product","link":"https:\/\/minghanggroup.com\/fr\/produit\/high-borosilicate-glass-canisters-with-lids-bulk\/","title":{"rendered":"Bocaux en verre borosilicat\u00e9 haute r\u00e9sistance de 500 ml, 800 ml et 1200 ml avec couvercles (vente en gros)"},"content":{"rendered":"<p>Ces bocaux en verre uniques, munis de couvercles, sont compos\u00e9s d&#039;un corps en verre borosilicate et sont surmont\u00e9s de couvercles ronds en li\u00e8ge naturel, ce qui leur conf\u00e8re un aspect chaleureux et rustique.<\/p>\n<h2>Caract\u00e9ristiques du produit<\/h2>\n<ul>\n<li>La forme arrondie du sommet et le bouchon rond en li\u00e8ge sont arqu\u00e9s, ce qui leur conf\u00e8re un aspect ludique tout en \u00e9tant d\u00e9coratif, puisqu&#039;ils peuvent \u00eatre utilis\u00e9s dans tout type d&#039;environnement, y compris sur des pr\u00e9sentoirs et des tables, renfor\u00e7ant ainsi l&#039;effet dynamique.<\/li>\n<li>Le bouchon rond en li\u00e8ge offre la meilleure \u00e9tanch\u00e9it\u00e9 possible, mais il existe une alternative en bois sur mesure.<\/li>\n<li>Ces bocaux seront \u00e9galement tr\u00e8s r\u00e9sistants, transparents et r\u00e9sistants \u00e0 la chaleur puisqu&#039;ils sont fabriqu\u00e9s en verre borosilicate de haute qualit\u00e9, et pourront \u00eatre utilis\u00e9s r\u00e9guli\u00e8rement.<\/li>\n<\/ul>\n<h2 style=\"text-align: left;\">Caract\u00e9ristiques principales<\/h2>\n<table class=\"aligncenter\" style=\"border-collapse: collapse; width: 462.02pt;\" border=\"0\" width=\"616\" cellspacing=\"0\" cellpadding=\"0\">\n<tbody>\n<tr style=\"height: 13.50pt;\">\n<td style=\"height: 13.50pt; width: 107.25pt;\" width=\"143\" height=\"18\">Sp\u00e9cification<\/td>\n<td style=\"width: 354.75pt;\" width=\"473\">D\u00e9tails<\/td>\n<\/tr>\n<tr style=\"height: 13.50pt;\">\n<td style=\"height: 13.50pt;\" height=\"18\">Capacit\u00e9<\/td>\n<td>500 ml \/ 800 ml \/ 1200 ml<\/td>\n<\/tr>\n<tr style=\"height: 13.50pt;\">\n<td style=\"height: 13.50pt;\" height=\"18\">Dimensions<\/td>\n<td>9\u00d710cm \/ 9\u00d715.5cm \/ 9\u00d720cm<\/td>\n<\/tr>\n<tr style=\"height: 13.50pt;\">\n<td style=\"height: 13.50pt;\" height=\"18\">Mat\u00e9riel<\/td>\n<td>Verre borosilicat\u00e9 \u00e0 haute teneur en verre<\/td>\n<\/tr>\n<tr style=\"height: 13.50pt;\">\n<td style=\"height: 13.50pt;\" height=\"18\">Pot en forme de bocal<\/td>\n<td>Corps \u00e9lanc\u00e9 avec un dessus arrondi en forme de d\u00f4me<\/td>\n<\/tr>\n<tr style=\"height: 13.50pt;\">\n<td style=\"height: 13.50pt;\" height=\"18\">Type de couvercle<\/td>\n<td>Bouchon sph\u00e9rique en li\u00e8ge naturel (couvercle en bois disponible en option)<\/td>\n<\/tr>\n<tr style=\"height: 13.50pt;\">\n<td style=\"height: 13.50pt;\" height=\"18\">Caract\u00e9ristique du mat\u00e9riau<\/td>\n<td>Haute r\u00e9sistance aux chocs thermiques et chimiques, clart\u00e9 sup\u00e9rieure<\/td>\n<\/tr>\n<tr style=\"height: 13.50pt;\">\n<td style=\"height: 13.50pt;\" height=\"18\">Id\u00e9al pour<\/td>\n<td>Bo\u00eete en verre avec couvercle en bois, bocaux en verre avec couvercles herm\u00e9tiques<\/td>\n<\/tr>\n<\/tbody>\n<\/table>\n<h2>Le changement d&#039;image de l&#039;entreprise : une marque de th\u00e9 turc haut de gamme<\/h2>\n<p>La marque de th\u00e9 haut de gamme a opt\u00e9 pour des bocaux en verre borosilicate de 800 ml avec couvercle en bois pour le conditionnement de sa derni\u00e8re collection de th\u00e9s d&#039;origine unique. L&#039;association de ces bocaux avec des couvercles s&#039;explique par leur forme de carafe. La grande transparence du verre borosilicate a permis d&#039;augmenter les ventes de 60 % sur leur site web. De plus, les bouchons en li\u00e8ge assurent une excellente \u00e9tanch\u00e9it\u00e9 et pr\u00e9servent l&#039;ar\u00f4me du th\u00e9 plus longtemps. Gr\u00e2ce \u00e0 ces atouts, les bocaux sont devenus un produit embl\u00e9matique de ce segment de march\u00e9. L&#039;entreprise a pass\u00e9 une nouvelle commande de 150\u00a0000 unit\u00e9s.<\/p>\n<h2>Suggestions de personnalisation pour les bocaux en verre avec couvercles<\/h2>\n<ul>\n<li><strong>Des toits en d\u00f4me en bois :<\/strong> Vous pouvez remplacer le bouchon de li\u00e8ge par un couvercle en bois, rond ou plat. Le type de couvercle donnera \u00e0 votre bocal une apparence diff\u00e9rente.<\/li>\n<li><strong>Gravure laser sur la bandouli\u00e8re :<\/strong> L&#039;\u00e9paulement du conteneur peut comporter un logo grav\u00e9 ou un motif \u00e9labor\u00e9 r\u00e9alis\u00e9 par un proc\u00e9d\u00e9 de gravure laser.<\/li>\n<li><strong>Mat\u00e9riaux pour vitraux :<\/strong> Verre utopique : Un verre blanc ou transparent de haute clart\u00e9 doit \u00eatre utilis\u00e9 pour fa\u00e7onner le haut du r\u00e9cipient afin de cr\u00e9er un effet bicolore avec un verre de couleur plus fonc\u00e9e.<\/li>\n<li><strong>Bouchon de li\u00e8ge avec sceau de cire :<\/strong> On obtient ce r\u00e9sultat en appliquant de la cire color\u00e9e sur des bouchons de li\u00e8ge ordinaires pour leur donner un aspect vintage d&#039;antan. Ces bocaux en verre uniques sont munis d&#039;un couvercle en bois.<\/li>\n<\/ul>","protected":false},"excerpt":{"rendered":"<p>Bocal en verre de haute qualit\u00e9 avec couvercle et bocal en verre avec couvercle en bois, fabriqu\u00e9s en verre borosilicate transparent avec joint en li\u00e8ge. Livraison rapide disponible.<\/p>","protected":false},"featured_media":3970,"template":"","meta":{"postBodyCss":"","postBodyMargin":[],"postBodyPadding":[],"postBodyBackground":{"backgroundType":"classic","gradient":""}},"product_brand":[],"product_cat":[15,17,61],"product_tag":[68,67,70,69],"class_list":{"0":"post-3966","1":"product","2":"type-product","3":"status-publish","4":"has-post-thumbnail","6":"product_cat-glass-containers","7":"product_cat-glass-jars","8":"product_cat-glass-jars-with-lids","9":"product_tag-borosilicate-glass-jars","10":"product_tag-candy-jars","11":"product_tag-seasoning-jars","12":"product_tag-storage-jars","14":"first","15":"instock","16":"shipping-taxable","17":"product-type-simple"},"jetpack_sharing_enabled":true,"_links":{"self":[{"href":"https:\/\/minghanggroup.com\/fr\/wp-json\/wp\/v2\/product\/3966","targetHints":{"allow":["GET"]}}],"collection":[{"href":"https:\/\/minghanggroup.com\/fr\/wp-json\/wp\/v2\/product"}],"about":[{"href":"https:\/\/minghanggroup.com\/fr\/wp-json\/wp\/v2\/types\/product"}],"wp:featuredmedia":[{"embeddable":true,"href":"https:\/\/minghanggroup.com\/fr\/wp-json\/wp\/v2\/media\/3970"}],"wp:attachment":[{"href":"https:\/\/minghanggroup.com\/fr\/wp-json\/wp\/v2\/media?parent=3966"}],"wp:term":[{"taxonomy":"product_brand","embeddable":true,"href":"https:\/\/minghanggroup.com\/fr\/wp-json\/wp\/v2\/product_brand?post=3966"},{"taxonomy":"product_cat","embeddable":true,"href":"https:\/\/minghanggroup.com\/fr\/wp-json\/wp\/v2\/product_cat?post=3966"},{"taxonomy":"product_tag","embeddable":true,"href":"https:\/\/minghanggroup.com\/fr\/wp-json\/wp\/v2\/product_tag?post=3966"}],"curies":[{"name":"wp","href":"https:\/\/api.w.org\/{rel}","templated":true}]}}