{"id":3958,"date":"2025-12-22T10:11:18","date_gmt":"2025-12-22T02:11:18","guid":{"rendered":"https:\/\/minghanggroup.com\/?post_type=product&#038;p=3958"},"modified":"2026-03-02T15:24:31","modified_gmt":"2026-03-02T07:24:31","slug":"clear-glass-canisters-with-cork-lids-wholesale","status":"publish","type":"product","link":"https:\/\/minghanggroup.com\/fr\/produit\/clear-glass-canisters-with-cork-lids-wholesale\/","title":{"rendered":"Bocaux en verre transparent de 150 ml \u00e0 1100 ml avec couvercles en li\u00e8ge (vente en gros)"},"content":{"rendered":"<p>Ces \u00e9l\u00e9gants bocaux en verre reprennent le style intemporel des bouteilles de lait et sont fabriqu\u00e9s en verre borosilicate de haute qualit\u00e9, transparent et \u00e9cologique. Leurs bouchons en li\u00e8ge naturel assurent une fermeture herm\u00e9tique et conf\u00e8rent un aspect rustique \u00e0 ces bocaux uniques.<\/p>\n<h2>Caract\u00e9ristiques du produit<\/h2>\n<ul>\n<li><strong>Forme classique de bouteille de lait :<\/strong> La forme est harmonieuse et le fond arrondi cr\u00e9e un design tr\u00e8s original et attrayant.<\/li>\n<li><strong>Sceau en li\u00e8ge naturel :<\/strong> Un bouchon en li\u00e8ge naturel assure une \u00e9tanch\u00e9it\u00e9 de base et son aspect rustique apportera une touche fra\u00eeche et naturelle agr\u00e9able.<\/li>\n<li><strong>Verre borosilicate de qualit\u00e9 sup\u00e9rieure\u00a0:<\/strong> Maintient la transparence du verre tout en \u00e9tant tr\u00e8s r\u00e9sistant aux chocs thermiques.<\/li>\n<\/ul>\n<h2 style=\"text-align: left;\">Caract\u00e9ristiques principales<\/h2>\n<table class=\"aligncenter\" style=\"border-collapse: collapse; width: 462.02pt;\" border=\"0\" width=\"616\" cellspacing=\"0\" cellpadding=\"0\">\n<tbody>\n<tr style=\"height: 13.50pt;\">\n<td style=\"height: 13.50pt; width: 107.25pt;\" width=\"143\" height=\"18\">Sp\u00e9cification<\/td>\n<td style=\"width: 354.75pt;\" width=\"473\">D\u00e9tails<\/td>\n<\/tr>\n<tr style=\"height: 13.50pt;\">\n<td style=\"height: 13.50pt;\" height=\"18\">Capacit\u00e9<\/td>\n<td>150 ml \/ 300 ml \/ 600 ml \/ 1100 ml<\/td>\n<\/tr>\n<tr style=\"height: 13.50pt;\">\n<td style=\"height: 13.50pt;\" height=\"18\">Dimensions<\/td>\n<td>6\u00d711cm \/ 6.5\u00d715cm \/ 8\u00d719cm \/ 8.5\u00d726cm<\/td>\n<\/tr>\n<tr style=\"height: 13.50pt;\">\n<td style=\"height: 13.50pt;\" height=\"18\">Mat\u00e9riel<\/td>\n<td>Verre borosilicat\u00e9 \u00e0 haute teneur en verre<\/td>\n<\/tr>\n<tr style=\"height: 13.50pt;\">\n<td style=\"height: 13.50pt;\" height=\"18\">Type de couvercle<\/td>\n<td>Bouchon en li\u00e8ge naturel<\/td>\n<\/tr>\n<tr style=\"height: 13.50pt;\">\n<td style=\"height: 13.50pt;\" height=\"18\">Caract\u00e9ristique du mat\u00e9riau<\/td>\n<td>R\u00e9sistant aux chocs thermiques, haute clart\u00e9, chimiquement inerte<\/td>\n<\/tr>\n<tr style=\"height: 13.50pt;\">\n<td style=\"height: 13.50pt;\" height=\"18\">Id\u00e9al pour<\/td>\n<td>Bocaux en verre, bocaux en verre en vrac avec couvercles<\/td>\n<\/tr>\n<\/tbody>\n<\/table>\n<h2>Succ\u00e8s commercial : Pr\u00e9sentoir le plus vendu dans un supermarch\u00e9 haut de gamme<\/h2>\n<p>Un grand supermarch\u00e9 haut de gamme a mis en avant nos bocaux en verre de 600 ml dans son rayon caf\u00e9 et th\u00e9 en vrac. Gr\u00e2ce \u00e0 leurs bouchons en li\u00e8ge naturel qui augmentent de 50 % l&#039;\u00e9tanch\u00e9it\u00e9, le gaspillage est consid\u00e9rablement r\u00e9duit. Ce produit au design \u00e9l\u00e9gant a rencontr\u00e9 un vif succ\u00e8s aupr\u00e8s de la client\u00e8le, entra\u00eenant une hausse de 35 % de la fr\u00e9quentation du rayon. Les ventes ont par ailleurs enregistr\u00e9 une augmentation de 40 % des achats impulsifs de produits pr\u00e9sent\u00e9s dans ces bocaux. Fort de ce succ\u00e8s, le supermarch\u00e9 a pass\u00e9 une nouvelle commande de 50\u00a0000 unit\u00e9s, avec l&#039;intention de g\u00e9n\u00e9raliser ce concept \u00e0 l&#039;ensemble de ses magasins.<\/p>\n<h2>Options de personnalisation pour bocal en verre avec couvercle<\/h2>\n<ul>\n<li>Marquage personnalis\u00e9 sur li\u00e8ge\u00a0: ajoutez une touche personnelle en faisant apposer \u00e0 chaud le logo de votre marque sur le dessus du li\u00e8ge naturel.<\/li>\n<li>Marquage de capacit\u00e9 par s\u00e9rigraphie\u00a0: il s\u2019agit d\u2019un marquage de capacit\u00e9 tr\u00e8s l\u00e9ger et permanent, constitu\u00e9 des mots de votre choix imprim\u00e9s sur l\u2019\u00e9paule de la bouteille.<\/li>\n<li>Les \u00e9l\u00e9ments d\u00e9coratifs en vitrail sont disponibles en verre ambr\u00e9 clair ou en verre vert pour les produits sensibles aux UV.<\/li>\n<li>Couleurs de li\u00e8ge personnalis\u00e9es\u00a0: vous pouvez choisir parmi diff\u00e9rentes teintes naturelles ou des bouchons en li\u00e8ge avec des sceaux de cire color\u00e9s.<\/li>\n<li>Anneau pour \u00e9tiquette volante\u00a0: ins\u00e9rer un petit anneau en verre ou une rainure dans le col pour suspendre les \u00e9tiquettes de produit est une option possible.<\/li>\n<\/ul>","protected":false},"excerpt":{"rendered":"<p>D\u00e9couvrez nos \u00e9l\u00e9gants bocaux en verre. Ce bocal en verre, semblable \u00e0 une bouteille de lait, est dot\u00e9 d&#039;un couvercle avec joint en li\u00e8ge naturel. Id\u00e9al pour le garde-manger et la cuisine. \u00c9chantillons gratuits.<\/p>","protected":false},"featured_media":3965,"template":"","meta":{"postBodyCss":"","postBodyMargin":[],"postBodyPadding":[],"postBodyBackground":{"backgroundType":"classic","gradient":""}},"product_brand":[],"product_cat":[15,17,61],"product_tag":[68,67,100,70,69],"class_list":{"0":"post-3958","1":"product","2":"type-product","3":"status-publish","4":"has-post-thumbnail","6":"product_cat-glass-containers","7":"product_cat-glass-jars","8":"product_cat-glass-jars-with-lids","9":"product_tag-borosilicate-glass-jars","10":"product_tag-candy-jars","11":"product_tag-glass-coffee-jars","12":"product_tag-seasoning-jars","13":"product_tag-storage-jars","15":"first","16":"instock","17":"shipping-taxable","18":"product-type-simple"},"jetpack_sharing_enabled":true,"_links":{"self":[{"href":"https:\/\/minghanggroup.com\/fr\/wp-json\/wp\/v2\/product\/3958","targetHints":{"allow":["GET"]}}],"collection":[{"href":"https:\/\/minghanggroup.com\/fr\/wp-json\/wp\/v2\/product"}],"about":[{"href":"https:\/\/minghanggroup.com\/fr\/wp-json\/wp\/v2\/types\/product"}],"wp:featuredmedia":[{"embeddable":true,"href":"https:\/\/minghanggroup.com\/fr\/wp-json\/wp\/v2\/media\/3965"}],"wp:attachment":[{"href":"https:\/\/minghanggroup.com\/fr\/wp-json\/wp\/v2\/media?parent=3958"}],"wp:term":[{"taxonomy":"product_brand","embeddable":true,"href":"https:\/\/minghanggroup.com\/fr\/wp-json\/wp\/v2\/product_brand?post=3958"},{"taxonomy":"product_cat","embeddable":true,"href":"https:\/\/minghanggroup.com\/fr\/wp-json\/wp\/v2\/product_cat?post=3958"},{"taxonomy":"product_tag","embeddable":true,"href":"https:\/\/minghanggroup.com\/fr\/wp-json\/wp\/v2\/product_tag?post=3958"}],"curies":[{"name":"wp","href":"https:\/\/api.w.org\/{rel}","templated":true}]}}