{"id":3957,"date":"2025-12-22T10:23:48","date_gmt":"2025-12-22T02:23:48","guid":{"rendered":"https:\/\/minghanggroup.com\/?post_type=product&#038;p=3957"},"modified":"2026-01-20T13:40:21","modified_gmt":"2026-01-20T05:40:21","slug":"straight-sided-huge-glass-jars-with-150mm-lids-bulk","status":"publish","type":"product","link":"https:\/\/minghanggroup.com\/fr\/produit\/straight-sided-huge-glass-jars-with-150mm-lids-bulk\/","title":{"rendered":"Bocaux en verre droits de grande capacit\u00e9 (3200 ml et 4800 ml) avec couvercles de 150 mm (vente en gros)"},"content":{"rendered":"<p>Vous m\u00e9ritez un emballage de la plus haute qualit\u00e9 qui non seulement pr\u00e9serve la fra\u00eecheur de vos produits, mais contribue \u00e9galement \u00e0 valoriser votre marque. Nous fabriquons de grands bocaux en verre pour les grandes occasions, o\u00f9 chaque contenant sublime l&#039;histoire de votre produit.<\/p>\n<h2>Caract\u00e9ristiques du produit<\/h2>\n<ol>\n<li><strong>Capacit\u00e9 de stockage en vrac :<\/strong> Le miel, le sirop ou le muesli peuvent \u00eatre conserv\u00e9s dans ces grands bocaux en verre, qui constituent la solution id\u00e9ale pour toute op\u00e9ration de vente en vrac et en gros de votre gamme de produits.<\/li>\n<li><strong>R\u00e9sistance \u00e0 la chaleur et durabilit\u00e9 :<\/strong> Fabriqu\u00e9s en verre borosilicate r\u00e9sistant, ces bocaux en verre r\u00e9sistant \u00e0 la chaleur peuvent supporter des changements de temp\u00e9rature soudains sans se fissurer, ce qui en fait des contenants parfaits pour la conservation des aliments.<\/li>\n<li><strong>Conception facilitant l&#039;acc\u00e8s\u00a0:<\/strong> Les op\u00e9rations quotidiennes de vente en gros sont facilit\u00e9es par la large ouverture de 150 mm, qui simplifie le remplissage, le nettoyage et l&#039;acc\u00e8s au contenu.<\/li>\n<\/ol>\n<h2>Caract\u00e9ristiques principales<\/h2>\n<table style=\"border-collapse: collapse; width: 80%; margin-left: auto; margin-right: auto;\" border=\"0\" width=\"360\" cellspacing=\"0\" cellpadding=\"0\">\n<tbody>\n<tr style=\"height: 13.50pt;\">\n<td style=\"height: 13.5pt; width: 54pt; text-align: center;\" width=\"72\" height=\"18\">Capacit\u00e9 (ml)<\/td>\n<td style=\"width: 54pt; text-align: center;\" width=\"72\">Taille (cm)<\/td>\n<td style=\"width: 54pt; text-align: center;\" width=\"72\">Diam\u00e8tre de la bouche<\/td>\n<td style=\"width: 54pt; text-align: center;\" width=\"72\">Mat\u00e9riel<\/td>\n<td style=\"width: 54pt; text-align: center;\" width=\"72\">Caract\u00e9ristiques<\/td>\n<\/tr>\n<tr style=\"height: 13.50pt;\">\n<td style=\"height: 13.5pt; text-align: center;\" align=\"right\" height=\"18\">3200<\/td>\n<td style=\"text-align: center;\">15,0 x 20,0<\/td>\n<td class=\"et2\" style=\"text-align: center;\" rowspan=\"2\">150 mm<\/td>\n<td class=\"et2\" style=\"text-align: center;\" rowspan=\"2\">borosilicate<\/td>\n<td class=\"et2\" style=\"text-align: center;\" rowspan=\"2\">Couvercle \u00e0 c\u00f4t\u00e9s droits, 150 mm<\/td>\n<\/tr>\n<tr style=\"height: 13.50pt;\">\n<td style=\"height: 13.5pt; text-align: center;\" align=\"right\" height=\"18\">4800<\/td>\n<td style=\"text-align: center;\">15,0 x 30,0<\/td>\n<\/tr>\n<\/tbody>\n<\/table>\n<h2>Cas de r\u00e9ussite<\/h2>\n<p>Un grossiste en ingr\u00e9dients alimentaires a utilis\u00e9 ces bocaux de conservation en verre borosilicate, droits, ronds et hauts, pour stocker et pr\u00e9senter de grandes quantit\u00e9s d&#039;assaisonnements en poudre et de produits secs. Gr\u00e2ce \u00e0 leur grande transparence et \u00e0 leur capacit\u00e9 importante, la visibilit\u00e9 des produits en rayon a \u00e9t\u00e9 consid\u00e9rablement am\u00e9lior\u00e9e, ce qui a permis d&#039;augmenter les ventes de r\u00e9f\u00e9rences similaires d&#039;environ 28 % dans les trois mois suivant leur introduction.<\/p>\n<p>De plus, le client a pass\u00e9 deux autres commandes en gros en plus de la commande initiale, atteignant ainsi un taux de r\u00e9achat de plus de 60 %, et a adopt\u00e9 ce type de bocal comme solution d&#039;emballage stable et durable.<\/p>\n<h2>Vos conseils de personnalisation<\/h2>\n<p>Ce r\u00e9cipient de conservation est enti\u00e8rement personnalisable selon les besoins du client. Par exemple, les graduations peuvent \u00eatre imprim\u00e9es directement sur le verre pour une visibilit\u00e9 optimale de la contenance. Le couvercle peut \u00eatre en bambou, en bois ou muni d&#039;un joint renforc\u00e9 pour une meilleure \u00e9tanch\u00e9it\u00e9. Il est \u00e9galement possible d&#039;y apposer une marque ou un logo par s\u00e9rigraphie, \u00e9tiquetage ou gravure laser, pour une visibilit\u00e9 accrue.<\/p>","protected":false},"excerpt":{"rendered":"<p>Grand bocal en verre avec couvercle de 150 mm, fabriqu\u00e9 en verre borosilicate haute r\u00e9sistance. Vente directe d&#039;usine, personnalisation possible pour les commandes en gros. \u00c9chantillon gratuit.<\/p>","protected":false},"featured_media":3955,"template":"","meta":{"postBodyCss":"","postBodyMargin":[],"postBodyPadding":[],"postBodyBackground":{"backgroundType":"classic","gradient":""}},"product_brand":[],"product_cat":[15,17,61],"product_tag":[68,67,70,69],"class_list":{"0":"post-3957","1":"product","2":"type-product","3":"status-publish","4":"has-post-thumbnail","6":"product_cat-glass-containers","7":"product_cat-glass-jars","8":"product_cat-glass-jars-with-lids","9":"product_tag-borosilicate-glass-jars","10":"product_tag-candy-jars","11":"product_tag-seasoning-jars","12":"product_tag-storage-jars","14":"first","15":"instock","16":"shipping-taxable","17":"product-type-simple"},"jetpack_sharing_enabled":true,"_links":{"self":[{"href":"https:\/\/minghanggroup.com\/fr\/wp-json\/wp\/v2\/product\/3957","targetHints":{"allow":["GET"]}}],"collection":[{"href":"https:\/\/minghanggroup.com\/fr\/wp-json\/wp\/v2\/product"}],"about":[{"href":"https:\/\/minghanggroup.com\/fr\/wp-json\/wp\/v2\/types\/product"}],"wp:featuredmedia":[{"embeddable":true,"href":"https:\/\/minghanggroup.com\/fr\/wp-json\/wp\/v2\/media\/3955"}],"wp:attachment":[{"href":"https:\/\/minghanggroup.com\/fr\/wp-json\/wp\/v2\/media?parent=3957"}],"wp:term":[{"taxonomy":"product_brand","embeddable":true,"href":"https:\/\/minghanggroup.com\/fr\/wp-json\/wp\/v2\/product_brand?post=3957"},{"taxonomy":"product_cat","embeddable":true,"href":"https:\/\/minghanggroup.com\/fr\/wp-json\/wp\/v2\/product_cat?post=3957"},{"taxonomy":"product_tag","embeddable":true,"href":"https:\/\/minghanggroup.com\/fr\/wp-json\/wp\/v2\/product_tag?post=3957"}],"curies":[{"name":"wp","href":"https:\/\/api.w.org\/{rel}","templated":true}]}}