{"id":3939,"date":"2025-12-19T10:16:20","date_gmt":"2025-12-19T02:16:20","guid":{"rendered":"https:\/\/minghanggroup.com\/?post_type=product&#038;p=3939"},"modified":"2026-01-20T13:39:51","modified_gmt":"2026-01-20T05:39:51","slug":"square-borosilicate-storage-jars-with-flat-lid-wholesale","status":"publish","type":"product","link":"https:\/\/minghanggroup.com\/fr\/produit\/square-borosilicate-storage-jars-with-flat-lid-wholesale\/","title":{"rendered":"Bocaux de conservation carr\u00e9s en borosilicate de 600 ml \u00e0 1400 ml avec couvercle plat (vente en gros)"},"content":{"rendered":"<p>Votre marque m\u00e9rite un emballage haut de gamme, con\u00e7u avec des mat\u00e9riaux de qualit\u00e9 sup\u00e9rieure qui pr\u00e9servent la fra\u00eecheur de vos produits et la mettent en valeur. Nous concevons des bocaux en verre pour la vente en gros, parfaits pour les grandes quantit\u00e9s\u00a0: chaque bocal contribue \u00e0 raconter l\u2019histoire de votre produit.<\/p>\n<h2>Caract\u00e9ristiques du produit<\/h2>\n<ol>\n<li><strong>Capacit\u00e9 de stockage polyvalente\u00a0: <\/strong>Utilisez ces bocaux de rangement carr\u00e9s en verre pour conserver le miel, le sirop, les sauces ou les produits secs \u2013 un rangement id\u00e9al pour tous les besoins de votre gamme de produits.<\/li>\n<li><strong>Durabilit\u00e9 et r\u00e9sistance \u00e0 la chaleur\u00a0: <\/strong>Fabriqu\u00e9s en verre borosilicate robuste, ces bocaux en verre r\u00e9sistants \u00e0 la chaleur, vendus en gros, peuvent supporter les variations de temp\u00e9rature sans se briser ; ils conviennent donc au stockage \u00e0 chaud.<\/li>\n<li><strong>Conception \u00e0 visibilit\u00e9 optimale\u00a0: <\/strong>Un contenant transparent permet de voir imm\u00e9diatement son contenu, ce qui facilite grandement la gestion des stocks pour vos op\u00e9rations de vente en gros.<\/li>\n<li><strong>Conception \u00e0 bouche plate : <\/strong>Le diam\u00e8tre de l&#039;ouverture de la bo\u00eete est identique \u00e0 celui du corps de la bouteille, ce qui facilite le remplissage et le retrait des produits. De plus, sa forme \u00e0 goulot plat simplifie le nettoyage et le remplissage, r\u00e9duisant ainsi les r\u00e9sidus dans les recoins.<\/li>\n<\/ol>\n<h2>Caract\u00e9ristiques principales<\/h2>\n<table style=\"border-collapse: collapse; width: 80%; margin-left: auto; margin-right: auto;\" border=\"0\" width=\"360\" cellspacing=\"0\" cellpadding=\"0\">\n<tbody>\n<tr style=\"height: 13.50pt;\">\n<td style=\"height: 13.5pt; width: 54pt; text-align: center;\" width=\"72\" height=\"18\">Capacit\u00e9 (ml)<\/td>\n<td style=\"width: 54pt; text-align: center;\" width=\"72\">Taille (cm)<\/td>\n<td style=\"width: 54pt; text-align: center;\" width=\"72\">Diam\u00e8tre de la bouche (mm)<\/td>\n<td style=\"width: 54pt; text-align: center;\" width=\"72\">Mat\u00e9riel<\/td>\n<td style=\"width: 54pt; text-align: center;\" width=\"72\">Caract\u00e9ristiques<\/td>\n<\/tr>\n<tr style=\"height: 13.50pt;\">\n<td style=\"height: 13.5pt; text-align: center;\" align=\"right\" height=\"18\">600<\/td>\n<td style=\"text-align: center;\">10 x 10 x 10,5<\/td>\n<td class=\"et2\" style=\"text-align: center;\" rowspan=\"5\">94\u00d7100<\/td>\n<td class=\"et2\" style=\"text-align: center;\" rowspan=\"5\">borosilicate<\/td>\n<td class=\"et2\" style=\"text-align: center;\" rowspan=\"5\">Carr\u00e9, \u00e0 c\u00f4t\u00e9s droits<\/td>\n<\/tr>\n<tr style=\"height: 13.50pt;\">\n<td style=\"height: 13.5pt; text-align: center;\" align=\"right\" height=\"18\">800<\/td>\n<td style=\"text-align: center;\">10 x 10 x 13<\/td>\n<\/tr>\n<tr style=\"height: 13.50pt;\">\n<td style=\"height: 13.5pt; text-align: center;\" align=\"right\" height=\"18\">1000<\/td>\n<td style=\"text-align: center;\">10 x 10 x 16<\/td>\n<\/tr>\n<tr style=\"height: 13.50pt;\">\n<td style=\"height: 13.5pt; text-align: center;\" align=\"right\" height=\"18\">1200<\/td>\n<td style=\"text-align: center;\">10 x 10 x 19<\/td>\n<\/tr>\n<tr style=\"height: 13.50pt;\">\n<td style=\"height: 13.5pt; text-align: center;\" align=\"right\" height=\"18\">1400<\/td>\n<td style=\"text-align: center;\">10 x 10 x 21<\/td>\n<\/tr>\n<\/tbody>\n<\/table>\n<h2>Cas de r\u00e9ussite<\/h2>\n<p>Dans le cadre du projet de modernisation d&#039;une marque transfrontali\u00e8re d&#039;ameublement, qui utilisait auparavant des bocaux ronds en verre ordinaire, le principal changement r\u00e9sidait dans ces bocaux carr\u00e9s en verre borosilicate \u00e0 ouverture plate. Gr\u00e2ce \u00e0 une meilleure \u00e9tanch\u00e9it\u00e9 et \u00e0 une pr\u00e9sentation plus attrayante permise par l&#039;ouverture plate, le taux de conversion des clients dans la cat\u00e9gorie \u00ab\u00a0Conservation de cuisine\u00a0\u00bb sur la plateforme e-commerce a augment\u00e9 d&#039;environ 28\u00a0% dans les trois mois suivant le lancement, et le taux de r\u00e9achat de l&#039;ensemble de bocaux a \u00e9galement progress\u00e9 de pr\u00e8s de 35\u00a0%. De nombreux consommateurs finaux ont mentionn\u00e9 que la conception \u00e0 ouverture plate \u00e9tait plus pratique pour le nettoyage et permettait un empilage plus stable ; ainsi, cette s\u00e9rie est rapidement devenue le produit phare \u00e0 long terme de la marque, et le client a \u00e9t\u00e9 incit\u00e9 \u00e0 passer deux autres commandes en gros dans les six mois.<\/p>\n<h2>Vos conseils de personnalisation<\/h2>\n<p>Les d\u00e9tails de ces bocaux de conservation carr\u00e9s en verre borosilicate \u00e0 ouverture plate, fabriqu\u00e9s sur mesure, peuvent \u00eatre adapt\u00e9s en fonction du march\u00e9 cible et de l&#039;utilisation pr\u00e9vue. Par exemple, un verre borosilicate \u00e0 haute transmittance lumineuse peut \u00eatre choisi et les dimensions des bocaux peuvent \u00eatre optimis\u00e9es pour une pr\u00e9sentation plus soign\u00e9e et attrayante des produits alimentaires en rayon ou des coffrets cadeaux. Quant au couvercle, outre l&#039;ouverture plate, diff\u00e9rents mat\u00e9riaux et couleurs de joints d&#039;\u00e9tanch\u00e9it\u00e9 ainsi que le traitement de surface peuvent \u00eatre personnalis\u00e9s pour renforcer la visibilit\u00e9 de la marque.<\/p>","protected":false},"excerpt":{"rendered":"<p>Bocaux en verre borosilicate haute r\u00e9sistance, disponibles en gros. Personnalisables, ces bocaux de conservation sont propos\u00e9s aux marques et aux d\u00e9taillants. Vente directe d&#039;usine\u00a0!<\/p>","protected":false},"featured_media":3944,"template":"","meta":{"postBodyCss":"","postBodyMargin":[],"postBodyPadding":[],"postBodyBackground":{"backgroundType":"classic","gradient":""}},"product_brand":[],"product_cat":[15,17,61],"product_tag":[68,67,70,69],"class_list":{"0":"post-3939","1":"product","2":"type-product","3":"status-publish","4":"has-post-thumbnail","6":"product_cat-glass-containers","7":"product_cat-glass-jars","8":"product_cat-glass-jars-with-lids","9":"product_tag-borosilicate-glass-jars","10":"product_tag-candy-jars","11":"product_tag-seasoning-jars","12":"product_tag-storage-jars","14":"first","15":"instock","16":"shipping-taxable","17":"product-type-simple"},"jetpack_sharing_enabled":true,"_links":{"self":[{"href":"https:\/\/minghanggroup.com\/fr\/wp-json\/wp\/v2\/product\/3939","targetHints":{"allow":["GET"]}}],"collection":[{"href":"https:\/\/minghanggroup.com\/fr\/wp-json\/wp\/v2\/product"}],"about":[{"href":"https:\/\/minghanggroup.com\/fr\/wp-json\/wp\/v2\/types\/product"}],"wp:featuredmedia":[{"embeddable":true,"href":"https:\/\/minghanggroup.com\/fr\/wp-json\/wp\/v2\/media\/3944"}],"wp:attachment":[{"href":"https:\/\/minghanggroup.com\/fr\/wp-json\/wp\/v2\/media?parent=3939"}],"wp:term":[{"taxonomy":"product_brand","embeddable":true,"href":"https:\/\/minghanggroup.com\/fr\/wp-json\/wp\/v2\/product_brand?post=3939"},{"taxonomy":"product_cat","embeddable":true,"href":"https:\/\/minghanggroup.com\/fr\/wp-json\/wp\/v2\/product_cat?post=3939"},{"taxonomy":"product_tag","embeddable":true,"href":"https:\/\/minghanggroup.com\/fr\/wp-json\/wp\/v2\/product_tag?post=3939"}],"curies":[{"name":"wp","href":"https:\/\/api.w.org\/{rel}","templated":true}]}}