{"id":3932,"date":"2025-12-17T10:47:24","date_gmt":"2025-12-17T02:47:24","guid":{"rendered":"https:\/\/minghanggroup.com\/?post_type=product&#038;p=3932"},"modified":"2026-03-02T15:24:51","modified_gmt":"2026-03-02T07:24:51","slug":"square-borosilicate-large-glass-jars-with-lids-spoons-bulk","status":"publish","type":"product","link":"https:\/\/minghanggroup.com\/fr\/produit\/square-borosilicate-large-glass-jars-with-lids-spoons-bulk\/","title":{"rendered":"Bocaux carr\u00e9s en verre borosilicate de 800 \u00e0 1200 ml avec couvercles et cuill\u00e8res (vente en gros)"},"content":{"rendered":"<p>Les grands bocaux en verre avec couvercle ne doivent pas se contenter de conserver vos produits\u00a0: ils doivent valoriser votre image de marque et pr\u00e9server la qualit\u00e9 de vos produits. Nous fabriquons des bocaux de conservation en verre haut de gamme, con\u00e7us pour maintenir la fra\u00eecheur, la pr\u00e9sentation et la qualit\u00e9 de vos produits, et ainsi vous aider \u00e0 vous d\u00e9marquer sur les march\u00e9s concurrentiels de la vente au d\u00e9tail et en gros.<\/p>\n<h2>Caract\u00e9ristiques du produit<\/h2>\n<ol>\n<li><strong>Rangement polyvalent\u00a0: <\/strong>Ces grands bocaux carr\u00e9s en verre avec couvercles peuvent contenir toutes sortes d&#039;aliments, du miel et des sauces aux grains de caf\u00e9 et aux produits secs \u2013 parfaits pour toutes les solutions de rangement.<\/li>\n<li><strong>Durabilit\u00e9 et r\u00e9sistance \u00e0 la chaleur\u00a0: <\/strong>Fabriqu\u00e9s en verre borosilicate durable, ces bocaux en verre r\u00e9sistant \u00e0 la chaleur supportent les variations de temp\u00e9rature sans se fissurer \u2013 id\u00e9aux pour la conservation des aliments.<\/li>\n<li><strong>Conception facile \u00e0 utiliser\u00a0: <\/strong>Sa large ouverture et la cuill\u00e8re incluse facilitent le remplissage, le nettoyage et le service pour vos besoins de rangement quotidiens.<\/li>\n<\/ol>\n<h2>Caract\u00e9ristiques principales<\/h2>\n<table style=\"border-collapse: collapse; width: 80%; margin-left: auto; margin-right: auto;\" border=\"0\" width=\"360\" cellspacing=\"0\" cellpadding=\"0\">\n<tbody>\n<tr style=\"height: 13.50pt;\">\n<td style=\"height: 13.5pt; width: 54pt; text-align: center;\" width=\"72\" height=\"18\">Capacit\u00e9 (ml)<\/td>\n<td style=\"width: 54pt; text-align: center;\" width=\"72\">Taille (cm)<\/td>\n<td style=\"width: 54.00pt;\" width=\"72\">Mat\u00e9riel<\/td>\n<td style=\"width: 54.00pt;\" width=\"72\">Caract\u00e9ristiques<\/td>\n<td style=\"width: 54.00pt;\" width=\"72\">Diam\u00e8tre<\/td>\n<\/tr>\n<tr style=\"height: 13.50pt;\">\n<td style=\"height: 13.5pt; text-align: center;\" height=\"18\">800<\/td>\n<td style=\"text-align: center;\">10 x 10 x 13<\/td>\n<td class=\"et2\" rowspan=\"3\">Verre borosilicat\u00e9<\/td>\n<td class=\"et2\" rowspan=\"3\">Carr\u00e9, avec cuill\u00e8re<\/td>\n<td class=\"et2\" rowspan=\"3\">100 mm<\/td>\n<\/tr>\n<tr style=\"height: 13.50pt;\">\n<td style=\"height: 13.5pt; text-align: center;\" height=\"18\">1000 (1 qt)<\/td>\n<td style=\"text-align: center;\">10 x 10 x 16<\/td>\n<\/tr>\n<tr style=\"height: 13.50pt;\">\n<td style=\"height: 13.5pt; text-align: center;\" height=\"18\">1200 (40 oz)<\/td>\n<td style=\"text-align: center;\">10 x 10 x 19<\/td>\n<\/tr>\n<\/tbody>\n<\/table>\n<h2>Cas de r\u00e9ussite<\/h2>\n<p>Apr\u00e8s le lancement par un d\u00e9taillant europ\u00e9en d&#039;articles d&#039;ameublement de ces grands bocaux carr\u00e9s en verre borosilicate \u00e0 couvercle plat, ces derniers ont \u00e9t\u00e9 mis en avant comme produit phare pour la pr\u00e9sentation de caf\u00e9 en grains et de produits secs. La gamme a connu une forte hausse des ventes, tant en magasin qu&#039;en ligne, gr\u00e2ce \u00e0 la transparence du verre borosilicate, au diam\u00e8tre standard de 100 mm du couvercle en bambou et \u00e0 son design original int\u00e9grant une cuill\u00e8re en bois.<\/p>\n<p>Au bout de trois mois apr\u00e8s le lancement, les ventes de ce type de bocaux de rangement avaient augment\u00e9 d&#039;environ 38 % par rapport \u00e0 l&#039;ann\u00e9e pr\u00e9c\u00e9dente, et le client a pass\u00e9 deux commandes suppl\u00e9mentaires apr\u00e8s la finalisation de la premi\u00e8re commande.<\/p>\n<h2>Vos conseils de personnalisation<\/h2>\n<p>Ces grands bocaux en verre borosilicate haute r\u00e9sistance peuvent \u00eatre personnalis\u00e9s en modulant leur contenance et en ajustant leur hauteur selon le positionnement marketing, permettant ainsi d&#039;y conserver diff\u00e9rents produits comme des grains de caf\u00e9, des feuilles de th\u00e9 ou des c\u00e9r\u00e9ales. De plus, le couvercle de 100 mm peut \u00eatre rev\u00eatu de divers placages de bambou ou b\u00e9n\u00e9ficier de traitements de surface vari\u00e9s pour renforcer l&#039;identit\u00e9 de la marque. Le corps du bocal peut comporter une zone r\u00e9serv\u00e9e \u00e0 la s\u00e9rigraphie ou au marquage laser pour une meilleure visibilit\u00e9 de la marque. La longueur du manche et le syst\u00e8me de fixation de la cuill\u00e8re peuvent \u00eatre adapt\u00e9s \u00e0 la fr\u00e9quence d&#039;utilisation dans la vente au d\u00e9tail ou la restauration, pour une utilisation optimale. Il est ainsi possible d&#039;obtenir une meilleure diff\u00e9renciation des produits en rayon et une pr\u00e9sentation plus efficace, tout en pr\u00e9servant leur fonctionnalit\u00e9.<\/p>","protected":false},"excerpt":{"rendered":"<p>Grands bocaux en verre avec couvercles en verre borosilicate haute r\u00e9sistance. Fabricant proposant des solutions de rangement pour la cuisine sur mesure et en gros. \u00c9chantillon gratuit.<\/p>","protected":false},"featured_media":3933,"template":"","meta":{"postBodyCss":"","postBodyMargin":[],"postBodyPadding":[],"postBodyBackground":{"backgroundType":"classic","gradient":""}},"product_brand":[],"product_cat":[15,17,61],"product_tag":[68,67,100,70,69],"class_list":{"0":"post-3932","1":"product","2":"type-product","3":"status-publish","4":"has-post-thumbnail","6":"product_cat-glass-containers","7":"product_cat-glass-jars","8":"product_cat-glass-jars-with-lids","9":"product_tag-borosilicate-glass-jars","10":"product_tag-candy-jars","11":"product_tag-glass-coffee-jars","12":"product_tag-seasoning-jars","13":"product_tag-storage-jars","15":"first","16":"instock","17":"shipping-taxable","18":"product-type-simple"},"jetpack_sharing_enabled":true,"_links":{"self":[{"href":"https:\/\/minghanggroup.com\/fr\/wp-json\/wp\/v2\/product\/3932","targetHints":{"allow":["GET"]}}],"collection":[{"href":"https:\/\/minghanggroup.com\/fr\/wp-json\/wp\/v2\/product"}],"about":[{"href":"https:\/\/minghanggroup.com\/fr\/wp-json\/wp\/v2\/types\/product"}],"wp:featuredmedia":[{"embeddable":true,"href":"https:\/\/minghanggroup.com\/fr\/wp-json\/wp\/v2\/media\/3933"}],"wp:attachment":[{"href":"https:\/\/minghanggroup.com\/fr\/wp-json\/wp\/v2\/media?parent=3932"}],"wp:term":[{"taxonomy":"product_brand","embeddable":true,"href":"https:\/\/minghanggroup.com\/fr\/wp-json\/wp\/v2\/product_brand?post=3932"},{"taxonomy":"product_cat","embeddable":true,"href":"https:\/\/minghanggroup.com\/fr\/wp-json\/wp\/v2\/product_cat?post=3932"},{"taxonomy":"product_tag","embeddable":true,"href":"https:\/\/minghanggroup.com\/fr\/wp-json\/wp\/v2\/product_tag?post=3932"}],"curies":[{"name":"wp","href":"https:\/\/api.w.org\/{rel}","templated":true}]}}