{"id":3922,"date":"2025-12-15T11:39:10","date_gmt":"2025-12-15T03:39:10","guid":{"rendered":"https:\/\/minghanggroup.com\/?post_type=product&#038;p=3922"},"modified":"2025-12-16T11:44:42","modified_gmt":"2025-12-16T03:44:42","slug":"wide-mouth-glass-empty-water-bottles-for-drinking-bulk","status":"publish","type":"product","link":"https:\/\/minghanggroup.com\/fr\/produit\/wide-mouth-glass-empty-water-bottles-for-drinking-bulk\/","title":{"rendered":"Bouteilles d&#039;eau vides en verre \u00e0 large ouverture de 550 ml pour la consommation en gros"},"content":{"rendered":"<p>Arr\u00eatez d&#039;utiliser des bouteilles en plastique qui se d\u00e9chirent facilement et donnent une image bon march\u00e9 \u00e0 votre marque. Nous produisons des bouteilles d&#039;eau haut de gamme qui non seulement pr\u00e9servent la fra\u00eecheur de votre eau, mais mettent \u00e9galement en valeur votre marque. Ces bouteilles d&#039;eau vides personnalis\u00e9es sont le choix id\u00e9al pour r\u00e9ussir dans la vente en gros.<\/p>\n<h2>Caract\u00e9ristiques du produit<\/h2>\n<ol>\n<li><strong>Pratique gr\u00e2ce \u00e0 sa large ouverture\u00a0: <\/strong>L&#039;ouverture de 38 mm de large vous permet de remplir, de nettoyer et d&#039;ajouter des fruits ou des feuilles de th\u00e9 \u00e0 votre eau en un clin d&#039;\u0153il pour votre consommation quotidienne d&#039;eau.<\/li>\n<li><strong>Verre borosilicate durable : <\/strong>Ce produit est fabriqu\u00e9 en verre borosilicate durable, compatible avec le lave-vaisselle, le cong\u00e9lateur et r\u00e9sistant aux chocs thermiques\u00a0; il n\u2019y aura plus de fuites ni de cassures.<\/li>\n<li><strong>Design \u00e9pur\u00e9 et droit\u00a0: <\/strong>Son design minimaliste et \u00e9pur\u00e9 pr\u00e9serve la fra\u00eecheur de votre eau tout en vous permettant de voir ce qu&#039;elle contient.<\/li>\n<li><strong>Couvercle en acier inoxydable : <\/strong>Le couvercle herm\u00e9tique en acier inoxydable prot\u00e8ge votre boisson, la rendant ainsi facile \u00e0 transporter et \u00e9tanche.<\/li>\n<\/ol>\n<h2>Caract\u00e9ristiques principales<\/h2>\n<table style=\"border-collapse: collapse; width: 80%; margin-left: auto; margin-right: auto;\" border=\"0\" width=\"360\" cellspacing=\"0\" cellpadding=\"0\">\n<tbody>\n<tr style=\"height: 13.50pt;\">\n<td style=\"height: 13.5pt; width: 54pt; text-align: center;\" width=\"72\" height=\"18\">Capacit\u00e9<\/td>\n<td style=\"width: 54pt; text-align: center;\" width=\"72\">Taille (cm)<\/td>\n<td style=\"width: 54pt; text-align: center;\" width=\"72\">Diam\u00e8tre<\/td>\n<td style=\"width: 54pt; text-align: center;\" width=\"72\">Mat\u00e9riel<\/td>\n<td style=\"width: 54pt; text-align: center;\" width=\"72\">Couleur<\/td>\n<\/tr>\n<tr style=\"height: 13.50pt;\">\n<td style=\"height: 13.5pt; text-align: center;\" height=\"18\">550 ml<\/td>\n<td style=\"text-align: center;\">6,6\u00d722,3<\/td>\n<td style=\"text-align: center;\">38 mm<\/td>\n<td style=\"text-align: center;\">borosilicate<\/td>\n<td style=\"text-align: center;\">Clair ou personnalis\u00e9<\/td>\n<\/tr>\n<\/tbody>\n<\/table>\n<h2>Cas de r\u00e9ussite<\/h2>\n<p>Une entreprise locale de boissons a choisi ces bouteilles \u00e0 large ouverture comme emballage id\u00e9al pour sa gamme de caf\u00e9 infus\u00e9 \u00e0 froid et de tisanes. Gr\u00e2ce \u00e0 leur large ouverture, le remplissage est rapide et leur robustesse r\u00e9duit consid\u00e9rablement les risques de casse lors du transport et en magasin. De plus, la transparence du verre permet d&#039;admirer la couleur et les ingr\u00e9dients du produit, un atout majeur pour attirer les clients.<\/p>\n<p>Apr\u00e8s le lancement du produit sur le march\u00e9, le flux de marchandises dans les magasins s&#039;est acc\u00e9l\u00e9r\u00e9 et les commandes r\u00e9p\u00e9t\u00e9es ont continu\u00e9 d&#039;affluer.<\/p>\n<h2>Vos conseils de personnalisation<\/h2>\n<p>Lors de la personnalisation de cette gourde \u00e0 large ouverture, vous avez le choix entre des bouchons \u00e0 vis en m\u00e9tal, en plastique ou en silicone, selon l&#039;utilisation : boire directement, emporter ou conserver. Le corps de la gourde peut \u00eatre imprim\u00e9 par s\u00e9rigraphie, \u00e9tiquette ou finition d\u00e9polie pour renforcer la notori\u00e9t\u00e9 de votre marque. Diff\u00e9rents accessoires sont disponibles, tels que des infuseurs \u00e0 th\u00e9, des pailles ou des housses de protection.<\/p>","protected":false},"excerpt":{"rendered":"<p>Bouteilles d&#039;eau vides en verre transparent, id\u00e9ales pour le remplissage de boissons. Fabricant proposant la personnalisation et la vente en gros de bouteilles d&#039;eau.<\/p>","protected":false},"featured_media":3924,"template":"","meta":{"postBodyCss":"","postBodyMargin":[],"postBodyPadding":[],"postBodyBackground":{"backgroundType":"classic","gradient":""}},"product_brand":[],"product_cat":[15,16,60],"product_tag":[],"class_list":{"0":"post-3922","1":"product","2":"type-product","3":"status-publish","4":"has-post-thumbnail","6":"product_cat-glass-containers","7":"product_cat-glass-bottles","8":"product_cat-water-bottles","10":"first","11":"instock","12":"shipping-taxable","13":"product-type-simple"},"jetpack_sharing_enabled":true,"_links":{"self":[{"href":"https:\/\/minghanggroup.com\/fr\/wp-json\/wp\/v2\/product\/3922","targetHints":{"allow":["GET"]}}],"collection":[{"href":"https:\/\/minghanggroup.com\/fr\/wp-json\/wp\/v2\/product"}],"about":[{"href":"https:\/\/minghanggroup.com\/fr\/wp-json\/wp\/v2\/types\/product"}],"wp:featuredmedia":[{"embeddable":true,"href":"https:\/\/minghanggroup.com\/fr\/wp-json\/wp\/v2\/media\/3924"}],"wp:attachment":[{"href":"https:\/\/minghanggroup.com\/fr\/wp-json\/wp\/v2\/media?parent=3922"}],"wp:term":[{"taxonomy":"product_brand","embeddable":true,"href":"https:\/\/minghanggroup.com\/fr\/wp-json\/wp\/v2\/product_brand?post=3922"},{"taxonomy":"product_cat","embeddable":true,"href":"https:\/\/minghanggroup.com\/fr\/wp-json\/wp\/v2\/product_cat?post=3922"},{"taxonomy":"product_tag","embeddable":true,"href":"https:\/\/minghanggroup.com\/fr\/wp-json\/wp\/v2\/product_tag?post=3922"}],"curies":[{"name":"wp","href":"https:\/\/api.w.org\/{rel}","templated":true}]}}