{"id":3910,"date":"2025-12-11T17:42:38","date_gmt":"2025-12-11T09:42:38","guid":{"rendered":"https:\/\/minghanggroup.com\/?post_type=product&#038;p=3910"},"modified":"2026-01-20T13:49:41","modified_gmt":"2026-01-20T05:49:41","slug":"empty-large-glass-food-storage-jars-with-lids-bulk","status":"publish","type":"product","link":"https:\/\/minghanggroup.com\/fr\/produit\/empty-large-glass-food-storage-jars-with-lids-bulk\/","title":{"rendered":"Bocaux de conservation en verre vides de grande taille (50 oz, 64 oz, 100 oz) avec couvercles, en gros"},"content":{"rendered":"<p>Ces grands bocaux en verre pour la conservation des aliments pr\u00e9sentent une forme carr\u00e9e et haute aux angles arrondis et lisses. Leurs couvercles m\u00e9talliques \u00e0 clipser, associ\u00e9s \u00e0 un joint en maille, garantissent une \u00e9tanch\u00e9it\u00e9 parfaite.<\/p>\n<h2>Caract\u00e9ristiques du produit<\/h2>\n<ul>\n<li><strong>Grande capacit\u00e9 :<\/strong> Ces bocaux sont disponibles dans des contenances allant de 1,5 litre \u00e0 3 litres et peuvent ainsi contenir une grande quantit\u00e9 d&#039;articles tout en minimisant l&#039;encombrement.<\/li>\n<li><strong>Conception \u00e0 fermeture par pression :<\/strong> Les couvercles m\u00e9talliques \u00e0 clipser assurent une bonne \u00e9tanch\u00e9it\u00e9, emp\u00eachant ainsi l&#039;humidit\u00e9 de p\u00e9n\u00e9trer et pr\u00e9servant la fra\u00eecheur.<\/li>\n<li><strong>Stable et empilable :<\/strong> De forme carr\u00e9e, les bocaux peuvent \u00eatre empil\u00e9s serr\u00e9s ou dispos\u00e9s en rang\u00e9e, ce qui assure la stabilit\u00e9 de leur base et leur forte capacit\u00e9 de charge.<\/li>\n<\/ul>\n<h2 style=\"text-align: left;\">Caract\u00e9ristiques principales<\/h2>\n<table class=\"aligncenter\" style=\"border-collapse: collapse; width: 413.27pt;\" border=\"0\" width=\"551\" cellspacing=\"0\" cellpadding=\"0\">\n<tbody>\n<tr style=\"height: 13.50pt;\">\n<td style=\"height: 13.50pt; width: 86.25pt;\" width=\"115\" height=\"18\">Sp\u00e9cification<\/td>\n<td style=\"width: 327.00pt;\" width=\"436\">D\u00e9tails<\/td>\n<\/tr>\n<tr style=\"height: 13.50pt;\">\n<td style=\"height: 13.50pt;\" height=\"18\">Capacit\u00e9<\/td>\n<td>1500 ml (50 oz) \/ 2000 ml (64 oz) \/ 3000 ml (100 oz)<\/td>\n<\/tr>\n<tr style=\"height: 13.50pt;\">\n<td style=\"height: 13.50pt;\" height=\"18\">Dimensions\u200b<\/td>\n<td>11,4 \u00d7 15 cm \/ 11,4 \u00d7 19,5 cm \/ 11,4 \u00d7 25,8 cm<\/td>\n<\/tr>\n<tr style=\"height: 13.50pt;\">\n<td style=\"height: 13.50pt;\" height=\"18\">Mat\u00e9riau<\/td>\n<td>Verre \u00e9pais et transparent<\/td>\n<\/tr>\n<tr style=\"height: 13.50pt;\">\n<td style=\"height: 13.50pt;\" height=\"18\">Jar Shape\u200b<\/td>\n<td>Carr\u00e9 haut aux coins arrondis<\/td>\n<\/tr>\n<tr style=\"height: 13.50pt;\">\n<td style=\"height: 13.50pt;\" height=\"18\">Type de couvercle<\/td>\n<td>Couvercle \u00e0 pince m\u00e9tallique avec anse en fil de fer<\/td>\n<\/tr>\n<tr style=\"height: 13.50pt;\">\n<td style=\"height: 13.50pt;\" height=\"18\">Id\u00e9al pour<\/td>\n<td>Grands bocaux en verre pour la conservation des aliments, bocaux en verre pour la conservation des aliments<\/td>\n<\/tr>\n<\/tbody>\n<\/table>\n<h2>T\u00e9moignage de r\u00e9ussite\u00a0: Une r\u00e9volution dans le stockage pour une boulangerie industrielle<\/h2>\n<p>Le stockage en grande quantit\u00e9 des ingr\u00e9dients de boulangerie repr\u00e9sentait un v\u00e9ritable d\u00e9fi pour cette grande boulangerie. Afin de conserver la farine, le sucre et les c\u00e9r\u00e9ales, elle a opt\u00e9 pour nos bocaux de conservation en verre de 3 litres avec couvercles herm\u00e9tiques. Ces couvercles ont permis non seulement d&#039;allonger la dur\u00e9e de conservation des ingr\u00e9dients de 50 %, mais aussi de r\u00e9duire le gaspillage de 40 %. La forme carr\u00e9e des bocaux a permis d&#039;optimiser l&#039;espace de stockage de 35 % \u00e0 surface \u00e9gale, et ainsi d&#039;am\u00e9nager au mieux la cuisine. Convaincue des r\u00e9sultats obtenus, l&#039;entreprise a pass\u00e9 une nouvelle commande de quatre cent mille bocaux en verre destin\u00e9s \u00e0 l&#039;ensemble de ses points de vente.<\/p>\n<h2>Options personnalisables pour les grands bocaux de conservation des aliments en verre<\/h2>\n<ul>\n<li>Graduations de volume s\u00e9rigraphi\u00e9es \u2013 Elles ajoutent des indicateurs de mesure qui facilitent le contr\u00f4le des portions.<\/li>\n<li>Panneau d\u00e9coratif d\u00e9poli \u2013 Finition grav\u00e9e \u00e0 l&#039;acide qui donne un \u00e9l\u00e9gant effet mat<\/li>\n<li>Finition personnalis\u00e9e de la pince \u2013 Elle peut \u00eatre de diff\u00e9rentes teintes m\u00e9talliques.<\/li>\n<li>Conception \u00e0 fond renforc\u00e9 \u2013 La partie inf\u00e9rieure du bocal, en verre, est \u00e9paissie pour supporter des objets plus lourds.<\/li>\n<li>Poign\u00e9e monobloc \u2013 La poign\u00e9e est fabriqu\u00e9e dans le m\u00eame moule que le verre et est con\u00e7ue pour faciliter la prise en main.<\/li>\n<\/ul>","protected":false},"excerpt":{"rendered":"<p>D\u00e9couvrez notre gamme de grands bocaux en verre, avec ou sans couvercle, con\u00e7us pour les cuisines modernes et \u00e9pur\u00e9es. R\u00e9sistants et herm\u00e9tiques, ils sont livr\u00e9s rapidement.<\/p>","protected":false},"featured_media":3915,"template":"","meta":{"postBodyCss":"","postBodyMargin":[],"postBodyPadding":[],"postBodyBackground":{"backgroundType":"classic","gradient":""}},"product_brand":[],"product_cat":[15,17,59],"product_tag":[66],"class_list":{"0":"post-3910","1":"product","2":"type-product","3":"status-publish","4":"has-post-thumbnail","6":"product_cat-glass-containers","7":"product_cat-glass-jars","8":"product_cat-glass-storage-jars","9":"product_tag-swing-top-jars","11":"first","12":"instock","13":"shipping-taxable","14":"product-type-simple"},"jetpack_sharing_enabled":true,"_links":{"self":[{"href":"https:\/\/minghanggroup.com\/fr\/wp-json\/wp\/v2\/product\/3910","targetHints":{"allow":["GET"]}}],"collection":[{"href":"https:\/\/minghanggroup.com\/fr\/wp-json\/wp\/v2\/product"}],"about":[{"href":"https:\/\/minghanggroup.com\/fr\/wp-json\/wp\/v2\/types\/product"}],"wp:featuredmedia":[{"embeddable":true,"href":"https:\/\/minghanggroup.com\/fr\/wp-json\/wp\/v2\/media\/3915"}],"wp:attachment":[{"href":"https:\/\/minghanggroup.com\/fr\/wp-json\/wp\/v2\/media?parent=3910"}],"wp:term":[{"taxonomy":"product_brand","embeddable":true,"href":"https:\/\/minghanggroup.com\/fr\/wp-json\/wp\/v2\/product_brand?post=3910"},{"taxonomy":"product_cat","embeddable":true,"href":"https:\/\/minghanggroup.com\/fr\/wp-json\/wp\/v2\/product_cat?post=3910"},{"taxonomy":"product_tag","embeddable":true,"href":"https:\/\/minghanggroup.com\/fr\/wp-json\/wp\/v2\/product_tag?post=3910"}],"curies":[{"name":"wp","href":"https:\/\/api.w.org\/{rel}","templated":true}]}}