{"id":3905,"date":"2025-12-11T17:25:03","date_gmt":"2025-12-11T09:25:03","guid":{"rendered":"https:\/\/minghanggroup.com\/?post_type=product&#038;p=3905"},"modified":"2026-01-20T13:49:49","modified_gmt":"2026-01-20T05:49:49","slug":"small-square-glass-storage-jars-with-airtight-lids-bulk","status":"publish","type":"product","link":"https:\/\/minghanggroup.com\/fr\/produit\/small-square-glass-storage-jars-with-airtight-lids-bulk\/","title":{"rendered":"Bocaux de conservation carr\u00e9s en verre de 380 ml, 500 ml, 750 ml et 1000 ml avec couvercles herm\u00e9tiques (vente en gros)"},"content":{"rendered":"<p>Ce sont des bocaux de rangement carr\u00e9s en verre transparent. Si vous avez d\u00e9j\u00e0 vu des contenants similaires, vous remarquerez probablement qu&#039;ils sont tous dot\u00e9s d&#039;une fermeture \u00e0 clip m\u00e9tallique. Gr\u00e2ce \u00e0 leur transparence, il n&#039;est pas n\u00e9cessaire d&#039;ouvrir le bocal pour v\u00e9rifier son niveau de remplissage. Ainsi, les en-cas, les condiments ou les petits objets restent bien en vue.<\/p>\n<h2>Caract\u00e9ristiques du produit<\/h2>\n<ul>\n<li><strong>Forme carr\u00e9e et carr\u00e9e robuste :<\/strong> Le verre transparent local et la forme trapue et carr\u00e9e sont parfaitement adapt\u00e9s \u00e0 un rangement rapproch\u00e9, ce qui permet de gagner plus de place sur les \u00e9tag\u00e8res que les bocaux ronds.<\/li>\n<li><strong>Conception \u00e0 fermeture par pression :<\/strong> Les trois joints d&#039;\u00e9tanch\u00e9it\u00e9 en caoutchouc sont \u00e9pais afin d&#039;assurer une tr\u00e8s bonne \u00e9tanch\u00e9it\u00e9 \u00e0 l&#039;humidit\u00e9 et aux fuites.<\/li>\n<li><strong>Conception d&#039;empilement\u00a0:<\/strong> Gr\u00e2ce \u00e0 leur forme r\u00e9guli\u00e8re et \u00e0 leur plan\u00e9it\u00e9, elles peuvent \u00eatre empil\u00e9es avec une grande stabilit\u00e9.<\/li>\n<\/ul>\n<h2 style=\"text-align: left;\">Caract\u00e9ristiques principales<\/h2>\n<table class=\"aligncenter\" style=\"border-collapse: collapse; width: 384.02pt;\" border=\"0\" width=\"512\" cellspacing=\"0\" cellpadding=\"0\">\n<tbody>\n<tr style=\"height: 13.50pt;\">\n<td style=\"height: 13.50pt; width: 86.25pt;\" width=\"115\" height=\"18\">Sp\u00e9cification<\/td>\n<td style=\"width: 297.75pt;\" width=\"397\">D\u00e9tails<\/td>\n<\/tr>\n<tr style=\"height: 13.50pt;\">\n<td style=\"height: 13.50pt;\" height=\"18\">Capacit\u00e9<\/td>\n<td>380 ml \/ 500 ml \/ 750 ml \/ 1000 ml<\/td>\n<\/tr>\n<tr style=\"height: 13.50pt;\">\n<td style=\"height: 13.50pt;\" height=\"18\">Dimensions\u200b<\/td>\n<td>8,7 \u00d7 10 cm \/ 10,8 \u00d7 10 cm \/ 11 \u00d7 12,3 cm \/ 11,3 \u00d7 15 cm<\/td>\n<\/tr>\n<tr style=\"height: 13.50pt;\">\n<td style=\"height: 13.50pt;\" height=\"18\">Mat\u00e9riau<\/td>\n<td>Verre clair<\/td>\n<\/tr>\n<tr style=\"height: 13.50pt;\">\n<td style=\"height: 13.50pt;\" height=\"18\">Type de couvercle<\/td>\n<td>Couvercle \u00e0 pince m\u00e9tallique avec anse en fil de fer<\/td>\n<\/tr>\n<tr style=\"height: 13.50pt;\">\n<td style=\"height: 13.50pt;\" height=\"18\">Id\u00e9al pour<\/td>\n<td>Bocaux en verre avec couvercle herm\u00e9tique, bocaux de conservation en verre<\/td>\n<\/tr>\n<\/tbody>\n<\/table>\n<h2>\u00c9tude de cas : R\u00e9novation de l&#039;entrep\u00f4t d&#039;un supermarch\u00e9 haut de gamme<\/h2>\n<p>Un supermarch\u00e9 sp\u00e9cialis\u00e9 en produits alimentaires avait besoin d&#039;un syst\u00e8me d&#039;organisation plus performant pour son rayon vrac. Il a donc choisi nos bocaux carr\u00e9s en verre de 750 ml avec couvercles herm\u00e9tiques pour y conserver c\u00e9r\u00e9ales, p\u00e2tes et fruits secs. Gr\u00e2ce \u00e0 ces couvercles, la dur\u00e9e de conservation a \u00e9t\u00e9 prolong\u00e9e de 40 % et le gaspillage de produits r\u00e9duit de 60 %. La transparence du verre permet aux clients d&#039;identifier facilement le contenu, ce qui a permis d&#039;acc\u00e9l\u00e9rer les achats de 35 %. Fort de ces r\u00e9sultats, le supermarch\u00e9 a pass\u00e9 une commande suppl\u00e9mentaire de 2\u00a0500\u00a0000 bocaux pour agrandir son rayon vrac.<\/p>\n<h2>Options de personnalisation des bocaux de rangement carr\u00e9s en verre<\/h2>\n<ul>\n<li>Panneaux lat\u00e9raux d\u00e9polis \u2013 La finition mate du panneau est \u00e9l\u00e9gamment obtenue par gravure \u00e0 l&#039;acide.<\/li>\n<li>\u00c9tiquettes s\u00e9rigraphi\u00e9es \u2013 Ajoutez des motifs \u00e0 l&#039;encre c\u00e9ramique lisibles et durables sur une surface plane<\/li>\n<li>Marqueurs de capacit\u00e9 en relief \u2013 Peuvent \u00eatre r\u00e9alis\u00e9s avec des graduations en relief fines.<\/li>\n<li>Vitrail \u2013 Le verre peut absorber la lumi\u00e8re nocive. Les r\u00e9cipients peuvent \u00eatre fabriqu\u00e9s en verre ambr\u00e9 ou vert et peuvent \u00eatre utilis\u00e9s pour la protection.<\/li>\n<\/ul>","protected":false},"excerpt":{"rendered":"<p>Am\u00e9liorez votre garde-manger avec ces bocaux de conservation carr\u00e9s en verre r\u00e9sistant. Leur couvercle herm\u00e9tique garantit une fra\u00eecheur optimale. \u00c9chantillons gratuits sur demande.<\/p>","protected":false},"featured_media":3908,"template":"","meta":{"postBodyCss":"","postBodyMargin":[],"postBodyPadding":[],"postBodyBackground":{"backgroundType":"classic","gradient":""}},"product_brand":[],"product_cat":[15,17,59],"product_tag":[66],"class_list":{"0":"post-3905","1":"product","2":"type-product","3":"status-publish","4":"has-post-thumbnail","6":"product_cat-glass-containers","7":"product_cat-glass-jars","8":"product_cat-glass-storage-jars","9":"product_tag-swing-top-jars","11":"first","12":"instock","13":"shipping-taxable","14":"product-type-simple"},"jetpack_sharing_enabled":true,"_links":{"self":[{"href":"https:\/\/minghanggroup.com\/fr\/wp-json\/wp\/v2\/product\/3905","targetHints":{"allow":["GET"]}}],"collection":[{"href":"https:\/\/minghanggroup.com\/fr\/wp-json\/wp\/v2\/product"}],"about":[{"href":"https:\/\/minghanggroup.com\/fr\/wp-json\/wp\/v2\/types\/product"}],"wp:featuredmedia":[{"embeddable":true,"href":"https:\/\/minghanggroup.com\/fr\/wp-json\/wp\/v2\/media\/3908"}],"wp:attachment":[{"href":"https:\/\/minghanggroup.com\/fr\/wp-json\/wp\/v2\/media?parent=3905"}],"wp:term":[{"taxonomy":"product_brand","embeddable":true,"href":"https:\/\/minghanggroup.com\/fr\/wp-json\/wp\/v2\/product_brand?post=3905"},{"taxonomy":"product_cat","embeddable":true,"href":"https:\/\/minghanggroup.com\/fr\/wp-json\/wp\/v2\/product_cat?post=3905"},{"taxonomy":"product_tag","embeddable":true,"href":"https:\/\/minghanggroup.com\/fr\/wp-json\/wp\/v2\/product_tag?post=3905"}],"curies":[{"name":"wp","href":"https:\/\/api.w.org\/{rel}","templated":true}]}}