{"id":3900,"date":"2025-12-11T11:50:05","date_gmt":"2025-12-11T03:50:05","guid":{"rendered":"https:\/\/minghanggroup.com\/?post_type=product&#038;p=3900"},"modified":"2025-12-12T14:22:39","modified_gmt":"2025-12-12T06:22:39","slug":"custom-double-walled-water-bottles-for-beverage-wholesale","status":"publish","type":"product","link":"https:\/\/minghanggroup.com\/fr\/produit\/custom-double-walled-water-bottles-for-beverage-wholesale\/","title":{"rendered":"Bouteilles d&#039;eau personnalis\u00e9es \u00e0 double paroi de 400 ml pour la vente en gros de boissons"},"content":{"rendered":"<p>Arr\u00eatez d&#039;utiliser des bouteilles en plastique fragiles qui donnent une image bon march\u00e9 de votre marque. Notre gamme de bouteilles d&#039;eau \u00e0 double paroi pr\u00e9serve la fra\u00eecheur de vos boissons tout en valorisant votre image de marque. Ces bouteilles sont id\u00e9ales pour vous accompagner dans votre d\u00e9veloppement commercial.<\/p>\n<h2>Caract\u00e9ristiques du produit<\/h2>\n<ul>\n<li><strong>Double-Layer Insulation: <\/strong>Notre bouteille d&#039;eau \u00e0 double paroi est capable de maintenir les boissons chaudes au chaud et les boissons froides au froid pendant une p\u00e9riode prolong\u00e9e, vous permettant ainsi de vous hydrater tout au long de la journ\u00e9e sans que la temp\u00e9rature ne se d\u00e9grade.<\/li>\n<li><strong>Pratique gr\u00e2ce \u00e0 sa large ouverture\u00a0: <\/strong>Son large goulot de 38 mm facilite grandement le remplissage, le nettoyage et l&#039;ajout de feuilles de th\u00e9 ou de fruits pour votre consommation d&#039;eau quotidienne.<\/li>\n<li><strong>Verre borosilicate de qualit\u00e9 sup\u00e9rieure\u00a0: <\/strong>Con\u00e7u en verre borosilicate robuste, r\u00e9sistant au lave-vaisselle, au cong\u00e9lateur et aux chocs thermiques, sans fuites ni cassures.<\/li>\n<\/ul>\n<h2>Caract\u00e9ristiques principales<\/h2>\n<table style=\"border-collapse: collapse; width: 80%; margin-left: auto; margin-right: auto;\" border=\"0\" width=\"360\" cellspacing=\"0\" cellpadding=\"0\">\n<tbody>\n<tr style=\"height: 13.50pt;\">\n<td style=\"height: 13.5pt; width: 54pt; text-align: center;\" width=\"72\" height=\"18\">Capacit\u00e9<\/td>\n<td style=\"width: 54pt; text-align: center;\" width=\"72\">Taille (cm)<\/td>\n<td style=\"width: 54pt; text-align: center;\" width=\"72\">Diam\u00e8tre<\/td>\n<td style=\"width: 54pt; text-align: center;\" width=\"72\">Mat\u00e9riel<\/td>\n<td style=\"width: 54pt; text-align: center;\" width=\"72\">Fonctionnalit\u00e9<\/td>\n<\/tr>\n<tr style=\"height: 13.50pt;\">\n<td class=\"et2\" style=\"height: 27pt; text-align: center;\" rowspan=\"2\" height=\"36\">400 ml<\/td>\n<td style=\"text-align: center;\">6,6 x 21,5<\/td>\n<td class=\"et2\" style=\"text-align: center;\" rowspan=\"2\">38 mm<\/td>\n<td class=\"et2\" style=\"text-align: center;\" rowspan=\"2\">borosilicate<\/td>\n<td class=\"et2\" style=\"text-align: center;\" rowspan=\"2\">Double paroi<\/td>\n<\/tr>\n<tr style=\"height: 13.50pt;\">\n<td style=\"text-align: center;\">7.0 x 20.5<\/td>\n<\/tr>\n<\/tbody>\n<\/table>\n<h2>Cas de r\u00e9ussite<\/h2>\n<p>Une marque am\u00e9ricaine de bien-\u00eatre nous a contact\u00e9s \u00e0 la recherche d&#039;un produit d&#039;hydratation haut de gamme qui rehausserait son offre sans n\u00e9cessiter de contr\u00f4les qualit\u00e9 suppl\u00e9mentaires. Apr\u00e8s avoir test\u00e9 des \u00e9chantillons, ils ont finalement opt\u00e9 pour notre bouteille d&#039;eau en verre \u00e0 double paroi et large ouverture, s\u00e9duits par sa transparence, son poids \u00e9quilibr\u00e9 et la grande stabilit\u00e9 de son isolation. Nous avons personnalis\u00e9 le bouchon aux couleurs de leur marque et ajout\u00e9 un \u00e9l\u00e9gant logo sabl\u00e9.<\/p>\n<p>Le d\u00e9taillant passe d\u00e9sormais commande chez nous tous les trimestres pour renouveler ses stocks et demande \u00e9galement \u00e0 chaque fois de nouveaux bouchons de couleur et un meilleur emballage.<\/p>\n<h2>Vos conseils de personnalisation<\/h2>\n<p>Si ce contenant d&#039;eau correspond \u00e0 votre style mais que vous avez l&#039;impression qu&#039;il ne refl\u00e8te pas votre marque, vous pouvez l&#039;harmoniser davantage avec votre image de marque en r\u00e9fl\u00e9chissant simplement aux \u00e9l\u00e9ments qui le composent\u00a0: le mat\u00e9riau du couvercle, la structure du filtre, la capacit\u00e9 et le design ext\u00e9rieur. Par exemple, un couvercle en m\u00e9tal bross\u00e9 peut \u00eatre choisi pour une allure plus raffin\u00e9e\u00a0; une marque ax\u00e9e sur les produits naturels peut opter pour un corps de bouteille avec une finition givr\u00e9e ou un logo imprim\u00e9 discret pour un style plus naturel\u00a0; et s&#039;il s&#039;agit d&#039;une marque de th\u00e9 ou de produits de sant\u00e9, varier la taille des mailles du filtre et l&#039;\u00e9paisseur de la double paroi peut non seulement am\u00e9liorer sa fonctionnalit\u00e9, mais aussi sa visibilit\u00e9.<\/p>","protected":false},"excerpt":{"rendered":"<p>Fabricant et fournisseur de bouteilles d&#039;eau \u00e0 double paroi et \u00e0 double compartiment personnalis\u00e9es, nous acceptons les commandes en gros et assurons une production rapide. \u00c9chantillon gratuit.<\/p>","protected":false},"featured_media":3901,"template":"","meta":{"postBodyCss":"","postBodyMargin":[],"postBodyPadding":[],"postBodyBackground":{"backgroundType":"classic","gradient":""}},"product_brand":[],"product_cat":[15,16,60],"product_tag":[],"class_list":{"0":"post-3900","1":"product","2":"type-product","3":"status-publish","4":"has-post-thumbnail","6":"product_cat-glass-containers","7":"product_cat-glass-bottles","8":"product_cat-water-bottles","10":"first","11":"instock","12":"shipping-taxable","13":"product-type-simple"},"jetpack_sharing_enabled":true,"_links":{"self":[{"href":"https:\/\/minghanggroup.com\/fr\/wp-json\/wp\/v2\/product\/3900","targetHints":{"allow":["GET"]}}],"collection":[{"href":"https:\/\/minghanggroup.com\/fr\/wp-json\/wp\/v2\/product"}],"about":[{"href":"https:\/\/minghanggroup.com\/fr\/wp-json\/wp\/v2\/types\/product"}],"wp:featuredmedia":[{"embeddable":true,"href":"https:\/\/minghanggroup.com\/fr\/wp-json\/wp\/v2\/media\/3901"}],"wp:attachment":[{"href":"https:\/\/minghanggroup.com\/fr\/wp-json\/wp\/v2\/media?parent=3900"}],"wp:term":[{"taxonomy":"product_brand","embeddable":true,"href":"https:\/\/minghanggroup.com\/fr\/wp-json\/wp\/v2\/product_brand?post=3900"},{"taxonomy":"product_cat","embeddable":true,"href":"https:\/\/minghanggroup.com\/fr\/wp-json\/wp\/v2\/product_cat?post=3900"},{"taxonomy":"product_tag","embeddable":true,"href":"https:\/\/minghanggroup.com\/fr\/wp-json\/wp\/v2\/product_tag?post=3900"}],"curies":[{"name":"wp","href":"https:\/\/api.w.org\/{rel}","templated":true}]}}