{"id":3895,"date":"2025-12-10T17:44:40","date_gmt":"2025-12-10T09:44:40","guid":{"rendered":"https:\/\/minghanggroup.com\/?post_type=product&#038;p=3895"},"modified":"2026-01-20T13:49:55","modified_gmt":"2026-01-20T05:49:55","slug":"small-round-airtight-glass-jars-for-food-storage-bulk","status":"publish","type":"product","link":"https:\/\/minghanggroup.com\/fr\/produit\/small-round-airtight-glass-jars-for-food-storage-bulk\/","title":{"rendered":"Bocaux en verre ronds herm\u00e9tiques de 100 ml pour le stockage des aliments en vrac"},"content":{"rendered":"<p>Ce bocal portable herm\u00e9tique en verre, de forme rectangulaire arrondie, est fabriqu\u00e9 en verre transparent et \u00e9l\u00e9gant. Gr\u00e2ce \u00e0 sa transparence, vous pouvez voir instantan\u00e9ment les en-cas, herbes ou \u00e9pices qu&#039;il contient, tandis que son couvercle m\u00e9tallique robuste garantit une conservation optimale de leur fra\u00eecheur.<\/p>\n<h2>Caract\u00e9ristiques du produit<\/h2>\n<ul>\n<li><strong>Design carr\u00e9 arrondi distinctif :<\/strong> Les c\u00f4t\u00e9s l\u00e9g\u00e8rement arrondis allient l&#039;aspect angulaire \u00e0 la stabilit\u00e9 fonctionnelle.<\/li>\n<li><strong>Conception \u00e0 fermeture par pression :<\/strong> Un joint d&#039;\u00e9tanch\u00e9it\u00e9 en caoutchouc de haute qualit\u00e9 ferme herm\u00e9tiquement le r\u00e9cipient, emp\u00eachant ainsi l&#039;air et l&#039;humidit\u00e9 de p\u00e9n\u00e9trer.<\/li>\n<li><strong>Conception pratique et s\u00fbre d&#039;utilisation\u00a0:<\/strong> La partie incurv\u00e9e au milieu fait office de poign\u00e9e, ce qui permet de tenir facilement le bocal en verre herm\u00e9tique d&#039;une seule main, et le fond rectangulaire assure la stabilit\u00e9 du bocal si vous le posez sur un plan de travail ou dans un placard.<\/li>\n<\/ul>\n<h2 style=\"text-align: left;\">Caract\u00e9ristiques principales<\/h2>\n<table class=\"aligncenter\" style=\"border-collapse: collapse; width: 384.02pt;\" border=\"0\" width=\"512\" cellspacing=\"0\" cellpadding=\"0\">\n<tbody>\n<tr style=\"height: 13.50pt;\">\n<td style=\"height: 13.50pt; width: 86.25pt;\" width=\"115\" height=\"18\">Sp\u00e9cification<\/td>\n<td style=\"width: 297.75pt;\" width=\"397\">D\u00e9tails<\/td>\n<\/tr>\n<tr style=\"height: 13.50pt;\">\n<td style=\"height: 13.50pt;\" height=\"18\">Capacit\u00e9<\/td>\n<td>100 ml<\/td>\n<\/tr>\n<tr style=\"height: 13.50pt;\">\n<td style=\"height: 13.50pt;\" height=\"18\">Dimensions<\/td>\n<td>5,6 \u00d7 8,4 cm<\/td>\n<\/tr>\n<tr style=\"height: 13.50pt;\">\n<td style=\"height: 13.50pt;\" height=\"18\">Mat\u00e9riel<\/td>\n<td>Verre clair<\/td>\n<\/tr>\n<tr style=\"height: 13.50pt;\">\n<td style=\"height: 13.50pt;\" height=\"18\">Type de couvercle<\/td>\n<td>Couvercle \u00e0 pince m\u00e9tallique avec anse en fil de fer<\/td>\n<\/tr>\n<tr style=\"height: 13.50pt;\">\n<td style=\"height: 13.50pt;\" height=\"18\">Id\u00e9al pour<\/td>\n<td>Bocaux en verre pour la conservation des aliments, bocaux en verre herm\u00e9tiques<\/td>\n<\/tr>\n<\/tbody>\n<\/table>\n<h2>\u00c9tude de cas : Transformation du packaging d&#039;une marque de parfum de luxe<\/h2>\n<p>Une marque de parfums de luxe devait trouver une nouvelle fa\u00e7on de pr\u00e9senter ses produits afin de s\u00e9duire les clients sur un march\u00e9 concurrentiel. Gr\u00e2ce \u00e0 leur design carr\u00e9 aux angles arrondis distinctif, ils ont opt\u00e9 pour nos pots en verre de 100 ml pour la conservation des aliments. L&#039;utilisation d&#039;un joint herm\u00e9tique a permis d&#039;allonger la dur\u00e9e de conservation de leurs \u00e9pices de 45 % par rapport aux emballages utilis\u00e9s pr\u00e9c\u00e9demment. Leur forme innovante, devenue la signature de leur marque, a contribu\u00e9 \u00e0 une augmentation de 50 % de leur engagement sur les r\u00e9seaux sociaux. Le syst\u00e8me de fermeture \u00e9tanche a permis d&#039;\u00e9viter les fuites, de garantir une livraison sans encombre et de r\u00e9duire de 60 % les retours de produits endommag\u00e9s. Forts de ces r\u00e9sultats exceptionnels, ils ont d\u00e9cid\u00e9 de commander 250\u00a0000 pots suppl\u00e9mentaires afin de promouvoir le produit \u00e0 l&#039;\u00e9chelle nationale.<\/p>\n<h2>Options de personnalisation des bocaux en verre herm\u00e9tiques<\/h2>\n<ul>\n<li>Motifs de s\u00e9rigraphie \u2013 Recouvrez la surface plane d&#039;une encre c\u00e9ramique r\u00e9sistante orn\u00e9e de diff\u00e9rents motifs.<\/li>\n<li>Marqueurs de capacit\u00e9 en relief \u2013 Des graduations en relief d\u00e9licates indiquant la capacit\u00e9 peuvent \u00eatre cr\u00e9\u00e9es.<\/li>\n<li>Vitraux \u2013 Verre ambr\u00e9 ou vert disponible pour prot\u00e9ger le contenu de la lumi\u00e8re<\/li>\n<li>Rev\u00eatement textur\u00e9 mat \u2013 Le client b\u00e9n\u00e9ficie d&#039;une meilleure prise en main gr\u00e2ce \u00e0 un rev\u00eatement doux au toucher.<\/li>\n<li>Variations des bords arrondis \u2013 Diff\u00e9rents effets esth\u00e9tiques peuvent \u00eatre obtenus en modifiant le rayon du coin arrondi.<\/li>\n<\/ul>","protected":false},"excerpt":{"rendered":"<p>Nos petits bocaux en verre pour la conservation des aliments offrent un design \u00e9pur\u00e9 et une fermeture herm\u00e9tique. Parfaits pour les \u00e9pices ou le th\u00e9, ils sont faciles \u00e0 fermer. Demandez un \u00e9chantillon gratuit d\u00e8s maintenant.<\/p>","protected":false},"featured_media":3896,"template":"","meta":{"postBodyCss":"","postBodyMargin":[],"postBodyPadding":[],"postBodyBackground":{"backgroundType":"classic","gradient":""}},"product_brand":[],"product_cat":[15,17,59],"product_tag":[66],"class_list":{"0":"post-3895","1":"product","2":"type-product","3":"status-publish","4":"has-post-thumbnail","6":"product_cat-glass-containers","7":"product_cat-glass-jars","8":"product_cat-glass-storage-jars","9":"product_tag-swing-top-jars","11":"first","12":"instock","13":"shipping-taxable","14":"product-type-simple"},"jetpack_sharing_enabled":true,"_links":{"self":[{"href":"https:\/\/minghanggroup.com\/fr\/wp-json\/wp\/v2\/product\/3895","targetHints":{"allow":["GET"]}}],"collection":[{"href":"https:\/\/minghanggroup.com\/fr\/wp-json\/wp\/v2\/product"}],"about":[{"href":"https:\/\/minghanggroup.com\/fr\/wp-json\/wp\/v2\/types\/product"}],"wp:featuredmedia":[{"embeddable":true,"href":"https:\/\/minghanggroup.com\/fr\/wp-json\/wp\/v2\/media\/3896"}],"wp:attachment":[{"href":"https:\/\/minghanggroup.com\/fr\/wp-json\/wp\/v2\/media?parent=3895"}],"wp:term":[{"taxonomy":"product_brand","embeddable":true,"href":"https:\/\/minghanggroup.com\/fr\/wp-json\/wp\/v2\/product_brand?post=3895"},{"taxonomy":"product_cat","embeddable":true,"href":"https:\/\/minghanggroup.com\/fr\/wp-json\/wp\/v2\/product_cat?post=3895"},{"taxonomy":"product_tag","embeddable":true,"href":"https:\/\/minghanggroup.com\/fr\/wp-json\/wp\/v2\/product_tag?post=3895"}],"curies":[{"name":"wp","href":"https:\/\/api.w.org\/{rel}","templated":true}]}}