{"id":3886,"date":"2025-12-10T11:26:51","date_gmt":"2025-12-10T03:26:51","guid":{"rendered":"https:\/\/minghanggroup.com\/?post_type=product&#038;p=3886"},"modified":"2026-01-20T13:50:01","modified_gmt":"2026-01-20T05:50:01","slug":"small-hexagon-glass-food-storage-jars-with-lids-bulk","status":"publish","type":"product","link":"https:\/\/minghanggroup.com\/fr\/produit\/small-hexagon-glass-food-storage-jars-with-lids-bulk\/","title":{"rendered":"Bocaux alimentaires hexagonaux en verre de 100 ml avec couvercles (vente en gros)"},"content":{"rendered":"<p>Ce petit bocal en verre tendance est plein de personnalit\u00e9. Fabriqu\u00e9 d&#039;une seule pi\u00e8ce de verre, il pr\u00e9sente une forme hexagonale \u00e9l\u00e9gante aux lignes \u00e9pur\u00e9es et aux angles arrondis. Un anneau m\u00e9tallique sur le couvercle \u00e0 clip assure une fermeture herm\u00e9tique.<\/p>\n<h2>Caract\u00e9ristiques du produit<\/h2>\n<ul>\n<li><strong>Conception hexagonale compacte :<\/strong> Gr\u00e2ce \u00e0 sa transparence et \u00e0 sa forme hexagonale compacte, il est possible de voir l&#039;int\u00e9rieur du r\u00e9cipient sans l&#039;ouvrir, tandis que sa forme compacte permet un gain de place.<\/li>\n<li><strong>Stable et facile \u00e0 placer :<\/strong> Une base hexagonale est utilis\u00e9e pour \u00e9viter le roulement, assurant ainsi la stabilit\u00e9.<\/li>\n<li><strong>Visibilit\u00e9 multi-angles\u00a0:<\/strong> Du fait de la forme plate du bocal, certaines personnes pourraient m\u00eame penser qu&#039;il s&#039;agit d&#039;une photo, car elles peuvent voir tr\u00e8s clairement sous diff\u00e9rents angles sans avoir \u00e0 le retourner.<\/li>\n<\/ul>\n<h2 style=\"text-align: left;\">Caract\u00e9ristiques principales<\/h2>\n<table class=\"aligncenter\" style=\"border-collapse: collapse; width: 393.77pt;\" border=\"0\" width=\"525\" cellspacing=\"0\" cellpadding=\"0\">\n<tbody>\n<tr style=\"height: 13.50pt;\">\n<td style=\"height: 13.50pt; width: 92.25pt;\" width=\"123\" height=\"18\">Sp\u00e9cification<\/td>\n<td style=\"width: 301.50pt;\" width=\"402\">D\u00e9tails<\/td>\n<\/tr>\n<tr style=\"height: 13.50pt;\">\n<td style=\"height: 13.50pt;\" height=\"18\">Capacit\u00e9<\/td>\n<td>100 ml<\/td>\n<\/tr>\n<tr style=\"height: 13.50pt;\">\n<td style=\"height: 13.50pt;\" height=\"18\">Dimensions<\/td>\n<td>5,7 \u00d7 8,7 cm<\/td>\n<\/tr>\n<tr style=\"height: 13.50pt;\">\n<td style=\"height: 13.50pt;\" height=\"18\">Pot en forme de bocal<\/td>\n<td>Hexagone<\/td>\n<\/tr>\n<tr style=\"height: 13.50pt;\">\n<td style=\"height: 13.50pt;\" height=\"18\">Mat\u00e9riel<\/td>\n<td>Verre clair<\/td>\n<\/tr>\n<tr style=\"height: 13.50pt;\">\n<td style=\"height: 13.50pt;\" height=\"18\">Type de couvercle<\/td>\n<td>Couvercle \u00e0 pince m\u00e9tallique avec anse en fil de fer<\/td>\n<\/tr>\n<tr style=\"height: 13.50pt;\">\n<td style=\"height: 13.50pt;\" height=\"18\">Id\u00e9al pour<\/td>\n<td>bocaux de conservation en verre, petits bocaux de conservation en verre<\/td>\n<\/tr>\n<\/tbody>\n<\/table>\n<h2>\u00c9tude de cas : Le succ\u00e8s du packaging d&#039;une marque de th\u00e9 haut de gamme<\/h2>\n<p>Une entreprise de th\u00e9 haut de gamme recherchait un emballage raffin\u00e9 pour sa nouvelle gamme de produits. Son choix s&#039;est port\u00e9 sur nos petits pots de conservation en verre de 100 ml avec couvercle. Le design hexagonal est devenu sa signature, entra\u00eenant une augmentation de 50 % des mentions sur les r\u00e9seaux sociaux. Les d\u00e9taillants ont constat\u00e9 une hausse de 35 % de l&#039;engagement client et de 30 % des achats impulsifs. En cons\u00e9quence, l&#039;entreprise a pass\u00e9 commande de 180\u00a0000 pots suppl\u00e9mentaires pour son expansion nationale.<\/p>\n<h2>Options de personnalisation pour les bocaux alimentaires en verre<\/h2>\n<ul>\n<li>S\u00e9rigraphie du logo de marque \u2013 Apposez un logo de marque durable sur un panneau plat.<\/li>\n<li>Marqueurs de capacit\u00e9 en relief \u2013 Tracer des lignes d&#039;\u00e9chelle l\u00e9g\u00e8rement en relief.<\/li>\n<li>Options de vitraux \u2013 Vous pouvez choisir entre du verre ambr\u00e9 ou bleu cobalt.<\/li>\n<li>Couleurs des joints en silicone \u2013 Les couleurs des joints peuvent \u00eatre adapt\u00e9es au code couleur de votre marque.<\/li>\n<\/ul>","protected":false},"excerpt":{"rendered":"<p>D\u00e9couvrez d&#039;\u00e9l\u00e9gants petits bocaux de conservation en verre avec couvercles hexagonaux \u00e9pur\u00e9s. Chaque bocal est r\u00e9sistant et \u00e9tanche. \u00c9chantillons gratuits.<\/p>","protected":false},"featured_media":3889,"template":"","meta":{"postBodyCss":"","postBodyMargin":[],"postBodyPadding":[],"postBodyBackground":{"backgroundType":"classic","gradient":""}},"product_brand":[],"product_cat":[15,17,59],"product_tag":[66],"class_list":{"0":"post-3886","1":"product","2":"type-product","3":"status-publish","4":"has-post-thumbnail","6":"product_cat-glass-containers","7":"product_cat-glass-jars","8":"product_cat-glass-storage-jars","9":"product_tag-swing-top-jars","11":"first","12":"instock","13":"shipping-taxable","14":"product-type-simple"},"jetpack_sharing_enabled":true,"_links":{"self":[{"href":"https:\/\/minghanggroup.com\/fr\/wp-json\/wp\/v2\/product\/3886","targetHints":{"allow":["GET"]}}],"collection":[{"href":"https:\/\/minghanggroup.com\/fr\/wp-json\/wp\/v2\/product"}],"about":[{"href":"https:\/\/minghanggroup.com\/fr\/wp-json\/wp\/v2\/types\/product"}],"wp:featuredmedia":[{"embeddable":true,"href":"https:\/\/minghanggroup.com\/fr\/wp-json\/wp\/v2\/media\/3889"}],"wp:attachment":[{"href":"https:\/\/minghanggroup.com\/fr\/wp-json\/wp\/v2\/media?parent=3886"}],"wp:term":[{"taxonomy":"product_brand","embeddable":true,"href":"https:\/\/minghanggroup.com\/fr\/wp-json\/wp\/v2\/product_brand?post=3886"},{"taxonomy":"product_cat","embeddable":true,"href":"https:\/\/minghanggroup.com\/fr\/wp-json\/wp\/v2\/product_cat?post=3886"},{"taxonomy":"product_tag","embeddable":true,"href":"https:\/\/minghanggroup.com\/fr\/wp-json\/wp\/v2\/product_tag?post=3886"}],"curies":[{"name":"wp","href":"https:\/\/api.w.org\/{rel}","templated":true}]}}