{"id":3885,"date":"2025-12-10T11:57:32","date_gmt":"2025-12-10T03:57:32","guid":{"rendered":"https:\/\/minghanggroup.com\/?post_type=product&#038;p=3885"},"modified":"2026-01-20T14:19:08","modified_gmt":"2026-01-20T06:19:08","slug":"thick-base-custom-water-bottle-for-beverage-wholesale","status":"publish","type":"product","link":"https:\/\/minghanggroup.com\/fr\/produit\/thick-base-custom-water-bottle-for-beverage-wholesale\/","title":{"rendered":"Bouteilles d&#039;eau personnalis\u00e9es \u00e0 fond \u00e9pais de 300 ml \u00e0 650 ml pour la vente en gros de boissons"},"content":{"rendered":"<p>D\u00e8s que vos clients la prennent en main, choisissez une bouteille qui va bien au-del\u00e0 du simple fait de contenir votre marque. Nos bouteilles d&#039;eau personnalis\u00e9es en verre offrent la combinaison parfaite de transparence, de robustesse et d&#039;options de personnalisation qui r\u00e9v\u00e8lent votre singularit\u00e9. Fabriqu\u00e9es selon des normes de production en gros, elles pr\u00e9servent la fra\u00eecheur de votre boisson et renforcent la visibilit\u00e9 de votre marque sur tous les march\u00e9s o\u00f9 vous vous implantez.<\/p>\n<h2>Caract\u00e9ristiques du produit<\/h2>\n<ul>\n<li><strong>Avantage de la grande bouche\u00a0: <\/strong>Son ouverture de 38 mm de large facilite le remplissage, le nettoyage et l&#039;ajout de fruits ou de feuilles de th\u00e9 \u2013 id\u00e9al pour votre consommation quotidienne d&#039;eau.<\/li>\n<li><strong>Stabilit\u00e9 de la base \u00e9paisse\u00a0: <\/strong>Le fond renforc\u00e9 r\u00e9siste au basculement et aux fissures pendant le transport, vos bouteilles sont donc con\u00e7ues pour une manutention en vrac pendant une longue p\u00e9riode.<\/li>\n<li><strong>Puissance de la marque personnalis\u00e9e\u00a0: <\/strong>En ajoutant votre logo ou en s\u00e9lectionnant des couleurs personnalis\u00e9es, faites de chaque bouteille d&#039;eau de 16 oz une d\u00e9claration de marque personnelle pour votre gamme de vente en gros.<\/li>\n<\/ul>\n<h2>Caract\u00e9ristiques principales<\/h2>\n<table style=\"border-collapse: collapse; width: 80%; margin-right: auto; margin-left: auto;\" border=\"0\" width=\"360\" cellspacing=\"0\" cellpadding=\"0\">\n<tbody>\n<tr style=\"height: 13.50pt;\">\n<td style=\"height: 13.5pt; width: 54pt; text-align: center;\" width=\"72\" height=\"18\">Capacit\u00e9 (ml)<\/td>\n<td style=\"width: 54pt; text-align: center;\" width=\"72\">Taille (cm)<\/td>\n<td style=\"width: 54pt; text-align: center;\" width=\"72\">Mat\u00e9riel<\/td>\n<td style=\"width: 54pt; text-align: center;\" width=\"72\">Caract\u00e9ristiques<\/td>\n<td style=\"width: 54pt; text-align: center;\" width=\"72\">Diam\u00e8tre<\/td>\n<\/tr>\n<tr style=\"height: 13.50pt;\">\n<td style=\"height: 13.5pt; text-align: center;\" align=\"right\" height=\"18\">300<\/td>\n<td style=\"text-align: center;\">6.6 * 13.7<\/td>\n<td class=\"et2\" style=\"text-align: center;\" rowspan=\"4\">Verre borosilicat\u00e9<\/td>\n<td class=\"et2\" style=\"text-align: center;\" rowspan=\"4\">Base \u00e9paisse<\/td>\n<td class=\"et2\" style=\"text-align: center;\" rowspan=\"4\">38 mm<\/td>\n<\/tr>\n<tr style=\"height: 13.50pt;\">\n<td style=\"height: 13.5pt; text-align: center;\" align=\"right\" height=\"18\">480<\/td>\n<td style=\"text-align: center;\">6.6 * 19.5<\/td>\n<\/tr>\n<tr style=\"height: 13.50pt;\">\n<td style=\"height: 13.5pt; text-align: center;\" align=\"right\" height=\"18\">550<\/td>\n<td style=\"text-align: center;\">6.6 * 22.5<\/td>\n<\/tr>\n<tr style=\"height: 13.50pt;\">\n<td style=\"height: 13.5pt; text-align: center;\" align=\"right\" height=\"18\">650<\/td>\n<td style=\"text-align: center;\">7.0 * 22.0<\/td>\n<\/tr>\n<\/tbody>\n<\/table>\n<h2>Exemple de r\u00e9ussite des bouteilles d&#039;eau personnalis\u00e9es<\/h2>\n<p>Une marque de sant\u00e9 en pleine expansion, bas\u00e9e au Colorado, s&#039;appr\u00eatait \u00e0 lancer une nouvelle gamme d&#039;eaux aromatis\u00e9es, mais ne trouvait pas de bouteille \u00e0 la hauteur de son positionnement haut de gamme. Nous avons donc renforc\u00e9 l&#039;\u00e9paule de la bouteille pour une meilleure r\u00e9sistance \u00e0 la chaleur, propos\u00e9 un bouchon \u00e9tanche sp\u00e9cialement con\u00e7u pour leur ligne d&#039;embouteillage et mis en place un syst\u00e8me de livraison mensuel r\u00e9gulier, en accord avec leur plan de distribution.<\/p>\n<p>Le client nous a indiqu\u00e9 qu&#039;en moins de deux mois, il avait obtenu une am\u00e9lioration de 27 % de la pr\u00e9sentation en rayon, \u00e9limin\u00e9 les plaintes li\u00e9es \u00e0 l&#039;emballage et pu ouvrir deux nouvelles cha\u00eenes de magasins gr\u00e2ce \u00e0 l&#039;am\u00e9lioration de l&#039;apparence et \u00e0 la fiabilit\u00e9 de l&#039;approvisionnement.<\/p>\n<h2>Vos conseils de personnalisation<\/h2>\n<p>Si vous souhaitez personnaliser cette bouteille d&#039;eau en verre, le choix d&#039;une finition d\u00e9polie, d\u00e9grad\u00e9e ou enti\u00e8rement transparente vous permettra de l&#039;harmoniser avec l&#039;identit\u00e9 de votre marque. De plus, un logo en relief sur l&#039;\u00e9paule ou le fond, associ\u00e9 \u00e0 une housse en silicone assortie \u00e0 votre logo (pour une meilleure prise en main et une identit\u00e9 visuelle renforc\u00e9e), optimisera sa visibilit\u00e9. Ces combinaisons permettront \u00e0 votre bouteille de se d\u00e9marquer et de devenir un \u00e9l\u00e9ment essentiel de votre strat\u00e9gie de marque, aussi bien en magasin qu&#039;en gros.<\/p>","protected":false},"excerpt":{"rendered":"<p>Bouteille d&#039;eau personnalis\u00e9e fabriqu\u00e9e en usine, dot\u00e9e d&#039;une large ouverture et d&#039;une base \u00e9paisse pour plus de stabilit\u00e9 ; une bouteille d&#039;eau de 473 ml (16 oz) id\u00e9ale pour les commandes en gros et la personnalisation de marque.<\/p>","protected":false},"featured_media":3893,"template":"","meta":{"postBodyCss":"","postBodyMargin":[],"postBodyPadding":[],"postBodyBackground":{"backgroundType":"classic","gradient":""}},"product_brand":[],"product_cat":[15,16,60],"product_tag":[72],"class_list":{"0":"post-3885","1":"product","2":"type-product","3":"status-publish","4":"has-post-thumbnail","6":"product_cat-glass-containers","7":"product_cat-glass-bottles","8":"product_cat-water-bottles","9":"product_tag-juice-bottles","11":"first","12":"instock","13":"shipping-taxable","14":"product-type-simple"},"jetpack_sharing_enabled":true,"_links":{"self":[{"href":"https:\/\/minghanggroup.com\/fr\/wp-json\/wp\/v2\/product\/3885","targetHints":{"allow":["GET"]}}],"collection":[{"href":"https:\/\/minghanggroup.com\/fr\/wp-json\/wp\/v2\/product"}],"about":[{"href":"https:\/\/minghanggroup.com\/fr\/wp-json\/wp\/v2\/types\/product"}],"wp:featuredmedia":[{"embeddable":true,"href":"https:\/\/minghanggroup.com\/fr\/wp-json\/wp\/v2\/media\/3893"}],"wp:attachment":[{"href":"https:\/\/minghanggroup.com\/fr\/wp-json\/wp\/v2\/media?parent=3885"}],"wp:term":[{"taxonomy":"product_brand","embeddable":true,"href":"https:\/\/minghanggroup.com\/fr\/wp-json\/wp\/v2\/product_brand?post=3885"},{"taxonomy":"product_cat","embeddable":true,"href":"https:\/\/minghanggroup.com\/fr\/wp-json\/wp\/v2\/product_cat?post=3885"},{"taxonomy":"product_tag","embeddable":true,"href":"https:\/\/minghanggroup.com\/fr\/wp-json\/wp\/v2\/product_tag?post=3885"}],"curies":[{"name":"wp","href":"https:\/\/api.w.org\/{rel}","templated":true}]}}