{"id":3879,"date":"2025-12-10T09:58:49","date_gmt":"2025-12-10T01:58:49","guid":{"rendered":"https:\/\/minghanggroup.com\/?post_type=product&#038;p=3879"},"modified":"2026-01-20T13:50:08","modified_gmt":"2026-01-20T05:50:08","slug":"small-square-glass-airtight-jars-with-clamp-lids-bulk","status":"publish","type":"product","link":"https:\/\/minghanggroup.com\/fr\/produit\/small-square-glass-airtight-jars-with-clamp-lids-bulk\/","title":{"rendered":"Petits bocaux carr\u00e9s en verre herm\u00e9tiques de 100 ml avec couvercles \u00e0 pince (vente en gros)"},"content":{"rendered":"<p>Ces bocaux en verre herm\u00e9tiques et \u00e9l\u00e9gants se distinguent parmi les nombreux bocaux en verre herm\u00e9tiques de petite contenance. Leur forme compacte, carr\u00e9e et transparente, aux bords arrondis et lisses, attire imm\u00e9diatement le regard.<\/p>\n<h2>Caract\u00e9ristiques du produit<\/h2>\n<ul>\n<li><strong>Forme carr\u00e9e peu encombrante\u00a0:<\/strong> Comme leurs c\u00f4t\u00e9s sont droits, les bocaux peuvent \u00eatre empil\u00e9s non seulement sur les \u00e9tag\u00e8res, mais aussi les uns sur les autres, ce qui permet de gagner beaucoup d&#039;espace de rangement habituellement utilis\u00e9.<\/li>\n<li><strong>Scellage:<\/strong> Un joint d&#039;\u00e9tanch\u00e9it\u00e9 en caoutchouc de haute qualit\u00e9 isole parfaitement le bocal du reste du monde, emp\u00eachant non seulement l&#039;air de p\u00e9n\u00e9trer, mais aussi l&#039;humidit\u00e9, prolongeant ainsi consid\u00e9rablement la fra\u00eecheur.<\/li>\n<li><strong>Conception \u00e0 fond plat avec une grande robustesse :<\/strong> Le fond carr\u00e9 emp\u00eache le bocal de rouler et assure ainsi une surface stable et plane.<\/li>\n<\/ul>\n<h2 style=\"text-align: left;\">Caract\u00e9ristiques principales<\/h2>\n<table class=\"aligncenter\" style=\"border-collapse: collapse; width: 338.27pt;\" border=\"0\" width=\"451\" cellspacing=\"0\" cellpadding=\"0\">\n<tbody>\n<tr style=\"height: 13.50pt;\">\n<td style=\"height: 13.50pt; width: 92.25pt;\" width=\"123\" height=\"18\">Sp\u00e9cification<\/td>\n<td style=\"width: 246.00pt;\" width=\"328\">D\u00e9tails<\/td>\n<\/tr>\n<tr style=\"height: 13.50pt;\">\n<td style=\"height: 13.50pt;\" height=\"18\">Capacit\u00e9<\/td>\n<td>100 ml<\/td>\n<\/tr>\n<tr style=\"height: 13.50pt;\">\n<td style=\"height: 13.50pt;\" height=\"18\">Dimensions<\/td>\n<td>5,1 \u00d7 7,9 cm<\/td>\n<\/tr>\n<tr style=\"height: 13.50pt;\">\n<td style=\"height: 13.50pt;\" height=\"18\">Mat\u00e9riel<\/td>\n<td>Verre clair<\/td>\n<\/tr>\n<tr style=\"height: 13.50pt;\">\n<td style=\"height: 13.50pt;\" height=\"18\">Pot en forme de bocal<\/td>\n<td>Carr\u00e9 \u00e0 coins arrondis<\/td>\n<\/tr>\n<tr style=\"height: 13.50pt;\">\n<td style=\"height: 13.50pt;\" height=\"18\">Type de couvercle<\/td>\n<td>Couvercle \u00e0 pince m\u00e9tallique avec anse en fil de fer<\/td>\n<\/tr>\n<tr style=\"height: 13.50pt;\">\n<td style=\"height: 13.50pt;\" height=\"18\">Id\u00e9al pour<\/td>\n<td>Petits bocaux herm\u00e9tiques, bocaux en verre herm\u00e9tiques<\/td>\n<\/tr>\n<\/tbody>\n<\/table>\n<h2>\u00c9tude de cas\u00a0: Am\u00e9lioration de l\u2019emballage d\u2019une entreprise sp\u00e9cialis\u00e9e dans les ar\u00f4mes<\/h2>\n<p>Une entreprise sp\u00e9cialis\u00e9e dans les ar\u00f4mes exclusifs recherchait des emballages originaux pour ses nouvelles gammes de produits. Elle a finalement opt\u00e9 pour nos pots en verre herm\u00e9tiques de 100 ml, s\u00e9duite par leur format compact et leur conception peu encombrante. L&#039;\u00e9l\u00e9ment d\u00e9cisif\u00a0? L&#039;\u00e9tanch\u00e9it\u00e9 parfaite. Gr\u00e2ce \u00e0 elle, la dur\u00e9e de conservation a \u00e9t\u00e9 prolong\u00e9e de 40\u00a0% par rapport \u00e0 leurs emballages pr\u00e9c\u00e9dents. Le format carr\u00e9 a permis d&#039;optimiser l&#039;espace de vente de 25\u00a0% pour la pr\u00e9sentation des produits, et la robustesse du verre a r\u00e9duit de 20\u00a0% le taux de casse pendant le transport. En cons\u00e9quence, l&#039;entreprise a pass\u00e9 commande de 200\u00a0000 pots suppl\u00e9mentaires destin\u00e9s au lancement de ses produits \u00e0 travers le pays.<\/p>\n<h2>Options de bocaux herm\u00e9tiques en verre personnalis\u00e9s<\/h2>\n<ul>\n<li>Finition panneau d\u00e9poli \u2013 Produit un aspect mat sur les c\u00f4t\u00e9s altern\u00e9s<\/li>\n<li>Logo s\u00e9rigraphi\u00e9 \u2013 Imprime un logo durable sur les panneaux lat\u00e9raux plats<\/li>\n<li>Choix de vitraux\u00a0: verre ambr\u00e9 ou bleu cobalt.<\/li>\n<li>Variations d&#039;arrondi des bords \u2013 Modifiez le rayon d&#039;arrondi \u00e0 diff\u00e9rents niveaux<\/li>\n<\/ul>","protected":false},"excerpt":{"rendered":"<p>D\u00e9couvrez nos bocaux en verre compacts et herm\u00e9tiques, au design carr\u00e9 et \u00e9l\u00e9gant. Nos petits bocaux en verre herm\u00e9tiques pr\u00e9servent parfaitement la fra\u00eecheur de vos aliments et b\u00e9n\u00e9ficient d&#039;une livraison rapide.<\/p>","protected":false},"featured_media":3881,"template":"","meta":{"postBodyCss":"","postBodyMargin":[],"postBodyPadding":[],"postBodyBackground":{"backgroundType":"classic","gradient":""}},"product_brand":[],"product_cat":[15,17,59],"product_tag":[66],"class_list":{"0":"post-3879","1":"product","2":"type-product","3":"status-publish","4":"has-post-thumbnail","6":"product_cat-glass-containers","7":"product_cat-glass-jars","8":"product_cat-glass-storage-jars","9":"product_tag-swing-top-jars","11":"first","12":"instock","13":"shipping-taxable","14":"product-type-simple"},"jetpack_sharing_enabled":true,"_links":{"self":[{"href":"https:\/\/minghanggroup.com\/fr\/wp-json\/wp\/v2\/product\/3879","targetHints":{"allow":["GET"]}}],"collection":[{"href":"https:\/\/minghanggroup.com\/fr\/wp-json\/wp\/v2\/product"}],"about":[{"href":"https:\/\/minghanggroup.com\/fr\/wp-json\/wp\/v2\/types\/product"}],"wp:featuredmedia":[{"embeddable":true,"href":"https:\/\/minghanggroup.com\/fr\/wp-json\/wp\/v2\/media\/3881"}],"wp:attachment":[{"href":"https:\/\/minghanggroup.com\/fr\/wp-json\/wp\/v2\/media?parent=3879"}],"wp:term":[{"taxonomy":"product_brand","embeddable":true,"href":"https:\/\/minghanggroup.com\/fr\/wp-json\/wp\/v2\/product_brand?post=3879"},{"taxonomy":"product_cat","embeddable":true,"href":"https:\/\/minghanggroup.com\/fr\/wp-json\/wp\/v2\/product_cat?post=3879"},{"taxonomy":"product_tag","embeddable":true,"href":"https:\/\/minghanggroup.com\/fr\/wp-json\/wp\/v2\/product_tag?post=3879"}],"curies":[{"name":"wp","href":"https:\/\/api.w.org\/{rel}","templated":true}]}}