{"id":3866,"date":"2025-12-09T11:23:07","date_gmt":"2025-12-09T03:23:07","guid":{"rendered":"https:\/\/minghanggroup.com\/?post_type=product&#038;p=3866"},"modified":"2026-01-20T14:16:59","modified_gmt":"2026-01-20T06:16:59","slug":"custom-glass-water-bottle-storage-with-infuser-for-drinking-wholesale","status":"publish","type":"product","link":"https:\/\/minghanggroup.com\/fr\/produit\/custom-glass-water-bottle-storage-with-infuser-for-drinking-wholesale\/","title":{"rendered":"Bouteille d&#039;eau en verre personnalis\u00e9e de 450 ml et 550 ml avec infuseur pour la consommation en gros"},"content":{"rendered":"<p>Arr\u00eatez d&#039;utiliser des bouteilles d&#039;eau bon march\u00e9 et sans charme, de qualit\u00e9 inf\u00e9rieure \u00e0 celle de votre marque. Nous fabriquons des bouteilles d&#039;eau en verre haut de gamme qui non seulement pr\u00e9servent la fra\u00eecheur de votre eau, mais transforment aussi votre hydratation en une exp\u00e9rience \u00e9l\u00e9gante et pratique. Ce ne sont pas de simples bouteilles, mais le nouvel atout de votre marque pour une hydratation optimale.<\/p>\n<h2>Caract\u00e9ristiques du produit<\/h2>\n<ul>\n<li><strong>Infuseur \u00e0 th\u00e9 int\u00e9gr\u00e9\u00a0:<\/strong> L&#039;infuseur \u00e0 th\u00e9 amovible en acier inoxydable vous permet de pr\u00e9parer facilement des tisanes, des infusions de fruits ou de l&#039;eau aromatis\u00e9e sans les inconv\u00e9nients des passoires salissantes.<\/li>\n<li><strong>Construction durable :<\/strong> Ce produit est fabriqu\u00e9 en verre borosilicate durable, compatible avec le lave-vaisselle, le cong\u00e9lateur et r\u00e9sistant aux chocs thermiques ; il peut donc \u00eatre utilis\u00e9 pendant longtemps.<\/li>\n<li><strong>Conception polyvalente\u00a0:<\/strong> L&#039;ouverture de 28 mm s&#039;adapte aux couvercles standard et permet en m\u00eame temps l&#039;utilisation de votre infuseur pr\u00e9f\u00e9r\u00e9 ; elle est donc id\u00e9ale \u00e0 la fois pour le rangement des bouteilles d&#039;eau et pour une utilisation quotidienne.<\/li>\n<\/ul>\n<h2>Caract\u00e9ristiques principales<\/h2>\n<table style=\"border-collapse: collapse; width: 80%; margin-right: auto; margin-left: auto;\" border=\"0\" width=\"360\" cellspacing=\"0\" cellpadding=\"0\">\n<tbody>\n<tr style=\"height: 13.50pt;\">\n<td style=\"height: 13.5pt; width: 54pt; text-align: center;\" width=\"72\" height=\"18\">Capacit\u00e9 (ml)<\/td>\n<td style=\"width: 54pt; text-align: center;\" width=\"72\">Taille (cm)<\/td>\n<td style=\"width: 54pt; text-align: center;\" width=\"72\">Diam\u00e8tre<\/td>\n<td style=\"width: 54pt; text-align: center;\" width=\"72\">Mat\u00e9riel<\/td>\n<td style=\"width: 54pt; text-align: center;\" width=\"72\">Infuser Type<\/td>\n<\/tr>\n<tr style=\"height: 13.50pt;\">\n<td style=\"height: 13.5pt; text-align: center;\" align=\"right\" height=\"18\">550<\/td>\n<td style=\"text-align: center;\">6,5 x 23,5<\/td>\n<td class=\"et2\" style=\"text-align: center;\" rowspan=\"2\">28 mm<\/td>\n<td class=\"et2\" style=\"text-align: center;\" rowspan=\"2\">borosilicate<\/td>\n<td class=\"et2\" style=\"text-align: center;\" rowspan=\"2\">Acier inoxydable<\/td>\n<\/tr>\n<tr style=\"height: 13.50pt;\">\n<td style=\"height: 13.5pt; text-align: center;\" align=\"right\" height=\"18\">450<\/td>\n<td style=\"text-align: center;\">5,6 x 24,6<\/td>\n<\/tr>\n<\/tbody>\n<\/table>\n<h2>Cas de r\u00e9ussite<\/h2>\n<p>Une marque canadienne de boissons sant\u00e9 nous a contact\u00e9s apr\u00e8s avoir annonc\u00e9 son intention de lancer une gamme de th\u00e9s pratiques, adapt\u00e9s aussi bien au bureau qu&#039;aux s\u00e9ances de yoga. Conform\u00e9ment \u00e0 leur positionnement produit, nous avons opt\u00e9 pour cette bouteille d&#039;eau en verre avec infuseur int\u00e9gr\u00e9, ainsi que pour les manchons color\u00e9s de la marque et un emballage personnalis\u00e9 avec son logo.<\/p>\n<p>La marque nous a inform\u00e9s que la conception professionnelle de l&#039;infuseur \u00e0 th\u00e9 de la bouteille \u00e9tait le principal facteur qui rendait le produit indispensable et, par cons\u00e9quent, ils ont pu obtenir des commandes de trois cha\u00eenes de studios de yoga.<\/p>\n<h2>Vos conseils de personnalisation<\/h2>\n<p>Nous sommes en mesure de personnaliser de mani\u00e8re tr\u00e8s flexible la capacit\u00e9 de la bouteille, la densit\u00e9 du filtre \u00e0 th\u00e9, la couleur du joint en silicone, le mat\u00e9riau du bouchon et le style de l&#039;emballage, en fonction du positionnement de la marque. De plus, diff\u00e9rents proc\u00e9d\u00e9s comme la s\u00e9rigraphie, le marquage \u00e0 chaud ou le d\u00e9polissage peuvent \u00eatre appliqu\u00e9s \u00e0 la surface du verre pour rendre l&#039;exp\u00e9rience produit encore plus unique.<\/p>\n<p>Si vous souhaitez accro\u00eetre votre notori\u00e9t\u00e9 sur le march\u00e9, nous serions ravis de vous proposer un d\u00e9veloppement de moules sur mesure afin que la forme de la bouteille r\u00e9ponde mieux aux besoins esth\u00e9tiques de l&#039;entreprise et \u00e0 sa strat\u00e9gie marketing.<\/p>","protected":false},"excerpt":{"rendered":"<p>Infuseur pour bouteille d&#039;eau durable, id\u00e9al pour conserver l&#039;eau dans votre bouteille. Propos\u00e9 par un fournisseur direct d&#039;usine. Vente en gros et personnalisation possibles. \u00c9chantillon gratuit.<\/p>","protected":false},"featured_media":3870,"template":"","meta":{"postBodyCss":"","postBodyMargin":[],"postBodyPadding":[],"postBodyBackground":{"backgroundType":"classic","gradient":""}},"product_brand":[],"product_cat":[15,16,60],"product_tag":[72],"class_list":{"0":"post-3866","1":"product","2":"type-product","3":"status-publish","4":"has-post-thumbnail","6":"product_cat-glass-containers","7":"product_cat-glass-bottles","8":"product_cat-water-bottles","9":"product_tag-juice-bottles","11":"first","12":"instock","13":"shipping-taxable","14":"product-type-simple"},"jetpack_sharing_enabled":true,"_links":{"self":[{"href":"https:\/\/minghanggroup.com\/fr\/wp-json\/wp\/v2\/product\/3866","targetHints":{"allow":["GET"]}}],"collection":[{"href":"https:\/\/minghanggroup.com\/fr\/wp-json\/wp\/v2\/product"}],"about":[{"href":"https:\/\/minghanggroup.com\/fr\/wp-json\/wp\/v2\/types\/product"}],"wp:featuredmedia":[{"embeddable":true,"href":"https:\/\/minghanggroup.com\/fr\/wp-json\/wp\/v2\/media\/3870"}],"wp:attachment":[{"href":"https:\/\/minghanggroup.com\/fr\/wp-json\/wp\/v2\/media?parent=3866"}],"wp:term":[{"taxonomy":"product_brand","embeddable":true,"href":"https:\/\/minghanggroup.com\/fr\/wp-json\/wp\/v2\/product_brand?post=3866"},{"taxonomy":"product_cat","embeddable":true,"href":"https:\/\/minghanggroup.com\/fr\/wp-json\/wp\/v2\/product_cat?post=3866"},{"taxonomy":"product_tag","embeddable":true,"href":"https:\/\/minghanggroup.com\/fr\/wp-json\/wp\/v2\/product_tag?post=3866"}],"curies":[{"name":"wp","href":"https:\/\/api.w.org\/{rel}","templated":true}]}}