{"id":3858,"date":"2025-12-08T11:52:43","date_gmt":"2025-12-08T03:52:43","guid":{"rendered":"https:\/\/minghanggroup.com\/?post_type=product&#038;p=3858"},"modified":"2026-01-20T13:50:27","modified_gmt":"2026-01-20T05:50:27","slug":"bulk-empty-clear-large-glass-storage-jars-with-lids","status":"publish","type":"product","link":"https:\/\/minghanggroup.com\/fr\/produit\/bulk-empty-clear-large-glass-storage-jars-with-lids\/","title":{"rendered":"Bocaux de conservation en verre transparent vides, grands formats, avec couvercles, 64 oz et 100 oz."},"content":{"rendered":"<p>Ces grands bocaux de conservation en verre transparent, d&#039;une grande capacit\u00e9, pr\u00e9sentent une forme cylindrique et \u00e9lanc\u00e9e tr\u00e8s tendance. Chaque bocal est muni d&#039;un couvercle m\u00e9tallique \u00e0 clipser. Ces bocaux allient grande capacit\u00e9 et style moderne et \u00e9l\u00e9gant.<\/p>\n<h2>Caract\u00e9ristiques du produit<\/h2>\n<ul>\n<li><strong>Grande capacit\u00e9 :<\/strong> Ce sont des bocaux de 2 \u00e0 3 litres pouvant contenir un grand nombre d&#039;objets et permettant ainsi de garder la maison propre et rang\u00e9e.<\/li>\n<li><strong>Scellage parfait :<\/strong> Les joints d&#039;\u00e9tanch\u00e9it\u00e9 en caoutchouc \u00e9pais rendent les bocaux herm\u00e9tiques et les prot\u00e8gent des attaques d&#039;insectes.<\/li>\n<li><strong>Fond s\u00e9curis\u00e9 :<\/strong> La large base du bocal lui permet de tenir debout m\u00eame lorsqu&#039;il est plein, sans risque de chute.<\/li>\n<\/ul>\n<h2 style=\"text-align: left;\">Caract\u00e9ristiques principales<\/h2>\n<table class=\"aligncenter\" style=\"border-collapse: collapse; width: 378.77pt;\" border=\"0\" width=\"505\" cellspacing=\"0\" cellpadding=\"0\">\n<tbody>\n<tr style=\"height: 13.50pt;\">\n<td style=\"height: 13.50pt; width: 90.00pt;\" width=\"120\" height=\"18\">Sp\u00e9cification<\/td>\n<td style=\"width: 288.75pt;\" width=\"385\">D\u00e9tails<\/td>\n<\/tr>\n<tr style=\"height: 13.50pt;\">\n<td style=\"height: 13.50pt;\" height=\"18\">Capacit\u00e9<\/td>\n<td>2000 ml (64 oz) \/ 3000 ml (100 oz)<\/td>\n<\/tr>\n<tr style=\"height: 13.50pt;\">\n<td style=\"height: 13.50pt;\" height=\"18\">Dimensions<\/td>\n<td>12,7 \u00d7 25,3 cm \/ 14,5 \u00d7 26,5 cm<\/td>\n<\/tr>\n<tr style=\"height: 13.50pt;\">\n<td style=\"height: 13.50pt;\" height=\"18\">Mat\u00e9riel<\/td>\n<td>Verre \u00e9pais et transparent<\/td>\n<\/tr>\n<tr style=\"height: 13.50pt;\">\n<td style=\"height: 13.50pt;\" height=\"18\">Type de couvercle<\/td>\n<td>Couvercle \u00e0 pince m\u00e9tallique avec anse en fil de fer<\/td>\n<\/tr>\n<tr style=\"height: 13.50pt;\">\n<td style=\"height: 13.50pt;\" height=\"18\">Id\u00e9al pour<\/td>\n<td>Grands bocaux de conservation en verre, bocaux en verre avec couvercles<\/td>\n<\/tr>\n<\/tbody>\n<\/table>\n<h2>T\u00e9moignage de r\u00e9ussite : Comment une boulangerie a surmont\u00e9 son d\u00e9fi de stockage d&#039;ingr\u00e9dients en vrac<\/h2>\n<p>Une grande boulangerie industrielle se trouvait dans une situation critique et devait trouver une solution de stockage adapt\u00e9e \u00e0 ses stocks de farine et de sucre. Elle a opt\u00e9 pour nos bocaux de conservation en verre de 3\u00a0000 ml, offrant une grande capacit\u00e9 pour ses ingr\u00e9dients. L&#039;avantage principal de ces bocaux r\u00e9side dans leur fermeture herm\u00e9tique\u00a0: la dur\u00e9e de conservation de la farine a \u00e9t\u00e9 prolong\u00e9e de 60\u00a0% et tout risque de contamination a \u00e9t\u00e9 totalement \u00e9limin\u00e9. De plus, gr\u00e2ce \u00e0 leur grande capacit\u00e9, la fr\u00e9quence de r\u00e9approvisionnement a \u00e9t\u00e9 r\u00e9duite de 70\u00a0%, ce qui a permis un gain de temps consid\u00e9rable. Constatant ces r\u00e9sultats, la boulangerie a pass\u00e9 une commande unique de 25\u00a0000 bocaux afin d&#039;uniformiser le syst\u00e8me de stockage dans tous ses points de vente.<\/p>\n<h2>Options personnalis\u00e9es pour les grands bocaux de rangement en verre<\/h2>\n<ul>\n<li>Graduations de capacit\u00e9 en relief \u2013 Ajoutez des graduations permanentes en relief pour un contr\u00f4le facile des portions<\/li>\n<li>\u00c9tiquettes s\u00e9rigraphi\u00e9es \u2013 Logos de marque grands et r\u00e9sistants, imprim\u00e9s \u00e0 l&#039;encre c\u00e9ramique<\/li>\n<li>Fond renforc\u00e9 \u2013 Le fond en verre est \u00e9paissi pour supporter des articles plus lourds comme la farine ou les c\u00e9r\u00e9ales.<\/li>\n<li>Finitions personnalis\u00e9es pour les colliers de serrage \u2013 Vous pouvez choisir des colliers de serrage noirs, en bronze ou en acier inoxydable.<\/li>\n<\/ul>\n<p>Pr\u00eat \u00e0 optimiser votre stockage en vrac\u00a0? B\u00e9n\u00e9ficiez de tarifs de gros pour ces bocaux de rangement en verre grande capacit\u00e9 avec couvercles en nous contactant d\u00e8s aujourd\u2019hui.<\/p>","protected":false},"excerpt":{"rendered":"<p>Bocaux de conservation en verre \u00e9l\u00e9gants et pratiques, de grande taille, avec couvercles \u00e0 clip. Bocaux en verre de haute qualit\u00e9 avec couvercles, \u00e0 prix direct usine.<\/p>","protected":false},"featured_media":3862,"template":"","meta":{"postBodyCss":"","postBodyMargin":[],"postBodyPadding":[],"postBodyBackground":{"backgroundType":"classic","gradient":""}},"product_brand":[],"product_cat":[15,17,59],"product_tag":[66],"class_list":{"0":"post-3858","1":"product","2":"type-product","3":"status-publish","4":"has-post-thumbnail","6":"product_cat-glass-containers","7":"product_cat-glass-jars","8":"product_cat-glass-storage-jars","9":"product_tag-swing-top-jars","11":"first","12":"instock","13":"shipping-taxable","14":"product-type-simple"},"jetpack_sharing_enabled":true,"_links":{"self":[{"href":"https:\/\/minghanggroup.com\/fr\/wp-json\/wp\/v2\/product\/3858","targetHints":{"allow":["GET"]}}],"collection":[{"href":"https:\/\/minghanggroup.com\/fr\/wp-json\/wp\/v2\/product"}],"about":[{"href":"https:\/\/minghanggroup.com\/fr\/wp-json\/wp\/v2\/types\/product"}],"wp:featuredmedia":[{"embeddable":true,"href":"https:\/\/minghanggroup.com\/fr\/wp-json\/wp\/v2\/media\/3862"}],"wp:attachment":[{"href":"https:\/\/minghanggroup.com\/fr\/wp-json\/wp\/v2\/media?parent=3858"}],"wp:term":[{"taxonomy":"product_brand","embeddable":true,"href":"https:\/\/minghanggroup.com\/fr\/wp-json\/wp\/v2\/product_brand?post=3858"},{"taxonomy":"product_cat","embeddable":true,"href":"https:\/\/minghanggroup.com\/fr\/wp-json\/wp\/v2\/product_cat?post=3858"},{"taxonomy":"product_tag","embeddable":true,"href":"https:\/\/minghanggroup.com\/fr\/wp-json\/wp\/v2\/product_tag?post=3858"}],"curies":[{"name":"wp","href":"https:\/\/api.w.org\/{rel}","templated":true}]}}