{"id":3850,"date":"2025-12-08T11:41:48","date_gmt":"2025-12-08T03:41:48","guid":{"rendered":"https:\/\/minghanggroup.com\/?post_type=product&#038;p=3850"},"modified":"2026-01-20T14:18:00","modified_gmt":"2026-01-20T06:18:00","slug":"custom-clear-water-bottle-with-sleeve-for-branding-bulk","status":"publish","type":"product","link":"https:\/\/minghanggroup.com\/fr\/produit\/custom-clear-water-bottle-with-sleeve-for-branding-bulk\/","title":{"rendered":"Bouteilles d&#039;eau transparentes personnalis\u00e9es de 550 ml \u00e0 1000 ml avec manchon pour marquage en gros"},"content":{"rendered":"<p>Arr\u00eatez de vous contenter de bouteilles en plastique sans charme qui nuisent \u00e0 l&#039;image de votre marque. Nous fabriquons des bouteilles d&#039;eau en verre haut de gamme qui allient style et praticit\u00e9, tout en pr\u00e9servant la fra\u00eecheur de votre eau. En r\u00e9alit\u00e9, ces bouteilles sont le nouvel atout de votre marque pour une hydratation optimale.<\/p>\n<h2>Caract\u00e9ristiques du produit<\/h2>\n<ol>\n<li><strong>Compatibilit\u00e9 universelle\u00a0: <\/strong>Un col filet\u00e9 de 38 mm de n&#039;importe quel couvercle standard s&#039;adapte, il est donc tr\u00e8s simple de personnaliser une bouteille d&#039;eau en verre r\u00e9utilisable avec un couvercle en acier inoxydable ou un manchon en silicone.<\/li>\n<li><strong>Construction durable : <\/strong>Fabriqu\u00e9 en verre borosilicate robuste, ce produit passe au lave-vaisselle, au cong\u00e9lateur et r\u00e9siste aux chocs thermiques, ce qui lui permet d&#039;\u00eatre utilis\u00e9 pendant longtemps.<\/li>\n<li><strong>Tailles polyvalentes\u00a0: <\/strong>Les diff\u00e9rentes tailles (550 ml \u00e0 1000 ml) conviennent \u00e0 tous vos besoins d&#039;hydratation, que ce soit au bureau ou lors d&#039;activit\u00e9s en plein air, elles sont donc parfaites pour les bouteilles d&#039;eau en grande quantit\u00e9.<\/li>\n<\/ol>\n<h2>Caract\u00e9ristiques principales<\/h2>\n<table style=\"border-collapse: collapse; width: 80%; marginh-left: auto; margin-right: auto;\" border=\"0\" width=\"360\" cellspacing=\"0\" cellpadding=\"0\">\n<tbody>\n<tr style=\"height: 13.50pt;\">\n<td style=\"height: 13.5pt; width: 54pt; text-align: center;\" width=\"72\" height=\"18\">Capacit\u00e9 (ml)<\/td>\n<td style=\"width: 54pt; text-align: center;\" width=\"72\">Taille (cm)<\/td>\n<td style=\"width: 54pt; text-align: center;\" width=\"72\">Diam\u00e8tre<\/td>\n<td style=\"width: 54pt; text-align: center;\" width=\"72\">Mat\u00e9riel<\/td>\n<td style=\"width: 54pt; text-align: center;\" width=\"72\">Accessoires<\/td>\n<\/tr>\n<tr style=\"height: 13.50pt;\">\n<td style=\"height: 13.5pt; text-align: center;\" align=\"right\" height=\"18\">550<\/td>\n<td style=\"text-align: center;\">6,6 \u00d7 23,0<\/td>\n<td class=\"et2\" style=\"text-align: center;\" rowspan=\"3\">38 mm<\/td>\n<td class=\"et2\" style=\"text-align: center;\" rowspan=\"3\">borosilicate<\/td>\n<td class=\"et2\" style=\"text-align: center;\" rowspan=\"3\">\u00c9tui de protection, paille, porte-gobelet, cordon portable<\/td>\n<\/tr>\n<tr style=\"height: 13.50pt;\">\n<td style=\"height: 13.5pt; text-align: center;\" align=\"right\" height=\"18\">750<\/td>\n<td style=\"text-align: center;\">7,0 \u00d7 27,2<\/td>\n<\/tr>\n<tr style=\"height: 13.50pt;\">\n<td style=\"height: 13.5pt; text-align: center;\" align=\"right\" height=\"18\">1000<\/td>\n<td style=\"text-align: center;\">7,9 \u00d7 29,1<\/td>\n<\/tr>\n<\/tbody>\n<\/table>\n<h2>Succ\u00e8s des bouteilles d&#039;eau transparentes<\/h2>\n<p>Une marque canadienne de boissons saines du secteur des aliments naturels souhaitait une bouteille d&#039;eau transparente qui refl\u00e8te visuellement son concept \u00ab\u00a0pur et naturel\u00a0\u00bb lors de la r\u00e9novation de ses points de vente. Nous leur avons fourni une bouteille parfaitement transparente, conforme aux normes alimentaires, et ils ont pu \u00e9couler rapidement leur premier stock gr\u00e2ce \u00e0 la vente en gros. La marque a ainsi pu effectuer une transition en douceur avant le lancement de son nouveau produit.<\/p>\n<p>Suite au lancement, l&#039;\u00e9l\u00e9gante bouteille d&#039;eau en verre a renforc\u00e9 l&#039;attrait du produit sur le lieu de vente, et le client a effectu\u00e9 un deuxi\u00e8me achat en deux mois.<\/p>\n<h2>Vos conseils de personnalisation<\/h2>\n<p>Le volume et la hauteur de la bouteille peuvent \u00eatre adapt\u00e9s au positionnement de la marque pour une pr\u00e9sentation plus homog\u00e8ne en rayon\u00a0; de m\u00eame, diff\u00e9rentes couleurs de plaquage m\u00e9tallique sont disponibles pour s\u2019harmoniser avec le style de la boisson\u00a0; pour une meilleure prise en main, un manchon antid\u00e9rapant en silicone et la personnalisation du logo sont propos\u00e9s\u00a0; enfin, le verre peut \u00eatre tremp\u00e9 et son \u00e9paisseur modulable pour le transport frigorifique ou les emballages haut de gamme.<\/p>","protected":false},"excerpt":{"rendered":"<p>Bouteille d&#039;eau transparente avec manchon personnalisable ; approvisionnement direct d&#039;usine et prix de gros avantageux pour les acheteurs en gros \u00e0 la recherche d&#039;une solution fiable en mati\u00e8re de bouteilles d&#039;eau.<\/p>","protected":false},"featured_media":3851,"template":"","meta":{"postBodyCss":"","postBodyMargin":[],"postBodyPadding":[],"postBodyBackground":{"backgroundType":"classic","gradient":""}},"product_brand":[],"product_cat":[15,16,60],"product_tag":[72],"class_list":{"0":"post-3850","1":"product","2":"type-product","3":"status-publish","4":"has-post-thumbnail","6":"product_cat-glass-containers","7":"product_cat-glass-bottles","8":"product_cat-water-bottles","9":"product_tag-juice-bottles","11":"first","12":"instock","13":"shipping-taxable","14":"product-type-simple"},"jetpack_sharing_enabled":true,"_links":{"self":[{"href":"https:\/\/minghanggroup.com\/fr\/wp-json\/wp\/v2\/product\/3850","targetHints":{"allow":["GET"]}}],"collection":[{"href":"https:\/\/minghanggroup.com\/fr\/wp-json\/wp\/v2\/product"}],"about":[{"href":"https:\/\/minghanggroup.com\/fr\/wp-json\/wp\/v2\/types\/product"}],"wp:featuredmedia":[{"embeddable":true,"href":"https:\/\/minghanggroup.com\/fr\/wp-json\/wp\/v2\/media\/3851"}],"wp:attachment":[{"href":"https:\/\/minghanggroup.com\/fr\/wp-json\/wp\/v2\/media?parent=3850"}],"wp:term":[{"taxonomy":"product_brand","embeddable":true,"href":"https:\/\/minghanggroup.com\/fr\/wp-json\/wp\/v2\/product_brand?post=3850"},{"taxonomy":"product_cat","embeddable":true,"href":"https:\/\/minghanggroup.com\/fr\/wp-json\/wp\/v2\/product_cat?post=3850"},{"taxonomy":"product_tag","embeddable":true,"href":"https:\/\/minghanggroup.com\/fr\/wp-json\/wp\/v2\/product_tag?post=3850"}],"curies":[{"name":"wp","href":"https:\/\/api.w.org\/{rel}","templated":true}]}}