{"id":3843,"date":"2025-12-05T11:54:26","date_gmt":"2025-12-05T03:54:26","guid":{"rendered":"https:\/\/minghanggroup.com\/?post_type=product&#038;p=3843"},"modified":"2026-01-20T14:18:29","modified_gmt":"2026-01-20T06:18:29","slug":"custom-water-bottles-for-beverage-brands-wholesale","status":"publish","type":"product","link":"https:\/\/minghanggroup.com\/fr\/produit\/custom-water-bottles-for-beverage-brands-wholesale\/","title":{"rendered":"Bouteilles d&#039;eau personnalis\u00e9es de 280 ml \u00e0 1000 ml pour les marques de boissons (vente en gros)"},"content":{"rendered":"<p>Arr\u00eatez d&#039;utiliser des bouteilles en plastique, non seulement ennuyeuses, mais qui nuisent aussi \u00e0 l&#039;image de votre marque. Nous fabriquons des bouteilles d&#039;eau en verre personnalis\u00e9es qui allient style et praticit\u00e9, tout en pr\u00e9servant la fra\u00eecheur de votre eau. Bien plus que de simples bouteilles, elles constituent le nouvel atout de votre marque pour une hydratation optimale.<\/p>\n<h2>Caract\u00e9ristiques du produit<\/h2>\n<ol>\n<li><strong>Clart\u00e9 cristalline : <\/strong>Le verre borosilicate transparent permet de voir le niveau d&#039;eau \u00e0 distance, ce qui est n\u00e9cessaire pour l&#039;apport hydrique quotidien.<\/li>\n<li><strong>Compatibilit\u00e9 universelle\u00a0: <\/strong>Le col filet\u00e9 de 28 mm est compatible avec tous les couvercles standard, ce qui permet de le personnaliser facilement avec un couvercle en acier inoxydable ou un manchon en silicone pour votre bouteille d&#039;eau r\u00e9utilisable en verre.<\/li>\n<li><strong>Construction durable : <\/strong>Ce produit est fabriqu\u00e9 en verre borosilicate robuste et durable, compatible avec le lave-vaisselle, le cong\u00e9lateur et r\u00e9sistant aux chocs thermiques, ce qui lui assure une longue dur\u00e9e de vie.<\/li>\n<li><strong>Tailles polyvalentes\u00a0: <\/strong>Une poign\u00e9e de capacit\u00e9s (280 ml \u00e0 1000 ml) couvrent tous vos besoins en hydratation, que ce soit pour une utilisation au bureau ou pour des activit\u00e9s en plein air ; ce sont donc les bouteilles d&#039;eau en vrac parfaites.<\/li>\n<\/ol>\n<h2>Caract\u00e9ristiques principales<\/h2>\n<table style=\"border-collapse: collapse; width: 80%; margin-right: auto; margin-left: auto;\" border=\"0\" width=\"288\" cellspacing=\"0\" cellpadding=\"0\">\n<tbody>\n<tr style=\"height: 13.50pt;\">\n<td style=\"height: 13.5pt; width: 54pt; text-align: center;\" width=\"72\" height=\"18\">Capacit\u00e9 (ml)<\/td>\n<td style=\"width: 54pt; text-align: center;\" width=\"72\">Taille (cm)<\/td>\n<td style=\"width: 54pt; text-align: center;\" width=\"72\">Diam\u00e8tre (mm)<\/td>\n<td style=\"width: 54pt; text-align: center;\" width=\"72\">Mat\u00e9riel<\/td>\n<\/tr>\n<tr style=\"height: 13.50pt;\">\n<td style=\"height: 13.5pt; text-align: center;\" align=\"right\" height=\"18\">280<\/td>\n<td style=\"text-align: center;\">5,5 x 17,5<\/td>\n<td class=\"et2\" style=\"text-align: center;\" rowspan=\"6\">28<\/td>\n<td class=\"et2\" style=\"text-align: center;\" rowspan=\"6\">borosilicate<\/td>\n<\/tr>\n<tr style=\"height: 13.50pt;\">\n<td style=\"height: 13.5pt; text-align: center;\" align=\"right\" height=\"18\">360<\/td>\n<td style=\"text-align: center;\">6,0 x 19,0<\/td>\n<\/tr>\n<tr style=\"height: 13.50pt;\">\n<td style=\"height: 13.5pt; text-align: center;\" align=\"right\" height=\"18\">450<\/td>\n<td style=\"text-align: center;\">6,6 x 21,5<\/td>\n<\/tr>\n<tr style=\"height: 13.50pt;\">\n<td style=\"height: 13.5pt; text-align: center;\" align=\"right\" height=\"18\">550<\/td>\n<td style=\"text-align: center;\">6,6 x 22,5<\/td>\n<\/tr>\n<tr style=\"height: 13.50pt;\">\n<td style=\"height: 13.5pt; text-align: center;\" align=\"right\" height=\"18\">750<\/td>\n<td style=\"text-align: center;\">7,0 x 25,9<\/td>\n<\/tr>\n<tr style=\"height: 13.50pt;\">\n<td style=\"height: 13.5pt; text-align: center;\" align=\"right\" height=\"18\">1000<\/td>\n<td style=\"text-align: center;\">7,9 x 27,8<\/td>\n<\/tr>\n<\/tbody>\n<\/table>\n<h2>Cas de r\u00e9ussite<\/h2>\n<p>Une marque de boissons ind\u00e9pendante a choisi de collaborer avec nous pour la personnalisation de ses bouteilles d&#039;eau en vrac \u00e0 l&#039;occasion du lancement de son nouveau soda. Leur priorit\u00e9 \u00e9tait de mettre leur premier lot en rayon au plus vite. Ils ont donc d\u00e9fini la forme, la contenance et les \u00e9l\u00e9ments de marque de la bouteille, et nous avons lanc\u00e9 la production directement en usine, en fonction du volume command\u00e9. Nous avons \u00e9galement r\u00e9alis\u00e9 plusieurs s\u00e9ries d&#039;\u00e9chantillons pour garantir la perfection des marquages \u200b\u200bde couleur par \u00e9lectroplacage, la transparence des bouteilles et l&#039;homog\u00e9n\u00e9it\u00e9 des lots. Deux mois apr\u00e8s le lancement, le client est revenu avec des commandes suppl\u00e9mentaires. La nouvelle gamme de produits a b\u00e9n\u00e9fici\u00e9 de ce design d&#039;emballage, notamment en termes de visibilit\u00e9 en rayon, ce qui a permis d&#039;augmenter les ventes.<\/p>\n<h2>Vos conseils de personnalisation<\/h2>\n<p>Divers proc\u00e9d\u00e9s de finition des bouchons, tels que la galvanoplastie, la pulv\u00e9risation ou une texture m\u00e9tallique bross\u00e9e, peuvent \u00eatre choisis en fonction du positionnement de la marque. Le corps de la bouteille peut \u00eatre personnalis\u00e9 avec une transparence sp\u00e9cifique, un effet d\u00e9poli ou des sp\u00e9cifications de capacit\u00e9 exclusives pour s&#039;adapter \u00e0 diff\u00e9rentes formules de boissons. Il est \u00e9galement possible d&#039;ajouter un traitement de r\u00e9sistance aux hautes temp\u00e9ratures ou un renforcement pour le remplissage \u00e0 froid afin de rendre le produit plus compatible avec la ligne de production des usines de boissons. De plus, la s\u00e9rigraphie, le marquage \u00e0 chaud ou l&#039;impression UV peuvent \u00eatre utilis\u00e9s pour am\u00e9liorer l&#039;impact visuel en rayon, et une personnalisation compl\u00e8te du processus, du d\u00e9veloppement de l&#039;\u00e9chantillon \u00e0 la production en s\u00e9rie, est disponible, conf\u00e9rant ainsi \u00e0 l&#039;ensemble des bouteilles d&#039;eau en vrac une meilleure visibilit\u00e9 de la marque et une comp\u00e9titivit\u00e9 accrue sur le march\u00e9.<\/p>","protected":false},"excerpt":{"rendered":"<p>Bouteilles d&#039;eau personnalis\u00e9es haut de gamme pour le remplissage de boissons, id\u00e9ales pour les marques recherchant des bouteilles d&#039;eau en gros avec un approvisionnement direct d&#039;usine rapide et des options de personnalisation.<\/p>","protected":false},"featured_media":3844,"template":"","meta":{"postBodyCss":"","postBodyMargin":[],"postBodyPadding":[],"postBodyBackground":{"backgroundType":"classic","gradient":""}},"product_brand":[],"product_cat":[15,16,60],"product_tag":[72],"class_list":{"0":"post-3843","1":"product","2":"type-product","3":"status-publish","4":"has-post-thumbnail","6":"product_cat-glass-containers","7":"product_cat-glass-bottles","8":"product_cat-water-bottles","9":"product_tag-juice-bottles","11":"first","12":"instock","13":"shipping-taxable","14":"product-type-simple"},"jetpack_sharing_enabled":true,"_links":{"self":[{"href":"https:\/\/minghanggroup.com\/fr\/wp-json\/wp\/v2\/product\/3843","targetHints":{"allow":["GET"]}}],"collection":[{"href":"https:\/\/minghanggroup.com\/fr\/wp-json\/wp\/v2\/product"}],"about":[{"href":"https:\/\/minghanggroup.com\/fr\/wp-json\/wp\/v2\/types\/product"}],"wp:featuredmedia":[{"embeddable":true,"href":"https:\/\/minghanggroup.com\/fr\/wp-json\/wp\/v2\/media\/3844"}],"wp:attachment":[{"href":"https:\/\/minghanggroup.com\/fr\/wp-json\/wp\/v2\/media?parent=3843"}],"wp:term":[{"taxonomy":"product_brand","embeddable":true,"href":"https:\/\/minghanggroup.com\/fr\/wp-json\/wp\/v2\/product_brand?post=3843"},{"taxonomy":"product_cat","embeddable":true,"href":"https:\/\/minghanggroup.com\/fr\/wp-json\/wp\/v2\/product_cat?post=3843"},{"taxonomy":"product_tag","embeddable":true,"href":"https:\/\/minghanggroup.com\/fr\/wp-json\/wp\/v2\/product_tag?post=3843"}],"curies":[{"name":"wp","href":"https:\/\/api.w.org\/{rel}","templated":true}]}}