{"id":3830,"date":"2025-12-04T11:48:43","date_gmt":"2025-12-04T03:48:43","guid":{"rendered":"https:\/\/minghanggroup.com\/?post_type=product&#038;p=3830"},"modified":"2026-01-20T13:50:44","modified_gmt":"2026-01-20T05:50:44","slug":"bulk-empty-rounded-airtight-glass-jars-with-clamp-lids","status":"publish","type":"product","link":"https:\/\/minghanggroup.com\/fr\/produit\/bulk-empty-rounded-airtight-glass-jars-with-clamp-lids\/","title":{"rendered":"Bocaux en verre ronds, vides et herm\u00e9tiques, avec couvercles \u00e0 pince, 150 ml, 380 ml, 500 ml"},"content":{"rendered":"<p>Ces adorables bocaux herm\u00e9tiques sont fabriqu\u00e9s en verre transparent et pr\u00e9sentent une forme lisse, arrondie et pleine, visuellement mise en valeur par un couvercle m\u00e9tallique tendance \u00e0 clipser.<\/p>\n<h2>Caract\u00e9ristiques du produit<\/h2>\n<ul>\n<li><strong>Forme claire et dodue :<\/strong> Le verre parfaitement transparent et le corps arrondi et plein offrent non seulement une vue parfaite de l&#039;int\u00e9rieur, mais, gr\u00e2ce \u00e0 leurs jolies courbes, apportent \u00e9galement une touche d\u00e9corative et peuvent donc \u00eatre utilis\u00e9s dans diff\u00e9rents endroits pour l&#039;exposition.<\/li>\n<li><strong>Facile \u00e0 utiliser :<\/strong> La large ouverture facilite nettement le remplissage et le pr\u00e9l\u00e8vement.<\/li>\n<li><strong>Le lieu des diff\u00e9rentes combinaisons de tailles :<\/strong> Il permet le conditionnement de diff\u00e9rentes quantit\u00e9s de m.<\/li>\n<\/ul>\n<h2 style=\"text-align: left;\">Caract\u00e9ristiques principales<\/h2>\n<table class=\"aligncenter\" style=\"border-collapse: collapse; width: 309.02pt;\" border=\"0\" width=\"412\" cellspacing=\"0\" cellpadding=\"0\">\n<tbody>\n<tr style=\"height: 13.50pt;\">\n<td style=\"height: 13.50pt; width: 92.25pt;\" width=\"123\" height=\"18\">Sp\u00e9cification<\/td>\n<td style=\"width: 216.75pt;\" width=\"289\">D\u00e9tails<\/td>\n<\/tr>\n<tr style=\"height: 13.50pt;\">\n<td style=\"height: 13.50pt;\" height=\"18\">Capacit\u00e9<\/td>\n<td>150 ml \/ 380 ml \/ 500 ml<\/td>\n<\/tr>\n<tr style=\"height: 13.50pt;\">\n<td style=\"height: 13.50pt;\" height=\"18\">Dimensions<\/td>\n<td>7,6 \u00d7 7,8 cm \/ 9,5 \u00d7 9,8 cm \/ 11 \u00d7 10,5 cm<\/td>\n<\/tr>\n<tr style=\"height: 13.50pt;\">\n<td style=\"height: 13.50pt;\" height=\"18\">Mat\u00e9riel<\/td>\n<td>Verre clair<\/td>\n<\/tr>\n<tr style=\"height: 13.50pt;\">\n<td style=\"height: 13.50pt;\" height=\"18\">Type de couvercle<\/td>\n<td>Couvercle \u00e0 pince m\u00e9tallique<\/td>\n<\/tr>\n<tr style=\"height: 13.50pt;\">\n<td style=\"height: 13.50pt;\" height=\"18\">Id\u00e9al pour<\/td>\n<td>Bocaux herm\u00e9tiques, bocaux de conservation en verre<\/td>\n<\/tr>\n<\/tbody>\n<\/table>\n<h2>Histoire d&#039;un succ\u00e8s : comment un supermarch\u00e9 sp\u00e9cialis\u00e9 a augment\u00e9 ses ventes<\/h2>\n<p>Un supermarch\u00e9 sp\u00e9cialis\u00e9 recherchait une solution d&#039;emballage performante pour ses produits haut de gamme. Pour conditionner sa gamme de biscuits et de confiseries de luxe, il a opt\u00e9 pour nos bocaux en verre herm\u00e9tiques de 500 ml. L&#039;excellente \u00e9tanch\u00e9it\u00e9 des bocaux a permis d&#039;allonger la dur\u00e9e de conservation des produits de 45 % et de r\u00e9duire les pertes de 60 %. Le design rond original a capt\u00e9 l&#039;attention de la plupart des clients, entra\u00eenant une hausse de 35 % des achats impulsifs. Fort de ce succ\u00e8s, le supermarch\u00e9 a pass\u00e9 commande de 200\u00a0000 bocaux en verre afin d&#039;\u00e9largir sa gamme de produits.<\/p>\n<h2>Options de personnalisation des bocaux herm\u00e9tiques<\/h2>\n<ul>\n<li>Des motifs s\u00e9rigraphi\u00e9s qui mettent en valeur la forme incurv\u00e9e de la bouteille<\/li>\n<li>Les motifs en relief sur la surface de la bouteille procurent une sensation agr\u00e9able.<\/li>\n<li>Variantes en verre color\u00e9 pour produits photosensibles<\/li>\n<li>Indicateurs de volume pour une distribution pr\u00e9cise<\/li>\n<\/ul>","protected":false},"excerpt":{"rendered":"<p>Ces bocaux herm\u00e9tiques sont dot\u00e9s d&#039;une forme arrondie et de couvercles \u00e0 fermeture \u00e0 clip robustes. Nos bocaux en verre herm\u00e9tiques pr\u00e9servent la fra\u00eecheur et l&#039;organisation des aliments et sont disponibles avec une livraison rapide.<\/p>","protected":false},"featured_media":3834,"template":"","meta":{"postBodyCss":"","postBodyMargin":[],"postBodyPadding":[],"postBodyBackground":{"backgroundType":"classic","gradient":""}},"product_brand":[],"product_cat":[15,17,59],"product_tag":[66],"class_list":{"0":"post-3830","1":"product","2":"type-product","3":"status-publish","4":"has-post-thumbnail","6":"product_cat-glass-containers","7":"product_cat-glass-jars","8":"product_cat-glass-storage-jars","9":"product_tag-swing-top-jars","11":"first","12":"instock","13":"shipping-taxable","14":"product-type-simple"},"jetpack_sharing_enabled":true,"_links":{"self":[{"href":"https:\/\/minghanggroup.com\/fr\/wp-json\/wp\/v2\/product\/3830","targetHints":{"allow":["GET"]}}],"collection":[{"href":"https:\/\/minghanggroup.com\/fr\/wp-json\/wp\/v2\/product"}],"about":[{"href":"https:\/\/minghanggroup.com\/fr\/wp-json\/wp\/v2\/types\/product"}],"wp:featuredmedia":[{"embeddable":true,"href":"https:\/\/minghanggroup.com\/fr\/wp-json\/wp\/v2\/media\/3834"}],"wp:attachment":[{"href":"https:\/\/minghanggroup.com\/fr\/wp-json\/wp\/v2\/media?parent=3830"}],"wp:term":[{"taxonomy":"product_brand","embeddable":true,"href":"https:\/\/minghanggroup.com\/fr\/wp-json\/wp\/v2\/product_brand?post=3830"},{"taxonomy":"product_cat","embeddable":true,"href":"https:\/\/minghanggroup.com\/fr\/wp-json\/wp\/v2\/product_cat?post=3830"},{"taxonomy":"product_tag","embeddable":true,"href":"https:\/\/minghanggroup.com\/fr\/wp-json\/wp\/v2\/product_tag?post=3830"}],"curies":[{"name":"wp","href":"https:\/\/api.w.org\/{rel}","templated":true}]}}