{"id":3822,"date":"2025-12-04T11:28:30","date_gmt":"2025-12-04T03:28:30","guid":{"rendered":"https:\/\/minghanggroup.com\/?post_type=product&#038;p=3822"},"modified":"2026-01-20T13:50:52","modified_gmt":"2026-01-20T05:50:52","slug":"bulk-empty-clear-glass-food-storage-jars","status":"publish","type":"product","link":"https:\/\/minghanggroup.com\/fr\/produit\/bulk-empty-clear-glass-food-storage-jars\/","title":{"rendered":"Bocaux alimentaires vides en verre transparent, 180 ml \u2013 350 ml"},"content":{"rendered":"<p>Les bocaux en verre pour la conservation des aliments sont appr\u00e9ci\u00e9s pour leur forme cylindrique tendance et transparente, et chacun est muni d&#039;un fermoir en m\u00e9tal brillant. De style minimaliste et \u00e9pur\u00e9, ils peuvent \u00eatre empil\u00e9s ou rang\u00e9s de fa\u00e7on ordonn\u00e9e dans le garde-manger.<\/p>\n<h2>Caract\u00e9ristiques du produit<\/h2>\n<ul>\n<li><strong>\u00c9tanch\u00e9it\u00e9 fiable :<\/strong> Les anneaux en silicone isolent le contenu de l&#039;atmosph\u00e8re ext\u00e9rieure et le maintiennent au sec, permettant ainsi de conserver les aliments plus longtemps.<\/li>\n<li><strong>Visibilit\u00e9 claire :<\/strong> Un bocal en verre est un r\u00e9cipient transparent qui permet de voir \u00e0 travers et ainsi d&#039;identifier les aliments sans avoir \u00e0 ouvrir le bocal.<\/li>\n<li><strong>Durable:<\/strong> La partie en verre est \u00e9paisse et les parties m\u00e9talliques sont robustes, ce qui leur permet de r\u00e9sister \u00e0 une utilisation quotidienne et \u00e0 plusieurs lavages.<\/li>\n<\/ul>\n<h2 style=\"text-align: left;\">Caract\u00e9ristiques principales<\/h2>\n<table class=\"aligncenter\" style=\"border-collapse: collapse; width: 470.27pt;\" border=\"0\" width=\"627\" cellspacing=\"0\" cellpadding=\"0\">\n<tbody>\n<tr style=\"height: 13.50pt;\">\n<td style=\"height: 13.50pt; width: 92.25pt;\" width=\"123\" height=\"18\">Sp\u00e9cification<\/td>\n<td style=\"width: 378.00pt;\" width=\"504\">D\u00e9tails<\/td>\n<\/tr>\n<tr style=\"height: 13.50pt;\">\n<td style=\"height: 13.50pt;\" height=\"18\">Capacit\u00e9<\/td>\n<td>180 ml \/ 200 ml \/ 220 ml \/ 300 ml \/ 350 ml<\/td>\n<\/tr>\n<tr style=\"height: 13.50pt;\">\n<td style=\"height: 13.50pt;\" height=\"18\">Dimensions\u200b<\/td>\n<td>7,9 \u00d7 8,1 cm \/ 7,6 \u00d7 8,2 cm \/ 7,6 \u00d7 9 cm \/ 7,8 \u00d7 10,3 cm \/ 9,2 \u00d7 9,7 cm<\/td>\n<\/tr>\n<tr style=\"height: 13.50pt;\">\n<td style=\"height: 13.50pt;\" height=\"18\">Mat\u00e9riau<\/td>\n<td>Verre clair<\/td>\n<\/tr>\n<tr style=\"height: 13.50pt;\">\n<td style=\"height: 13.50pt;\" height=\"18\">Type de couvercle<\/td>\n<td>Couvercle \u00e0 pince m\u00e9tallique avec anse en fil de fer<\/td>\n<\/tr>\n<tr style=\"height: 13.50pt;\">\n<td style=\"height: 13.50pt;\" height=\"18\">Id\u00e9al pour<\/td>\n<td>bocaux de conservation en verre, bocaux herm\u00e9tiques en verre<\/td>\n<\/tr>\n<\/tbody>\n<\/table>\n<h2>T\u00e9moignage de r\u00e9ussite : La solution de stockage d&#039;un d\u00e9taillant de produits alimentaires sp\u00e9cialis\u00e9s<\/h2>\n<p>Un supermarch\u00e9 de niche avait besoin d&#039;un syst\u00e8me de stockage plus efficace pour ses produits en vrac. Il a opt\u00e9 pour nos bocaux en verre de 300 ml pour conserver les fruits secs et les noix. Les clients, impatients de v\u00e9rifier la qualit\u00e9 des produits \u00e0 travers le verre transparent, ont vu leurs ventes augmenter de 25 %. La fid\u00e9lit\u00e9 de la client\u00e8le a \u00e9galement progress\u00e9 de 60 %. Fort de ce succ\u00e8s, le distributeur a command\u00e9 200\u00a0000 bocaux en verre afin d&#039;\u00e9tendre le rayon vrac dans tous ses magasins.<\/p>\n<h2>Caract\u00e9ristiques des bocaux de conservation en verre personnalis\u00e9s<\/h2>\n<ul>\n<li>Contr\u00f4le de capacit\u00e9 avec impression \u2013 Ajouter des graduations pour un dosage pr\u00e9cis<\/li>\n<li>Cercles d\u00e9coratifs d\u00e9polis \u2013 Rayures mates r\u00e9alis\u00e9es \u00e0 partir de gravure \u00e0 l&#039;acide<\/li>\n<li>Alternative au verre color\u00e9 \u2013 Un verre ambr\u00e9 ou bleu est disponible pour prot\u00e9ger le verre des rayons UV.<\/li>\n<li>Poign\u00e9e monobloc \u2013 Fixez une poign\u00e9e en verre moul\u00e9 pour une prise en main confortable.<\/li>\n<\/ul>","protected":false},"excerpt":{"rendered":"<p>Organisez votre cuisine avec nos bocaux de conservation en verre transparent. Chaque bocal est muni d&#039;un couvercle herm\u00e9tique \u00e0 clip pour une fra\u00eecheur optimale. \u00c9chantillons gratuits disponibles.<\/p>","protected":false},"featured_media":3829,"template":"","meta":{"postBodyCss":"","postBodyMargin":[],"postBodyPadding":[],"postBodyBackground":{"backgroundType":"classic","gradient":""}},"product_brand":[],"product_cat":[15,17,59],"product_tag":[66],"class_list":{"0":"post-3822","1":"product","2":"type-product","3":"status-publish","4":"has-post-thumbnail","6":"product_cat-glass-containers","7":"product_cat-glass-jars","8":"product_cat-glass-storage-jars","9":"product_tag-swing-top-jars","11":"first","12":"instock","13":"shipping-taxable","14":"product-type-simple"},"jetpack_sharing_enabled":true,"_links":{"self":[{"href":"https:\/\/minghanggroup.com\/fr\/wp-json\/wp\/v2\/product\/3822","targetHints":{"allow":["GET"]}}],"collection":[{"href":"https:\/\/minghanggroup.com\/fr\/wp-json\/wp\/v2\/product"}],"about":[{"href":"https:\/\/minghanggroup.com\/fr\/wp-json\/wp\/v2\/types\/product"}],"wp:featuredmedia":[{"embeddable":true,"href":"https:\/\/minghanggroup.com\/fr\/wp-json\/wp\/v2\/media\/3829"}],"wp:attachment":[{"href":"https:\/\/minghanggroup.com\/fr\/wp-json\/wp\/v2\/media?parent=3822"}],"wp:term":[{"taxonomy":"product_brand","embeddable":true,"href":"https:\/\/minghanggroup.com\/fr\/wp-json\/wp\/v2\/product_brand?post=3822"},{"taxonomy":"product_cat","embeddable":true,"href":"https:\/\/minghanggroup.com\/fr\/wp-json\/wp\/v2\/product_cat?post=3822"},{"taxonomy":"product_tag","embeddable":true,"href":"https:\/\/minghanggroup.com\/fr\/wp-json\/wp\/v2\/product_tag?post=3822"}],"curies":[{"name":"wp","href":"https:\/\/api.w.org\/{rel}","templated":true}]}}