{"id":3814,"date":"2025-12-04T11:49:49","date_gmt":"2025-12-04T03:49:49","guid":{"rendered":"https:\/\/minghanggroup.com\/?post_type=product&#038;p=3814"},"modified":"2026-01-20T14:18:15","modified_gmt":"2026-01-20T06:18:15","slug":"glass-bottles-of-water-for-drinks-wholesale","status":"publish","type":"product","link":"https:\/\/minghanggroup.com\/fr\/produit\/glass-bottles-of-water-for-drinks-wholesale\/","title":{"rendered":"Bouteilles d&#039;eau en verre de 300 ml \u00e0 750 ml pour boissons (vente en gros)"},"content":{"rendered":"<p>Arr\u00eatez de vous contenter de bouteilles en plastique banales qui donnent une image bon march\u00e9 \u00e0 votre marque. Nous cr\u00e9ons des bouteilles d&#039;eau en verre haut de gamme qui transforment votre hydratation en une solution tendance et fonctionnelle, tout en pr\u00e9servant la fra\u00eecheur de votre eau. Bien plus que de simples bouteilles, elles constituent le nouvel atout de votre marque pour une hydratation optimale.<\/p>\n<h2>Caract\u00e9ristiques du produit<\/h2>\n<ol>\n<li><strong>Clart\u00e9 du cristal : <\/strong>Sans aucun effort suppl\u00e9mentaire, le verre transparent vous permet de voir le niveau d&#039;eau dans votre r\u00e9cipient et constitue ainsi un bon moyen de rester hydrat\u00e9 et de contr\u00f4ler votre consommation d&#039;eau quotidienne.<\/li>\n<li><strong>Couvercle personnalisable\u00a0: <\/strong>En combinant le couvercle en acier inoxydable, la housse en silicone et les anses de transport pour cr\u00e9er votre solution d&#039;hydratation id\u00e9ale, vous la rendez non seulement pratique \u00e0 transporter, mais aussi \u00e9tanche.<\/li>\n<li><strong>Verre borosilicate durable : <\/strong>Cet article est fabriqu\u00e9 en verre borosilicate robuste, qui peut \u00eatre mis sans risque au lave-vaisselle et au cong\u00e9lateur, et qui r\u00e9siste \u00e9galement aux chocs thermiques, ce qui lui assure une longue dur\u00e9e de vie.<\/li>\n<li><strong>Tailles polyvalentes\u00a0: <\/strong>Les diff\u00e9rentes tailles (300 ml \u00e0 750 ml) r\u00e9pondront \u00e0 tous vos besoins en eau, que ce soit pour un bureau, une promenade ou un style de vie qui int\u00e8gre les deux.<\/li>\n<\/ol>\n<h2 data-spm-anchor-id=\"5176.28103460.0.i10.14c475511HPf5O\">Caract\u00e9ristiques principales<\/h2>\n<table style=\"border-collapse: collapse; width: 80%; margin-left: auto; margin-right: auto;\" border=\"0\" width=\"288\" cellspacing=\"0\" cellpadding=\"0\">\n<tbody>\n<tr style=\"height: 13.50pt;\">\n<td style=\"height: 13.5pt; width: 54pt; text-align: center;\" width=\"72\" height=\"18\">Capacit\u00e9 (ml)<\/td>\n<td style=\"width: 54pt; text-align: center;\" width=\"72\">Taille (cm)<\/td>\n<td style=\"width: 54pt; text-align: center;\" width=\"72\">Mat\u00e9riel<\/td>\n<td style=\"width: 54pt; text-align: center;\" width=\"72\">Type de joint<\/td>\n<\/tr>\n<tr style=\"height: 13.50pt;\">\n<td style=\"height: 13.5pt; text-align: center;\" align=\"right\" height=\"18\">300<\/td>\n<td style=\"text-align: center;\">5,8 x 16,7<\/td>\n<td class=\"et2\" style=\"text-align: center;\" rowspan=\"4\">Sodium Calcium<\/td>\n<td class=\"et2\" style=\"text-align: center;\" rowspan=\"4\">Couvercle filet\u00e9 et personnalis\u00e9<\/td>\n<\/tr>\n<tr style=\"height: 13.50pt;\">\n<td style=\"height: 13.5pt; text-align: center;\" align=\"right\" height=\"18\">420<\/td>\n<td style=\"text-align: center;\">6,5 x 18,6<\/td>\n<\/tr>\n<tr style=\"height: 13.50pt;\">\n<td style=\"height: 13.5pt; text-align: center;\" align=\"right\" height=\"18\">550<\/td>\n<td style=\"text-align: center;\">6,3 x 21,5<\/td>\n<\/tr>\n<tr style=\"height: 13.50pt;\">\n<td style=\"height: 13.5pt; text-align: center;\" align=\"right\" height=\"18\">750<\/td>\n<td style=\"text-align: center;\">7,1 x 24,5<\/td>\n<\/tr>\n<\/tbody>\n<\/table>\n<h2>Cas de r\u00e9ussite<\/h2>\n<p>Un fabricant de jus sud-am\u00e9ricain souhaitait am\u00e9liorer l&#039;aspect de son jus press\u00e9 \u00e0 froid et se conformer aux exigences des supermarch\u00e9s en mati\u00e8re de contenants r\u00e9utilisables. Pour ce faire, il a opt\u00e9 pour une bouteille transparente \u00e0 parois standard et a con\u00e7u un manchon orn\u00e9 de sa marque. Ainsi, une fois rempli, le jus est devenu plus color\u00e9 et sa visibilit\u00e9 en rayon am\u00e9lior\u00e9e.<\/p>\n<p>L&#039;entreprise a \u00e9tendu son r\u00e9seau de distribution pour inclure deux grands canaux de vente au d\u00e9tail au cours du premier trimestre, ce qui a entra\u00een\u00e9 une augmentation du taux de rotation d&#039;environ 27 % apr\u00e8s le lancement du nouveau produit.<\/p>\n<h2>Vos conseils de personnalisation<\/h2>\n<p>Votre marque peut exploiter cette bouteille d&#039;eau en verre de plusieurs mani\u00e8res\u00a0: diff\u00e9rents volumes et proportions permettent de pr\u00e9senter les diff\u00e9rentes gammes de boissons\u00a0; le corps de la bouteille, imprim\u00e9 par s\u00e9rigraphie, marquage \u00e0 chaud ou avec une \u00e9tiquette en couleur, met davantage en valeur la marque\u00a0; de plus, le produit se distingue en rayon gr\u00e2ce \u00e0 une vari\u00e9t\u00e9 de finitions de verre comme le transparent, le d\u00e9poli et l&#039;ambre\u00a0; un \u00e9tui distinctif pour une protection suppl\u00e9mentaire est \u00e9galement \u00e0 envisager.<\/p>","protected":false},"excerpt":{"rendered":"<p>Bouteilles d&#039;eau en verre con\u00e7ues pour les boissons. Ces bouteilles d&#039;eau en verre de qualit\u00e9 sont disponibles avec des accessoires tels que des pailles ou des manchons. Livraison directe d&#039;usine.<\/p>","protected":false},"featured_media":3815,"template":"","meta":{"postBodyCss":"","postBodyMargin":[],"postBodyPadding":[],"postBodyBackground":{"backgroundType":"classic","gradient":""}},"product_brand":[],"product_cat":[15,16,60],"product_tag":[72],"class_list":{"0":"post-3814","1":"product","2":"type-product","3":"status-publish","4":"has-post-thumbnail","6":"product_cat-glass-containers","7":"product_cat-glass-bottles","8":"product_cat-water-bottles","9":"product_tag-juice-bottles","11":"first","12":"instock","13":"shipping-taxable","14":"product-type-simple"},"jetpack_sharing_enabled":true,"_links":{"self":[{"href":"https:\/\/minghanggroup.com\/fr\/wp-json\/wp\/v2\/product\/3814","targetHints":{"allow":["GET"]}}],"collection":[{"href":"https:\/\/minghanggroup.com\/fr\/wp-json\/wp\/v2\/product"}],"about":[{"href":"https:\/\/minghanggroup.com\/fr\/wp-json\/wp\/v2\/types\/product"}],"wp:featuredmedia":[{"embeddable":true,"href":"https:\/\/minghanggroup.com\/fr\/wp-json\/wp\/v2\/media\/3815"}],"wp:attachment":[{"href":"https:\/\/minghanggroup.com\/fr\/wp-json\/wp\/v2\/media?parent=3814"}],"wp:term":[{"taxonomy":"product_brand","embeddable":true,"href":"https:\/\/minghanggroup.com\/fr\/wp-json\/wp\/v2\/product_brand?post=3814"},{"taxonomy":"product_cat","embeddable":true,"href":"https:\/\/minghanggroup.com\/fr\/wp-json\/wp\/v2\/product_cat?post=3814"},{"taxonomy":"product_tag","embeddable":true,"href":"https:\/\/minghanggroup.com\/fr\/wp-json\/wp\/v2\/product_tag?post=3814"}],"curies":[{"name":"wp","href":"https:\/\/api.w.org\/{rel}","templated":true}]}}