{"id":3813,"date":"2025-12-04T10:05:31","date_gmt":"2025-12-04T02:05:31","guid":{"rendered":"https:\/\/minghanggroup.com\/?post_type=product&#038;p=3813"},"modified":"2026-01-20T13:50:59","modified_gmt":"2026-01-20T05:50:59","slug":"bulk-empty-small-glass-jars-with-airtight-lids","status":"publish","type":"product","link":"https:\/\/minghanggroup.com\/fr\/produit\/bulk-empty-small-glass-jars-with-airtight-lids\/","title":{"rendered":"Lot de petits bocaux en verre vides avec couvercles herm\u00e9tiques 80 ml, 100 ml, 150 ml"},"content":{"rendered":"<p>Ces petits bocaux en verre transparent, de forme cylindrique et munis d&#039;un couvercle m\u00e9tallique poli \u00e0 clipser, sont dot\u00e9s d&#039;un couvercle herm\u00e9tique et pr\u00e9sentent un design \u00e9l\u00e9gant et compact. Ils constituent une solution id\u00e9ale pour ranger les petits objets.<\/p>\n<h2>Caract\u00e9ristiques du produit<\/h2>\n<ul>\n<li><strong>Forme cylindrique transparente :<\/strong> Le verre enti\u00e8rement transparent et la forme cylindrique simple permettent de voir le contenu du r\u00e9cipient \u00e0 tout moment et, en m\u00eame temps, facilitent le rangement compact ou l&#039;empilage, ce qui permet de gagner de l&#039;espace de stockage.<\/li>\n<li><strong>Conception \u00e0 fermeture par pression :<\/strong> Le couvercle m\u00e9tallique \u00e0 clipser assure une excellente \u00e9tanch\u00e9it\u00e9, pr\u00e9servant ainsi efficacement le bocal de l&#039;humidit\u00e9 et garantissant une fra\u00eecheur optimale. Faciles \u00e0 ouvrir et \u00e0 fermer, ces bocaux peuvent \u00e9galement servir \u00e0 ranger de petits objets.<\/li>\n<li><strong>Simple et adaptable \u00e0 diff\u00e9rents sc\u00e9narios\u00a0:<\/strong> Par exemple, des \u00e9tag\u00e8res \u00e0 \u00e9pices de cuisine ou des organiseurs de bureau, o\u00f9 ils servent \u00e0 la fois de composant fonctionnel et esth\u00e9tique.<\/li>\n<\/ul>\n<h2 style=\"text-align: left;\">Caract\u00e9ristiques principales<\/h2>\n<table class=\"aligncenter\" style=\"border-collapse: collapse; width: 432.77pt;\" border=\"0\" width=\"577\" cellspacing=\"0\" cellpadding=\"0\">\n<tbody>\n<tr style=\"height: 13.50pt;\">\n<td style=\"height: 13.50pt; width: 92.25pt;\" width=\"123\" height=\"18\">Sp\u00e9cification<\/td>\n<td style=\"width: 340.50pt;\" width=\"454\">D\u00e9tails<\/td>\n<\/tr>\n<tr style=\"height: 13.50pt;\">\n<td style=\"height: 13.50pt;\" height=\"18\">Capacit\u00e9<\/td>\n<td>80 ml \/ 100 ml \/ 150 ml<\/td>\n<\/tr>\n<tr style=\"height: 13.50pt;\">\n<td style=\"height: 13.50pt;\" height=\"18\">Dimensions\u200b<\/td>\n<td>6,1 \u00d7 7,3 cm \/ 6,3 \u00d7 7,1 cm \/ 7,5 \u00d7 7,2 cm<\/td>\n<\/tr>\n<tr style=\"height: 13.50pt;\">\n<td style=\"height: 13.50pt;\" height=\"18\">Mat\u00e9riau<\/td>\n<td>Verre clair<\/td>\n<\/tr>\n<tr style=\"height: 13.50pt;\">\n<td style=\"height: 13.50pt;\" height=\"18\">Type de couvercle<\/td>\n<td>Couvercle \u00e0 pince m\u00e9tallique avec anse en fil de fer<\/td>\n<\/tr>\n<tr style=\"height: 13.50pt;\">\n<td style=\"height: 13.50pt;\" height=\"18\">Id\u00e9al pour<\/td>\n<td>Bocaux de conservation en verre, bocaux en verre avec couvercles herm\u00e9tiques<\/td>\n<\/tr>\n<\/tbody>\n<\/table>\n<h2>\u00c9tude de cas : Exemple d&#039;emballage d&#039;une entreprise de produits alimentaires sp\u00e9cialis\u00e9s<\/h2>\n<p>Une entreprise agroalimentaire haut de gamme a choisi nos petits pots en verre de 100 ml avec couvercle herm\u00e9tique pour conditionner sa nouvelle gamme d&#039;\u00e9pices artisanales. Le couvercle herm\u00e9tique a permis de tripler la dur\u00e9e de conservation des ar\u00f4mes et de la fra\u00eecheur des \u00e9pices par rapport \u00e0 l&#039;emballage pr\u00e9c\u00e9dent. Gr\u00e2ce \u00e0 la transparence du verre, les \u00e9pices \u00e9taient parfaitement visibles pour les clients, ce qui a entra\u00een\u00e9 une augmentation de 40 % du taux de conversion lors des essais. Plus important encore, cet emballage attrayant leur a permis d&#039;int\u00e9grer avec succ\u00e8s 200 nouveaux magasins sp\u00e9cialis\u00e9s. Ils ont pass\u00e9 commande de 300\u00a0000 pots en verre pour accompagner leur expansion nationale.<\/p>\n<h2>Options de personnalisation des bocaux de rangement en verre<\/h2>\n<ul>\n<li>S\u00e9rigraphie du logo de la marque \u2013 Imprimez logos et informations produits avec une encre c\u00e9ramique durable qui r\u00e9siste \u00e0 la lumi\u00e8re.<\/li>\n<li>Marqueurs de capacit\u00e9 en relief \u2013 Comportent des graduations en relief pour une mesure pr\u00e9cise<\/li>\n<li>Options de vitraux \u2013 Choisissez entre le verre ambr\u00e9 ou bleu cobalt pour une occultation efficace.<\/li>\n<li>Couleur du joint d&#039;\u00e9tanch\u00e9it\u00e9 en silicone \u2013 La couleur du joint d&#039;\u00e9tanch\u00e9it\u00e9 correspond \u00e0 la couleur de votre marque.<\/li>\n<\/ul>\n<p>\u00cates-vous pr\u00eat \u00e0 prot\u00e9ger vos petits objets\u00a0? Des prix de gros pour ces petits bocaux en verre polyvalents (avec couvercles herm\u00e9tiques) sont disponibles si vous nous contactez d\u00e8s aujourd\u2019hui.<\/p>","protected":false},"excerpt":{"rendered":"<p>Conservez vos aliments frais gr\u00e2ce \u00e0 nos petits bocaux en verre \u00e0 couvercle herm\u00e9tique. Id\u00e9aux pour les \u00e9pices et les en-cas, ces bocaux b\u00e9n\u00e9ficient d\u00e9sormais d&#039;une livraison rapide.<\/p>","protected":false},"featured_media":3820,"template":"","meta":{"postBodyCss":"","postBodyMargin":[],"postBodyPadding":[],"postBodyBackground":{"backgroundType":"classic","gradient":""}},"product_brand":[],"product_cat":[15,17,59],"product_tag":[66],"class_list":{"0":"post-3813","1":"product","2":"type-product","3":"status-publish","4":"has-post-thumbnail","6":"product_cat-glass-containers","7":"product_cat-glass-jars","8":"product_cat-glass-storage-jars","9":"product_tag-swing-top-jars","11":"first","12":"instock","13":"shipping-taxable","14":"product-type-simple"},"jetpack_sharing_enabled":true,"_links":{"self":[{"href":"https:\/\/minghanggroup.com\/fr\/wp-json\/wp\/v2\/product\/3813","targetHints":{"allow":["GET"]}}],"collection":[{"href":"https:\/\/minghanggroup.com\/fr\/wp-json\/wp\/v2\/product"}],"about":[{"href":"https:\/\/minghanggroup.com\/fr\/wp-json\/wp\/v2\/types\/product"}],"wp:featuredmedia":[{"embeddable":true,"href":"https:\/\/minghanggroup.com\/fr\/wp-json\/wp\/v2\/media\/3820"}],"wp:attachment":[{"href":"https:\/\/minghanggroup.com\/fr\/wp-json\/wp\/v2\/media?parent=3813"}],"wp:term":[{"taxonomy":"product_brand","embeddable":true,"href":"https:\/\/minghanggroup.com\/fr\/wp-json\/wp\/v2\/product_brand?post=3813"},{"taxonomy":"product_cat","embeddable":true,"href":"https:\/\/minghanggroup.com\/fr\/wp-json\/wp\/v2\/product_cat?post=3813"},{"taxonomy":"product_tag","embeddable":true,"href":"https:\/\/minghanggroup.com\/fr\/wp-json\/wp\/v2\/product_tag?post=3813"}],"curies":[{"name":"wp","href":"https:\/\/api.w.org\/{rel}","templated":true}]}}