{"id":3648,"date":"2025-11-24T14:52:42","date_gmt":"2025-11-24T06:52:42","guid":{"rendered":"https:\/\/minghanggroup.com\/?post_type=product&#038;p=3648"},"modified":"2026-01-20T14:08:25","modified_gmt":"2026-01-20T06:08:25","slug":"bulk-clear-square-glass-bottles-with-swing-tops","status":"publish","type":"product","link":"https:\/\/minghanggroup.com\/fr\/produit\/bulk-clear-square-glass-bottles-with-swing-tops\/","title":{"rendered":"Bouteilles carr\u00e9es en verre transparent en vrac avec bouchon m\u00e9canique 250 ml 500 ml 920 ml"},"content":{"rendered":"<p>Chaque bouteille carr\u00e9e en verre transparent, munie d&#039;un bouchon \u00e0 bascule, est dot\u00e9e d&#039;un syst\u00e8me de fermeture \u00e0 vis. Disponibles en trois formes carr\u00e9es diff\u00e9rentes, ces bouteilles sont fabriqu\u00e9es en verre transparent. De plus, elles sont ferm\u00e9es par des clips m\u00e9talliques qui allient s\u00e9curit\u00e9 et esth\u00e9tique.<\/p>\n<h2>Caract\u00e9ristiques du produit<\/h2>\n<ul>\n<li><strong>Conception \u00e0 pression pour sceller :<\/strong> Gr\u00e2ce \u00e0 un bouchon m\u00e9tallique \u00e0 pression, les bouteilles conservent leur \u00e9tanch\u00e9it\u00e9, pr\u00e9servant ainsi la fra\u00eecheur du contenu pendant longtemps et offrant en outre une m\u00e9thode simple d&#039;ouverture et de fermeture.<\/li>\n<li><strong>Conception carr\u00e9e peu encombrante\u00a0:<\/strong> De mani\u00e8re g\u00e9n\u00e9rale, le corps de la bouteille, de forme cylindrique, est plus efficace en termes d&#039;emballage, permettant ainsi d&#039;\u00e9conomiser jusqu&#039;\u00e0 25 % de l&#039;espace en rayon habituellement occup\u00e9 par les bouteilles rondes.<\/li>\n<li><strong>Meilleure stabilit\u00e9 :<\/strong> Le fond large et plat est un facteur de stabilit\u00e9 qui r\u00e9duit le risque de renversement de la bouteille ; ainsi, les bouteilles sont plus stables lors de la manipulation et de la pr\u00e9sentation.<\/li>\n<\/ul>\n<h2 style=\"text-align: left;\">Caract\u00e9ristiques principales<\/h2>\n<table class=\"aligncenter\" width=\"884\">\n<tbody>\n<tr>\n<td width=\"122\">Fonctionnalit\u00e9<\/td>\n<td width=\"762\">D\u00e9tails<\/td>\n<\/tr>\n<tr>\n<td>Taille<\/td>\n<td>250 ml : 5,7 \u00d7 5,7 \u00d7 18,6 cm \/ 500 ml : 6,6 \u00d7 6,6 \u00d7 26,1 cm \/ 920 ml : 7,6 \u00d7 7,6 \u00d7 30,5 cm<\/td>\n<\/tr>\n<tr>\n<td>Mat\u00e9riel<\/td>\n<td>Verre sodocalcique transparent<\/td>\n<\/tr>\n<tr>\n<td>Convient pour<\/td>\n<td>Bouteilles \u00e0 bouchon m\u00e9canique, bouteilles \u00e0 bouchon \u00e0 clapet<\/td>\n<\/tr>\n<\/tbody>\n<\/table>\n<h2>\u00c9tude de cas : Comment une entreprise de boissons sp\u00e9cialis\u00e9es a d\u00e9velopp\u00e9 son activit\u00e9<\/h2>\n<p>Apr\u00e8s avoir opt\u00e9 pour notre bouteille carr\u00e9e en verre transparent de 500 ml avec bouchon m\u00e9canique, la brasserie artisanale a connu une transformation radicale\u00a0: elle a pu stocker 30\u00a0% de produit en plus dans le m\u00eame espace d\u2019entrep\u00f4t, ce qui a permis de r\u00e9duire ses co\u00fbts de stockage de 22\u00a0%. Le design futuriste de cette bouteille est devenu son produit phare, et le taux d\u2019engagement sur les r\u00e9seaux sociaux a bondi de 40\u00a0%. Forts de ces r\u00e9sultats, ils ont r\u00e9cemment pass\u00e9 une commande group\u00e9e de plus de 500\u00a0000 bouteilles afin de faciliter le lancement national de cette nouvelle gamme de produits.<\/p>\n<h2>Options de personnalisation des bouteilles \u00e0 bouchon m\u00e9canique<\/h2>\n<p>Transformez ces bouteilles \u00e0 bouchon \u00e0 vis extraordinaires en un \u00e9l\u00e9ment de votre identit\u00e9 de marque personnelle\u00a0:<\/p>\n<ul>\n<li>Finition givr\u00e9e \u2013 La finition mate obtenue par gravure \u00e0 l&#039;acide conf\u00e8re au produit un toucher plus \u00e9l\u00e9gant et doux.<\/li>\n<li>Couleur personnalis\u00e9e de la casquette \u2013 La boucle m\u00e9tallique ou la bordure blanche peuvent \u00eatre modifi\u00e9es pour correspondre aux couleurs de votre marque.<\/li>\n<li>Logo en relief \u2013 Le motif l\u00e9g\u00e8rement en relief sur le c\u00f4t\u00e9 de la bouteille, perceptible au toucher, sert d&#039;identit\u00e9 de marque.<\/li>\n<li>Flacon en verre ambr\u00e9 \u2013 L\u2019option des flacons en verre ambr\u00e9 opaques est parfaite pour les produits d\u00e9licats.<\/li>\n<\/ul>","protected":false},"excerpt":{"rendered":"<p>D\u00e9couvrez nos bouteilles carr\u00e9es en verre transparent avec bouchon \u00e0 bascule \u2013 des bouteilles pratiques et \u00e9l\u00e9gantes, id\u00e9ales pour les commandes en gros avec des remises pour les grossistes.<\/p>","protected":false},"featured_media":3652,"template":"","meta":{"postBodyCss":"","postBodyMargin":[],"postBodyPadding":[],"postBodyBackground":{"backgroundType":"classic","gradient":""}},"product_brand":[],"product_cat":[15,16,56],"product_tag":[79,72,78],"class_list":{"0":"post-3648","1":"product","2":"type-product","3":"status-publish","4":"has-post-thumbnail","6":"product_cat-glass-containers","7":"product_cat-glass-bottles","8":"product_cat-flip-top-bottles","9":"product_tag-beer-bottles","10":"product_tag-juice-bottles","11":"product_tag-water-bottles","13":"first","14":"instock","15":"shipping-taxable","16":"product-type-simple"},"jetpack_sharing_enabled":true,"_links":{"self":[{"href":"https:\/\/minghanggroup.com\/fr\/wp-json\/wp\/v2\/product\/3648","targetHints":{"allow":["GET"]}}],"collection":[{"href":"https:\/\/minghanggroup.com\/fr\/wp-json\/wp\/v2\/product"}],"about":[{"href":"https:\/\/minghanggroup.com\/fr\/wp-json\/wp\/v2\/types\/product"}],"wp:featuredmedia":[{"embeddable":true,"href":"https:\/\/minghanggroup.com\/fr\/wp-json\/wp\/v2\/media\/3652"}],"wp:attachment":[{"href":"https:\/\/minghanggroup.com\/fr\/wp-json\/wp\/v2\/media?parent=3648"}],"wp:term":[{"taxonomy":"product_brand","embeddable":true,"href":"https:\/\/minghanggroup.com\/fr\/wp-json\/wp\/v2\/product_brand?post=3648"},{"taxonomy":"product_cat","embeddable":true,"href":"https:\/\/minghanggroup.com\/fr\/wp-json\/wp\/v2\/product_cat?post=3648"},{"taxonomy":"product_tag","embeddable":true,"href":"https:\/\/minghanggroup.com\/fr\/wp-json\/wp\/v2\/product_tag?post=3648"}],"curies":[{"name":"wp","href":"https:\/\/api.w.org\/{rel}","templated":true}]}}