{"id":3643,"date":"2025-11-24T13:50:27","date_gmt":"2025-11-24T05:50:27","guid":{"rendered":"https:\/\/minghanggroup.com\/?post_type=product&#038;p=3643"},"modified":"2026-01-20T14:08:31","modified_gmt":"2026-01-20T06:08:31","slug":"bulk-clear-glass-round-resealable-bottles","status":"publish","type":"product","link":"https:\/\/minghanggroup.com\/fr\/produit\/bulk-clear-glass-round-resealable-bottles\/","title":{"rendered":"Bouteilles rondes en verre transparent refermables en vrac\u00a0: 350\u00a0ml, 500\u00a0ml, 1040\u00a0ml"},"content":{"rendered":"<p>Ce sont des bouteilles en verre transparent refermables, disponibles en trois tailles diff\u00e9rentes et munies de bouchons m\u00e9talliques \u00e0 pression. Elles sont faciles d&#039;utilisation et refermables.<\/p>\n<h2>Caract\u00e9ristiques du produit<\/h2>\n<ul>\n<li><strong>Conception refermable pratique\u00a0:<\/strong> Ces bouteilles peuvent \u00eatre facilement ouvertes et ferm\u00e9es d&#039;une seule main par les clients ; elles sont donc parfaites pour les produits n\u00e9cessitant une utilisation r\u00e9p\u00e9t\u00e9e.<\/li>\n<li><strong>Durabilit\u00e9 de qualit\u00e9 commerciale :<\/strong> Fabriqu\u00e9es en verre \u00e9pais et \u00e9quip\u00e9es de bouchons m\u00e9talliques \u00e0 pression, ces bouteilles sont capables de r\u00e9sister aux conditions difficiles des op\u00e9rations de manutention et de transport.<\/li>\n<li><strong>Conception simple\u00a0:<\/strong> Les bouteilles pr\u00e9sentent un design soign\u00e9 et simple qui convient \u00e0 diff\u00e9rents lieux, tels que les maisons et les restaurants, et peuvent \u00eatre utilis\u00e9es de diff\u00e9rentes mani\u00e8res par diff\u00e9rentes personnes.<\/li>\n<\/ul>\n<h2 style=\"text-align: left;\">Caract\u00e9ristiques principales<\/h2>\n<table class=\"aligncenter\" style=\"border-collapse: collapse; width: 525.02pt;\" border=\"0\" width=\"700\" cellspacing=\"0\" cellpadding=\"0\">\n<tbody>\n<tr style=\"height: 13.50pt;\">\n<td style=\"height: 13.50pt; width: 91.50pt;\" width=\"122\" height=\"18\">Fonctionnalit\u00e9<\/td>\n<td style=\"width: 433.50pt;\" width=\"578\">D\u00e9tails<\/td>\n<\/tr>\n<tr style=\"height: 13.50pt;\">\n<td style=\"height: 13.50pt;\" height=\"18\">Dimensions<\/td>\n<td>350 ml : 6,8 \u00d7 18,9 cm \/ 500 ml : 7,5 \u00d7 21,5 cm \/ 1040 ml : 9 \u00d7 27 cm<\/td>\n<\/tr>\n<tr style=\"height: 13.50pt;\">\n<td style=\"height: 13.50pt;\" height=\"18\">Mat\u00e9riel<\/td>\n<td>Verre sodocalcique transparent<\/td>\n<\/tr>\n<tr style=\"height: 13.50pt;\">\n<td style=\"height: 13.50pt;\" height=\"18\">Convient pour<\/td>\n<td>Bouteilles en verre refermables, bouteilles \u00e0 bouchon m\u00e9canique<\/td>\n<\/tr>\n<\/tbody>\n<\/table>\n<h2>Solutions d&#039;emballage pour une marque alimentaire<\/h2>\n<p>Cette entreprise agroalimentaire sp\u00e9cialis\u00e9e recherchait des bouteilles refermables fiables pour conditionner sa nouvelle gamme de sirops aromatis\u00e9s et de liquides pour cocktails. Elle a donc opt\u00e9 pour nos bouteilles en verre refermables de 500 ml, appr\u00e9ci\u00e9es pour leur format id\u00e9al et leur excellente \u00e9tanch\u00e9it\u00e9. Cette derni\u00e8re s&#039;est av\u00e9r\u00e9e cruciale\u00a0: elle a permis de prolonger la dur\u00e9e de conservation du produit de 30\u00a0% tout en \u00e9vitant les fuites pendant le transport. La transparence du verre a parfaitement mis en valeur les couleurs du produit, entra\u00eenant une hausse de 25\u00a0% des achats impulsifs. Satisfaite de ces r\u00e9sultats, l&#039;entreprise nous a r\u00e9cemment pass\u00e9 une importante commande de plus de 400\u00a0000 bouteilles pour ses prochains projets.<\/p>\n<h2>Options de personnalisation des bouteilles refermables<\/h2>\n<ul>\n<li>Option verre ambr\u00e9 \u2013 Optez pour le verre ambr\u00e9 qui bloque la lumi\u00e8re, id\u00e9al pour les produits sensibles \u00e0 la lumi\u00e8re.<\/li>\n<li>Logos imprim\u00e9s en s\u00e9rigraphie \u2013 Cr\u00e9ez des logos de marque \u00e9clatants et durables gr\u00e2ce \u00e0 des encres c\u00e9ramiques r\u00e9sistantes.<\/li>\n<li>Couleur du bouchon personnalis\u00e9e \u2013 La couleur du fermoir m\u00e9tallique peut \u00eatre modifi\u00e9e pour correspondre aux couleurs de la marque et assurer une coh\u00e9rence visuelle.<\/li>\n<li>Finition givr\u00e9e - Le proc\u00e9d\u00e9 de gravure \u00e0 l&#039;acide permet d&#039;obtenir un aspect mat \u00e9l\u00e9gant.<\/li>\n<\/ul>","protected":false},"excerpt":{"rendered":"<p>Pr\u00e9servez la fra\u00eecheur de vos aliments gr\u00e2ce \u00e0 ces bouteilles en verre refermables et polyvalentes, disponibles en trois tailles et livr\u00e9es directement de l&#039;usine pour un rapport qualit\u00e9-prix optimal.<\/p>","protected":false},"featured_media":3645,"template":"","meta":{"postBodyCss":"","postBodyMargin":[],"postBodyPadding":[],"postBodyBackground":{"backgroundType":"classic","gradient":""}},"product_brand":[],"product_cat":[15,16,56],"product_tag":[79,72,78],"class_list":{"0":"post-3643","1":"product","2":"type-product","3":"status-publish","4":"has-post-thumbnail","6":"product_cat-glass-containers","7":"product_cat-glass-bottles","8":"product_cat-flip-top-bottles","9":"product_tag-beer-bottles","10":"product_tag-juice-bottles","11":"product_tag-water-bottles","13":"first","14":"instock","15":"shipping-taxable","16":"product-type-simple"},"jetpack_sharing_enabled":true,"_links":{"self":[{"href":"https:\/\/minghanggroup.com\/fr\/wp-json\/wp\/v2\/product\/3643","targetHints":{"allow":["GET"]}}],"collection":[{"href":"https:\/\/minghanggroup.com\/fr\/wp-json\/wp\/v2\/product"}],"about":[{"href":"https:\/\/minghanggroup.com\/fr\/wp-json\/wp\/v2\/types\/product"}],"wp:featuredmedia":[{"embeddable":true,"href":"https:\/\/minghanggroup.com\/fr\/wp-json\/wp\/v2\/media\/3645"}],"wp:attachment":[{"href":"https:\/\/minghanggroup.com\/fr\/wp-json\/wp\/v2\/media?parent=3643"}],"wp:term":[{"taxonomy":"product_brand","embeddable":true,"href":"https:\/\/minghanggroup.com\/fr\/wp-json\/wp\/v2\/product_brand?post=3643"},{"taxonomy":"product_cat","embeddable":true,"href":"https:\/\/minghanggroup.com\/fr\/wp-json\/wp\/v2\/product_cat?post=3643"},{"taxonomy":"product_tag","embeddable":true,"href":"https:\/\/minghanggroup.com\/fr\/wp-json\/wp\/v2\/product_tag?post=3643"}],"curies":[{"name":"wp","href":"https:\/\/api.w.org\/{rel}","templated":true}]}}