{"id":3632,"date":"2025-11-24T11:57:38","date_gmt":"2025-11-24T03:57:38","guid":{"rendered":"https:\/\/minghanggroup.com\/?post_type=product&#038;p=3632"},"modified":"2026-01-20T13:58:45","modified_gmt":"2026-01-20T05:58:45","slug":"vintage-pickle-jar-for-packaging-bulk","status":"publish","type":"product","link":"https:\/\/minghanggroup.com\/fr\/produit\/vintage-pickle-jar-for-packaging-bulk\/","title":{"rendered":"Bocal \u00e0 cornichons vintage pour emballage en vrac 50 ml \u2013 380 ml"},"content":{"rendered":"<p>Le bocal \u00e0 cornichons vintage qui contient vos oignons marin\u00e9s doit \u00eatre aussi savoureux qu&#039;eux. Nous cr\u00e9ons des bocaux \u00e0 cornichons r\u00e9tro en verre haut de gamme qui non seulement transforment vos emballages alimentaires en un accessoire de comptoir chic et pratique, mais prolongent \u00e9galement la fra\u00eecheur de vos l\u00e9gumes marin\u00e9s. Ce ne sont plus de simples contenants, mais le nouvel atout de votre marque pour attirer les clients.<\/p>\n<h2>Caract\u00e9ristiques du produit<\/h2>\n<ol>\n<li><strong>Design vintage intemporel : <\/strong>En ajoutant simplement un couvercle m\u00e9tallique \u00e0 rayures rouges et blanches \u00e0 notre forme circulaire embl\u00e9matique, votre marque acquiert instantan\u00e9ment un look vintage, tr\u00e8s attrayant pour les clients \u00e0 la recherche de contenants en verre r\u00e9utilisables.<\/li>\n<li><strong>Clart\u00e9 cristalline : <\/strong>L&#039;utilisation d&#039;un verre blanc de haute qualit\u00e9 permet \u00e0 chacun de voir imm\u00e9diatement la fra\u00eecheur et les couleurs des l\u00e9gumes dans le bocal. Ainsi, les bocaux d&#039;oignons marin\u00e9s constituent non seulement une solution de conservation optimale, mais aussi un excellent support de pr\u00e9sentation en magasin.<\/li>\n<li><strong>Fermeture herm\u00e9tique s\u00e9curis\u00e9e\u00a0: <\/strong>Le couvercle m\u00e9tallique \u00e0 filetage continu assure une fermeture parfaite du bocal, pr\u00e9servant ainsi la fra\u00eecheur et la saveur, et maintenant la saumure parfaitement conserv\u00e9e pour vos cornichons et votre aneth.<\/li>\n<li><strong>Capacit\u00e9 polyvalente : <\/strong>Les diff\u00e9rentes tailles (50 ml \u00e0 380 ml) suffisent pour r\u00e9pondre \u00e0 tous vos besoins en mati\u00e8re de marinade et de mise en conserve, qu&#039;il s&#039;agisse de petits \u00e9chantillons ou de commandes importantes pour les entreprises alimentaires en gros.<\/li>\n<\/ol>\n<h2>Caract\u00e9ristiques principales<\/h2>\n<table style=\"border-collapse: collapse; width: 80%; margin-left: auto; margin-right: auto;\" border=\"0\" width=\"288\" cellspacing=\"0\" cellpadding=\"0\">\n<tbody>\n<tr style=\"height: 13.50pt;\">\n<td style=\"height: 13.5pt; width: 54pt; text-align: center;\" width=\"72\" height=\"18\">Capacit\u00e9 (ml)<\/td>\n<td style=\"width: 54pt; text-align: center;\" width=\"72\">Taille (cm)<\/td>\n<td style=\"width: 54pt; text-align: center;\" width=\"72\">Usage<\/td>\n<td style=\"width: 54pt; text-align: center;\" width=\"72\">Couvercles<\/td>\n<\/tr>\n<tr style=\"height: 13.50pt;\">\n<td style=\"height: 13.5pt; text-align: center;\" align=\"right\" height=\"18\">50<\/td>\n<td style=\"text-align: center;\">4.4 * 5.5<\/td>\n<td class=\"et2\" style=\"text-align: center;\" rowspan=\"6\">Confiture, cornichons, miel<\/td>\n<td class=\"et2\" style=\"text-align: center;\" rowspan=\"6\">Couverture en fer-blanc<\/td>\n<\/tr>\n<tr style=\"height: 13.50pt;\">\n<td style=\"height: 13.5pt; text-align: center;\" align=\"right\" height=\"18\">100<\/td>\n<td style=\"text-align: center;\">5.9 * 6.4<\/td>\n<\/tr>\n<tr style=\"height: 13.50pt;\">\n<td style=\"height: 13.5pt; text-align: center;\" align=\"right\" height=\"18\">150<\/td>\n<td style=\"text-align: center;\">6.5 * 6.8<\/td>\n<\/tr>\n<tr style=\"height: 13.50pt;\">\n<td style=\"height: 13.5pt; text-align: center;\" align=\"right\" height=\"18\">200<\/td>\n<td style=\"text-align: center;\">6.5\u00a0 8 .5<\/td>\n<\/tr>\n<tr style=\"height: 13.50pt;\">\n<td style=\"height: 13.5pt; text-align: center;\" align=\"right\" height=\"18\">250<\/td>\n<td style=\"text-align: center;\">7.5 * 9.7<\/td>\n<\/tr>\n<tr style=\"height: 13.50pt;\">\n<td style=\"height: 13.5pt; text-align: center;\" align=\"right\" height=\"18\">380<\/td>\n<td style=\"text-align: center;\">8.4 * 11.5<\/td>\n<\/tr>\n<\/tbody>\n<\/table>\n<h2>Cas de r\u00e9ussite<\/h2>\n<p>Lorsqu&#039;une petite marque de cornichons artisanaux du nord de l&#039;Angleterre a eu besoin d&#039;un emballage mettant en valeur ses saveurs traditionnelles, elle a opt\u00e9 pour notre bocal \u00e0 cornichons vintage. Le client souhaitait lancer une gamme d&#039;oignons marin\u00e9s au style r\u00e9tro\u00a0; il fallait donc trouver un bocal \u00e0 la fois nostalgique et adapt\u00e9 au remplissage industriel. Nous avons associ\u00e9 ce bocal \u00e0 un pot rond \u00e0 fond \u00e9pais et cr\u00e9\u00e9 un couvercle \u00e0 carreaux rouges et blancs personnalis\u00e9 pour une meilleure visibilit\u00e9 du produit en rayon.<\/p>\n<p>Ils nous ont indiqu\u00e9 que leurs ventes de la gamme d&#039;oignons marin\u00e9s ont augment\u00e9 de 30 % dans les cha\u00eenes de supermarch\u00e9s locales apr\u00e8s le lancement.<\/p>\n<h2>Conseils de personnalisation pour vos bocaux \u00e0 cornichons vintage<\/h2>\n<p>Supposons que vous souhaitiez personnaliser ce bocal \u00e0 cornichons \u00e0 l&#039;ancienne\u00a0; il est tout d&#039;abord conseill\u00e9 d&#039;opter pour un style g\u00e9n\u00e9ral en harmonie avec l&#039;histoire de votre marque. Par exemple, vous pouvez ajouter un motif en relief exclusif au couvercle \u00e0 damier rouge et blanc, ce qui permettra non seulement de distinguer le bocal, mais aussi de renforcer son aspect r\u00e9tro. De plus, la contenance du bocal et l&#039;\u00e9paisseur du verre peuvent \u00eatre adapt\u00e9es aux textures et au mode de remplissage des diff\u00e9rents produits marin\u00e9s. Enfin, vous pouvez garantir une identit\u00e9 visuelle forte et m\u00e9morable, non seulement pour les bocaux d&#039;oignons marin\u00e9s et autres conserves, mais aussi de mani\u00e8re plus g\u00e9n\u00e9rale, en ajoutant un logo en relief ou en personnalisant la taille de l&#039;\u00e9tiquette.<\/p>","protected":false},"excerpt":{"rendered":"<p>D\u00e9couvrez notre collection de bocaux \u00e0 cornichons vintage, id\u00e9ale pour la conservation des oignons marin\u00e9s en grande quantit\u00e9. Verre r\u00e9sistant, couvercles herm\u00e9tiques, \u00e9chantillon gratuit et vente directe d&#039;usine.<\/p>","protected":false},"featured_media":3633,"template":"","meta":{"postBodyCss":"","postBodyMargin":[],"postBodyPadding":[],"postBodyBackground":{"backgroundType":"classic","gradient":""}},"product_brand":[],"product_cat":[15,17,55],"product_tag":[65,71],"class_list":{"0":"post-3632","1":"product","2":"type-product","3":"status-publish","4":"has-post-thumbnail","6":"product_cat-glass-containers","7":"product_cat-glass-jars","8":"product_cat-pickle-jars","9":"product_tag-glass-jam-jars","10":"product_tag-honey-jars","12":"first","13":"instock","14":"shipping-taxable","15":"product-type-simple"},"jetpack_sharing_enabled":true,"_links":{"self":[{"href":"https:\/\/minghanggroup.com\/fr\/wp-json\/wp\/v2\/product\/3632","targetHints":{"allow":["GET"]}}],"collection":[{"href":"https:\/\/minghanggroup.com\/fr\/wp-json\/wp\/v2\/product"}],"about":[{"href":"https:\/\/minghanggroup.com\/fr\/wp-json\/wp\/v2\/types\/product"}],"wp:featuredmedia":[{"embeddable":true,"href":"https:\/\/minghanggroup.com\/fr\/wp-json\/wp\/v2\/media\/3633"}],"wp:attachment":[{"href":"https:\/\/minghanggroup.com\/fr\/wp-json\/wp\/v2\/media?parent=3632"}],"wp:term":[{"taxonomy":"product_brand","embeddable":true,"href":"https:\/\/minghanggroup.com\/fr\/wp-json\/wp\/v2\/product_brand?post=3632"},{"taxonomy":"product_cat","embeddable":true,"href":"https:\/\/minghanggroup.com\/fr\/wp-json\/wp\/v2\/product_cat?post=3632"},{"taxonomy":"product_tag","embeddable":true,"href":"https:\/\/minghanggroup.com\/fr\/wp-json\/wp\/v2\/product_tag?post=3632"}],"curies":[{"name":"wp","href":"https:\/\/api.w.org\/{rel}","templated":true}]}}