{"id":3627,"date":"2025-11-21T15:49:28","date_gmt":"2025-11-21T07:49:28","guid":{"rendered":"https:\/\/minghanggroup.com\/?post_type=product&#038;p=3627"},"modified":"2026-01-20T14:09:26","modified_gmt":"2026-01-20T06:09:26","slug":"bulk-clear-16-oz-flip-top-bottles-for-fermentation","status":"publish","type":"product","link":"https:\/\/minghanggroup.com\/fr\/produit\/bulk-clear-16-oz-flip-top-bottles-for-fermentation\/","title":{"rendered":"Bouteilles \u00e0 bouchon m\u00e9canique en vrac de 11 oz et 16 oz pour la fermentation"},"content":{"rendered":"<p>Gr\u00e2ce \u00e0 ces bouteilles \u00e0 bouchon m\u00e9canique de 473 ml (16 oz), vous pouvez mener \u00e0 bien vos projets de fermentation en toute s\u00e9r\u00e9nit\u00e9. Fabriqu\u00e9es en verre brillant, elles sont dot\u00e9es d&#039;un bouchon m\u00e9tallique \u00e0 pression. De plus, vous pouvez facilement v\u00e9rifier le contenu sans ouvrir la bouteille.<\/p>\n<h2>Caract\u00e9ristiques du produit<\/h2>\n<ul>\n<li><strong>Verrouillage herm\u00e9tique pour carbonatation le plus courant\u00a0:<\/strong> Gr\u00e2ce aux joints en caoutchouc \u00e9pais qui assurent une \u00e9tanch\u00e9it\u00e9 parfaite, la carbonatation de la boisson est pr\u00e9serv\u00e9e, lui permettant ainsi de conserver une texture l\u00e9g\u00e8re et a\u00e9r\u00e9e.<\/li>\n<li><strong>Durable et recyclable :<\/strong> Les bouteilles sont en verre r\u00e9sistant avec un bouchon \u00e0 clapet antirouille, ce qui les rend durables et r\u00e9utilisables pour plusieurs cycles de fermentation.<\/li>\n<li><strong>Seulement deux tailles :<\/strong> Les deux tailles de ces bouteilles permettent de r\u00e9pondre \u00e0 divers besoins de stockage, et elles peuvent \u00eatre utilis\u00e9es pour les boissons, les sauces et une vaste gamme d&#039;autres choses.<\/li>\n<\/ul>\n<h2 style=\"text-align: left;\">Caract\u00e9ristiques principales<\/h2>\n<table class=\"aligncenter\" style=\"border-collapse: collapse; width: 474.02pt;\" border=\"0\" width=\"632\" cellspacing=\"0\" cellpadding=\"0\">\n<tbody>\n<tr style=\"height: 13.50pt;\">\n<td style=\"height: 13.50pt; width: 93.75pt;\" width=\"125\" height=\"18\">Fonctionnalit\u00e9<\/td>\n<td style=\"width: 380.25pt;\" width=\"507\">D\u00e9tails<\/td>\n<\/tr>\n<tr style=\"height: 13.50pt;\">\n<td style=\"height: 13.50pt;\" height=\"18\">Dimensions<\/td>\n<td>330 ml (11 oz) : 6,35 cm \u00d7 22 cm \/ 500 ml (16 oz) : 7,1 cm \u00d7 25,6 cm<\/td>\n<\/tr>\n<tr style=\"height: 13.50pt;\">\n<td style=\"height: 13.50pt;\" height=\"18\">Mat\u00e9riel<\/td>\n<td>Verre sodocalcique transparent<\/td>\n<\/tr>\n<tr style=\"height: 13.50pt;\">\n<td style=\"height: 13.50pt;\" height=\"18\">Convient pour<\/td>\n<td>bouteille pour fermentation, bouteilles \u00e0 bouchon m\u00e9canique<\/td>\n<\/tr>\n<\/tbody>\n<\/table>\n<h2>Histoire \u00e0 succ\u00e8s : Les d\u00e9buts et la croissance d&#039;un fabricant de sodas artisanaux<\/h2>\n<p>L&#039;un des probl\u00e8mes rencontr\u00e9s par une jeune entreprise de sodas artisanaux \u00e9tait l&#039;\u00e9tanch\u00e9it\u00e9 des bouchons lors de la carbonatation naturelle du produit. Ils ont donc d\u00e9cid\u00e9 d&#039;utiliser nos bouteilles \u00e0 bouchon m\u00e9canique de 473 ml (16 oz) uniquement pour la fermentation et le conditionnement. Les r\u00e9sultats ont \u00e9t\u00e9 exceptionnels. L&#039;\u00e9tanch\u00e9it\u00e9 parfaite des bouteilles a permis de conserver la carbonatation du produit pendant plus de six mois, r\u00e9duisant ainsi le taux de retour \u00e0 un niveau quasi nul. De plus, la r\u00e9utilisabilit\u00e9 des bouteilles a consid\u00e9rablement fid\u00e9lis\u00e9 la client\u00e8le, entra\u00eenant une hausse de 40 % des achats r\u00e9p\u00e9t\u00e9s. Forts de ces excellents r\u00e9sultats, ils ont pass\u00e9 commande de plus de 250\u00a0000 bouteilles pour le lancement de leur nouvelle gamme de produits \u00e0 travers le pays.<\/p>\n<h2>Solutions de brassage personnalis\u00e9es<\/h2>\n<ul>\n<li><strong>Protection en verre ambr\u00e9\u00a0:<\/strong> Le verre ambr\u00e9 a pour but de prot\u00e9ger la bi\u00e8re, et en g\u00e9n\u00e9ral les boissons sensibles \u00e0 la lumi\u00e8re, des rayons UV nocifs.<\/li>\n<li><strong>Marquages \u200b\u200bde volume en relief\u00a0:<\/strong> Pour brasser avec des mesures pr\u00e9cises, des graduations de volume permanentes en relief sont install\u00e9es.<\/li>\n<li><strong>Finition mate :<\/strong> L&#039;ensemble de la bouteille en verre est recouvert d&#039;un rev\u00eatement mat qui lui conf\u00e8re une texture luxueuse et antid\u00e9rapante.<\/li>\n<li><strong>Marquage en relief sur le goulot de la bouteille\u00a0:<\/strong> Le goulot de la bouteille est subtilement emboss\u00e9 d&#039;un motif qui offre une identit\u00e9 de marque tactile et unique.<\/li>\n<\/ul>","protected":false},"excerpt":{"rendered":"<p>D\u00e9couvrez la bouteille id\u00e9ale pour la fermentation avec nos bouteilles robustes de 473 ml (16 oz) \u00e0 bouchon m\u00e9canique, offrant une \u00e9tanch\u00e9it\u00e9 parfaite pour le brassage. Livraison rapide disponible.<\/p>","protected":false},"featured_media":3629,"template":"","meta":{"postBodyCss":"","postBodyMargin":[],"postBodyPadding":[],"postBodyBackground":{"backgroundType":"classic","gradient":""}},"product_brand":[],"product_cat":[15,16,56],"product_tag":[79,72,78],"class_list":{"0":"post-3627","1":"product","2":"type-product","3":"status-publish","4":"has-post-thumbnail","6":"product_cat-glass-containers","7":"product_cat-glass-bottles","8":"product_cat-flip-top-bottles","9":"product_tag-beer-bottles","10":"product_tag-juice-bottles","11":"product_tag-water-bottles","13":"first","14":"instock","15":"shipping-taxable","16":"product-type-simple"},"jetpack_sharing_enabled":true,"_links":{"self":[{"href":"https:\/\/minghanggroup.com\/fr\/wp-json\/wp\/v2\/product\/3627","targetHints":{"allow":["GET"]}}],"collection":[{"href":"https:\/\/minghanggroup.com\/fr\/wp-json\/wp\/v2\/product"}],"about":[{"href":"https:\/\/minghanggroup.com\/fr\/wp-json\/wp\/v2\/types\/product"}],"wp:featuredmedia":[{"embeddable":true,"href":"https:\/\/minghanggroup.com\/fr\/wp-json\/wp\/v2\/media\/3629"}],"wp:attachment":[{"href":"https:\/\/minghanggroup.com\/fr\/wp-json\/wp\/v2\/media?parent=3627"}],"wp:term":[{"taxonomy":"product_brand","embeddable":true,"href":"https:\/\/minghanggroup.com\/fr\/wp-json\/wp\/v2\/product_brand?post=3627"},{"taxonomy":"product_cat","embeddable":true,"href":"https:\/\/minghanggroup.com\/fr\/wp-json\/wp\/v2\/product_cat?post=3627"},{"taxonomy":"product_tag","embeddable":true,"href":"https:\/\/minghanggroup.com\/fr\/wp-json\/wp\/v2\/product_tag?post=3627"}],"curies":[{"name":"wp","href":"https:\/\/api.w.org\/{rel}","templated":true}]}}