{"id":3617,"date":"2025-11-21T15:33:42","date_gmt":"2025-11-21T07:33:42","guid":{"rendered":"https:\/\/minghanggroup.com\/?post_type=product&#038;p=3617"},"modified":"2026-01-20T13:58:56","modified_gmt":"2026-01-20T05:58:56","slug":"custom-glass-pickle-jars-wholesale","status":"publish","type":"product","link":"https:\/\/minghanggroup.com\/fr\/produit\/custom-glass-pickle-jars-wholesale\/","title":{"rendered":"Bocaux \u00e0 cornichons en verre personnalis\u00e9s de 100 ml \u00e0 750 ml (vente en gros)"},"content":{"rendered":"<p>Pourquoi mettre vos cornichons dans des bocaux ordinaires\u00a0? Nous fabriquons d&#039;\u00e9l\u00e9gants bocaux en verre haut de gamme qui pr\u00e9servent la fra\u00eecheur des cornichons et mettent en valeur votre marque. Bien plus que de simples contenants, ce sont vos atouts pour vous d\u00e9marquer en rayon.<\/p>\n<h2>Caract\u00e9ristiques du produit<\/h2>\n<ol>\n<li><strong>Joint d&#039;\u00e9tanch\u00e9it\u00e9 sup\u00e9rieur :<\/strong>Avec son couvercle m\u00e9tallique, notre mod\u00e8le \u00e0 ouverture haute assure une fermeture herm\u00e9tique m\u00e9tal-verre qui pr\u00e9serve la fra\u00eecheur et la saveur du produit pour la mise en conserve et le saumurage\u00a0; il est donc id\u00e9al pour conserver les cornichons et faire fermenter les l\u00e9gumes.<\/li>\n<li><strong>Clart\u00e9 cristalline :<\/strong>Le verre transparent permet aux consommateurs de v\u00e9rifier visuellement et imm\u00e9diatement les couleurs vives des l\u00e9gumes marin\u00e9s, ce qui est id\u00e9al pour les cornichons \u00e0 base de saumure et les cornichons \u00e0 base de concombre dans vos r\u00e9serves alimentaires.<\/li>\n<li><strong>Tailles polyvalentes\u00a0:<\/strong>Diff\u00e9rentes contenances (100 ml \u00e0 220 ml) r\u00e9pondront \u00e0 tous vos besoins en mati\u00e8re de conserves, qu&#039;il s&#039;agisse d&#039;un petit \u00e9chantillon ou d&#039;une commande en gros. Ces bocaux \u00e9conomiques sont parfaits pour vos besoins en gros et peuvent \u00eatre remplis de fruits, de l\u00e9gumes et d&#039;aneth.<\/li>\n<\/ol>\n<h2>Caract\u00e9ristiques principales<\/h2>\n<table style=\"border-collapse: collapse; width: 80%; margin-left: auto; margin-right: auto;\" border=\"0\" width=\"216\" cellspacing=\"0\" cellpadding=\"0\">\n<tbody>\n<tr style=\"height: 13.50pt;\">\n<td style=\"height: 13.5pt; width: 54pt; text-align: center;\" width=\"72\" height=\"18\">Capacit\u00e9 (ml)<\/td>\n<td style=\"width: 54pt; text-align: center;\" width=\"72\">Taille (cm)<\/td>\n<td style=\"width: 54pt; text-align: center;\" width=\"72\">Forme<\/td>\n<\/tr>\n<tr style=\"height: 13.50pt;\">\n<td style=\"height: 13.5pt; text-align: center;\" align=\"right\" height=\"18\">100<\/td>\n<td style=\"text-align: center;\">6,2 x 6,8<\/td>\n<td class=\"et3\" style=\"text-align: center;\" rowspan=\"7\">Rond<\/td>\n<\/tr>\n<tr style=\"height: 13.50pt;\">\n<td style=\"height: 13.5pt; text-align: center;\" height=\"18\">150 \/ 5 oz<\/td>\n<td style=\"text-align: center;\">7,5 x 6,6<\/td>\n<\/tr>\n<tr style=\"height: 13.50pt;\">\n<td style=\"height: 13.5pt; text-align: center;\" height=\"18\">180 \/ 170 g<\/td>\n<td style=\"text-align: center;\">7,3 x 7,8<\/td>\n<\/tr>\n<tr style=\"height: 13.50pt;\">\n<td style=\"height: 13.5pt; text-align: center;\" align=\"right\" height=\"18\">220<\/td>\n<td style=\"text-align: center;\">6,6 x 10,6<\/td>\n<\/tr>\n<tr style=\"height: 13.50pt;\">\n<td style=\"height: 13.5pt; text-align: center;\" align=\"right\" height=\"18\">380<\/td>\n<td style=\"text-align: center;\">7,5 x 12,5<\/td>\n<\/tr>\n<tr style=\"height: 13.50pt;\">\n<td style=\"height: 13.5pt; text-align: center;\" align=\"right\" height=\"18\">500<\/td>\n<td style=\"text-align: center;\">7,5 x 14,9<\/td>\n<\/tr>\n<tr style=\"height: 13.50pt;\">\n<td style=\"height: 13.5pt; text-align: center;\" height=\"18\">750 \/ 25 oz<\/td>\n<td style=\"text-align: center;\">8,6 x 17,5<\/td>\n<\/tr>\n<\/tbody>\n<\/table>\n<h2>Cas de r\u00e9ussite<\/h2>\n<p>Un fabricant de condiments de l&#039;Ontario recherchait une ligne de production unique capable de conditionner ses sauces piquantes et ses conserves sucr\u00e9es dans des bocaux \u00e0 cornichons. Afin de produire trois tailles diff\u00e9rentes de bocaux en verre avec couvercles m\u00e9talliques adapt\u00e9s au remplissage \u00e0 chaud, il nous a contact\u00e9s.<\/p>\n<p>Gr\u00e2ce \u00e0 l&#039;utilisation de ces bocaux, leur emballage par le biais du sous-traitant est devenu 22 % plus efficace, et la marque a \u00e9galement enregistr\u00e9 une forte r\u00e9duction du volume des plaintes pour fuites.<\/p>\n<h2>Vos conseils de personnalisation<\/h2>\n<p>Lors de la personnalisation de ces bocaux \u00e0 cornichons en verre, les marques ont la libert\u00e9 d&#039;en modifier les d\u00e9tails afin de les adapter \u00e0 leur positionnement. Par exemple, elles peuvent ajouter une couleur ou un motif unique au couvercle m\u00e9tallique pour une meilleure harmonie avec leur identit\u00e9 visuelle\u00a0; elles peuvent \u00e9galement apposer un marquage ou une impression exclusive sur le bocal\u00a0; enfin, elles peuvent proposer des joints d&#039;\u00e9tanch\u00e9it\u00e9 anti-oxydation ou cr\u00e9er des emballages ext\u00e9rieurs pour les commandes en gros, rendant ainsi l&#039;ensemble des bocaux \u00e0 cornichons en verre plus adapt\u00e9 au transport international et \u00e0 la distribution \u00e0 grande \u00e9chelle.<\/p>","protected":false},"excerpt":{"rendered":"<p>Nous vendons en gros des bocaux \u00e0 cornichons en verre. Chaque bocal est herm\u00e9tique, provient directement de l&#039;usine, et nous avons du stock disponible. Personnalisation possible pour les commandes en gros. \u00c9chantillon gratuit.<\/p>","protected":false},"featured_media":3618,"template":"","meta":{"postBodyCss":"","postBodyMargin":[],"postBodyPadding":[],"postBodyBackground":{"backgroundType":"classic","gradient":""}},"product_brand":[],"product_cat":[15,17,55],"product_tag":[65,71],"class_list":{"0":"post-3617","1":"product","2":"type-product","3":"status-publish","4":"has-post-thumbnail","6":"product_cat-glass-containers","7":"product_cat-glass-jars","8":"product_cat-pickle-jars","9":"product_tag-glass-jam-jars","10":"product_tag-honey-jars","12":"first","13":"instock","14":"shipping-taxable","15":"product-type-simple"},"jetpack_sharing_enabled":true,"_links":{"self":[{"href":"https:\/\/minghanggroup.com\/fr\/wp-json\/wp\/v2\/product\/3617","targetHints":{"allow":["GET"]}}],"collection":[{"href":"https:\/\/minghanggroup.com\/fr\/wp-json\/wp\/v2\/product"}],"about":[{"href":"https:\/\/minghanggroup.com\/fr\/wp-json\/wp\/v2\/types\/product"}],"wp:featuredmedia":[{"embeddable":true,"href":"https:\/\/minghanggroup.com\/fr\/wp-json\/wp\/v2\/media\/3618"}],"wp:attachment":[{"href":"https:\/\/minghanggroup.com\/fr\/wp-json\/wp\/v2\/media?parent=3617"}],"wp:term":[{"taxonomy":"product_brand","embeddable":true,"href":"https:\/\/minghanggroup.com\/fr\/wp-json\/wp\/v2\/product_brand?post=3617"},{"taxonomy":"product_cat","embeddable":true,"href":"https:\/\/minghanggroup.com\/fr\/wp-json\/wp\/v2\/product_cat?post=3617"},{"taxonomy":"product_tag","embeddable":true,"href":"https:\/\/minghanggroup.com\/fr\/wp-json\/wp\/v2\/product_tag?post=3617"}],"curies":[{"name":"wp","href":"https:\/\/api.w.org\/{rel}","templated":true}]}}