{"id":3616,"date":"2025-11-21T14:17:57","date_gmt":"2025-11-21T06:17:57","guid":{"rendered":"https:\/\/minghanggroup.com\/?post_type=product&#038;p=3616"},"modified":"2026-01-20T14:09:46","modified_gmt":"2026-01-20T06:09:46","slug":"bulk-empty-fermentation-bottles-with-flip-top-lids","status":"publish","type":"product","link":"https:\/\/minghanggroup.com\/fr\/produit\/bulk-empty-fermentation-bottles-with-flip-top-lids\/","title":{"rendered":"Bouteilles de fermentation vides en vrac avec bouchon \u00e0 clapet\u00a0: 250\u00a0ml, 500\u00a0ml, 750\u00a0ml, 960\u00a0ml"},"content":{"rendered":"<p>Ces bouteilles de fermentation sont dot\u00e9es d&#039;un corps en verre transparent et de bouchons m\u00e9talliques \u00e0 clipser. Le syst\u00e8me de fermeture \u00e0 clapet assure une \u00e9tanch\u00e9it\u00e9 parfaite et le verre transparent permet de v\u00e9rifier rapidement le contenu.<\/p>\n<h2>Caract\u00e9ristiques du produit<\/h2>\n<ul>\n<li><strong>Joint de fermentation r\u00e9sistant \u00e0 la pression\u00a0:<\/strong> Les \u00e9l\u00e9ments qui assurent une \u00e9tanch\u00e9it\u00e9 parfaite et s\u00e9curis\u00e9e afin de garantir une fermentation secondaire contr\u00f4l\u00e9e et r\u00e9ussie sont des joints en caoutchouc \u00e9pais et des verrous de s\u00e9curit\u00e9.<\/li>\n<li><strong>Verre transparent :<\/strong> Gr\u00e2ce \u00e0 son extr\u00eame transparence, la bouteille r\u00e9v\u00e8le parfaitement la couleur, la limpidit\u00e9 et m\u00eame les plus petites bulles de la boisson, ce qui la rend id\u00e9ale pour cr\u00e9er une image de marque luxueuse.<\/li>\n<li><strong>Choix de capacit\u00e9s vari\u00e9es\u00a0:<\/strong> Que vous soyez en phase d&#039;exp\u00e9rimentation en petite s\u00e9rie ou en production \u00e0 grande \u00e9chelle, du format mod\u00e9r\u00e9 de 250 ml au g\u00e9n\u00e9reux format de 960 ml, vous trouverez la bouteille de la taille adapt\u00e9e \u00e0 vos besoins.<\/li>\n<\/ul>\n<h2 style=\"text-align: left;\">Caract\u00e9ristiques principales<\/h2>\n<table class=\"aligncenter\" style=\"border-collapse: collapse; width: 673.52pt;\" border=\"0\" width=\"898\" cellspacing=\"0\" cellpadding=\"0\">\n<tbody>\n<tr style=\"height: 13.50pt;\">\n<td style=\"height: 13.50pt; width: 93.75pt;\" width=\"125\" height=\"18\">Fonctionnalit\u00e9<\/td>\n<td style=\"width: 579.75pt;\" width=\"773\">D\u00e9tails<\/td>\n<\/tr>\n<tr style=\"height: 13.50pt;\">\n<td style=\"height: 13.50pt;\" height=\"18\">Dimensions<\/td>\n<td>250 ml : 5,9 cm \u00d7 18,4 cm \/ 500 ml : 7 cm \u00d7 25,4 cm \/ 750 ml : 7,8 cm \u00d7 28,2 cm \/ 960 ml : 8,4 cm \u00d7 30,8 cm<\/td>\n<\/tr>\n<tr style=\"height: 13.50pt;\">\n<td style=\"height: 13.50pt;\" height=\"18\">Mat\u00e9riel<\/td>\n<td>Verre sodocalcique transparent<\/td>\n<\/tr>\n<tr style=\"height: 13.50pt;\">\n<td style=\"height: 13.50pt;\" height=\"18\">Convient pour<\/td>\n<td>Bouteille de fermentation, bouteilles \u00e0 bouchon m\u00e9canique<\/td>\n<\/tr>\n<\/tbody>\n<\/table>\n<h2>\u00c9tude de cas : Comment une marque de kombucha a atteint une croissance \u00e0 grande \u00e9chelle<\/h2>\n<p>Une entreprise de kombucha en pleine expansion devait r\u00e9soudre deux probl\u00e8mes majeurs\u00a0: une carbonatation instable lors de la fermentation secondaire et un taux de casse \u00e9lev\u00e9 pendant le transport. Elle a d\u00e9cid\u00e9 de remplacer l&#039;int\u00e9gralit\u00e9 de sa ligne de production par nos bouteilles de 960\u00a0ml \u00e0 bouchon m\u00e9canique, avec un r\u00e9sultat imm\u00e9diat. L&#039;excellente \u00e9tanch\u00e9it\u00e9 est la principale raison d&#039;un taux de carbonatation stable de 98\u00a0%, ce qui r\u00e9duit consid\u00e9rablement le risque de bulles d&#039;air dans le produit. La robustesse de la bouteille en verre lui assure une longue dur\u00e9e de vie, ce qui diminue de 40\u00a0% la casse pendant le transport et permet \u00e0 l&#039;entreprise de r\u00e9aliser des \u00e9conomies substantielles. Forte de cette nouvelle commande de plus de 600\u00a0000 bouteilles, elle accompagnera son d\u00e9veloppement \u00e0 grande \u00e9chelle.<\/p>\n<h2>Personnalisez vos bouteilles de fermentation \u00e0 bouchon \u00e0 clapet<\/h2>\n<ul>\n<li><strong>Verre ambr\u00e9 :<\/strong> Si vous souhaitez prot\u00e9ger les boissons ferment\u00e9es sensibles \u00e0 la lumi\u00e8re, comme la bi\u00e8re, des dommages caus\u00e9s par les UV, alors optez pour le verre ambr\u00e9.<\/li>\n<li><strong>Marquage du volume :<\/strong> En plus des graduations sur la bouteille, il convient d&#039;ajouter des marques de volume permanentes et en relief pour un remplissage pr\u00e9cis et pour garantir la constance de la recette.<\/li>\n<li><strong>Logo grav\u00e9 \u00e0 l&#039;acide :<\/strong> Cr\u00e9ez un logo sur bouteille en verre avec un effet givr\u00e9 pour une identit\u00e9 de marque durable et sophistiqu\u00e9e.<\/li>\n<li><strong>Finition mate :<\/strong> Vous pouvez ajouter une finition enti\u00e8rement mate \u00e0 la bouteille en verre, ce qui lui donnera un aspect unique, un toucher doux et moins de reflets.<\/li>\n<\/ul>","protected":false},"excerpt":{"rendered":"<p>Gamme de bouteilles de fermentation haut de gamme, disponibles en plusieurs formats. Ces bouteilles \u00e0 bouchon m\u00e9canique sont id\u00e9ales pour les boissons\u00a0; des \u00e9chantillons gratuits sont offerts pour toute commande en gros.<\/p>","protected":false},"featured_media":3620,"template":"","meta":{"postBodyCss":"","postBodyMargin":[],"postBodyPadding":[],"postBodyBackground":{"backgroundType":"classic","gradient":""}},"product_brand":[],"product_cat":[15,16,56],"product_tag":[79,72,78],"class_list":{"0":"post-3616","1":"product","2":"type-product","3":"status-publish","4":"has-post-thumbnail","6":"product_cat-glass-containers","7":"product_cat-glass-bottles","8":"product_cat-flip-top-bottles","9":"product_tag-beer-bottles","10":"product_tag-juice-bottles","11":"product_tag-water-bottles","13":"first","14":"instock","15":"shipping-taxable","16":"product-type-simple"},"jetpack_sharing_enabled":true,"_links":{"self":[{"href":"https:\/\/minghanggroup.com\/fr\/wp-json\/wp\/v2\/product\/3616","targetHints":{"allow":["GET"]}}],"collection":[{"href":"https:\/\/minghanggroup.com\/fr\/wp-json\/wp\/v2\/product"}],"about":[{"href":"https:\/\/minghanggroup.com\/fr\/wp-json\/wp\/v2\/types\/product"}],"wp:featuredmedia":[{"embeddable":true,"href":"https:\/\/minghanggroup.com\/fr\/wp-json\/wp\/v2\/media\/3620"}],"wp:attachment":[{"href":"https:\/\/minghanggroup.com\/fr\/wp-json\/wp\/v2\/media?parent=3616"}],"wp:term":[{"taxonomy":"product_brand","embeddable":true,"href":"https:\/\/minghanggroup.com\/fr\/wp-json\/wp\/v2\/product_brand?post=3616"},{"taxonomy":"product_cat","embeddable":true,"href":"https:\/\/minghanggroup.com\/fr\/wp-json\/wp\/v2\/product_cat?post=3616"},{"taxonomy":"product_tag","embeddable":true,"href":"https:\/\/minghanggroup.com\/fr\/wp-json\/wp\/v2\/product_tag?post=3616"}],"curies":[{"name":"wp","href":"https:\/\/api.w.org\/{rel}","templated":true}]}}