{"id":3611,"date":"2025-11-21T13:47:48","date_gmt":"2025-11-21T05:47:48","guid":{"rendered":"https:\/\/minghanggroup.com\/?post_type=product&#038;p=3611"},"modified":"2026-01-20T14:10:06","modified_gmt":"2026-01-20T06:10:06","slug":"transparent-small-flip-top-bottles-bulk","status":"publish","type":"product","link":"https:\/\/minghanggroup.com\/fr\/produit\/transparent-small-flip-top-bottles-bulk\/","title":{"rendered":"Flacons transparents \u00e0 bouchon \u00e0 clapet de 50 ml et 150 ml en gros"},"content":{"rendered":"<p>Avec un concept simple et \u00e9l\u00e9gant, ces petites bouteilles en verre transparent \u00e0 bouchon \u00e0 clapet sont dot\u00e9es d&#039;une fermeture \u00e0 pression en m\u00e9tal, ce qui les rend parfaites pour le stockage de petites quantit\u00e9s de sauces alimentaires, de mini-boissons ou d&#039;\u00e9chantillons.<\/p>\n<h2>Caract\u00e9ristiques du produit<\/h2>\n<ul>\n<li><strong>Mat\u00e9riau : verre transparent<\/strong> Le r\u00e9cipient en verre transparent permet de voir tr\u00e8s facilement la couleur ainsi que le volume du liquide orange, simplifiant ainsi la t\u00e2che d&#039;identification et de contr\u00f4le.<\/li>\n<li><strong>Conception \u00e0 fermeture par pression :<\/strong> La bouteille est \u00e9quip\u00e9e d&#039;un bouchon \u00e0 pression en m\u00e9tal rouge et blanc qui assure non seulement une excellente \u00e9tanch\u00e9it\u00e9, mais qui est aussi la principale raison pour laquelle la fra\u00eecheur du liquide est efficacement pr\u00e9serv\u00e9e et que l&#039;ouverture et la fermeture sont faciles.<\/li>\n<li><strong>Format compact :<\/strong> Le design compact et \u00e9l\u00e9gant de la bouteille r\u00e9pond au besoin d&#039;une solution de stockage de petite capacit\u00e9 et peut \u00eatre utilis\u00e9 pour distribuer des condiments, des \u00e9chantillons de boissons, etc.<\/li>\n<\/ul>\n<h2 style=\"text-align: left;\">Caract\u00e9ristiques principales<\/h2>\n<table class=\"aligncenter\" style=\"border-collapse: collapse; width: 430.52pt;\" border=\"0\" width=\"574\" cellspacing=\"0\" cellpadding=\"0\">\n<tbody>\n<tr style=\"height: 13.50pt;\">\n<td style=\"height: 13.50pt; width: 105.75pt;\" width=\"141\" height=\"18\">Fonctionnalit\u00e9<\/td>\n<td style=\"width: 324.75pt;\" width=\"433\">D\u00e9tails<\/td>\n<\/tr>\n<tr style=\"height: 13.50pt;\">\n<td style=\"height: 13.50pt;\" height=\"18\">Dimensions<\/td>\n<td>50 ml : 4,6 cm \u00d7 10,1 cm \/ 150 ml : 5,3 cm \u00d7 16 cm<\/td>\n<\/tr>\n<tr style=\"height: 13.50pt;\">\n<td style=\"height: 13.50pt;\" height=\"18\">Mat\u00e9riel<\/td>\n<td>Verre sodocalcique transparent<\/td>\n<\/tr>\n<tr style=\"height: 13.50pt;\">\n<td style=\"height: 13.50pt;\" height=\"18\">Convient pour<\/td>\n<td>\u00e9chantillons de flacons \u00e0 bouchon m\u00e9canique, petits flacons \u00e0 bouchon \u00e0 clapet<\/td>\n<\/tr>\n<\/tbody>\n<\/table>\n<h2>T\u00e9moignage de r\u00e9ussite : L&#039;histoire \u00e0 succ\u00e8s d&#039;un fabricant de produits alimentaires sp\u00e9cialis\u00e9s<\/h2>\n<p>Une entreprise agroalimentaire de luxe recherchait un contenant haut de gamme pour distribuer des \u00e9chantillons de sa nouvelle huile d&#039;olive et de son vinaigre. Elle a finalement opt\u00e9 pour nos petites bouteilles \u00e0 bouchon m\u00e9canique de 150 ml comme contenants de test. L&#039;excellente \u00e9tanch\u00e9it\u00e9 a permis d&#039;augmenter la dur\u00e9e de conservation des produits de 60 %. De plus, la taille uniforme des bouteilles a optimis\u00e9 le processus de remplissage, ce qui a permis d&#039;accro\u00eetre la cadence de la ligne de conditionnement de 20 %. Satisfaite des performances du produit et des retours positifs des clients, l&#039;entreprise vient de passer une nouvelle commande de 300\u00a0000 bouteilles pour lancer un programme d&#039;essais \u00e0 l&#039;\u00e9chelle nationale.<\/p>\n<h2>Personnalisez vos bouteilles \u00e0 bouchon m\u00e9canique en vrac.<\/h2>\n<ul>\n<li><strong>Couleur du verre :<\/strong> Pour une gamme limit\u00e9e de produits sensibles \u00e0 la lumi\u00e8re (par exemple, les huiles essentielles), le verre doit \u00eatre ambr\u00e9 ou bleu cobalt.<\/li>\n<li><strong>Logo imprim\u00e9 en s\u00e9rigraphie\u00a0:<\/strong> L&#039;impression des logos peut \u00eatre lumineuse, durable et tr\u00e8s d\u00e9taill\u00e9e.<\/li>\n<li><strong>Couleur personnalis\u00e9e de la casquette\u00a0:<\/strong> Modifiez la couleur de votre poign\u00e9e en m\u00e9tal ou de votre bouchon en c\u00e9ramique pour qu&#039;elle soit coh\u00e9rente avec votre image de marque.<\/li>\n<li><strong>Gravure sur verre :<\/strong> Utilisez la gravure sur verre pour transformer les motifs ou logos complexes en une finition givr\u00e9e \u00e9l\u00e9gante et durable.<\/li>\n<\/ul>","protected":false},"excerpt":{"rendered":"<p>Bouteilles \u00e0 bouchon m\u00e9canique de petite taille et de haute qualit\u00e9, id\u00e9ales pour les boissons, la fermentation ou les jus. Disponibles en gros avec options de personnalisation et livraison rapide.<\/p>","protected":false},"featured_media":3613,"template":"","meta":{"postBodyCss":"","postBodyMargin":[],"postBodyPadding":[],"postBodyBackground":{"backgroundType":"classic","gradient":""}},"product_brand":[],"product_cat":[15,16,56],"product_tag":[79,72,78],"class_list":{"0":"post-3611","1":"product","2":"type-product","3":"status-publish","4":"has-post-thumbnail","6":"product_cat-glass-containers","7":"product_cat-glass-bottles","8":"product_cat-flip-top-bottles","9":"product_tag-beer-bottles","10":"product_tag-juice-bottles","11":"product_tag-water-bottles","13":"first","14":"instock","15":"shipping-taxable","16":"product-type-simple"},"jetpack_sharing_enabled":true,"_links":{"self":[{"href":"https:\/\/minghanggroup.com\/fr\/wp-json\/wp\/v2\/product\/3611","targetHints":{"allow":["GET"]}}],"collection":[{"href":"https:\/\/minghanggroup.com\/fr\/wp-json\/wp\/v2\/product"}],"about":[{"href":"https:\/\/minghanggroup.com\/fr\/wp-json\/wp\/v2\/types\/product"}],"wp:featuredmedia":[{"embeddable":true,"href":"https:\/\/minghanggroup.com\/fr\/wp-json\/wp\/v2\/media\/3613"}],"wp:attachment":[{"href":"https:\/\/minghanggroup.com\/fr\/wp-json\/wp\/v2\/media?parent=3611"}],"wp:term":[{"taxonomy":"product_brand","embeddable":true,"href":"https:\/\/minghanggroup.com\/fr\/wp-json\/wp\/v2\/product_brand?post=3611"},{"taxonomy":"product_cat","embeddable":true,"href":"https:\/\/minghanggroup.com\/fr\/wp-json\/wp\/v2\/product_cat?post=3611"},{"taxonomy":"product_tag","embeddable":true,"href":"https:\/\/minghanggroup.com\/fr\/wp-json\/wp\/v2\/product_tag?post=3611"}],"curies":[{"name":"wp","href":"https:\/\/api.w.org\/{rel}","templated":true}]}}