{"id":3603,"date":"2025-11-21T11:13:46","date_gmt":"2025-11-21T03:13:46","guid":{"rendered":"https:\/\/minghanggroup.com\/?post_type=product&#038;p=3603"},"modified":"2026-01-20T14:10:29","modified_gmt":"2026-01-20T06:10:29","slug":"bulk-clear-glass-flip-top-bottles-for-kombucha","status":"publish","type":"product","link":"https:\/\/minghanggroup.com\/fr\/produit\/bulk-clear-glass-flip-top-bottles-for-kombucha\/","title":{"rendered":"Bouteilles en verre transparent \u00e0 bouchon m\u00e9canique en gros pour kombucha, 350 ml \u00e0 1000 ml"},"content":{"rendered":"<p>Ces bouteilles en verre transparent \u00e0 bouchon m\u00e9canique sont dot\u00e9es d&#039;un couvercle \u00e0 clapet. Gr\u00e2ce \u00e0 leur fermeture herm\u00e9tique et \u00e0 leur polyvalence, elles sont id\u00e9ales pour le kombucha et toutes les autres boissons ferment\u00e9es, que ce soit pour la fermentation, la conservation ou la pr\u00e9sentation.<\/p>\n<h2>Caract\u00e9ristiques du produit<\/h2>\n<ul>\n<li><strong>Conception \u00e0 fermeture clipsable\u00a0:<\/strong> Le bouchon m\u00e9tallique rouge et blanc \u00e0 clipser de ces bouteilles assure une excellente \u00e9tanch\u00e9it\u00e9. Ainsi, la fra\u00eecheur et l&#039;effervescence du liquide sont parfaitement pr\u00e9serv\u00e9es. De plus, leur ouverture et leur fermeture sont tr\u00e8s pratiques.<\/li>\n<li><strong>Diff\u00e9rentes tailles :<\/strong> Ces bouteilles sont disponibles en quatre tailles diff\u00e9rentes pour r\u00e9pondre \u00e0 divers besoins de stockage. Elles peuvent contenir de l&#039;eau gazeuse, des boissons et autres liquides.<\/li>\n<li><strong>Id\u00e9al pour les boissons gazeuses :<\/strong> Le style de la bouteille est pens\u00e9 pour les boissons gazeuses, ce qui permet de pr\u00e9server l&#039;effervescence du liquide pendant longtemps et la rend id\u00e9ale pour la conservation des boissons p\u00e9tillantes.<\/li>\n<\/ul>\n<h2 style=\"text-align: left;\">Caract\u00e9ristiques principales<\/h2>\n<table class=\"aligncenter\" style=\"border-collapse: collapse; width: 667.52pt;\" border=\"0\" width=\"890\" cellspacing=\"0\" cellpadding=\"0\">\n<tbody>\n<tr style=\"height: 13.50pt;\">\n<td style=\"height: 13.50pt; width: 105.75pt;\" width=\"141\" height=\"18\">Fonctionnalit\u00e9<\/td>\n<td style=\"width: 561.75pt;\" width=\"749\">D\u00e9tails<\/td>\n<\/tr>\n<tr style=\"height: 13.50pt;\">\n<td style=\"height: 13.50pt;\" height=\"18\">Dimensions<\/td>\n<td>350 ml (12 oz) : 7,3 \u00d7 20,3 cm \/ 500 ml (16 oz) : 8,25 \u00d7 21,5 cm \/ 750 ml (25 oz) : 9,3 \u00d7 24,8 cm \/ 1000 ml (32 oz) : 10 \u00d7 27,9 cm<\/td>\n<\/tr>\n<tr style=\"height: 13.50pt;\">\n<td style=\"height: 13.50pt;\" height=\"18\">Mat\u00e9riel<\/td>\n<td>Verre sodocalcique transparent<\/td>\n<\/tr>\n<tr style=\"height: 13.50pt;\">\n<td style=\"height: 13.50pt;\" height=\"18\">Convient pour<\/td>\n<td>Bouteille en verre \u00e0 bouchon m\u00e9canique, bouteilles \u00e0 bouchon m\u00e9canique pour kombucha<\/td>\n<\/tr>\n<\/tbody>\n<\/table>\n<h2>Succ\u00e8s\u00a0: Am\u00e9liorer l\u2019image de marque du kombucha<\/h2>\n<p>En optant pour nos bouteilles en verre de 500 ml \u00e0 bouchon m\u00e9canique pour son kombucha, une jeune marque de kombucha, cliente de l&#039;entreprise, a fait un choix judicieux afin d&#039;optimiser la fra\u00eecheur et l&#039;attrait visuel de son produit. Gr\u00e2ce \u00e0 une fermeture herm\u00e9tique, le taux de r\u00e9ussite de la fermentation secondaire a augment\u00e9 de 30 %, r\u00e9duisant ainsi consid\u00e9rablement les \u00e9checs de fermentation. La transparence du verre permet aux consommateurs d&#039;appr\u00e9cier la qualit\u00e9 du kombucha \u00e0 travers sa couleur vive et ses bulles, un atout marketing ind\u00e9niable qui a permis d&#039;accro\u00eetre les ventes de 22 %. Tr\u00e8s satisfaite, la marque a command\u00e9 plus de 400\u00a0000 bouteilles pour sa prochaine phase de distribution.<\/p>\n<h2>Options de bouteilles \u00e0 bouchon \u00e0 clapet personnalis\u00e9es<\/h2>\n<ul>\n<li>Teinture du verre \u2013 Prot\u00e9gez vos boissons sensibles \u00e0 la lumi\u00e8re, comme la bi\u00e8re ou le kombucha, en les pla\u00e7ant dans un verre ambr\u00e9 ou vert.<\/li>\n<li>Finition mate \u2013 La surface de la bouteille est recouverte d&#039;une finition mate givr\u00e9e qui la rend \u00e0 la fois agr\u00e9able \u00e0 prendre en main et luxueuse.<\/li>\n<li>Joint en silicone am\u00e9lior\u00e9 \u2013 Si une personne souhaite une plus grande durabilit\u00e9 et un nettoyage plus simple, des joints en silicone de qualit\u00e9 sup\u00e9rieure peuvent \u00eatre utilis\u00e9s.<\/li>\n<li>Marquage du collier \u2013 L\u2019ajout d\u2019un anneau avec le logo de la marque autour du cou est une mani\u00e8re subtile mais efficace de faire de la publicit\u00e9.<\/li>\n<\/ul>","protected":false},"excerpt":{"rendered":"<p>Bouteilles en verre \u00e0 bouchon m\u00e9canique sp\u00e9cialement con\u00e7ues pour la fermentation. Nos bouteilles \u00e0 bouchon m\u00e9canique pour kombucha offrent une \u00e9tanch\u00e9it\u00e9 parfaite et une grande durabilit\u00e9, avec une livraison rapide.<\/p>","protected":false},"featured_media":3608,"template":"","meta":{"postBodyCss":"","postBodyMargin":[],"postBodyPadding":[],"postBodyBackground":{"backgroundType":"classic","gradient":""}},"product_brand":[],"product_cat":[15,16,56],"product_tag":[79,72,78],"class_list":{"0":"post-3603","1":"product","2":"type-product","3":"status-publish","4":"has-post-thumbnail","6":"product_cat-glass-containers","7":"product_cat-glass-bottles","8":"product_cat-flip-top-bottles","9":"product_tag-beer-bottles","10":"product_tag-juice-bottles","11":"product_tag-water-bottles","13":"first","14":"instock","15":"shipping-taxable","16":"product-type-simple"},"jetpack_sharing_enabled":true,"_links":{"self":[{"href":"https:\/\/minghanggroup.com\/fr\/wp-json\/wp\/v2\/product\/3603","targetHints":{"allow":["GET"]}}],"collection":[{"href":"https:\/\/minghanggroup.com\/fr\/wp-json\/wp\/v2\/product"}],"about":[{"href":"https:\/\/minghanggroup.com\/fr\/wp-json\/wp\/v2\/types\/product"}],"wp:featuredmedia":[{"embeddable":true,"href":"https:\/\/minghanggroup.com\/fr\/wp-json\/wp\/v2\/media\/3608"}],"wp:attachment":[{"href":"https:\/\/minghanggroup.com\/fr\/wp-json\/wp\/v2\/media?parent=3603"}],"wp:term":[{"taxonomy":"product_brand","embeddable":true,"href":"https:\/\/minghanggroup.com\/fr\/wp-json\/wp\/v2\/product_brand?post=3603"},{"taxonomy":"product_cat","embeddable":true,"href":"https:\/\/minghanggroup.com\/fr\/wp-json\/wp\/v2\/product_cat?post=3603"},{"taxonomy":"product_tag","embeddable":true,"href":"https:\/\/minghanggroup.com\/fr\/wp-json\/wp\/v2\/product_tag?post=3603"}],"curies":[{"name":"wp","href":"https:\/\/api.w.org\/{rel}","templated":true}]}}