{"id":3594,"date":"2025-11-21T11:59:12","date_gmt":"2025-11-21T03:59:12","guid":{"rendered":"https:\/\/minghanggroup.com\/?post_type=product&#038;p=3594"},"modified":"2026-01-20T13:59:06","modified_gmt":"2026-01-20T05:59:06","slug":"custom-pickle-jar-storage-bulk-supply","status":"publish","type":"product","link":"https:\/\/minghanggroup.com\/fr\/produit\/custom-pickle-jar-storage-bulk-supply\/","title":{"rendered":"Bocaux de conservation pour cornichons personnalis\u00e9s, en vrac, de 280 ml \u00e0 630 ml"},"content":{"rendered":"<p>Cessez de vous contenter de bocaux ordinaires qui donnent une image bon march\u00e9 \u00e0 votre marque. Nous fabriquons des bocaux en verre haut de gamme \u00e0 double anse pour cornichons, transformant ainsi vos emballages alimentaires en une solution \u00e9l\u00e9gante et fonctionnelle tout en pr\u00e9servant la fra\u00eecheur de vos l\u00e9gumes marin\u00e9s. Bien plus que de simples bocaux, ils constituent le nouvel atout majeur de votre marque pour la conservation optimale de vos cornichons.<\/p>\n<h2>Caract\u00e9ristiques du produit<\/h2>\n<ol>\n<li><strong>Design classique \u00e0 double poign\u00e9e :<\/strong>La conception famili\u00e8re \u00e0 double poign\u00e9e de notre marque assure une prise en main confortable, tandis que le style r\u00e9tro renforce l&#039;attrait de la marque, r\u00e9pondant ainsi \u00e0 vos besoins en mati\u00e8re de rangement des bocaux \u00e0 conserves.<\/li>\n<li><strong>Bouchon de cou filet\u00e9 de haute pr\u00e9cision\u00a0:<\/strong>Ainsi, le bouchon filet\u00e9 de haute pr\u00e9cision peut \u00eatre facilement converti d&#039;un bouchon en m\u00e9tal \u00e0 un bouchon en plastique ou vice versa, et un joint \u00e9tanche peut \u00eatre choisi en fonction des pr\u00e9f\u00e9rences du client.<\/li>\n<li><strong>Fond antid\u00e9rapant :<\/strong>Le fond antid\u00e9rapant permet \u00e0 l&#039;utilisateur de maintenir fermement le produit pendant les op\u00e9rations de nettoyage et de remplissage, ce qui le rend plus adapt\u00e9 aux op\u00e9rations en usine \u00e0 grande \u00e9chelle.<\/li>\n<\/ol>\n<h2>Caract\u00e9ristiques principales<\/h2>\n<table style=\"border-collapse: collapse; width: 80%; margin-left: auto; margin-right: auto;\" border=\"0\" width=\"216\" cellspacing=\"0\" cellpadding=\"0\">\n<tbody>\n<tr style=\"height: 13.50pt;\">\n<td style=\"height: 13.5pt; width: 54pt; text-align: center;\" width=\"72\" height=\"18\">Capacit\u00e9 (ml)<\/td>\n<td style=\"width: 54pt; text-align: center;\" width=\"72\">Taille (cm)<\/td>\n<td style=\"width: 54pt; text-align: center;\" width=\"72\">Options de personnalisation<\/td>\n<\/tr>\n<tr style=\"height: 13.50pt;\">\n<td style=\"height: 13.5pt; text-align: center;\" align=\"right\" height=\"18\">280<\/td>\n<td style=\"text-align: center;\">7.8 * 8.8<\/td>\n<td class=\"et2\" style=\"text-align: center;\" rowspan=\"4\">Logo, couvercles, couleur, \u00e9tiquette, taille<\/td>\n<\/tr>\n<tr style=\"height: 13.50pt;\">\n<td style=\"height: 13.5pt; text-align: center;\" align=\"right\" height=\"18\">350<\/td>\n<td style=\"text-align: center;\">8.8 * 9.5<\/td>\n<\/tr>\n<tr style=\"height: 13.50pt;\">\n<td style=\"height: 13.5pt; text-align: center;\" align=\"right\" height=\"18\">500<\/td>\n<td style=\"text-align: center;\">9.9 * 10.0<\/td>\n<\/tr>\n<tr style=\"height: 13.50pt;\">\n<td style=\"height: 13.5pt; text-align: center;\" align=\"right\" height=\"18\">630<\/td>\n<td style=\"text-align: center;\">10.4 * 10.7<\/td>\n<\/tr>\n<\/tbody>\n<\/table>\n<h2>Cas de r\u00e9ussite<\/h2>\n<p>Lorsqu&#039;une marque de conserves de l&#039;Ouest canadien s&#039;appr\u00eatait \u00e0 lancer une gamme haut de gamme, elle a opt\u00e9 pour nos bocaux en verre afin d&#039;am\u00e9liorer son emballage. Gr\u00e2ce \u00e0 un verre plus fin et plus transparent, ses poivrons et ses conserves paraissent plus frais et plus attrayants en rayon. De plus, nous avons modifi\u00e9 le filetage des goulots pour le rendre compatible avec sa ligne de remplissage automatis\u00e9e, ce qui permet d&#039;\u00e9viter quasiment tout blocage lors de la production \u00e0 grande vitesse.<\/p>\n<p>Apr\u00e8s le lancement de la marque, celle-ci a b\u00e9n\u00e9fici\u00e9 d&#039;une meilleure visibilit\u00e9 dans les rayons des supermarch\u00e9s, et les ventes du nouveau produit ont augment\u00e9 d&#039;environ 28 % au premier trimestre.<\/p>\n<h2>Vos conseils de personnalisation<\/h2>\n<p>Si vous le souhaitez, vous pouvez donner \u00e0 un bocal \u00e0 cornichons en verre l&#039;apparence d&#039;une marque en choisissant une option de personnalisation plus distinctive. Par exemple, vous pouvez modifier la transmission de la lumi\u00e8re du verre pour qu&#039;elle corresponde \u00e0 la couleur des cornichons et que leur contenu paraisse plus \u00e9clatant. De m\u00eame, vous pouvez personnaliser le couvercle avec diff\u00e9rents mat\u00e9riaux et couleurs, du m\u00e9tal r\u00e9sistant \u00e0 la corrosion au plastique mat souple, et l&#039;associer \u00e0 un joint d&#039;\u00e9tanch\u00e9it\u00e9 compatible avec les lignes de remplissage automatis\u00e9es. Ainsi, l&#039;emballage devient non seulement esth\u00e9tique, mais la production est \u00e9galement optimis\u00e9e.<\/p>","protected":false},"excerpt":{"rendered":"<p>Bocaux de conservation pour cornichons. Disponibles en gros, \u00e0 prix direct usine, avec livraison rapide et personnalisation flexible.<\/p>","protected":false},"featured_media":3595,"template":"","meta":{"postBodyCss":"","postBodyMargin":[],"postBodyPadding":[],"postBodyBackground":{"backgroundType":"classic","gradient":""}},"product_brand":[],"product_cat":[15,17,55],"product_tag":[65,71],"class_list":{"0":"post-3594","1":"product","2":"type-product","3":"status-publish","4":"has-post-thumbnail","6":"product_cat-glass-containers","7":"product_cat-glass-jars","8":"product_cat-pickle-jars","9":"product_tag-glass-jam-jars","10":"product_tag-honey-jars","12":"first","13":"instock","14":"shipping-taxable","15":"product-type-simple"},"jetpack_sharing_enabled":true,"_links":{"self":[{"href":"https:\/\/minghanggroup.com\/fr\/wp-json\/wp\/v2\/product\/3594","targetHints":{"allow":["GET"]}}],"collection":[{"href":"https:\/\/minghanggroup.com\/fr\/wp-json\/wp\/v2\/product"}],"about":[{"href":"https:\/\/minghanggroup.com\/fr\/wp-json\/wp\/v2\/types\/product"}],"wp:featuredmedia":[{"embeddable":true,"href":"https:\/\/minghanggroup.com\/fr\/wp-json\/wp\/v2\/media\/3595"}],"wp:attachment":[{"href":"https:\/\/minghanggroup.com\/fr\/wp-json\/wp\/v2\/media?parent=3594"}],"wp:term":[{"taxonomy":"product_brand","embeddable":true,"href":"https:\/\/minghanggroup.com\/fr\/wp-json\/wp\/v2\/product_brand?post=3594"},{"taxonomy":"product_cat","embeddable":true,"href":"https:\/\/minghanggroup.com\/fr\/wp-json\/wp\/v2\/product_cat?post=3594"},{"taxonomy":"product_tag","embeddable":true,"href":"https:\/\/minghanggroup.com\/fr\/wp-json\/wp\/v2\/product_tag?post=3594"}],"curies":[{"name":"wp","href":"https:\/\/api.w.org\/{rel}","templated":true}]}}