{"id":3592,"date":"2025-11-21T09:57:58","date_gmt":"2025-11-21T01:57:58","guid":{"rendered":"https:\/\/minghanggroup.com\/?post_type=product&#038;p=3592"},"modified":"2026-01-20T14:03:49","modified_gmt":"2026-01-20T06:03:49","slug":"empty-brown-swing-top-bottles-wholesale","status":"publish","type":"product","link":"https:\/\/minghanggroup.com\/fr\/produit\/empty-brown-swing-top-bottles-wholesale\/","title":{"rendered":"Bouteilles vides brunes \u00e0 bouchon m\u00e9canique de 485 ml en gros"},"content":{"rendered":"<p>Les bouteilles \u00e0 bouchon m\u00e9canique en verre brun fonc\u00e9 ont une forme mince et allong\u00e9e et un bouchon m\u00e9tallique \u00e0 pression, ce qui en fait la meilleure option pour conserver la bi\u00e8re artisanale, la bi\u00e8re brass\u00e9e \u00e0 la maison ou tout autre type de boisson sp\u00e9ciale.<\/p>\n<h2>Caract\u00e9ristiques du produit<\/h2>\n<ul>\n<li><strong>Mat\u00e9riau : Verre brun<\/strong> L&#039;une des fonctions les plus importantes du verre brun est d&#039;assurer une protection compl\u00e8te du produit qu&#039;il contient (comme la bi\u00e8re ou les sauces) contre les effets n\u00e9fastes de la lumi\u00e8re, tout en lui conf\u00e9rant un aspect vieilli.<\/li>\n<li><strong>Forme de bouteille allong\u00e9e :<\/strong> Son design attrayant et fin le rend tr\u00e8s pratique \u00e0 transporter et \u00e0 ranger, le choix id\u00e9al pour le brassage maison et le stockage des boissons.<\/li>\n<li><strong>Conception \u00e0 fermeture par pression :<\/strong> Dot\u00e9 d&#039;un bouchon \u00e0 pression en m\u00e9tal rouge et blanc, il assure une excellente \u00e9tanch\u00e9it\u00e9, conserve la fra\u00eecheur du contenu pendant longtemps et est tr\u00e8s simple \u00e0 manipuler \u00e0 la main.<\/li>\n<\/ul>\n<h2 style=\"text-align: left;\">Caract\u00e9ristiques principales<\/h2>\n<table class=\"aligncenter\" style=\"border-collapse: collapse; width: 426.02pt;\" border=\"0\" width=\"568\" cellspacing=\"0\" cellpadding=\"0\">\n<tbody>\n<tr style=\"height: 13.50pt;\">\n<td style=\"height: 13.50pt; width: 105.75pt;\" width=\"141\" height=\"18\">Fonctionnalit\u00e9<\/td>\n<td style=\"width: 320.25pt;\" width=\"427\">D\u00e9tails<\/td>\n<\/tr>\n<tr style=\"height: 13.50pt;\">\n<td style=\"height: 13.50pt;\" height=\"18\">Capacit\u00e9<\/td>\n<td>485 ml (16,4 oz)<\/td>\n<\/tr>\n<tr style=\"height: 13.50pt;\">\n<td style=\"height: 13.50pt;\" height=\"18\">Dimensions<\/td>\n<td>7,75 cm de diam\u00e8tre \u00d7 22,3 cm de hauteur<\/td>\n<\/tr>\n<tr style=\"height: 13.50pt;\">\n<td style=\"height: 13.50pt;\" height=\"18\">Mat\u00e9riel<\/td>\n<td>Verre sodocalcique ambr\u00e9 (brun)<\/td>\n<\/tr>\n<tr style=\"height: 13.50pt;\">\n<td style=\"height: 13.50pt;\" height=\"18\">Convient pour<\/td>\n<td>Bouteilles \u00e0 bouchon m\u00e9canique en gros, bouteille en verre \u00e0 bouchon \u00e0 bascule<\/td>\n<\/tr>\n<\/tbody>\n<\/table>\n<h2>T\u00e9moignage de r\u00e9ussite : Une solution pour une brasserie artisanale<\/h2>\n<p>Une brasserie artisanale recherchait une bouteille qui pr\u00e9serverait les odeurs de sa bi\u00e8re IPA en rayon. Elle a finalement opt\u00e9 pour nos bouteilles brunes de 485 ml \u00e0 bouchon m\u00e9canique. La protection UV a imm\u00e9diatement s\u00e9duit les clients, \u00e9liminant toute plainte concernant l&#039;odeur. L&#039;\u00e9tanch\u00e9it\u00e9 obtenue a prolong\u00e9 la dur\u00e9e de conservation du produit de 25 %. De plus, l&#039;aspect unique et haut de gamme de la bouteille a entra\u00een\u00e9 une hausse de 12 % des achats impulsifs. Forte de ce succ\u00e8s, la brasserie a pass\u00e9 une commande suppl\u00e9mentaire de plus de 500\u00a0000 bouteilles pour approvisionner l&#039;ensemble de sa gamme principale.<\/p>\n<h2>D\u00e9corez les bouteilles \u00e0 bouchon \u00e0 vis pour repr\u00e9senter votre marque.<\/h2>\n<ul>\n<li><strong>Couleurs personnalis\u00e9es\u00a0:<\/strong> La teinte du verre brun peut \u00eatre personnalis\u00e9e, allant de l&#039;ambre clair au brun fonc\u00e9.<\/li>\n<li><strong>Logo de marque par gravure \u00e0 l&#039;acide\u00a0:<\/strong> Personnalisez votre marque avec un logo \u00e9l\u00e9gant et permanent en relief sur le verre, tr\u00e8s tendance pour une impression haut de gamme.<\/li>\n<li><strong>Impression s\u00e9rigraphique sur c\u00e9ramique :<\/strong> Produisez des logos r\u00e9sistants et \u00e0 code couleur qui r\u00e9sistent au lavage et \u00e0 une utilisation continue, ce qui est id\u00e9al pour cr\u00e9er des designs \u00e9clatants.<\/li>\n<li><strong>Options de couleur pour le li\u00e8ge\u00a0:<\/strong> Disponibles dans une vari\u00e9t\u00e9 de couleurs (par exemple, noir ou beige) pour les bouchons en c\u00e9ramique qui mettent discr\u00e8tement en valeur votre marque.<\/li>\n<\/ul>\n<p>Si vous avez besoin de bouteilles \u00e0 bouchon m\u00e9canique en gros, n&#039;h\u00e9sitez pas \u00e0 nous contacter concernant cette bouteille \u00e0 bouchon \u00e0 bascule de 485 ml afin d&#039;obtenir le meilleur prix.<\/p>","protected":false},"excerpt":{"rendered":"<p>Bouteilles \u00e0 bouchon m\u00e9canique robustes en gros, de couleur brune, id\u00e9ales pour les boissons, les sauces et la fermentation. Profitez d&#039;offres de gros exclusives sur les commandes en gros.<\/p>","protected":false},"featured_media":3597,"template":"","meta":{"postBodyCss":"","postBodyMargin":[],"postBodyPadding":[],"postBodyBackground":{"backgroundType":"classic","gradient":""}},"product_brand":[],"product_cat":[15,16,56],"product_tag":[79,72,78],"class_list":{"0":"post-3592","1":"product","2":"type-product","3":"status-publish","4":"has-post-thumbnail","6":"product_cat-glass-containers","7":"product_cat-glass-bottles","8":"product_cat-flip-top-bottles","9":"product_tag-beer-bottles","10":"product_tag-juice-bottles","11":"product_tag-water-bottles","13":"first","14":"instock","15":"shipping-taxable","16":"product-type-simple"},"jetpack_sharing_enabled":true,"_links":{"self":[{"href":"https:\/\/minghanggroup.com\/fr\/wp-json\/wp\/v2\/product\/3592","targetHints":{"allow":["GET"]}}],"collection":[{"href":"https:\/\/minghanggroup.com\/fr\/wp-json\/wp\/v2\/product"}],"about":[{"href":"https:\/\/minghanggroup.com\/fr\/wp-json\/wp\/v2\/types\/product"}],"wp:featuredmedia":[{"embeddable":true,"href":"https:\/\/minghanggroup.com\/fr\/wp-json\/wp\/v2\/media\/3597"}],"wp:attachment":[{"href":"https:\/\/minghanggroup.com\/fr\/wp-json\/wp\/v2\/media?parent=3592"}],"wp:term":[{"taxonomy":"product_brand","embeddable":true,"href":"https:\/\/minghanggroup.com\/fr\/wp-json\/wp\/v2\/product_brand?post=3592"},{"taxonomy":"product_cat","embeddable":true,"href":"https:\/\/minghanggroup.com\/fr\/wp-json\/wp\/v2\/product_cat?post=3592"},{"taxonomy":"product_tag","embeddable":true,"href":"https:\/\/minghanggroup.com\/fr\/wp-json\/wp\/v2\/product_tag?post=3592"}],"curies":[{"name":"wp","href":"https:\/\/api.w.org\/{rel}","templated":true}]}}