{"id":3581,"date":"2025-11-20T16:42:54","date_gmt":"2025-11-20T08:42:54","guid":{"rendered":"https:\/\/minghanggroup.com\/?post_type=product&#038;p=3581"},"modified":"2026-01-20T14:04:03","modified_gmt":"2026-01-20T06:04:03","slug":"bulk-vertical-stripes-empty-fermentation-bottles","status":"publish","type":"product","link":"https:\/\/minghanggroup.com\/fr\/produit\/bulk-vertical-stripes-empty-fermentation-bottles\/","title":{"rendered":"Bouteilles de fermentation vides \u00e0 rayures verticales de 16 oz et 32 \u200b\u200boz en vrac"},"content":{"rendered":"<p>Ces bouteilles de fermentation en verre transparent arborent un \u00e9l\u00e9gant motif \u00e0 rayures verticales et sont munies de bouchons orange \u00e0 fermeture m\u00e9tallique. Elles existent en deux formats.<\/p>\n<h2>Caract\u00e9ristiques du produit<\/h2>\n<ul>\n<li><strong>Motif \u00e0 rayures verticales\u00a0:<\/strong> Le design \u00e0 rayures verticales embellit non seulement la marque et sa reconnaissance, mais am\u00e9liore \u00e9galement la prise en main du produit.<\/li>\n<li><strong>Conception \u00e0 fermeture par pression :<\/strong> Le bouchon orange \u00e0 pression de la bouteille est fix\u00e9 par des clips m\u00e9talliques qui assurent une \u00e9tanch\u00e9it\u00e9 optimale, pr\u00e9servant ainsi efficacement la fra\u00eecheur du liquide \u00e0 l&#039;int\u00e9rieur. De plus, la bouteille est facile \u00e0 ouvrir et \u00e0 fermer.<\/li>\n<li><strong>Deux tailles disponibles :<\/strong> Deux tailles sont disponibles pour r\u00e9pondre \u00e0 diff\u00e9rents besoins de stockage et conviennent parfaitement au stockage de diff\u00e9rents types de liquides tels que les jus et les boissons.<\/li>\n<\/ul>\n<h2 style=\"text-align: left;\">Caract\u00e9ristiques principales<\/h2>\n<table class=\"aligncenter\" style=\"border-collapse: collapse; width: 528.77pt;\" border=\"0\" width=\"705\" cellspacing=\"0\" cellpadding=\"0\">\n<tbody>\n<tr style=\"height: 13.50pt;\">\n<td style=\"height: 13.50pt; width: 168.00pt;\" width=\"224\" height=\"18\">Fonctionnalit\u00e9<\/td>\n<td style=\"width: 360.75pt;\" width=\"481\">D\u00e9tails<\/td>\n<\/tr>\n<tr style=\"height: 13.50pt;\">\n<td style=\"height: 13.50pt;\" height=\"18\">Capacit\u00e9 et dimensions<\/td>\n<td>500 ml (16 oz) 7 cm \u00d7 26,6 cm \/ 1000 ml (34 oz) 8,5 cm \u00d7 31,5 cm<\/td>\n<\/tr>\n<tr style=\"height: 13.50pt;\">\n<td style=\"height: 13.50pt;\" height=\"18\">Type de verre<\/td>\n<td>Verre sodocalcique transparent \u00e0 texture c\u00f4tel\u00e9e verticale<\/td>\n<\/tr>\n<tr style=\"height: 13.50pt;\">\n<td style=\"height: 13.50pt;\" height=\"18\">Id\u00e9al pour<\/td>\n<td>Bouteilles de fermentation, bouteilles \u00e0 bouchon m\u00e9canique<\/td>\n<\/tr>\n<\/tbody>\n<\/table>\n<h2>\u00c9tude de cas : Expansion d&#039;une entreprise de kombucha<\/h2>\n<p>En tr\u00e8s peu de temps, un producteur de kombucha, sp\u00e9cialis\u00e9 dans les produits naturels du mois, s&#039;est retrouv\u00e9 en situation d&#039;urgence avec des bouteilles de fermentation fiables. Il a donc opt\u00e9 pour nos bouteilles \u00e0 bouchon \u00e0 vis de 1000 ml, tant pour la fermentation primaire que secondaire. Leur principal atout r\u00e9side sans aucun doute dans leur joint r\u00e9sistant \u00e0 la pression, qui permet de r\u00e9duire de 20 % les pertes dues \u00e0 une d\u00e9faillance du joint, garantissant ainsi la s\u00e9curit\u00e9 du produit. Le design \u00e0 rayures verticales facilite la prise en main et r\u00e9duit de 15 % les risques d&#039;accidents sur la cha\u00eene de production. Extr\u00eamement satisfait, le client a r\u00e9cemment pass\u00e9 une commande suppl\u00e9mentaire de 300\u00a0000 bouteilles pour accompagner leur lancement dans ses principaux circuits de distribution.<\/p>\n<h2>Cr\u00e9ation de votre bouteille de fermentation personnalis\u00e9e<\/h2>\n<ul>\n<li><strong>Couleur du verre :<\/strong> Si vous comptez fermenter des produits sensibles \u00e0 la lumi\u00e8re (bi\u00e8re ou vin) et que vous souhaitez les prot\u00e9ger des rayons UV, optez pour du verre ambr\u00e9.<\/li>\n<li><strong>Marquage par gravure \u00e0 l&#039;acide\u00a0:<\/strong> Faites une impression tendance, durable et haut de gamme en gravant \u00e0 l&#039;acide le verre avec une zone givr\u00e9e antid\u00e9rapante permanente.<\/li>\n<li><strong>Impression sur le cou :<\/strong> Apposez en relief de petits num\u00e9ros de lot ou des indications de capacit\u00e9 sur le col pour lui donner un style professionnel et utilitaire.<\/li>\n<li><strong>Finition mate :<\/strong> L&#039;application d&#039;une finition mate sur l&#039;ensemble du verre donne une texture douce et distinctive, diff\u00e9rente des autres.<\/li>\n<\/ul>","protected":false},"excerpt":{"rendered":"<p>Bouteilles de fermentation haut de gamme, en verre \u00e0 rayures verticales avec bouchon \u00e0 bascule s\u00e9curis\u00e9. Disponibles d\u00e8s maintenant avec livraison rapide dans le monde entier.<\/p>","protected":false},"featured_media":3584,"template":"","meta":{"postBodyCss":"","postBodyMargin":[],"postBodyPadding":[],"postBodyBackground":{"backgroundType":"classic","gradient":""}},"product_brand":[],"product_cat":[15,16,56],"product_tag":[72,78],"class_list":{"0":"post-3581","1":"product","2":"type-product","3":"status-publish","4":"has-post-thumbnail","6":"product_cat-glass-containers","7":"product_cat-glass-bottles","8":"product_cat-flip-top-bottles","9":"product_tag-juice-bottles","10":"product_tag-water-bottles","12":"first","13":"instock","14":"shipping-taxable","15":"product-type-simple"},"jetpack_sharing_enabled":true,"_links":{"self":[{"href":"https:\/\/minghanggroup.com\/fr\/wp-json\/wp\/v2\/product\/3581","targetHints":{"allow":["GET"]}}],"collection":[{"href":"https:\/\/minghanggroup.com\/fr\/wp-json\/wp\/v2\/product"}],"about":[{"href":"https:\/\/minghanggroup.com\/fr\/wp-json\/wp\/v2\/types\/product"}],"wp:featuredmedia":[{"embeddable":true,"href":"https:\/\/minghanggroup.com\/fr\/wp-json\/wp\/v2\/media\/3584"}],"wp:attachment":[{"href":"https:\/\/minghanggroup.com\/fr\/wp-json\/wp\/v2\/media?parent=3581"}],"wp:term":[{"taxonomy":"product_brand","embeddable":true,"href":"https:\/\/minghanggroup.com\/fr\/wp-json\/wp\/v2\/product_brand?post=3581"},{"taxonomy":"product_cat","embeddable":true,"href":"https:\/\/minghanggroup.com\/fr\/wp-json\/wp\/v2\/product_cat?post=3581"},{"taxonomy":"product_tag","embeddable":true,"href":"https:\/\/minghanggroup.com\/fr\/wp-json\/wp\/v2\/product_tag?post=3581"}],"curies":[{"name":"wp","href":"https:\/\/api.w.org\/{rel}","templated":true}]}}