{"id":3575,"date":"2025-11-20T16:53:06","date_gmt":"2025-11-20T08:53:06","guid":{"rendered":"https:\/\/minghanggroup.com\/?post_type=product&#038;p=3575"},"modified":"2025-11-20T16:53:06","modified_gmt":"2025-11-20T08:53:06","slug":"wide-mouth-storage-jar-for-pickles-bulk","status":"publish","type":"product","link":"https:\/\/minghanggroup.com\/fr\/produit\/wide-mouth-storage-jar-for-pickles-bulk\/","title":{"rendered":"Bocal de conservation \u00e0 large ouverture de 80 \u00e0 200 ml pour cornichons en vrac"},"content":{"rendered":"<p>N&#039;investissez plus inutilement dans des emballages ternes qui d\u00e9valorisent votre marque. Nos bocaux de conservation \u00e9l\u00e9gants et fonctionnels, en verre \u00e0 double anse de qualit\u00e9 sup\u00e9rieure, sont parfaits pour les cornichons. Ils pr\u00e9servent la fra\u00eecheur de vos cornichons et mettent en valeur vos aliments. Bien plus que de simples bocaux, ils constituent un atout majeur pour la conservation de vos produits alimentaires.<\/p>\n<h2>Caract\u00e9ristiques du produit<\/h2>\n<ol>\n<li><strong>Design classique \u00e0 double oreille :<\/strong>Notre design classique \u00e0 double ouverture offre une prise en main optimale du pot et une apparence traditionnelle, ce qui contribuera \u00e0 rendre votre marque plus attrayante.<\/li>\n<li><strong>Clart\u00e9 cristalline :<\/strong>Le verre transparent est un r\u00e9cipient id\u00e9al pour les l\u00e9gumes marin\u00e9s, car leur couleur vive est visible d&#039;un seul coup d&#039;\u0153il de l&#039;ext\u00e9rieur.<\/li>\n<li><strong>Couvercle m\u00e9tallique s\u00e9curis\u00e9\u00a0:<\/strong>Le couvercle en m\u00e9tal rouge brillant avec fermeture herm\u00e9tique conserve la fra\u00eecheur et le go\u00fbt des cornichons fra\u00eechement pr\u00e9par\u00e9s, vous permettant ainsi de faire vos conserves et vos marinades sans souci.<\/li>\n<\/ol>\n<h2>Caract\u00e9ristiques principales<\/h2>\n<table style=\"border-collapse: collapse; width: 80%; margin-left: auto; margin-right: auto;\" border=\"0\" width=\"216\" cellspacing=\"0\" cellpadding=\"0\">\n<tbody>\n<tr style=\"height: 13.50pt;\">\n<td style=\"height: 13.5pt; width: 54pt; text-align: center;\" width=\"72\" height=\"18\">Capacit\u00e9 (ml)<\/td>\n<td style=\"width: 54pt; text-align: center;\" width=\"72\">Taille (cm)<\/td>\n<td style=\"width: 54pt; text-align: center;\" width=\"72\">Forme<\/td>\n<\/tr>\n<tr style=\"height: 13.50pt;\">\n<td style=\"height: 13.5pt; text-align: center;\" align=\"right\" height=\"18\">80<\/td>\n<td style=\"text-align: center;\">6,9 x 4,4<\/td>\n<td class=\"et2\" style=\"text-align: center;\" rowspan=\"4\">Rond<\/td>\n<\/tr>\n<tr style=\"height: 13.50pt;\">\n<td style=\"height: 13.5pt; text-align: center;\" align=\"right\" height=\"18\">100<\/td>\n<td style=\"text-align: center;\">7,6 x 4,6<\/td>\n<\/tr>\n<tr style=\"height: 13.50pt;\">\n<td style=\"height: 13.5pt; text-align: center;\" align=\"right\" height=\"18\">150<\/td>\n<td style=\"text-align: center;\">8,0 x 5,4<\/td>\n<\/tr>\n<tr style=\"height: 13.50pt;\">\n<td style=\"height: 13.5pt; text-align: center;\" align=\"right\" height=\"18\">200<\/td>\n<td style=\"text-align: center;\">8,9 x 5,5<\/td>\n<\/tr>\n<\/tbody>\n<\/table>\n<h2>Cas de r\u00e9ussite<\/h2>\n<p>Une marque alimentaire argentine populaire conditionnait ses produits dans un plastique assez basique et sans fermeture herm\u00e9tique, ce qui expliquait le faible taux de rachat. Elle s&#039;est tourn\u00e9e vers nous pour la cr\u00e9ation de ce bocal en verre \u00e9pais destin\u00e9 aux cornichons. La transparence du bocal permet de mettre en valeur le produit, comme les piments et les haricots verts. Le couvercle \u00e0 vis rouge r\u00e9sistant \u00e0 la chaleur et le logo de la marque en relief rendent le produit encore plus attrayant en rayon.<\/p>\n<p>Trois mois apr\u00e8s leur lancement, les ventes de leurs produits marin\u00e9s ont augment\u00e9 de 28 %.<\/p>\n<h2>Vos conseils de personnalisation<\/h2>\n<p>Si vous souhaitez optimiser le positionnement de votre marque gr\u00e2ce \u00e0 ce bocal \u00e0 cornichons, vous pouvez vous concentrer sur sa contenance, son \u00e9paisseur et sa transparence. Selon la couleur du produit, vous pouvez opter pour un verre clair ou plus discret, et pour sublimer le mat\u00e9riau, un bouchon en m\u00e9tal personnalis\u00e9 ou \u00e9lectroplaqu\u00e9 est possible. De plus, vous pouvez rendre le bocal plus visible en rayon en ajoutant des motifs en relief sur l&#039;\u00e9paule ou le fond. Enfin, pour une pr\u00e9sentation plus harmonieuse, notamment pour le e-commerce ou les coffrets cadeaux, des \u00e9tiquettes color\u00e9es, des joints anti-explosion ou un emballage combin\u00e9 peuvent \u00eatre personnalis\u00e9s pour une image de marque coh\u00e9rente.<\/p>","protected":false},"excerpt":{"rendered":"<p>Bocal \u00e0 cornichons en verre \u00e9pais de qualit\u00e9 alimentaire. Ce bocal est disponible en gros, directement de l&#039;usine, et propose des couvercles et un marquage personnalisables.<\/p>","protected":false},"featured_media":3576,"template":"","meta":{"postBodyCss":"","postBodyMargin":[],"postBodyPadding":[],"postBodyBackground":{"backgroundType":"classic","gradient":""}},"product_brand":[],"product_cat":[15,17,55],"product_tag":[],"class_list":{"0":"post-3575","1":"product","2":"type-product","3":"status-publish","4":"has-post-thumbnail","6":"product_cat-glass-containers","7":"product_cat-glass-jars","8":"product_cat-pickle-jars","10":"first","11":"instock","12":"shipping-taxable","13":"product-type-simple"},"jetpack_sharing_enabled":true,"_links":{"self":[{"href":"https:\/\/minghanggroup.com\/fr\/wp-json\/wp\/v2\/product\/3575","targetHints":{"allow":["GET"]}}],"collection":[{"href":"https:\/\/minghanggroup.com\/fr\/wp-json\/wp\/v2\/product"}],"about":[{"href":"https:\/\/minghanggroup.com\/fr\/wp-json\/wp\/v2\/types\/product"}],"wp:featuredmedia":[{"embeddable":true,"href":"https:\/\/minghanggroup.com\/fr\/wp-json\/wp\/v2\/media\/3576"}],"wp:attachment":[{"href":"https:\/\/minghanggroup.com\/fr\/wp-json\/wp\/v2\/media?parent=3575"}],"wp:term":[{"taxonomy":"product_brand","embeddable":true,"href":"https:\/\/minghanggroup.com\/fr\/wp-json\/wp\/v2\/product_brand?post=3575"},{"taxonomy":"product_cat","embeddable":true,"href":"https:\/\/minghanggroup.com\/fr\/wp-json\/wp\/v2\/product_cat?post=3575"},{"taxonomy":"product_tag","embeddable":true,"href":"https:\/\/minghanggroup.com\/fr\/wp-json\/wp\/v2\/product_tag?post=3575"}],"curies":[{"name":"wp","href":"https:\/\/api.w.org\/{rel}","templated":true}]}}