{"id":3566,"date":"2025-11-20T14:44:56","date_gmt":"2025-11-20T06:44:56","guid":{"rendered":"https:\/\/minghanggroup.com\/?post_type=product&#038;p=3566"},"modified":"2026-01-20T14:04:52","modified_gmt":"2026-01-20T06:04:52","slug":"wholesale-glass-flip-top-water-bottles-with-handle","status":"publish","type":"product","link":"https:\/\/minghanggroup.com\/fr\/produit\/wholesale-glass-flip-top-water-bottles-with-handle\/","title":{"rendered":"Bouteilles d&#039;eau en verre \u00e0 bouchon rabattable avec poign\u00e9e, en gros, 250 ml, 350 ml et 500 ml"},"content":{"rendered":"<p>Ces bouteilles d&#039;eau \u00e0 bouchon \u00e0 clapet sont fabriqu\u00e9es en verre transparent et sont dot\u00e9es d&#039;une poign\u00e9e pratique pour faciliter le transport. Le bouchon est s\u00e9curis\u00e9 par un fermoir m\u00e9tallique. Elles sont id\u00e9ales pour les boissons gazeuses, les eaux aromatis\u00e9es aux fruits ou pour une hydratation r\u00e9guli\u00e8re.<\/p>\n<h2>Caract\u00e9ristiques du produit<\/h2>\n<ul>\n<li><strong>Mat\u00e9riau en verre transparent :<\/strong> La bouteille est en verre transparent, ce qui permet de voir plus facilement la couleur, la quantit\u00e9 de liquide et s&#039;il est p\u00e9tillant ou non.<\/li>\n<li><strong>Id\u00e9e de poign\u00e9e :<\/strong> La bouteille est munie d&#039;une poign\u00e9e qui permet une prise en main ferme et facilite son transport. De plus, la surface du produit habituellement utilis\u00e9e \u00e0 des fins marketing a \u00e9t\u00e9 agrandie.<\/li>\n<li><strong>Gamme des trois tailles :<\/strong> Avec des tailles petites, moyennes et grandes, on peut r\u00e9pondre \u00e0 diff\u00e9rents besoins de stockage, par exemple pour l&#039;eau gazeuse, les boissons et autres liquides.<\/li>\n<\/ul>\n<h2 style=\"text-align: left;\">Caract\u00e9ristiques principales<\/h2>\n<table class=\"aligncenter\" style=\"border-collapse: collapse; width: 724.52pt;\" border=\"0\" width=\"966\" cellspacing=\"0\" cellpadding=\"0\">\n<tbody>\n<tr style=\"height: 13.50pt;\">\n<td style=\"height: 13.50pt; width: 142.50pt;\" width=\"190\" height=\"18\">Fonctionnalit\u00e9<\/td>\n<td style=\"width: 582.00pt;\" width=\"776\">D\u00e9tails<\/td>\n<\/tr>\n<tr style=\"height: 13.50pt;\">\n<td style=\"height: 13.50pt;\" height=\"18\">Capacit\u00e9 et dimensions<\/td>\n<td>250 ml (8,5 oz) 6,7 \u00d7 17,2 cm \/ 350 ml (12 oz) 7,6 \u00d7 20 cm \/ 500 ml (17 oz) 8,7 \u00d7 21,8 cm<\/td>\n<\/tr>\n<tr style=\"height: 13.50pt;\">\n<td style=\"height: 13.50pt;\" height=\"18\">Mat\u00e9riel<\/td>\n<td>Verre sodocalcique transparent avec poign\u00e9e lat\u00e9rale moul\u00e9e<\/td>\n<\/tr>\n<tr style=\"height: 13.50pt;\">\n<td style=\"height: 13.50pt;\" height=\"18\">Id\u00e9al pour<\/td>\n<td>Bouteille en verre \u00e0 bouchon \u00e0 clapet, bouteilles d&#039;eau \u00e0 bouchon pivotant<\/td>\n<\/tr>\n<\/tbody>\n<\/table>\n<h2>Histoire \u00e0 succ\u00e8s<\/h2>\n<p>Une marque de vinaigres essentiels et de compl\u00e9ments alimentaires, pour laquelle l&#039;emballage devait \u00eatre \u00e0 la fois pratique et attrayant pour les cadeaux, a opt\u00e9 pour nos bouteilles d&#039;eau de 350 ml \u00e0 bouchon \u00e0 clapet et poign\u00e9e. La poign\u00e9e est un atout majeur de cette bouteille, permettant de cr\u00e9er un \u00e9l\u00e9gant coffret cadeau sans avoir besoin d&#039;enveloppe suppl\u00e9mentaire. Leurs tests de contr\u00f4le qualit\u00e9 ont d\u00e9montr\u00e9 qu&#039;apr\u00e8s six mois de stockage, les bouchons conservaient 96 % de l&#039;int\u00e9grit\u00e9 du produit. Gr\u00e2ce \u00e0 leur format pratique, le volume des ventes par unit\u00e9 a augment\u00e9 de 30 %. De plus, ils ont constat\u00e9 une baisse de 20 % des r\u00e9clamations clients concernant les fuites pendant le transport. Tr\u00e8s satisfaits des performances du produit, ils ont r\u00e9cemment pass\u00e9 une nouvelle commande de 200\u00a0000 bouteilles.<\/p>\n<h2>Suggestions pour la manipulation des bouteilles en verre \u00e0 bouchon m\u00e9canique<\/h2>\n<ul>\n<li><strong>Couleur de la poign\u00e9e :<\/strong> Ajustez la couleur de la poign\u00e9e m\u00e9tallique plastifi\u00e9e selon les exigences de votre marque.<\/li>\n<li><strong>Teintage du verre\u00a0:<\/strong> Si le contenu est sensible \u00e0 la lumi\u00e8re ou si votre produit recherche un aspect visuel unique, vous pouvez opter pour du verre ambr\u00e9 ou bleu cobalt.<\/li>\n<li><strong>Logo imprim\u00e9 :<\/strong> Apposez votre logo au fond ou sur l&#039;\u00e9paule de la bouteille.<\/li>\n<li><strong>Panneau d&#039;\u00e9tiquettes\u00a0:<\/strong> Un panneau d&#039;\u00e9tiquette plat est d\u00e9j\u00e0 ins\u00e9r\u00e9 dans le moule de la bouteille pour une application d&#039;\u00e9tiquette facile et soign\u00e9e.<\/li>\n<\/ul>","protected":false},"excerpt":{"rendered":"<p>Ces bouteilles en verre \u00e0 bouchon \u00e0 clapet avec poign\u00e9e sont dot\u00e9es d&#039;un syst\u00e8me de fermeture m\u00e9tallique s\u00e9curis\u00e9 et sont disponibles en trois tailles. Id\u00e9ales pour les commandes en gros, elles b\u00e9n\u00e9ficient d&#039;une livraison rapide.<\/p>","protected":false},"featured_media":3567,"template":"","meta":{"postBodyCss":"","postBodyMargin":[],"postBodyPadding":[],"postBodyBackground":{"backgroundType":"classic","gradient":""}},"product_brand":[],"product_cat":[15,16,56],"product_tag":[72,78],"class_list":{"0":"post-3566","1":"product","2":"type-product","3":"status-publish","4":"has-post-thumbnail","6":"product_cat-glass-containers","7":"product_cat-glass-bottles","8":"product_cat-flip-top-bottles","9":"product_tag-juice-bottles","10":"product_tag-water-bottles","12":"first","13":"instock","14":"shipping-taxable","15":"product-type-simple"},"jetpack_sharing_enabled":true,"_links":{"self":[{"href":"https:\/\/minghanggroup.com\/fr\/wp-json\/wp\/v2\/product\/3566","targetHints":{"allow":["GET"]}}],"collection":[{"href":"https:\/\/minghanggroup.com\/fr\/wp-json\/wp\/v2\/product"}],"about":[{"href":"https:\/\/minghanggroup.com\/fr\/wp-json\/wp\/v2\/types\/product"}],"wp:featuredmedia":[{"embeddable":true,"href":"https:\/\/minghanggroup.com\/fr\/wp-json\/wp\/v2\/media\/3567"}],"wp:attachment":[{"href":"https:\/\/minghanggroup.com\/fr\/wp-json\/wp\/v2\/media?parent=3566"}],"wp:term":[{"taxonomy":"product_brand","embeddable":true,"href":"https:\/\/minghanggroup.com\/fr\/wp-json\/wp\/v2\/product_brand?post=3566"},{"taxonomy":"product_cat","embeddable":true,"href":"https:\/\/minghanggroup.com\/fr\/wp-json\/wp\/v2\/product_cat?post=3566"},{"taxonomy":"product_tag","embeddable":true,"href":"https:\/\/minghanggroup.com\/fr\/wp-json\/wp\/v2\/product_tag?post=3566"}],"curies":[{"name":"wp","href":"https:\/\/api.w.org\/{rel}","templated":true}]}}