{"id":3561,"date":"2025-11-20T13:24:42","date_gmt":"2025-11-20T05:24:42","guid":{"rendered":"https:\/\/minghanggroup.com\/?post_type=product&#038;p=3561"},"modified":"2026-01-20T14:04:43","modified_gmt":"2026-01-20T06:04:43","slug":"custom-32-oz-swing-top-bottle-with-handle","status":"publish","type":"product","link":"https:\/\/minghanggroup.com\/fr\/produit\/custom-32-oz-swing-top-bottle-with-handle\/","title":{"rendered":"Bouteille en verre personnalis\u00e9e de 473 ml (16 oz) ou 946 ml (32 oz) avec bouchon \u00e0 bascule et poign\u00e9e"},"content":{"rendered":"<p>Ce sont des bouteilles en verre transparent \u00e0 bouchon m\u00e9canique, munies de clips m\u00e9talliques pour maintenir le bouchon en place. Elles offrent un style contemporain et \u00e9l\u00e9gant, tout en assurant une fermeture herm\u00e9tique. La transparence du verre permet de voir le contenu sans difficult\u00e9.<\/p>\n<h2>Caract\u00e9ristiques du produit<\/h2>\n<ul>\n<li><strong>Mat\u00e9riau en verre transparent :<\/strong> Le verre transparent permet de voir tr\u00e8s facilement la couleur et la quantit\u00e9 du contenu, ce qui est \u00e9galement utile \u00e0 des fins d&#039;identification et d&#039;inspection.<\/li>\n<li><strong>M\u00e9canisme de fermeture facile \u00e0 utiliser\u00a0:<\/strong> Gr\u00e2ce \u00e0 leurs clips m\u00e9talliques, ces bouteilles assurent une bonne \u00e9tanch\u00e9it\u00e9, ce qui permet de pr\u00e9server efficacement la fra\u00eecheur du contenu et de faciliter leur utilisation.<\/li>\n<li><strong>Options de couleur pour le bouchon :<\/strong> Deux options de couleur, \u00e0 savoir le noir et le vert, sont disponibles pour les casquettes\u00a0; les utilisateurs peuvent ainsi choisir en fonction de leurs pr\u00e9f\u00e9rences ou de leurs besoins, ce qui contribuera \u00e9galement \u00e0 la mise \u00e0 niveau de la gamme de produits.<\/li>\n<\/ul>\n<h2 style=\"text-align: left;\">Caract\u00e9ristiques principales<\/h2>\n<table class=\"aligncenter\" style=\"border-collapse: collapse; width: 392.27pt;\" border=\"0\" width=\"523\" cellspacing=\"0\" cellpadding=\"0\">\n<tbody>\n<tr style=\"height: 13.50pt;\">\n<td style=\"height: 13.50pt; width: 87.75pt;\" width=\"117\" height=\"18\">Fonctionnalit\u00e9<\/td>\n<td style=\"width: 304.50pt;\" width=\"406\">D\u00e9tails<\/td>\n<\/tr>\n<tr style=\"height: 13.50pt;\">\n<td style=\"height: 13.50pt;\" height=\"18\">Dimensions<\/td>\n<td>500 ml (16 oz) 8 cm \u00d7 23 cm \/ 1000 ml (32 oz) 10 cm \u00d7 29 cm<\/td>\n<\/tr>\n<tr style=\"height: 13.50pt;\">\n<td style=\"height: 13.50pt;\" height=\"18\">Type de verre<\/td>\n<td>Verre sodocalcique transparent<\/td>\n<\/tr>\n<tr style=\"height: 13.50pt;\">\n<td style=\"height: 13.50pt;\" height=\"18\">Id\u00e9al pour<\/td>\n<td>Brassage de bi\u00e8re, kombucha, sodas, vinification<\/td>\n<\/tr>\n<\/tbody>\n<\/table>\n<h2>L&#039;histoire \u00e0 succ\u00e8s de Craft Soda<\/h2>\n<p>Une jeune entreprise de sodas artisanaux naturels recherchait un emballage capable de pr\u00e9server la forte carbonatation de ses boissons tout en rendant son produit attractif en rayon. Elle a opt\u00e9 pour nos bouteilles de 946 ml (32 oz) \u00e0 bouchon m\u00e9canique et poign\u00e9e. Les r\u00e9sultats ont \u00e9t\u00e9 exceptionnels\u00a0: les tests de stabilit\u00e9 ont r\u00e9v\u00e9l\u00e9 un taux de carbonatation de 97\u00a0% apr\u00e8s 120\u00a0jours, bien sup\u00e9rieur aux normes du secteur. La poign\u00e9e innovante a permis d\u2019augmenter le taux de conversion des ventes de 40\u00a0% par rapport \u00e0 l\u2019emballage pr\u00e9c\u00e9dent. De plus, l\u2019utilisation de bouteilles en verre robustes a permis de r\u00e9duire de 25\u00a0% le taux de casse pendant le transport. Fort de ce succ\u00e8s, l\u2019entreprise a r\u00e9cemment pass\u00e9 une nouvelle commande de 350\u00a0000\u00a0bouteilles afin d\u2019accompagner son expansion nationale.<\/p>\n<h2>Personnalisez vos bouteilles \u00e0 bouchon \u00e0 vis<\/h2>\n<ul>\n<li><strong>Couleur du bouchon :<\/strong> Choisissez un capuchon m\u00e9tallique, par exemple noir, dor\u00e9 ou argent\u00e9, qui s&#039;harmonise avec les couleurs de votre marque.<\/li>\n<li><strong>Couleur de la bouteille :<\/strong> Utilisez des bouteilles en verre ambr\u00e9 ou vert, meilleures pour la bi\u00e8re car elles bloquent la lumi\u00e8re qui peut lui faire perdre sa saveur et sa fra\u00eecheur.<\/li>\n<li><strong>D\u00e9calcomanie en c\u00e9ramique (ACL)\u00a0:<\/strong> Donnez \u00e0 votre produit l&#039;apparence d&#039;une bouteille Grolsch vintage gr\u00e2ce \u00e0 l&#039;\u00e9tiquette en c\u00e9ramique, une m\u00e9thode extr\u00eamement durable qui consiste \u00e0 cuire directement l&#039;\u00e9tiquette sur la bouteille en verre.<\/li>\n<\/ul>\n<p>Vous souhaitez commander des bouteilles \u00e0 bouchon m\u00e9canique en gros\u00a0? Contactez-nous pour conna\u00eetre nos tarifs de gros pour les bouteilles de 473 ml et 946 ml et pour en savoir plus sur les options de personnalisation.<\/p>","protected":false},"excerpt":{"rendered":"<p>Nos bouteilles \u00e0 bouchon m\u00e9canique de 16 oz et 32 \u200b\u200boz sont dot\u00e9es d&#039;un corps en verre transparent, d&#039;une poign\u00e9e ergonomique et d&#039;un verrou en m\u00e9tal, offrant une solution de bouteille \u00e0 bouchon m\u00e9canique haut de gamme avec une livraison rapide.<\/p>","protected":false},"featured_media":3563,"template":"","meta":{"postBodyCss":"","postBodyMargin":[],"postBodyPadding":[],"postBodyBackground":{"backgroundType":"classic","gradient":""}},"product_brand":[],"product_cat":[15,16,56],"product_tag":[72],"class_list":{"0":"post-3561","1":"product","2":"type-product","3":"status-publish","4":"has-post-thumbnail","6":"product_cat-glass-containers","7":"product_cat-glass-bottles","8":"product_cat-flip-top-bottles","9":"product_tag-juice-bottles","11":"first","12":"instock","13":"shipping-taxable","14":"product-type-simple"},"jetpack_sharing_enabled":true,"_links":{"self":[{"href":"https:\/\/minghanggroup.com\/fr\/wp-json\/wp\/v2\/product\/3561","targetHints":{"allow":["GET"]}}],"collection":[{"href":"https:\/\/minghanggroup.com\/fr\/wp-json\/wp\/v2\/product"}],"about":[{"href":"https:\/\/minghanggroup.com\/fr\/wp-json\/wp\/v2\/types\/product"}],"wp:featuredmedia":[{"embeddable":true,"href":"https:\/\/minghanggroup.com\/fr\/wp-json\/wp\/v2\/media\/3563"}],"wp:attachment":[{"href":"https:\/\/minghanggroup.com\/fr\/wp-json\/wp\/v2\/media?parent=3561"}],"wp:term":[{"taxonomy":"product_brand","embeddable":true,"href":"https:\/\/minghanggroup.com\/fr\/wp-json\/wp\/v2\/product_brand?post=3561"},{"taxonomy":"product_cat","embeddable":true,"href":"https:\/\/minghanggroup.com\/fr\/wp-json\/wp\/v2\/product_cat?post=3561"},{"taxonomy":"product_tag","embeddable":true,"href":"https:\/\/minghanggroup.com\/fr\/wp-json\/wp\/v2\/product_tag?post=3561"}],"curies":[{"name":"wp","href":"https:\/\/api.w.org\/{rel}","templated":true}]}}