{"id":3551,"date":"2025-11-20T08:58:25","date_gmt":"2025-11-20T00:58:25","guid":{"rendered":"https:\/\/minghanggroup.com\/?post_type=product&#038;p=3551"},"modified":"2026-01-20T14:04:17","modified_gmt":"2026-01-20T06:04:17","slug":"wholesale-glass-flip-top-water-bottles-with-metal-handle","status":"publish","type":"product","link":"https:\/\/minghanggroup.com\/fr\/produit\/wholesale-glass-flip-top-water-bottles-with-metal-handle\/","title":{"rendered":"Bouteilles d&#039;eau en verre \u00e0 bouchon \u00e0 clapet avec poign\u00e9e en m\u00e9tal, en gros, 600 ml et 1000 ml"},"content":{"rendered":"<p>Cette bouteille d&#039;eau \u00e0 bouchon \u00e0 clapet est en verre transparent et pr\u00e9sente une forme cylindrique fine et \u00e9l\u00e9gante. Elle est orn\u00e9e d&#039;un bouchon m\u00e9tallique \u00e0 pression et d&#039;une poign\u00e9e m\u00e9tallique pratique.<\/p>\n<h2>Caract\u00e9ristiques du produit<\/h2>\n<ul>\n<li><strong>Conception \u00e0 fermeture instantan\u00e9e\u00a0:<\/strong> Le bouchon m\u00e9tallique \u00e0 pression dont il est \u00e9quip\u00e9 lui conf\u00e8re des performances d&#039;\u00e9tanch\u00e9it\u00e9 exceptionnelles, permettant ainsi de conserver la fra\u00eecheur du liquide stock\u00e9 pendant longtemps.<\/li>\n<li><strong>Poign\u00e9e en m\u00e9tal :<\/strong> La partie m\u00e9tallique de la bouteille permet \u00e0 la fois un transport facile et une utilisation pratique lors de vos d\u00e9placements.<\/li>\n<li><strong>Corps mince et rond :<\/strong> Son corps fin, arrondi et aux lignes \u00e9pur\u00e9es offre une prise en main parfaite, et son rangement est \u00e0 la fois facile et pratique, ce qui le rend id\u00e9al pour une utilisation \u00e0 emporter comme \u00e0 la maison.<\/li>\n<\/ul>\n<h2 style=\"text-align: left;\">Caract\u00e9ristiques principales<\/h2>\n<table class=\"aligncenter\" width=\"632\">\n<tbody>\n<tr>\n<td width=\"141\">Sp\u00e9cification<\/td>\n<td width=\"491\">D\u00e9tail<\/td>\n<\/tr>\n<tr>\n<td>Dimensions<\/td>\n<td>600 ml (20 oz) : 23,7 cm \u00d7 7,4 cm \/ 1000 ml (32 oz) : 28,9 cm \u00d7 8,1 cm<\/td>\n<\/tr>\n<tr>\n<td>Type de verre<\/td>\n<td>Verre sodocalcique transparent de haute clart\u00e9<\/td>\n<\/tr>\n<tr>\n<td>Id\u00e9al pour<\/td>\n<td>Bouteilles en verre \u00e0 bouchon \u00e0 clapet, bouteilles d&#039;eau \u00e0 bouchon \u00e0 clapet<\/td>\n<\/tr>\n<\/tbody>\n<\/table>\n<h2>Histoire \u00e0 succ\u00e8s<\/h2>\n<p>Une entreprise de renom, sp\u00e9cialis\u00e9e dans les sodas artisanaux et les th\u00e9s glac\u00e9s, recherchait un produit r\u00e9pondant aux besoins fonctionnels des boissons gazeuses. Elle a finalement choisi notre bouteille d&#039;eau en verre transparent avec bouchon \u00e0 clapet et poign\u00e9e. Gr\u00e2ce \u00e0 son syst\u00e8me de fermeture optimal, elle a conserv\u00e9 95 % de la carbonatation pendant 90 jours. De plus, l&#039;entreprise a constat\u00e9 une augmentation de 30 % du taux de rachat. Par ailleurs, le partage sur les r\u00e9seaux sociaux a progress\u00e9 de 40 % gr\u00e2ce au design de la poign\u00e9e. Forts de ces r\u00e9sultats, les clients ont pass\u00e9 une nouvelle commande de 500\u00a0000 bouteilles.<\/p>\n<h2>Bouteilles en verre personnalis\u00e9es \u00e0 bouchon \u00e0 clapet<\/h2>\n<ul>\n<li><strong>Finition du manche :<\/strong> La poign\u00e9e peut \u00eatre finie de diff\u00e9rentes mani\u00e8res, avec des finitions m\u00e9talliques telles que l&#039;argent poli, le noir mat ou l&#039;or.<\/li>\n<li><strong>Couleur du bouton-pression :<\/strong> La couleur du fermoir m\u00e9tallique \u00e0 clapet peut \u00eatre personnalis\u00e9e pour correspondre \u00e0 celle du logo de votre marque.<\/li>\n<li><strong>Teintage du verre\u00a0:<\/strong> Utilisez du verre ambr\u00e9 ou vert pour assurer une protection UV ad\u00e9quate \u00e0 votre boisson sensible \u00e0 la lumi\u00e8re, par exemple la bi\u00e8re.<\/li>\n<li><strong>S\u00e9rigraphie :<\/strong> Imprimer votre design attrayant directement sur le verre conf\u00e8re une image de marque contemporaine et audacieuse.<\/li>\n<\/ul>\n<p>Souhaitez-vous offrir \u00e0 vos clients une exp\u00e9rience d&#039;achat optimale\u00a0? B\u00e9n\u00e9ficiez de tarifs de gros pour cette bouteille multifonctionnelle \u00e0 bouchon rabattable et poign\u00e9e en nous contactant d\u00e8s aujourd&#039;hui.<\/p>","protected":false},"excerpt":{"rendered":"<p>Hydratez-vous facilement avec nos bouteilles en verre \u00e0 bouchon \u00e0 clapet. Ces bouteilles d&#039;eau sont dot\u00e9es de poign\u00e9es en m\u00e9tal et de bouchons herm\u00e9tiques, et sont pr\u00eates \u00e0 \u00eatre exp\u00e9di\u00e9es rapidement.<\/p>","protected":false},"featured_media":3554,"template":"","meta":{"postBodyCss":"","postBodyMargin":[],"postBodyPadding":[],"postBodyBackground":{"backgroundType":"classic","gradient":""}},"product_brand":[],"product_cat":[15,16,56],"product_tag":[72,78],"class_list":{"0":"post-3551","1":"product","2":"type-product","3":"status-publish","4":"has-post-thumbnail","6":"product_cat-glass-containers","7":"product_cat-glass-bottles","8":"product_cat-flip-top-bottles","9":"product_tag-juice-bottles","10":"product_tag-water-bottles","12":"first","13":"instock","14":"shipping-taxable","15":"product-type-simple"},"jetpack_sharing_enabled":true,"_links":{"self":[{"href":"https:\/\/minghanggroup.com\/fr\/wp-json\/wp\/v2\/product\/3551","targetHints":{"allow":["GET"]}}],"collection":[{"href":"https:\/\/minghanggroup.com\/fr\/wp-json\/wp\/v2\/product"}],"about":[{"href":"https:\/\/minghanggroup.com\/fr\/wp-json\/wp\/v2\/types\/product"}],"wp:featuredmedia":[{"embeddable":true,"href":"https:\/\/minghanggroup.com\/fr\/wp-json\/wp\/v2\/media\/3554"}],"wp:attachment":[{"href":"https:\/\/minghanggroup.com\/fr\/wp-json\/wp\/v2\/media?parent=3551"}],"wp:term":[{"taxonomy":"product_brand","embeddable":true,"href":"https:\/\/minghanggroup.com\/fr\/wp-json\/wp\/v2\/product_brand?post=3551"},{"taxonomy":"product_cat","embeddable":true,"href":"https:\/\/minghanggroup.com\/fr\/wp-json\/wp\/v2\/product_cat?post=3551"},{"taxonomy":"product_tag","embeddable":true,"href":"https:\/\/minghanggroup.com\/fr\/wp-json\/wp\/v2\/product_tag?post=3551"}],"curies":[{"name":"wp","href":"https:\/\/api.w.org\/{rel}","templated":true}]}}